{"id":10020,"date":"2022-10-12T12:26:27","date_gmt":"2022-10-12T12:26:27","guid":{"rendered":"https:\/\/masialux.com\/?post_type=product&#038;p=10020"},"modified":"2024-08-07T06:57:36","modified_gmt":"2024-08-07T06:57:36","slug":"trifaze-ray-enerji-girisi-ve-sonlama-kapagi-mra-1003","status":"publish","type":"product","link":"https:\/\/makrolight.com\/ar\/product\/trifaze-ray-enerji-girisi-ve-sonlama-kapagi-mra-1003\/","title":{"rendered":"\u062b\u0644\u0627\u062b \u0645\u0631\u0627\u062d\u0644 \u0627\u0644\u0645\u0633\u0627\u0631 \u0627\u0644\u0633\u0643\u0643 \u0627\u0644\u062d\u062f\u064a\u062f\u064a\u0629 \u0645\u0643\u0648\u0646 \/ \u0645\u0631\u0627 1003"},"content":{"rendered":"<p><strong>\u0645\u0627\u0633\u064a\u0627\u0644\u0648\u0643\u0633 \u062b\u0644\u0627\u062b \u0645\u0631\u0627\u062d\u0644 \u0627\u0644\u0633\u0643\u0643 \u0627\u0644\u062d\u062f\u064a\u062f\u064a\u0629 \u0645\u062f\u062e\u0644\u0627\u062a \u0627\u0644\u0637\u0627\u0642\u0629 \u0648\u0625\u0646\u0647\u0627\u0621 \u0627\u0644\u063a\u0637\u0627\u0621<\/strong><\/p>\n<ul>\n<li>Trifaze Ray Enerji Giri\u015fi ve Sonlama Kapa\u011f\u0131<\/li>\n<li>\u064a\u0639\u0645\u0644 \u0628\u062c\u0647\u062f 220 \u0641\u0648\u0644\u062a<\/li>\n<li>\u0623\u0633\u0648\u062f-\u0623\u0628\u064a\u0636 \u0627\u0644\u0644\u0648\u0646<\/li>\n<li>Trifaze Ray Spotlar i\u00e7in raylara enerji ak\u0131\u015f\u0131 sa\u011flamak ve enerjiyi sonland\u0131rrmak i\u00e7in kullan\u0131l\u0131r.<\/li>\n<\/ul>\n<p>&nbsp;<\/p>\n<h4><strong>\u062a\u062d\u0630\u064a\u0631\u0627\u062a \u0627\u0644\u062a\u062b\u0628\u064a\u062a \u0648\u0627\u0644\u0633\u0644\u0627\u0645\u0629<\/strong><\/h4>\n<div>\n<h5><strong>TR\u0130faze ray KOMPONENT\u0130 enerji giri\u015fi ve sonlama kapa\u011f\u0131 ;<\/strong><\/h5>\n<\/div>\n<ul>\n<li>Trifaze ray enerji giri\u015fi ve sonlama kapa\u011f\u0131 \u00fcr\u00fcn\u00fcn\u00fcz\u00fc teslim al\u0131rken, fiziksel bir hasar olup olmad\u0131\u011f\u0131n\u0131 kontrol ediniz. Bunun yan\u0131nda nakliye hasarl\u0131 \u00fcr\u00fcnlerin de\u011fi\u015fimini kargodan yada ambardan talep ediniz ve \u00fcr\u00fcn ile birlikte gelmesi gereken aksesuarlar varsa tam olup olmad\u0131\u011f\u0131n\u0131 kontrol ediniz.<\/li>\n<li>\u0627\u062d\u062a\u0641\u0638 \u0628\u0627\u0644\u0635\u0646\u062f\u0648\u0642 \u0627\u0644\u0623\u0635\u0644\u064a \u0623\u0648 \u0627\u0644\u0639\u0628\u0648\u0629 \u0648\u0627\u0644\u0645\u0644\u062d\u0642\u0627\u062a \u0648\u0627\u0644\u0641\u0627\u062a\u0648\u0631\u0629 \u0644\u0627\u0633\u062a\u062e\u062f\u0627\u0645\u0647\u0627 \u0641\u064a \u0627\u0644\u062e\u062f\u0645\u0629 \u0641\u064a \u0627\u0644\u0645\u0633\u062a\u0642\u0628\u0644.<\/li>\n<li>\u0627\u062d\u0631\u0635 \u0639\u0644\u0649 \u0639\u062f\u0645 \u0625\u062a\u0644\u0627\u0641 \u0627\u0644\u0631\u0645\u0632 \u0627\u0644\u0634\u0631\u064a\u0637\u064a \u0644\u0644\u0645\u0646\u062a\u062c \u0648\u0627\u0644\u0637\u0631\u0627\u0632 \u0648\u0627\u0644\u0631\u0642\u0645 \u0627\u0644\u062a\u0633\u0644\u0633\u0644\u064a.<\/li>\n<li>\u0625\u0630\u0627 \u0644\u0645 \u062a\u062a\u0645 \u0642\u0631\u0627\u0621\u062a\u0647\u0627 \u0623\u0648 \u0627\u0631\u062a\u062f\u0627\u0624\u0647\u0627 \u060c \u0641\u0644\u0646 \u064a\u063a\u0637\u064a \u0627\u0644\u0636\u0645\u0627\u0646 \u0645\u0646\u062a\u062c\u0643.<\/li>\n<li>\u00a0\u0644\u0627 \u064a\u0646\u0628\u063a\u064a \u0627\u0633\u062a\u062e\u062f\u0627\u0645 \u0627\u0644\u0645\u0646\u062a\u062c \u0625\u0644\u0627 \u0644\u0644\u0627\u0633\u062a\u062e\u062f\u0627\u0645 \u0627\u0644\u0645\u0642\u0635\u0648\u062f \u0645\u0646\u0647.<\/li>\n<li>\u0644\u0627 \u062a\u062a\u062d\u0645\u0644 \u0627\u0644\u0634\u0631\u0643\u0629 \u0627\u0644\u0628\u0627\u0626\u0639 \u0627\u0644\u0645\u0633\u0624\u0648\u0644\u064a\u0629 \u0641\u064a \u062d\u0627\u0644\u0627\u062a \u0627\u0644\u0625\u0635\u0627\u0628\u0629 \u0623\u0648 \u0627\u0644\u062a\u0644\u0641 \u0627\u0644\u0630\u064a \u0642\u062f \u064a\u062d\u062f\u062b \u0646\u062a\u064a\u062c\u0629 \u0627\u0644\u0627\u0633\u062a\u062e\u062f\u0627\u0645 \u063a\u064a\u0631 \u0627\u0644\u0633\u0644\u064a\u0645 \u0644\u0644\u0645\u0646\u062a\u062c.<\/li>\n<li>Elektrik ba\u011flant\u0131lar\u0131 sadece uzman personel taraf\u0131ndan yap\u0131lmal\u0131d\u0131r. \u00c7\u00fcnk\u00fc aksi takdirde \u00fcr\u00fcn garanti kapsam\u0131 d\u0131\u015f\u0131nda kalacakt\u0131r.<\/li>\n<li>\u062a\u0623\u0643\u062f \u0645\u0646 \u0625\u064a\u0642\u0627\u0641 \u062a\u0634\u063a\u064a\u0644 \u0627\u0644\u062a\u0648\u0635\u064a\u0644 \u0627\u0644\u0643\u0647\u0631\u0628\u0627\u0626\u064a \u0623\u062b\u0646\u0627\u0621 \u0627\u0644\u062a\u062b\u0628\u064a\u062a.<\/li>\n<li>G\u00fc\u00e7 kablolar\u0131n\u0131n hasarl\u0131 oldu\u011fu durumda \u00fcr\u00fcn\u00fc kullanmay\u0131n\u0131z. \u00c7\u00fcnk\u00fc aksi takdirde \u00f6l\u00fcm, ciddi yaralanma veya maddi hasara neden olabilir.<\/li>\n<li>Montaj\u0131na ba\u015flamadan \u00f6nce kablolar\u0131n ve \u00fcr\u00fcn\u00fcn d\u0131\u015f \u00e7eperlerinin hasarl\u0131 olmad\u0131\u011f\u0131ndan emin olman\u0131z gerekir.<\/li>\n<li>\u062a\u0623\u0643\u062f \u0645\u0646 \u0623\u0646\u0647 \u0644\u0627 \u064a\u062a\u0644\u0642\u0649 \u062c\u0647\u062f\u064b\u0627 \u0623\u0639\u0644\u0649 \u0645\u0646 \u062c\u0647\u062f \u0627\u0644\u062a\u0634\u063a\u064a\u0644 \u0627\u0644\u0645\u062d\u062f\u062f \u0641\u064a \u0627\u0644\u0645\u0644\u0635\u0642.<\/li>\n<li>Fakat uyu\u015fmazl\u0131k durumunda meydana gelebilecek ar\u0131zalarda, sat\u0131c\u0131 firma sorumlu tutulamaz ve ar\u0131za garanti kapsam\u0131nda de\u011ferlendirilemez.<\/li>\n<li>\u00d6zellikle montaj i\u00e7in yaln\u0131zca firmam\u0131z\u0131n belirledi\u011fi ek aparatlar kullan\u0131lmal\u0131d\u0131r.<\/li>\n<li>\u064a\u062c\u0628 \u0623\u0646 \u064a\u062a\u0645 \u062a\u0648\u0635\u064a\u0644 \u0627\u0644\u062a\u064a\u0627\u0631 \u0627\u0644\u0643\u0647\u0631\u0628\u0627\u0626\u064a \u0628\u0645\u0648\u0627\u062f \u0627\u0644\u062a\u0648\u0635\u064a\u0644 \u0648\u0641\u0642\u064b\u0627 \u0644\u0644\u0648\u0627\u0626\u062d \u0627\u0644\u062a\u0631\u0643\u064a\u0628 \u0641\u064a \u0627\u0644\u062f\u0648\u0644\u0629 \u0630\u0627\u062a \u0627\u0644\u0635\u0644\u0629.<\/li>\n<li>\u0644\u0627 \u062a\u0633\u062a\u062e\u062f\u0645 \u0641\u064a \u0627\u0644\u0623\u0645\u0627\u0643\u0646 \u0627\u0644\u062a\u064a \u0628\u0647\u0627 \u062a\u0633\u0631\u0628 \u0643\u0647\u0631\u0628\u0627\u0626\u064a.<\/li>\n<li>\u064a\u062c\u0628 \u0639\u0632\u0644 \u0646\u0642\u0627\u0637 \u062a\u0648\u0635\u064a\u0644 \u0627\u0644\u0643\u0628\u0644 \u0628\u0623\u0637\u0631\u0627\u0641 \u0627\u0644\u062a\u0648\u0635\u064a\u0644 \u0623\u0648 \u0627\u0644\u0634\u0631\u064a\u0637 \u0627\u0644\u0642\u0627\u0628\u0644 \u0644\u0644\u0627\u0646\u0635\u0647\u0627\u0631.<\/li>\n<li>\u0644\u0627 \u062a\u0642\u0645 \u0628\u0625\u062c\u0631\u0627\u0621 \u0623\u064a \u062a\u0639\u062f\u064a\u0644\u0627\u062a \u0623\u0648 \u0625\u0635\u0644\u0627\u062d\u0627\u062a \u0623\u0648 \u062a\u0639\u062f\u064a\u0644\u0627\u062a \u0623\u0648 \u0623\u064a \u062a\u062f\u062e\u0644 \u0645\u0627\u062f\u064a. \u0646\u062a\u064a\u062c\u0629 \u0644\u0647\u0630\u0647 \u0627\u0644\u0639\u0645\u0644\u064a\u0629 \u060c \u0642\u062f \u064a\u062d\u062f\u062b \u062a\u0644\u0641 \u0645\u0627\u062f\u064a \u0648\u0633\u064a\u0643\u0648\u0646 \u0636\u0645\u0627\u0646 \u0627\u0644\u0645\u0646\u062a\u062c \u0623\u064a\u0636\u064b\u0627 \u0628\u0627\u0637\u0644\u0627\u064b.<\/li>\n<\/ul>\n<h4><strong>\u062a\u062d\u0630\u064a\u0631\u0627\u062a \u0645\u0647\u0645\u0629<\/strong><\/h4>\n<ul>\n<li>Trifaze ray enerji giri\u015fi ve sonlama kapa\u011f\u0131 \u00fcr\u00fcn\u00fcnde meydana gelen herhangi bir ar\u0131za durumunda ilk olarak uzman yetkili servisimizle irtibata ge\u00e7iniz.<\/li>\n<li>Yetkili teknik servisimiz d\u0131\u015f\u0131nda \u00fcr\u00fcne kimsenin m\u00fcdahale etmesine izin vermeyiniz. \u00c7\u00fcnk\u00fc bu t\u00fcr m\u00fcdahaleler sonucu \u00fcr\u00fcn t\u00fcm\u00fcyle garanti kapsam\u0131 d\u0131\u015f\u0131nda kal\u0131r.<\/li>\n<li>\u0641\u064a \u062d\u0627\u0644\u0629 \u062a\u0644\u0641 \u0627\u0644\u0633\u0644\u0643 \u0623\u0648 \u0627\u0644\u0633\u0644\u0643 \u0627\u0644\u062e\u0627\u0631\u062c\u064a \u0627\u0644\u0645\u0631\u0646 \u0627\u0644\u062e\u0627\u0635 \u0628\u0647\u0630\u0627 \u0627\u0644\u0645\u0646\u062a\u062c \u060c \u064a\u062c\u0628 \u0627\u0633\u062a\u0628\u062f\u0627\u0644\u0647 \u0628\u0648\u0627\u0633\u0637\u0629 \u0634\u062e\u0635 \u0645\u0624\u0647\u0644 \u0644\u062a\u062c\u0646\u0628 \u0627\u0644\u062a\u0639\u0631\u0636 \u0644\u0644\u062e\u0637\u0631.<\/li>\n<li>\u00dcr\u00fcn \u00e7al\u0131\u015f\u0131r durumdayken y\u00fczeyi s\u0131cak oldu\u011fu i\u00e7in \u00fcr\u00fcn\u00fcn enerjisi kesilmelidir ve so\u011fumadan dokunulmamal\u0131d\u0131r. Ama \u00fcr\u00fcn \u00e7al\u0131\u015f\u0131r durumdayken direkt olarak bakmay\u0131n\u0131z.<\/li>\n<li>\u0644\u0627 \u062a\u0646\u0638\u0641 \u0627\u0644\u0633\u0637\u062d \u0628\u0645\u0648\u0627\u062f \u0642\u0627\u0628\u0644\u0629 \u0644\u0644\u0627\u0634\u062a\u0639\u0627\u0644 \u0645\u062b\u0644 \u0627\u0644\u0643\u062d\u0648\u0644 \u0623\u0648 \u0627\u0644\u0628\u0646\u0632\u064a\u0646.<\/li>\n<li>\u064a\u064f\u062d\u0641\u0638 \u0628\u0639\u064a\u062f\u064b\u0627 \u0639\u0646 \u0645\u062a\u0646\u0627\u0648\u0644 \u0627\u0644\u0623\u0637\u0641\u0627\u0644 \u0648\u0641\u064a \u0639\u0644\u0628\u0629 \u0627\u0644\u0645\u0646\u062a\u062c.<\/li>\n<\/ul>\n<h4><strong>\u0634\u0647\u0627\u062f\u0629 \u0627\u0644\u0636\u0645\u0627\u0646 | \u0634\u0631\u0648\u0637 \u0627\u0644\u0636\u0645\u0627\u0646<\/strong><\/h4>\n<p><strong>Trifaze ray ara ba\u011flant\u0131 aparat\u0131;<\/strong><\/p>\n<ul>\n<li>\u062a\u0628\u062f\u0623 \u0641\u062a\u0631\u0629 \u0627\u0644\u0636\u0645\u0627\u0646 \u0645\u0646 \u062a\u0627\u0631\u064a\u062e \u0641\u0627\u062a\u0648\u0631\u0629 \u0627\u0644\u0645\u0646\u062a\u062c \u0648\u0647\u064a \u0633\u0646\u062a\u0627\u0646.<\/li>\n<li>B\u00fct\u00fcn par\u00e7alar\u0131 dahil olmak \u00fczere tamam\u0131 garanti kapsam\u0131na girer.<\/li>\n<li>\u0648\u0644\u0643\u0646 \u0625\u0630\u0627 \u0643\u0627\u0646 \u0645\u0646 \u0627\u0644\u0645\u0641\u0647\u0648\u0645 \u0623\u0646 \u0627\u0644\u0645\u0646\u062a\u062c \u0645\u0639\u064a\u0628 \u060c \u064a\u062c\u0648\u0632 \u0644\u0644\u0645\u0633\u062a\u0647\u0644\u0643 \u062a\u0637\u0628\u064a\u0642 \u0627\u0644\u0645\u0627\u062f\u0629 11 \u0645\u0646 \u0642\u0627\u0646\u0648\u0646 \u062d\u0645\u0627\u064a\u0629 \u0627\u0644\u0645\u0633\u062a\u0647\u0644\u0643 \u0631\u0642\u0645 6502. \u0627\u0644\u0645\u062f\u0631\u062c\u0629 \u0641\u064a \u0627\u0644\u0645\u0642\u0627\u0644;<\/li>\n<\/ul>\n<div>\u0623) \u0627\u0644\u062d\u0635\u0648\u0644 \u0639\u0644\u0649 \u0625\u0635\u0644\u0627\u062d \u0645\u062c\u0627\u0646\u064a.<\/div>\n<div>\u0628) \u0627\u0633\u062a\u0628\u062f\u0627\u0644\u0647 \u0628\u0645\u0646\u062a\u062c \u062c\u062f\u064a\u062f \u0625\u0630\u0627 \u0644\u0645 \u064a\u062a\u0645 \u0625\u0635\u0644\u0627\u062d\u0647.<\/div>\n<ul>\n<li>\u0641\u064a \u062d\u0627\u0644\u0629 \u0627\u0644\u0625\u0635\u0644\u0627\u062d \u0627\u0644\u0645\u062c\u0627\u0646\u064a \u0644\u0644\u0645\u0633\u062a\u0647\u0644\u0643 \u0645\u0646 \u0647\u0630\u0647 \u0627\u0644\u062d\u0642\u0648\u0642 \u060c \u0627\u0644\u0628\u0627\u0626\u0639 \u061b \u062a\u0644\u062a\u0632\u0645 \u0628\u0625\u0635\u0644\u0627\u062d \u0627\u0644\u0645\u0646\u062a\u062c \u062f\u0648\u0646 \u0623\u064a \u0631\u0633\u0648\u0645 \u062a\u062d\u062a \u0623\u064a \u0627\u0633\u0645 \u0622\u062e\u0631 \u060c \u0645\u062b\u0644 \u062a\u0643\u0644\u0641\u0629 \u0627\u0644\u0639\u0645\u0627\u0644\u0629 \u0623\u0648 \u062a\u0643\u0644\u0641\u0629 \u062c\u0632\u0621 \u0627\u0644\u0627\u0633\u062a\u0628\u062f\u0627\u0644 \u0623\u0648 \u0623\u064a \u0627\u0633\u0645 \u0622\u062e\u0631.<\/li>\n<li>Garanti s\u00fcresi i\u00e7erisinde ar\u0131zalanmas\u0131 durumunda, tamirde ge\u00e7en s\u00fcre garanti s\u00fcresine eklenir. Bunun d\u0131\u015f\u0131nda \u00fcr\u00fcn\u00fcn tamir s\u00fcresi 20 i\u015f g\u00fcn\u00fcn\u00fc ge\u00e7emez.<\/li>\n<li>\u0644\u0627 \u064a\u063a\u0637\u064a \u0627\u0644\u0636\u0645\u0627\u0646 \u0627\u0644\u0639\u064a\u0648\u0628 \u0627\u0644\u0646\u0627\u062a\u062c\u0629 \u0639\u0646 \u0627\u0644\u0627\u0633\u062a\u062e\u062f\u0627\u0645 \u0627\u0644\u0645\u062e\u0627\u0644\u0641 \u0644\u0644\u0646\u0642\u0627\u0637 \u0627\u0644\u0648\u0627\u0631\u062f\u0629 \u0641\u064a \u062f\u0644\u064a\u0644 \u0627\u0644\u0645\u0633\u062a\u062e\u062f\u0645.<\/li>\n<\/ul>\n<h4><strong>\u0645\u0627 \u0647\u064a \u0623\u062e\u0637\u0627\u0621 \u0627\u0644\u0627\u0633\u062a\u062e\u062f\u0627\u0645 \u0627\u0644\u062a\u064a \u062a\u062c\u0639\u0644 \u0627\u0644\u0645\u0646\u062a\u062c \u0627\u0644\u0645\u0639\u064a\u0628 \u062e\u0627\u0631\u062c \u0627\u0644\u0636\u0645\u0627\u0646\u061f<\/strong><\/h4>\n<ul>\n<li>\u0627\u0644\u0623\u0639\u0637\u0627\u0644 \u0627\u0644\u0646\u0627\u062a\u062c\u0629 \u0639\u0646 \u0627\u0633\u062a\u062e\u062f\u0627\u0645 \u0627\u0644\u0643\u0647\u0631\u0628\u0627\u0621 \u0648\u0627\u0644\u0645\u0633\u062a\u062e\u062f\u0645 (\u0645\u062b\u0644 \u0627\u0646\u0642\u0637\u0627\u0639 \u0627\u0644\u062a\u064a\u0627\u0631 \u0627\u0644\u0643\u0647\u0631\u0628\u0627\u0626\u064a \u060c \u062a\u0630\u0628\u0630\u0628 \u0627\u0644\u062c\u0647\u062f \u060c \u062a\u0631\u0643\u064a\u0628 \u0627\u0644\u0645\u0644\u062d\u0642\u0627\u062a \u0627\u0644\u062a\u064a \u0644\u0627 \u062a\u0646\u062a\u0645\u064a \u0625\u0644\u0649 \u0627\u0644\u062c\u0647\u0627\u0632 \u0623\u0648 \u0639\u062f\u0645 \u0627\u0633\u062a\u062e\u062f\u0627\u0645 \u0627\u0644\u0645\u0644\u062d\u0642\u0627\u062a \u0627\u0644\u062a\u064a \u064a\u0644\u0632\u0645 \u0627\u0633\u062a\u062e\u062f\u0627\u0645\u0647\u0627) \u060c \u0623\u064a \u062a\u062f\u062e\u0644 \u0628\u062e\u0644\u0627\u0641 \u0627\u0644\u062e\u062f\u0645\u0629 \u0627\u0644\u0645\u0635\u0631\u062d \u0628\u0647\u0627 \u0641\u064a \u0627\u0644\u0645\u0646\u062a\u062c\u0627\u062a \u0645\u0639 \u0627\u0644\u0636\u0645\u0627\u0646 \u060c \u062a\u0644\u0641 \u0627\u0644\u0645\u0644\u0635\u0642 \u0641\u064a \u0627\u0644\u0645\u0646\u062a\u062c\u0627\u062a \u0645\u0639 \u0645\u0644\u0635\u0642 \u0627\u0644\u0636\u0645\u0627\u0646 \u060c \u0627\u0644\u0633\u0637\u062d \u0627\u0644\u062e\u0627\u0631\u062c\u064a \u0644\u0644\u062c\u0647\u0627\u0632 \u0627\u0644\u0645\u0643\u0633\u0648\u0631 \u060c \u0627\u0644\u062e\u062f\u0634 \u060c \u0625\u0644\u062e. \u062d\u0627\u0644\u0627\u062a \u0627\u0644\u0641\u0634\u0644 \u0627\u0644\u0646\u0627\u062a\u062c\u0629 \u0639\u0646 \u0623\u0633\u0628\u0627\u0628 \u0645\u062b\u0644 \u0627\u0644\u0628\u064a\u0626\u0627\u062a \u0627\u0644\u0645\u062a\u0631\u0628\u0629 \u0623\u0648 \u0627\u0644\u0631\u0637\u0628\u0629 \u0623\u0648 \u0634\u062f\u064a\u062f\u0629 \u0627\u0644\u062d\u0631\u0627\u0631\u0629 \u0623\u0648 \u0634\u062f\u064a\u062f\u0629 \u0627\u0644\u0628\u0631\u0648\u062f\u0629 \u0648\u0627\u0644\u0641\u064a\u0636\u0627\u0646\u0627\u062a \u0648\u0627\u0644\u062d\u0631\u0627\u0626\u0642 \u0648\u0627\u0644\u0632\u0644\u0627\u0632\u0644 \u0648\u0627\u0644\u0635\u0648\u0627\u0639\u0642 \u0648\u0645\u0627 \u0625\u0644\u0649 \u0630\u0644\u0643. \u0644\u0627 \u064a\u063a\u0637\u064a \u0627\u0644\u0636\u0645\u0627\u0646 \u062d\u0627\u0644\u0627\u062a \u0627\u0644\u0641\u0634\u0644 \u0627\u0644\u0646\u0627\u062c\u0645\u0629 \u0639\u0646 \u0627\u0644\u0643\u0648\u0627\u0631\u062b \u0627\u0644\u0637\u0628\u064a\u0639\u064a\u0629.<\/li>\n<\/ul>\n<p>\u0627\u0646\u0642\u0631 \u0639\u0644\u0649 \u0627\u0644\u0631\u0627\u0628\u0637 \u0644\u0644\u0633\u0643\u0643 \u0627\u0644\u062d\u062f\u064a\u062f\u064a\u0629 \u0648\u0627\u0644\u0645\u0643\u0648\u0646\u0627\u062a..<\/p>\n<p><a href=\"https:\/\/masialux.com\/product-category\/ray-ve-komponentler\/\">\u0631\u0627\u064a \u0648\u0645\u0643\u0648\u0646\u0627\u062a \u0627\u0644\u0645\u062d\u0641\u0648\u0638\u0627\u062a \/ \u0645\u0627\u0633\u064a\u0627\u0644\u0648\u0643\u0633 \u0627\u0644\u0625\u0636\u0627\u0621\u0629<\/a><\/p>","protected":false},"excerpt":{"rendered":"<p>\u0645\u0643\u0648\u0646\u0627\u062a \u0627\u0644\u0633\u0643\u0643 \u0627\u0644\u062d\u062f\u064a\u062f\u064a\u0629 \u062b\u0644\u0627\u062b\u064a\u0629 \u0627\u0644\u0637\u0648\u0631-\u0645\u062f\u062e\u0644\u0627\u062a \u0627\u0644\u0637\u0627\u0642\u0629 \u0648\u063a\u0637\u0627\u0621 \u0627\u0644\u0625\u0646\u0647\u0627\u0621<\/p>","protected":false},"featured_media":10022,"template":"","meta":{"_joinchat":[]},"product_brand":[],"product_cat":[209],"product_tag":[],"class_list":{"0":"post-10020","1":"product","2":"type-product","3":"status-publish","4":"has-post-thumbnail","6":"product_cat-trifaze-ray","8":"first","9":"instock","10":"shipping-taxable","11":"product-type-simple"},"_links":{"self":[{"href":"https:\/\/makrolight.com\/ar\/wp-json\/wp\/v2\/product\/10020","targetHints":{"allow":["GET"]}}],"collection":[{"href":"https:\/\/makrolight.com\/ar\/wp-json\/wp\/v2\/product"}],"about":[{"href":"https:\/\/makrolight.com\/ar\/wp-json\/wp\/v2\/types\/product"}],"wp:featuredmedia":[{"embeddable":true,"href":"https:\/\/makrolight.com\/ar\/wp-json\/wp\/v2\/media\/10022"}],"wp:attachment":[{"href":"https:\/\/makrolight.com\/ar\/wp-json\/wp\/v2\/media?parent=10020"}],"wp:term":[{"taxonomy":"product_brand","embeddable":true,"href":"https:\/\/makrolight.com\/ar\/wp-json\/wp\/v2\/product_brand?post=10020"},{"taxonomy":"product_cat","embeddable":true,"href":"https:\/\/makrolight.com\/ar\/wp-json\/wp\/v2\/product_cat?post=10020"},{"taxonomy":"product_tag","embeddable":true,"href":"https:\/\/makrolight.com\/ar\/wp-json\/wp\/v2\/product_tag?post=10020"}],"curies":[{"name":"wp","href":"https:\/\/api.w.org\/{rel}","templated":true}]}}