{"id":12501,"date":"2023-10-09T14:38:33","date_gmt":"2023-10-09T14:38:33","guid":{"rendered":"https:\/\/masialux.com\/?post_type=product&#038;p=12501"},"modified":"2024-11-18T12:46:23","modified_gmt":"2024-11-18T12:46:23","slug":"dosia-serisi-mp-300-60-siva-alti-panel-aydinlatma","status":"publish","type":"product","link":"https:\/\/makrolight.com\/ar\/product\/dosia-serisi-mp-300-60-siva-alti-panel-aydinlatma\/","title":{"rendered":"DOSIA SER\u0130S\u0130 | MJ 105-600 SIVA ALTI PANEL AYDINLATMA"},"content":{"rendered":"<p><strong>\u00a0\u0625\u0636\u0627\u0621\u0629 \u0644\u0648\u062d\u0629 Masialux \u0631\u0627\u062d\u0629<\/strong><\/p>\n<h4><img fetchpriority=\"high\" decoding=\"async\" class=\"alignnone wp-image-14537 size-full\" src=\"http:\/\/masialux.com\/wp-content\/uploads\/2023\/10\/mj105-600-icerik-gorsel.jpg\" alt=\"\" width=\"1402\" height=\"596\" srcset=\"https:\/\/makrolight.com\/wp-content\/uploads\/2023\/10\/mj105-600-icerik-gorsel.jpg 1402w, https:\/\/makrolight.com\/wp-content\/uploads\/2023\/10\/mj105-600-icerik-gorsel-300x128.jpg 300w, https:\/\/makrolight.com\/wp-content\/uploads\/2023\/10\/mj105-600-icerik-gorsel-1024x435.jpg 1024w, https:\/\/makrolight.com\/wp-content\/uploads\/2023\/10\/mj105-600-icerik-gorsel-768x326.jpg 768w, https:\/\/makrolight.com\/wp-content\/uploads\/2023\/10\/mj105-600-icerik-gorsel-18x8.jpg 18w, https:\/\/makrolight.com\/wp-content\/uploads\/2023\/10\/mj105-600-icerik-gorsel-600x255.jpg 600w, https:\/\/makrolight.com\/wp-content\/uploads\/2023\/10\/mj105-600-icerik-gorsel-800x340.jpg 800w\" sizes=\"(max-width: 1402px) 100vw, 1402px\" \/><\/h4>\n<h4><img decoding=\"async\" class=\"alignnone wp-image-14538 size-full\" src=\"http:\/\/masialux.com\/wp-content\/uploads\/2023\/10\/mj105-600-detay-kod.png\" alt=\"\" width=\"1402\" height=\"500\" srcset=\"https:\/\/makrolight.com\/wp-content\/uploads\/2023\/10\/mj105-600-detay-kod.png 1402w, https:\/\/makrolight.com\/wp-content\/uploads\/2023\/10\/mj105-600-detay-kod-300x107.png 300w, https:\/\/makrolight.com\/wp-content\/uploads\/2023\/10\/mj105-600-detay-kod-1024x365.png 1024w, https:\/\/makrolight.com\/wp-content\/uploads\/2023\/10\/mj105-600-detay-kod-768x274.png 768w, https:\/\/makrolight.com\/wp-content\/uploads\/2023\/10\/mj105-600-detay-kod-18x6.png 18w, https:\/\/makrolight.com\/wp-content\/uploads\/2023\/10\/mj105-600-detay-kod-600x214.png 600w, https:\/\/makrolight.com\/wp-content\/uploads\/2023\/10\/mj105-600-detay-kod-800x285.png 800w\" sizes=\"(max-width: 1402px) 100vw, 1402px\" \/><\/h4>\n<h4><strong>\u0645\u062c\u0627\u0644\u0627\u062a \u0627\u0644\u0627\u0633\u062a\u062e\u062f\u0627\u0645<\/strong><\/h4>\n<ul>\n<li>\u0632\u062e\u0631\u0641\u0629<\/li>\n<li>\u0633\u0648\u0628\u0631 \u0645\u0627\u0631\u0643\u062a<\/li>\n<li>\u0645\u0648\u0644\u0627\u062a<\/li>\n<li>\u0645\u0646\u0627\u0632\u0644<\/li>\n<\/ul>\n<h4><strong>\u062a\u062d\u0630\u064a\u0631\u0627\u062a \u0627\u0644\u062a\u062b\u0628\u064a\u062a \u0648\u0627\u0644\u0633\u0644\u0627\u0645\u0629<\/strong><\/h4>\n<div>\n<h5><strong>\u0625\u0636\u0627\u0621\u0629 \u0644\u0648\u062d\u0629 \u0645\u062c\u0648\u0641\u0629\u061b<\/strong><\/h5>\n<\/div>\n<ul>\n<li>\u0639\u0646\u062f \u0627\u0644\u0627\u0633\u062a\u0644\u0627\u0645 \u060c \u062a\u062d\u0642\u0642 \u0645\u0646 \u0648\u062c\u0648\u062f \u0636\u0631\u0631 \u0645\u0627\u062f\u064a. \u0627\u0637\u0644\u0628 \u0627\u0633\u062a\u0628\u062f\u0627\u0644 \u0627\u0644\u0645\u0646\u062a\u062c\u0627\u062a \u0627\u0644\u062a\u0627\u0644\u0641\u0629 \u0645\u0646 \u0627\u0644\u0628\u0636\u0627\u0626\u0639 \u0623\u0648 \u0627\u0644\u0645\u0633\u062a\u0648\u062f\u0639 \u0648\u062a\u062d\u0642\u0642 \u0645\u0646 \u0648\u062c\u0648\u062f \u0623\u064a \u0645\u0644\u062d\u0642\u0627\u062a \u064a\u062c\u0628 \u0623\u0646 \u062a\u0623\u062a\u064a \u0645\u0639 \u0627\u0644\u0645\u0646\u062a\u062c.<\/li>\n<li>\u0627\u062d\u062a\u0641\u0638 \u0628\u0627\u0644\u0635\u0646\u062f\u0648\u0642 \u0627\u0644\u0623\u0635\u0644\u064a \u0623\u0648 \u0627\u0644\u0639\u0628\u0648\u0629 \u0648\u0627\u0644\u0645\u0644\u062d\u0642\u0627\u062a \u0648\u0627\u0644\u0641\u0627\u062a\u0648\u0631\u0629 \u0644\u0627\u0633\u062a\u062e\u062f\u0627\u0645\u0647\u0627 \u0641\u064a \u0627\u0644\u062e\u062f\u0645\u0629 \u0641\u064a \u0627\u0644\u0645\u0633\u062a\u0642\u0628\u0644.<\/li>\n<li>\u0627\u062d\u0631\u0635 \u0639\u0644\u0649 \u0639\u062f\u0645 \u0625\u062a\u0644\u0627\u0641 \u0627\u0644\u0631\u0645\u0632 \u0627\u0644\u0634\u0631\u064a\u0637\u064a \u0644\u0644\u0645\u0646\u062a\u062c \u0648\u0627\u0644\u0637\u0631\u0627\u0632 \u0648\u0627\u0644\u0631\u0642\u0645 \u0627\u0644\u062a\u0633\u0644\u0633\u0644\u064a.<\/li>\n<li>\u0625\u0630\u0627 \u0644\u0645 \u062a\u062a\u0645 \u0642\u0631\u0627\u0621\u062a\u0647\u0627 \u0623\u0648 \u0627\u0631\u062a\u062f\u0627\u0624\u0647\u0627 \u060c \u0641\u0644\u0646 \u064a\u063a\u0637\u064a \u0627\u0644\u0636\u0645\u0627\u0646 \u0645\u0646\u062a\u062c\u0643.<\/li>\n<li>\u00a0\u0644\u0627 \u064a\u0646\u0628\u063a\u064a \u0627\u0633\u062a\u062e\u062f\u0627\u0645 \u0627\u0644\u0645\u0646\u062a\u062c \u0625\u0644\u0627 \u0644\u0644\u0627\u0633\u062a\u062e\u062f\u0627\u0645 \u0627\u0644\u0645\u0642\u0635\u0648\u062f \u0645\u0646\u0647.<\/li>\n<li>\u0644\u0627 \u062a\u062a\u062d\u0645\u0644 \u0627\u0644\u0634\u0631\u0643\u0629 \u0627\u0644\u0628\u0627\u0626\u0639 \u0627\u0644\u0645\u0633\u0624\u0648\u0644\u064a\u0629 \u0641\u064a \u062d\u0627\u0644\u0627\u062a \u0627\u0644\u0625\u0635\u0627\u0628\u0629 \u0623\u0648 \u0627\u0644\u062a\u0644\u0641 \u0627\u0644\u0630\u064a \u0642\u062f \u064a\u062d\u062f\u062b \u0646\u062a\u064a\u062c\u0629 \u0627\u0644\u0627\u0633\u062a\u062e\u062f\u0627\u0645 \u063a\u064a\u0631 \u0627\u0644\u0633\u0644\u064a\u0645 \u0644\u0644\u0645\u0646\u062a\u062c.<\/li>\n<li>\u064a\u062c\u0628 \u0623\u0644\u0627 \u064a\u062a\u0645 \u0625\u062c\u0631\u0627\u0621 \u0627\u0644\u062a\u0648\u0635\u064a\u0644\u0627\u062a \u0627\u0644\u0643\u0647\u0631\u0628\u0627\u0626\u064a\u0629 \u0625\u0644\u0627 \u0628\u0648\u0627\u0633\u0637\u0629 \u0623\u0634\u062e\u0627\u0635 \u0645\u0624\u0647\u0644\u064a\u0646.<\/li>\n<li>\u062a\u0623\u0643\u062f \u0645\u0646 \u0625\u064a\u0642\u0627\u0641 \u062a\u0634\u063a\u064a\u0644 \u0627\u0644\u062a\u0648\u0635\u064a\u0644 \u0627\u0644\u0643\u0647\u0631\u0628\u0627\u0626\u064a \u0623\u062b\u0646\u0627\u0621 \u0627\u0644\u062a\u062b\u0628\u064a\u062a.<\/li>\n<li>\u0644\u0627 \u062a\u0633\u062a\u062e\u062f\u0645 \u0627\u0644\u0645\u0646\u062a\u062c \u0641\u064a \u062d\u0627\u0644\u0629 \u062a\u0644\u0641 \u0643\u0628\u0644\u0627\u062a \u0627\u0644\u0637\u0627\u0642\u0629. \u0642\u062f \u064a\u0624\u062f\u064a \u0639\u062f\u0645 \u0627\u0644\u0642\u064a\u0627\u0645 \u0628\u0630\u0644\u0643 \u0625\u0644\u0649 \u0627\u0644\u0648\u0641\u0627\u0629 \u0623\u0648 \u0627\u0644\u0625\u0635\u0627\u0628\u0629 \u0627\u0644\u062e\u0637\u064a\u0631\u0629 \u0623\u0648 \u062a\u0644\u0641 \u0627\u0644\u0645\u0645\u062a\u0644\u0643\u0627\u062a.<\/li>\n<li>\u0642\u0628\u0644 \u0628\u062f\u0621 \u0627\u0644\u062a\u062c\u0645\u064a\u0639 \u060c \u062a\u0623\u0643\u062f \u0645\u0646 \u0639\u062f\u0645 \u062a\u0644\u0641 \u0627\u0644\u0643\u0627\u0628\u0644\u0627\u062a \u0648\u0627\u0644\u062c\u062f\u0631\u0627\u0646 \u0627\u0644\u062e\u0627\u0631\u062c\u064a\u0629 \u0644\u0644\u0645\u0646\u062a\u062c.<\/li>\n<li>\u062a\u0623\u0643\u062f \u0645\u0646 \u0623\u0646\u0647 \u0644\u0627 \u064a\u062a\u0644\u0642\u0649 \u062c\u0647\u062f\u064b\u0627 \u0623\u0639\u0644\u0649 \u0645\u0646 \u062c\u0647\u062f \u0627\u0644\u062a\u0634\u063a\u064a\u0644 \u0627\u0644\u0645\u062d\u062f\u062f \u0641\u064a \u0627\u0644\u0645\u0644\u0635\u0642.<\/li>\n<li>\u0644\u0627 \u064a\u0645\u0643\u0646 \u062a\u062d\u0645\u064a\u0644 \u0627\u0644\u0634\u0631\u0643\u0629 \u0627\u0644\u0628\u0627\u0626\u0639 \u0627\u0644\u0645\u0633\u0624\u0648\u0644\u064a\u0629 \u0639\u0646 \u0627\u0644\u0623\u0639\u0637\u0627\u0644 \u0627\u0644\u062a\u064a \u0642\u062f \u062a\u062d\u062f\u062b \u0641\u064a \u062d\u0627\u0644\u0629 \u0627\u0644\u062a\u0639\u0627\u0631\u0636 \u0648\u0644\u0627 \u064a\u0645\u0643\u0646 \u062a\u0642\u064a\u064a\u0645 \u0627\u0644\u0639\u0637\u0644 \u0641\u064a \u0646\u0637\u0627\u0642 \u0627\u0644\u0636\u0645\u0627\u0646.<\/li>\n<li>\u064a\u062c\u0628 \u0627\u0633\u062a\u062e\u062f\u0627\u0645 \u0627\u0644\u0623\u062c\u0647\u0632\u0629 \u0627\u0644\u0625\u0636\u0627\u0641\u064a\u0629 \u0627\u0644\u062a\u064a \u062a\u062d\u062f\u062f\u0647\u0627 \u0634\u0631\u0643\u062a\u0646\u0627 \u0641\u0642\u0637 \u0644\u0644\u062a\u062c\u0645\u064a\u0639.<\/li>\n<li>\u064a\u062c\u0628 \u0623\u0646 \u064a\u062a\u0645 \u062a\u0648\u0635\u064a\u0644 \u0627\u0644\u062a\u064a\u0627\u0631 \u0627\u0644\u0643\u0647\u0631\u0628\u0627\u0626\u064a \u0628\u0645\u0648\u0627\u062f \u0627\u0644\u062a\u0648\u0635\u064a\u0644 \u0648\u0641\u0642\u064b\u0627 \u0644\u0644\u0648\u0627\u0626\u062d \u0627\u0644\u062a\u0631\u0643\u064a\u0628 \u0641\u064a \u0627\u0644\u062f\u0648\u0644\u0629 \u0630\u0627\u062a \u0627\u0644\u0635\u0644\u0629.<\/li>\n<li>\u0644\u0627 \u062a\u0633\u062a\u062e\u062f\u0645 \u0641\u064a \u0627\u0644\u0623\u0645\u0627\u0643\u0646 \u0627\u0644\u062a\u064a \u0628\u0647\u0627 \u062a\u0633\u0631\u0628 \u0643\u0647\u0631\u0628\u0627\u0626\u064a.<\/li>\n<li>\u064a\u062c\u0628 \u0639\u0632\u0644 \u0646\u0642\u0627\u0637 \u062a\u0648\u0635\u064a\u0644 \u0627\u0644\u0643\u0628\u0644 \u0628\u0623\u0637\u0631\u0627\u0641 \u0627\u0644\u062a\u0648\u0635\u064a\u0644 \u0623\u0648 \u0627\u0644\u0634\u0631\u064a\u0637 \u0627\u0644\u0642\u0627\u0628\u0644 \u0644\u0644\u0627\u0646\u0635\u0647\u0627\u0631.<\/li>\n<li>\u0644\u0627 \u062a\u0642\u0645 \u0628\u0625\u062c\u0631\u0627\u0621 \u0623\u064a \u062a\u0639\u062f\u064a\u0644\u0627\u062a \u0623\u0648 \u0625\u0635\u0644\u0627\u062d\u0627\u062a \u0623\u0648 \u062a\u0639\u062f\u064a\u0644\u0627\u062a \u0623\u0648 \u0623\u064a \u062a\u062f\u062e\u0644 \u0645\u0627\u062f\u064a. \u0646\u062a\u064a\u062c\u0629 \u0644\u0647\u0630\u0647 \u0627\u0644\u0639\u0645\u0644\u064a\u0629 \u060c \u0642\u062f \u064a\u062d\u062f\u062b \u062a\u0644\u0641 \u0645\u0627\u062f\u064a \u0648\u0633\u064a\u0643\u0648\u0646 \u0636\u0645\u0627\u0646 \u0627\u0644\u0645\u0646\u062a\u062c \u0623\u064a\u0636\u064b\u0627 \u0628\u0627\u0637\u0644\u0627\u064b.<\/li>\n<\/ul>\n<h4><strong>\u062a\u062d\u0630\u064a\u0631\u0627\u062a \u0645\u0647\u0645\u0629<\/strong><\/h4>\n<ul>\n<li>\u0641\u064a \u062d\u0627\u0644\u0629 \u062d\u062f\u0648\u062b \u0623\u064a \u062e\u0644\u0644 \u0641\u064a \u0645\u0646\u062a\u062c \u0648\u062d\u062f\u0629 \u0627\u0644\u0625\u0646\u0627\u0631\u0629 \u0627\u0644\u063a\u0627\u0626\u0631\u0629\u060c \u064a\u0631\u062c\u0649 \u0627\u0644\u0627\u062a\u0635\u0627\u0644 \u0628\u062e\u062f\u0645\u0629 \u0627\u0644\u062e\u0628\u0631\u0627\u0621 \u0627\u0644\u0645\u0639\u062a\u0645\u062f\u0629 \u0644\u062f\u064a\u0646\u0627.<\/li>\n<li>\u0644\u0627 \u062a\u0633\u0645\u062d \u0644\u0623\u064a \u0634\u062e\u0635 \u0628\u0627\u0644\u062a\u062f\u062e\u0644 \u0641\u064a \u0627\u0644\u0645\u0646\u062a\u062c \u0628\u062e\u0644\u0627\u0641 \u0627\u0644\u062e\u062f\u0645\u0629 \u0627\u0644\u0641\u0646\u064a\u0629 \u0627\u0644\u0645\u0639\u062a\u0645\u062f\u0629 \u0644\u062f\u064a\u0646\u0627. \u0646\u062a\u064a\u062c\u0629 \u0644\u0647\u0630\u0647 \u0627\u0644\u062a\u062f\u062e\u0644\u0627\u062a \u060c \u0627\u0644\u0645\u0646\u062a\u062c \u062e\u0627\u0631\u062c \u0627\u0644\u0636\u0645\u0627\u0646 \u062a\u0645\u0627\u0645\u064b\u0627.<\/li>\n<li>\u0641\u064a \u062d\u0627\u0644\u0629 \u062a\u0644\u0641 \u0627\u0644\u0633\u0644\u0643 \u0623\u0648 \u0627\u0644\u0633\u0644\u0643 \u0627\u0644\u062e\u0627\u0631\u062c\u064a \u0627\u0644\u0645\u0631\u0646 \u0627\u0644\u062e\u0627\u0635 \u0628\u0647\u0630\u0627 \u0627\u0644\u0645\u0646\u062a\u062c \u060c \u064a\u062c\u0628 \u0627\u0633\u062a\u0628\u062f\u0627\u0644\u0647 \u0628\u0648\u0627\u0633\u0637\u0629 \u0634\u062e\u0635 \u0645\u0624\u0647\u0644 \u0644\u062a\u062c\u0646\u0628 \u0627\u0644\u062a\u0639\u0631\u0636 \u0644\u0644\u062e\u0637\u0631.<\/li>\n<li>\u0646\u0638\u0631\u064b\u0627 \u0644\u0623\u0646 \u0633\u0637\u062d \u0627\u0644\u0645\u0646\u062a\u062c \u0633\u0627\u062e\u0646 \u0623\u062b\u0646\u0627\u0621 \u062a\u0634\u063a\u064a\u0644 \u0627\u0644\u0645\u0646\u062a\u062c \u060c \u064a\u062c\u0628 \u0642\u0637\u0639 \u0637\u0627\u0642\u0629 \u0627\u0644\u0645\u0646\u062a\u062c \u0648\u0639\u062f\u0645 \u0644\u0645\u0633\u0647 \u0642\u0628\u0644 \u0623\u0646 \u064a\u0628\u0631\u062f. \u0644\u0627 \u062a\u0646\u0638\u0631 \u0645\u0628\u0627\u0634\u0631\u0629 \u0625\u0644\u0649 \u0627\u0644\u0645\u0646\u062a\u062c \u0623\u062b\u0646\u0627\u0621 \u062a\u0634\u063a\u064a\u0644\u0647.<\/li>\n<li>\u0644\u0627 \u062a\u0646\u0638\u0641 \u0627\u0644\u0633\u0637\u062d \u0628\u0645\u0648\u0627\u062f \u0642\u0627\u0628\u0644\u0629 \u0644\u0644\u0627\u0634\u062a\u0639\u0627\u0644 \u0645\u062b\u0644 \u0627\u0644\u0643\u062d\u0648\u0644 \u0623\u0648 \u0627\u0644\u0628\u0646\u0632\u064a\u0646.<\/li>\n<li>\u064a\u064f\u062d\u0641\u0638 \u0628\u0639\u064a\u062f\u064b\u0627 \u0639\u0646 \u0645\u062a\u0646\u0627\u0648\u0644 \u0627\u0644\u0623\u0637\u0641\u0627\u0644 \u0648\u0641\u064a \u0639\u0644\u0628\u0629 \u0627\u0644\u0645\u0646\u062a\u062c.<\/li>\n<\/ul>\n<h4><strong>\u0634\u0647\u0627\u062f\u0629 \u0627\u0644\u0636\u0645\u0627\u0646 | \u0634\u0631\u0648\u0637 \u0627\u0644\u0636\u0645\u0627\u0646<\/strong><\/h4>\n<p><strong>\u0648\u062d\u062f\u0629 \u0625\u0646\u0627\u0631\u0629 \u0645\u062f\u0645\u062c\u0629\u061b<\/strong><\/p>\n<ul>\n<li>\u062a\u0628\u062f\u0623 \u0641\u062a\u0631\u0629 \u0627\u0644\u0636\u0645\u0627\u0646 \u0645\u0646 \u062a\u0627\u0631\u064a\u062e \u0641\u0627\u062a\u0648\u0631\u0629 \u0627\u0644\u0645\u0646\u062a\u062c \u0648\u0647\u064a \u0633\u0646\u062a\u0627\u0646.<\/li>\n<li>\u0643\u0644\u0647\u0627 \u062a\u062d\u062a \u0627\u0644\u0636\u0645\u0627\u0646 \u060c \u0628\u0645\u0627 \u0641\u064a \u0630\u0644\u0643 \u062c\u0645\u064a\u0639 \u0627\u0644\u0623\u062c\u0632\u0627\u0621.<\/li>\n<li>\u0641\u064a \u062d\u0627\u0644\u0629 \u0627\u0643\u062a\u0634\u0627\u0641 \u0648\u062c\u0648\u062f \u0639\u064a\u0628 \u0641\u064a\u0647\u0627 \u060c \u0627\u0644\u0645\u0633\u062a\u0647\u0644\u0643 \u060c \u0641\u064a \u0627\u0644\u0645\u0627\u062f\u0629 11 \u0645\u0646 \u0627\u0644\u0642\u0627\u0646\u0648\u0646 \u0631\u0642\u0645 6502 \u0628\u0634\u0623\u0646 \u062d\u0645\u0627\u064a\u0629 \u0627\u0644\u0645\u0633\u062a\u0647\u0644\u0643 \u061b<\/li>\n<\/ul>\n<div>\u0623) \u0627\u0644\u062d\u0635\u0648\u0644 \u0639\u0644\u0649 \u0625\u0635\u0644\u0627\u062d \u0645\u062c\u0627\u0646\u064a.<\/div>\n<div>\u0628) \u0627\u0633\u062a\u0628\u062f\u0627\u0644\u0647 \u0628\u0645\u0646\u062a\u062c \u062c\u062f\u064a\u062f \u0625\u0630\u0627 \u0644\u0645 \u064a\u062a\u0645 \u0625\u0635\u0644\u0627\u062d\u0647.<\/div>\n<ul>\n<li>\u0641\u064a \u062d\u0627\u0644\u0629 \u0627\u0644\u0625\u0635\u0644\u0627\u062d \u0627\u0644\u0645\u062c\u0627\u0646\u064a \u0644\u0644\u0645\u0633\u062a\u0647\u0644\u0643 \u0645\u0646 \u0647\u0630\u0647 \u0627\u0644\u062d\u0642\u0648\u0642 \u060c \u0627\u0644\u0628\u0627\u0626\u0639 \u061b \u062a\u0644\u062a\u0632\u0645 \u0628\u0625\u0635\u0644\u0627\u062d \u0627\u0644\u0645\u0646\u062a\u062c \u062f\u0648\u0646 \u0623\u064a \u0631\u0633\u0648\u0645 \u062a\u062d\u062a \u0623\u064a \u0627\u0633\u0645 \u0622\u062e\u0631 \u060c \u0645\u062b\u0644 \u062a\u0643\u0644\u0641\u0629 \u0627\u0644\u0639\u0645\u0627\u0644\u0629 \u0623\u0648 \u062a\u0643\u0644\u0641\u0629 \u062c\u0632\u0621 \u0627\u0644\u0627\u0633\u062a\u0628\u062f\u0627\u0644 \u0623\u0648 \u0623\u064a \u0627\u0633\u0645 \u0622\u062e\u0631.<\/li>\n<li>\u0641\u064a \u062d\u0627\u0644\u0629 \u062d\u062f\u0648\u062b \u0639\u0637\u0644 \u062e\u0644\u0627\u0644 \u0641\u062a\u0631\u0629 \u0627\u0644\u0636\u0645\u0627\u0646 \u060c \u062a\u062a\u0645 \u0625\u0636\u0627\u0641\u0629 \u0627\u0644\u0648\u0642\u062a \u0627\u0644\u0645\u0633\u062a\u063a\u0631\u0642 \u0641\u064a \u0627\u0644\u0625\u0635\u0644\u0627\u062d \u0625\u0644\u0649 \u0641\u062a\u0631\u0629 \u0627\u0644\u0636\u0645\u0627\u0646. \u0644\u0627 \u064a\u0645\u0643\u0646 \u0623\u0646 \u062a\u062a\u062c\u0627\u0648\u0632 \u0641\u062a\u0631\u0629 \u0625\u0635\u0644\u0627\u062d \u0627\u0644\u0645\u0646\u062a\u062c 20 \u064a\u0648\u0645 \u0639\u0645\u0644.<\/li>\n<li>\u0644\u0627 \u064a\u063a\u0637\u064a \u0627\u0644\u0636\u0645\u0627\u0646 \u0627\u0644\u0639\u064a\u0648\u0628 \u0627\u0644\u0646\u0627\u062a\u062c\u0629 \u0639\u0646 \u0627\u0644\u0627\u0633\u062a\u062e\u062f\u0627\u0645 \u0627\u0644\u0645\u062e\u0627\u0644\u0641 \u0644\u0644\u0646\u0642\u0627\u0637 \u0627\u0644\u0648\u0627\u0631\u062f\u0629 \u0641\u064a \u062f\u0644\u064a\u0644 \u0627\u0644\u0645\u0633\u062a\u062e\u062f\u0645.<\/li>\n<\/ul>\n<h4><strong>\u0645\u0627 \u0647\u064a \u0623\u062e\u0637\u0627\u0621 \u0627\u0644\u0627\u0633\u062a\u062e\u062f\u0627\u0645 \u0627\u0644\u062a\u064a \u062a\u062c\u0639\u0644 \u0627\u0644\u0645\u0646\u062a\u062c \u0627\u0644\u0645\u0639\u064a\u0628 \u062e\u0627\u0631\u062c \u0627\u0644\u0636\u0645\u0627\u0646\u061f<\/strong><\/h4>\n<ul>\n<li>\u0627\u0644\u0623\u0639\u0637\u0627\u0644 \u0627\u0644\u0646\u0627\u062a\u062c\u0629 \u0639\u0646 \u0627\u0633\u062a\u062e\u062f\u0627\u0645 \u0627\u0644\u0643\u0647\u0631\u0628\u0627\u0621 \u0648\u0627\u0644\u0645\u0633\u062a\u062e\u062f\u0645 (\u0645\u062b\u0644 \u0627\u0646\u0642\u0637\u0627\u0639 \u0627\u0644\u062a\u064a\u0627\u0631 \u0627\u0644\u0643\u0647\u0631\u0628\u0627\u0626\u064a \u060c \u062a\u0630\u0628\u0630\u0628 \u0627\u0644\u062c\u0647\u062f \u060c \u062a\u0631\u0643\u064a\u0628 \u0627\u0644\u0645\u0644\u062d\u0642\u0627\u062a \u0627\u0644\u062a\u064a \u0644\u0627 \u062a\u0646\u062a\u0645\u064a \u0625\u0644\u0649 \u0627\u0644\u062c\u0647\u0627\u0632 \u0623\u0648 \u0639\u062f\u0645 \u0627\u0633\u062a\u062e\u062f\u0627\u0645 \u0627\u0644\u0645\u0644\u062d\u0642\u0627\u062a \u0627\u0644\u062a\u064a \u064a\u0644\u0632\u0645 \u0627\u0633\u062a\u062e\u062f\u0627\u0645\u0647\u0627) \u060c \u0623\u064a \u062a\u062f\u062e\u0644 \u0628\u062e\u0644\u0627\u0641 \u0627\u0644\u062e\u062f\u0645\u0629 \u0627\u0644\u0645\u0635\u0631\u062d \u0628\u0647\u0627 \u0641\u064a \u0627\u0644\u0645\u0646\u062a\u062c\u0627\u062a \u0645\u0639 \u0627\u0644\u0636\u0645\u0627\u0646 \u060c \u062a\u0644\u0641 \u0627\u0644\u0645\u0644\u0635\u0642 \u0641\u064a \u0627\u0644\u0645\u0646\u062a\u062c\u0627\u062a \u0645\u0639 \u0645\u0644\u0635\u0642 \u0627\u0644\u0636\u0645\u0627\u0646 \u060c \u0627\u0644\u0633\u0637\u062d \u0627\u0644\u062e\u0627\u0631\u062c\u064a \u0644\u0644\u062c\u0647\u0627\u0632 \u0627\u0644\u0645\u0643\u0633\u0648\u0631 \u060c \u0627\u0644\u062e\u062f\u0634 \u060c \u0625\u0644\u062e. \u062d\u0627\u0644\u0627\u062a \u0627\u0644\u0641\u0634\u0644 \u0627\u0644\u0646\u0627\u062a\u062c\u0629 \u0639\u0646 \u0623\u0633\u0628\u0627\u0628 \u0645\u062b\u0644 \u0627\u0644\u0628\u064a\u0626\u0627\u062a \u0627\u0644\u0645\u062a\u0631\u0628\u0629 \u0623\u0648 \u0627\u0644\u0631\u0637\u0628\u0629 \u0623\u0648 \u0634\u062f\u064a\u062f\u0629 \u0627\u0644\u062d\u0631\u0627\u0631\u0629 \u0623\u0648 \u0634\u062f\u064a\u062f\u0629 \u0627\u0644\u0628\u0631\u0648\u062f\u0629 \u0648\u0627\u0644\u0641\u064a\u0636\u0627\u0646\u0627\u062a \u0648\u0627\u0644\u062d\u0631\u0627\u0626\u0642 \u0648\u0627\u0644\u0632\u0644\u0627\u0632\u0644 \u0648\u0627\u0644\u0635\u0648\u0627\u0639\u0642 \u0648\u0645\u0627 \u0625\u0644\u0649 \u0630\u0644\u0643. \u0644\u0627 \u064a\u063a\u0637\u064a \u0627\u0644\u0636\u0645\u0627\u0646 \u062d\u0627\u0644\u0627\u062a \u0627\u0644\u0641\u0634\u0644 \u0627\u0644\u0646\u0627\u062c\u0645\u0629 \u0639\u0646 \u0627\u0644\u0643\u0648\u0627\u0631\u062b \u0627\u0644\u0637\u0628\u064a\u0639\u064a\u0629.<\/li>\n<\/ul>\n<p><a href=\"https:\/\/masialux.com\/product-category\/product-category-endustriyel-aydinlatma\/\">End\u00fcstriyel Ayd\u0131nlatma Archives | Masialux Ayd\u0131nlatma<\/a><\/p>","protected":false},"excerpt":{"rendered":"<p><strong>Masialux Dosia Serisi S\u0131va \u00dcst\u00fc Panel MJ 105-600<\/strong><br \/>\n&nbsp;<\/p>\n<p><strong>\u0648\u0633\u0627\u0626\u0637 \u0627\u0644\u0645\u0646\u062a\u062c \u0627\u0644\u0642\u0627\u0628\u0644\u0629 \u0644\u0644\u062a\u0646\u0632\u064a\u0644<\/strong><\/p>\n<p><strong><a href=\"\/ar\/downloads\/MJ105600\/Datasheet-MJ105600.pdf\/\">\u25ef<\/a><a href=\"\/ar\/downloads\/MJ105600\/Datasheet-MJ105600.pdf\/\" target=\"_blank\" rel=\"noopener\"> \u0648\u0631\u0642\u0629 \u0627\u0644\u0628\u064a\u0627\u0646\u0627\u062a<\/a><\/strong><\/p>\n<p><strong><a href=\"\/ar\/downloads\/MJ105600\/Datasheet-MJ105600.pdf\/\" target=\"_blank\" rel=\"noopener\">\u25ef<\/a><a href=\"\/ar\/downloads\/MJ105600\/Montajklavuz-MJ105600.pdf\/\"> \u062f\u0644\u064a\u0644 \u0627\u0644\u062a\u062c\u0645\u064a\u0639<\/a><\/strong><\/p>\n<p><strong><a href=\"\/ar\/downloads\/MJ105600\/3D-MJ105600.zip\/\">\u25ef<\/a> <a href=\"https:\/\/masialux.com\/ltd-dosyalari\/\">\u0645\u0644\u0641\u0627\u062a LDT<\/a><\/strong><\/p>\n<p>&nbsp;<br \/>\n<strong>\u0633\u0645\u0627\u062a<\/strong><br \/>\n<strong>\u062c\u0633\u0645<\/strong>: \u062c\u0633\u0645 \u0627\u0644\u0635\u0641\u0627\u0626\u062d \u0627\u0644\u0645\u0639\u062f\u0646\u064a\u0629 DKP<br \/>\n<strong>\u0637\u0644\u0627\u0621:<\/strong>\u00a0\u0645\u0633\u062d\u0648\u0642 \u0627\u0644\u0637\u0644\u0627\u0621 \u0627\u0644\u0643\u0647\u0631\u0648\u0633\u062a\u0627\u062a\u064a\u0643\u064a<br \/>\n<strong>LED:<\/strong>\u00a0L70&gt; 50,000 \u0633\u0627\u0639\u0629 LED \u0645\u062a\u0648\u0633\u0637 \u200b\u200b\u0627\u0644\u0637\u0627\u0642\u0629<br \/>\n<strong>\u0628\u0635\u0631\u064a:\u00a0<\/strong>\u0646\u0641\u0627\u0630\u064a\u0629 \u0639\u0627\u0644\u064a\u0629 UGR: &lt;19 \u0646\u0627\u0634\u0631 \u0623\u0648\u0628\u0627\u0644<br \/>\n<strong>PCB:<\/strong>\u00a0\u062b\u0646\u0627\u0626\u064a \u0627\u0644\u0641\u064a\u0646\u064a\u0644 \u0645\u062a\u0639\u062f\u062f \u0627\u0644\u0643\u0644\u0648\u0631 \u0645\u0639 \u0627\u0644\u0645\u0648\u0635\u0644\u064a\u0629 \u0627\u0644\u062d\u0631\u0627\u0631\u064a\u0629 \u0627\u0644\u0639\u0627\u0644\u064a\u0629<br \/>\n<strong>\u0633\u0627\u0626\u0642:<\/strong>\u00a0\u0634\u0647\u0627\u062f\u0629 \u0643\u0641\u0627\u0621\u0629 \u0639\u0627\u0644\u064a\u0629 \u0645\u0646 ENEC<br \/>\n<strong>\u062e\u064a\u0627\u0631\u0627\u062a:\u00a0<\/strong>\u062f\u0627\u0644\u064a \u0648\u062a\u0637\u0628\u064a\u0642 \u0648\u0638\u064a\u0641\u0629 \u0627\u0644\u0645\u0645\u0631. \u062a\u0637\u0628\u064a\u0642 \u062e\u0627\u0641\u062a 1-10 \u0641\u0648\u0644\u062a. \u062a\u0637\u0628\u064a\u0642 \u0627\u0644\u0625\u0636\u0627\u0621\u0629 \u0641\u064a \u062d\u0627\u0644\u0627\u062a \u0627\u0644\u0637\u0648\u0627\u0631\u0626 \u0644\u0645\u062f\u0629 \u062a\u0635\u0644 \u0625\u0644\u0649 3 \u0633\u0627\u0639\u0627\u062a. \u062a\u0637\u0628\u064a\u0642 LED \u0639\u0646\u062f \u062f\u0631\u062c\u0629 \u062d\u0631\u0627\u0631\u0629 \u0627\u0644\u0644\u0648\u0646 \u0627\u0644\u0645\u0637\u0644\u0648\u0628\u0629 (CCT)<\/p>","protected":false},"featured_media":12503,"template":"","meta":{"_joinchat":[]},"product_brand":[],"product_cat":[214],"product_tag":[],"class_list":{"0":"post-12501","1":"product","2":"type-product","3":"status-publish","4":"has-post-thumbnail","6":"product_cat-product-category-endustriyel-aydinlatma","8":"first","9":"instock","10":"shipping-taxable","11":"product-type-simple"},"_links":{"self":[{"href":"https:\/\/makrolight.com\/ar\/wp-json\/wp\/v2\/product\/12501","targetHints":{"allow":["GET"]}}],"collection":[{"href":"https:\/\/makrolight.com\/ar\/wp-json\/wp\/v2\/product"}],"about":[{"href":"https:\/\/makrolight.com\/ar\/wp-json\/wp\/v2\/types\/product"}],"wp:featuredmedia":[{"embeddable":true,"href":"https:\/\/makrolight.com\/ar\/wp-json\/wp\/v2\/media\/12503"}],"wp:attachment":[{"href":"https:\/\/makrolight.com\/ar\/wp-json\/wp\/v2\/media?parent=12501"}],"wp:term":[{"taxonomy":"product_brand","embeddable":true,"href":"https:\/\/makrolight.com\/ar\/wp-json\/wp\/v2\/product_brand?post=12501"},{"taxonomy":"product_cat","embeddable":true,"href":"https:\/\/makrolight.com\/ar\/wp-json\/wp\/v2\/product_cat?post=12501"},{"taxonomy":"product_tag","embeddable":true,"href":"https:\/\/makrolight.com\/ar\/wp-json\/wp\/v2\/product_tag?post=12501"}],"curies":[{"name":"wp","href":"https:\/\/api.w.org\/{rel}","templated":true}]}}