{"id":12571,"date":"2023-10-16T12:17:07","date_gmt":"2023-10-16T12:17:07","guid":{"rendered":"https:\/\/masialux.com\/?post_type=product&#038;p=12571"},"modified":"2024-11-04T12:10:41","modified_gmt":"2024-11-04T12:10:41","slug":"yamas-serisi-mx-102-siva-ustu-acil-aydinlatma-ve-yonlendirme-armaturu","status":"publish","type":"product","link":"https:\/\/makrolight.com\/ar\/product\/yamas-serisi-mx-102-siva-ustu-acil-aydinlatma-ve-yonlendirme-armaturu\/","title":{"rendered":"\u0633\u0644\u0633\u0644\u0629 \u064a\u0627\u0645\u0627\u0633 | MX 102 \u0648\u062d\u062f\u0629 \u0625\u0636\u0627\u0621\u0629 \u0627\u0644\u0637\u0648\u0627\u0631\u0626 \u0648\u0648\u062d\u062f\u0629 \u0627\u0644\u0625\u0646\u0627\u0631\u0629 \u0627\u0644\u062a\u0648\u062c\u064a\u0647\u064a\u0629 \u0627\u0644\u0645\u062b\u0628\u062a\u0629 \u0639\u0644\u0649 \u0627\u0644\u0633\u0637\u062d"},"content":{"rendered":"<p><strong>Masialux Acil Ayd\u0131nlatma ve Y\u00f6nlendirme Armat\u00fcrleri<\/strong><\/p>\n<p><strong>\u0645\u062c\u0627\u0644\u0627\u062a \u0627\u0644\u0627\u0633\u062a\u062e\u062f\u0627\u0645<\/strong><\/p>\n<p>Yang\u0131n \u00e7\u0131k\u0131\u015f kap\u0131lar\u0131<br \/>\nOfisler<br \/>\nToplant\u0131 odalar\u0131<br \/>\nResepsiyon alanlar\u0131<br \/>\nAl\u0131\u015fveri\u015f merkezleri<br \/>\nOteller ve barlar<br \/>\nRestoranlar<br \/>\nE\u011flence kul\u00fcpleri<br \/>\n\u00dcniversiteler, yurtlar, okullar ve kolejler<\/p>\n<p><strong>\u0645\u0639\u0644\u0648\u0645\u0627\u062a \u0627\u0644\u0645\u0646\u062a\u062c<\/strong><br \/>\nTavan montaj, s\u0131va alt\u0131 uygulamalarda kullan\u0131labilecek, standartlara uygun, ekonomik i\u015faretlemeler i\u00e7in tasarlanm\u0131\u015ft\u0131r<br \/>\nT\u00fcm plastik ekipmanlar, gerekli alevalmazl\u0131k ko\u015fullar\u0131n\u0131 sa\u011flar.<br \/>\n5mm \u015feffaf akrilik dif\u00fcz\u00f6r.<br \/>\nI\u015f\u0131k kayna\u011f\u0131 LED ler, profil i\u00e7erisinden, pleksi boyunca \u0131\u015f\u0131ma yapar, \u00fczerindeki fig\u00fcr\u00fc ayd\u0131nlat\u0131r.<br \/>\nBataryas\u0131n\u0131 ve g\u00fc\u00e7 kayna\u011f\u0131n\u0131 i\u00e7erisinde bar\u0131nd\u0131ran ba\u011f\u0131ms\u0131z acil y\u00f6nlendirme armat\u00fcr\u00fcd\u00fcr.<br \/>\nContinius \u015farj y\u00f6ntemi ile, pilleri s\u00fcrekli dolu ve haz\u0131r tutar\u2022 \u015eebeke besleme gerilimi standart 220 volt AC 50 hz dir.<br \/>\n\u0130lk kullan\u0131mda \u015farj s\u00fcresi 24 saattir.<br \/>\n\u015eebeke voltaj\u0131ndaki 285 volt a kadar dalgalanmalara dayan\u0131kl\u0131d\u0131r.<br \/>\n150 voltun alt\u0131nda acil ayd\u0131nlatma moduna ge\u00e7er, 185 voltun \u00fczerinde \u015farj durumuna ge\u00e7er.<br \/>\nISO 9001-2000 kalite y\u00f6netim sistemi \u00e7er\u00e7evesinde, TS 8710 EN60598-2-22 standard\u0131na uygun \u00fcretilmektedir.<\/p>\n<p>&nbsp;<\/p>\n<h4><strong>\u062a\u062d\u0630\u064a\u0631\u0627\u062a \u0627\u0644\u062a\u062b\u0628\u064a\u062a \u0648\u0627\u0644\u0633\u0644\u0627\u0645\u0629<\/strong><\/h4>\n<div>\n<h5><strong>Acil ayd\u0131nlatma armat\u00fcr ;<\/strong><\/h5>\n<\/div>\n<ul>\n<li>\u0639\u0646\u062f \u0627\u0644\u0627\u0633\u062a\u0644\u0627\u0645 \u060c \u062a\u062d\u0642\u0642 \u0645\u0646 \u0648\u062c\u0648\u062f \u0636\u0631\u0631 \u0645\u0627\u062f\u064a. \u0627\u0637\u0644\u0628 \u0627\u0633\u062a\u0628\u062f\u0627\u0644 \u0627\u0644\u0645\u0646\u062a\u062c\u0627\u062a \u0627\u0644\u062a\u0627\u0644\u0641\u0629 \u0645\u0646 \u0627\u0644\u0628\u0636\u0627\u0626\u0639 \u0623\u0648 \u0627\u0644\u0645\u0633\u062a\u0648\u062f\u0639 \u0648\u062a\u062d\u0642\u0642 \u0645\u0646 \u0648\u062c\u0648\u062f \u0623\u064a \u0645\u0644\u062d\u0642\u0627\u062a \u064a\u062c\u0628 \u0623\u0646 \u062a\u0623\u062a\u064a \u0645\u0639 \u0627\u0644\u0645\u0646\u062a\u062c.<\/li>\n<li>\u0627\u062d\u062a\u0641\u0638 \u0628\u0627\u0644\u0635\u0646\u062f\u0648\u0642 \u0627\u0644\u0623\u0635\u0644\u064a \u0623\u0648 \u0627\u0644\u0639\u0628\u0648\u0629 \u0648\u0627\u0644\u0645\u0644\u062d\u0642\u0627\u062a \u0648\u0627\u0644\u0641\u0627\u062a\u0648\u0631\u0629 \u0644\u0627\u0633\u062a\u062e\u062f\u0627\u0645\u0647\u0627 \u0641\u064a \u0627\u0644\u062e\u062f\u0645\u0629 \u0641\u064a \u0627\u0644\u0645\u0633\u062a\u0642\u0628\u0644.<\/li>\n<li>\u0627\u062d\u0631\u0635 \u0639\u0644\u0649 \u0639\u062f\u0645 \u0625\u062a\u0644\u0627\u0641 \u0627\u0644\u0631\u0645\u0632 \u0627\u0644\u0634\u0631\u064a\u0637\u064a \u0644\u0644\u0645\u0646\u062a\u062c \u0648\u0627\u0644\u0637\u0631\u0627\u0632 \u0648\u0627\u0644\u0631\u0642\u0645 \u0627\u0644\u062a\u0633\u0644\u0633\u0644\u064a.<\/li>\n<li>\u0625\u0630\u0627 \u0644\u0645 \u062a\u062a\u0645 \u0642\u0631\u0627\u0621\u062a\u0647\u0627 \u0623\u0648 \u0627\u0631\u062a\u062f\u0627\u0624\u0647\u0627 \u060c \u0641\u0644\u0646 \u064a\u063a\u0637\u064a \u0627\u0644\u0636\u0645\u0627\u0646 \u0645\u0646\u062a\u062c\u0643.<\/li>\n<li>\u00a0\u0644\u0627 \u064a\u0646\u0628\u063a\u064a \u0627\u0633\u062a\u062e\u062f\u0627\u0645 \u0627\u0644\u0645\u0646\u062a\u062c \u0625\u0644\u0627 \u0644\u0644\u0627\u0633\u062a\u062e\u062f\u0627\u0645 \u0627\u0644\u0645\u0642\u0635\u0648\u062f \u0645\u0646\u0647.<\/li>\n<li>\u0644\u0627 \u062a\u062a\u062d\u0645\u0644 \u0627\u0644\u0634\u0631\u0643\u0629 \u0627\u0644\u0628\u0627\u0626\u0639 \u0627\u0644\u0645\u0633\u0624\u0648\u0644\u064a\u0629 \u0641\u064a \u062d\u0627\u0644\u0627\u062a \u0627\u0644\u0625\u0635\u0627\u0628\u0629 \u0623\u0648 \u0627\u0644\u062a\u0644\u0641 \u0627\u0644\u0630\u064a \u0642\u062f \u064a\u062d\u062f\u062b \u0646\u062a\u064a\u062c\u0629 \u0627\u0644\u0627\u0633\u062a\u062e\u062f\u0627\u0645 \u063a\u064a\u0631 \u0627\u0644\u0633\u0644\u064a\u0645 \u0644\u0644\u0645\u0646\u062a\u062c.<\/li>\n<li>\u064a\u062c\u0628 \u0623\u0644\u0627 \u064a\u062a\u0645 \u0625\u062c\u0631\u0627\u0621 \u0627\u0644\u062a\u0648\u0635\u064a\u0644\u0627\u062a \u0627\u0644\u0643\u0647\u0631\u0628\u0627\u0626\u064a\u0629 \u0625\u0644\u0627 \u0628\u0648\u0627\u0633\u0637\u0629 \u0623\u0634\u062e\u0627\u0635 \u0645\u0624\u0647\u0644\u064a\u0646.<\/li>\n<li>\u062a\u0623\u0643\u062f \u0645\u0646 \u0625\u064a\u0642\u0627\u0641 \u062a\u0634\u063a\u064a\u0644 \u0627\u0644\u062a\u0648\u0635\u064a\u0644 \u0627\u0644\u0643\u0647\u0631\u0628\u0627\u0626\u064a \u0623\u062b\u0646\u0627\u0621 \u0627\u0644\u062a\u062b\u0628\u064a\u062a.<\/li>\n<li>\u0644\u0627 \u062a\u0633\u062a\u062e\u062f\u0645 \u0627\u0644\u0645\u0646\u062a\u062c \u0641\u064a \u062d\u0627\u0644\u0629 \u062a\u0644\u0641 \u0643\u0628\u0644\u0627\u062a \u0627\u0644\u0637\u0627\u0642\u0629. \u0642\u062f \u064a\u0624\u062f\u064a \u0639\u062f\u0645 \u0627\u0644\u0642\u064a\u0627\u0645 \u0628\u0630\u0644\u0643 \u0625\u0644\u0649 \u0627\u0644\u0648\u0641\u0627\u0629 \u0623\u0648 \u0627\u0644\u0625\u0635\u0627\u0628\u0629 \u0627\u0644\u062e\u0637\u064a\u0631\u0629 \u0623\u0648 \u062a\u0644\u0641 \u0627\u0644\u0645\u0645\u062a\u0644\u0643\u0627\u062a.<\/li>\n<li>\u0642\u0628\u0644 \u0628\u062f\u0621 \u0627\u0644\u062a\u062c\u0645\u064a\u0639 \u060c \u062a\u0623\u0643\u062f \u0645\u0646 \u0639\u062f\u0645 \u062a\u0644\u0641 \u0627\u0644\u0643\u0627\u0628\u0644\u0627\u062a \u0648\u0627\u0644\u062c\u062f\u0631\u0627\u0646 \u0627\u0644\u062e\u0627\u0631\u062c\u064a\u0629 \u0644\u0644\u0645\u0646\u062a\u062c.<\/li>\n<li>\u062a\u0623\u0643\u062f \u0645\u0646 \u0623\u0646\u0647 \u0644\u0627 \u064a\u062a\u0644\u0642\u0649 \u062c\u0647\u062f\u064b\u0627 \u0623\u0639\u0644\u0649 \u0645\u0646 \u062c\u0647\u062f \u0627\u0644\u062a\u0634\u063a\u064a\u0644 \u0627\u0644\u0645\u062d\u062f\u062f \u0641\u064a \u0627\u0644\u0645\u0644\u0635\u0642.<\/li>\n<li>\u0644\u0627 \u064a\u0645\u0643\u0646 \u062a\u062d\u0645\u064a\u0644 \u0627\u0644\u0634\u0631\u0643\u0629 \u0627\u0644\u0628\u0627\u0626\u0639 \u0627\u0644\u0645\u0633\u0624\u0648\u0644\u064a\u0629 \u0639\u0646 \u0627\u0644\u0623\u0639\u0637\u0627\u0644 \u0627\u0644\u062a\u064a \u0642\u062f \u062a\u062d\u062f\u062b \u0641\u064a \u062d\u0627\u0644\u0629 \u0627\u0644\u062a\u0639\u0627\u0631\u0636 \u0648\u0644\u0627 \u064a\u0645\u0643\u0646 \u062a\u0642\u064a\u064a\u0645 \u0627\u0644\u0639\u0637\u0644 \u0641\u064a \u0646\u0637\u0627\u0642 \u0627\u0644\u0636\u0645\u0627\u0646.<\/li>\n<li>\u064a\u062c\u0628 \u0627\u0633\u062a\u062e\u062f\u0627\u0645 \u0627\u0644\u0623\u062c\u0647\u0632\u0629 \u0627\u0644\u0625\u0636\u0627\u0641\u064a\u0629 \u0627\u0644\u062a\u064a \u062a\u062d\u062f\u062f\u0647\u0627 \u0634\u0631\u0643\u062a\u0646\u0627 \u0641\u0642\u0637 \u0644\u0644\u062a\u062c\u0645\u064a\u0639.<\/li>\n<li>\u064a\u062c\u0628 \u0623\u0646 \u064a\u062a\u0645 \u062a\u0648\u0635\u064a\u0644 \u0627\u0644\u062a\u064a\u0627\u0631 \u0627\u0644\u0643\u0647\u0631\u0628\u0627\u0626\u064a \u0628\u0645\u0648\u0627\u062f \u0627\u0644\u062a\u0648\u0635\u064a\u0644 \u0648\u0641\u0642\u064b\u0627 \u0644\u0644\u0648\u0627\u0626\u062d \u0627\u0644\u062a\u0631\u0643\u064a\u0628 \u0641\u064a \u0627\u0644\u062f\u0648\u0644\u0629 \u0630\u0627\u062a \u0627\u0644\u0635\u0644\u0629.<\/li>\n<li>\u0644\u0627 \u062a\u0633\u062a\u062e\u062f\u0645 \u0641\u064a \u0627\u0644\u0623\u0645\u0627\u0643\u0646 \u0627\u0644\u062a\u064a \u0628\u0647\u0627 \u062a\u0633\u0631\u0628 \u0643\u0647\u0631\u0628\u0627\u0626\u064a.<\/li>\n<li>\u064a\u062c\u0628 \u0639\u0632\u0644 \u0646\u0642\u0627\u0637 \u062a\u0648\u0635\u064a\u0644 \u0627\u0644\u0643\u0628\u0644 \u0628\u0623\u0637\u0631\u0627\u0641 \u0627\u0644\u062a\u0648\u0635\u064a\u0644 \u0623\u0648 \u0627\u0644\u0634\u0631\u064a\u0637 \u0627\u0644\u0642\u0627\u0628\u0644 \u0644\u0644\u0627\u0646\u0635\u0647\u0627\u0631.<\/li>\n<li>\u0644\u0627 \u062a\u0642\u0645 \u0628\u0625\u062c\u0631\u0627\u0621 \u0623\u064a \u062a\u0639\u062f\u064a\u0644\u0627\u062a \u0623\u0648 \u0625\u0635\u0644\u0627\u062d\u0627\u062a \u0623\u0648 \u062a\u0639\u062f\u064a\u0644\u0627\u062a \u0623\u0648 \u0623\u064a \u062a\u062f\u062e\u0644 \u0645\u0627\u062f\u064a. \u0646\u062a\u064a\u062c\u0629 \u0644\u0647\u0630\u0647 \u0627\u0644\u0639\u0645\u0644\u064a\u0629 \u060c \u0642\u062f \u064a\u062d\u062f\u062b \u062a\u0644\u0641 \u0645\u0627\u062f\u064a \u0648\u0633\u064a\u0643\u0648\u0646 \u0636\u0645\u0627\u0646 \u0627\u0644\u0645\u0646\u062a\u062c \u0623\u064a\u0636\u064b\u0627 \u0628\u0627\u0637\u0644\u0627\u064b.<\/li>\n<\/ul>\n<h4><strong>\u062a\u062d\u0630\u064a\u0631\u0627\u062a \u0645\u0647\u0645\u0629<\/strong><\/h4>\n<ul>\n<li>Acil ayd\u0131nlatma armat\u00fcr \u00fczerinde meydana gelen herhangi bir ar\u0131za durumunda uzman yetkili servisimizle irtibata ge\u00e7iniz.<\/li>\n<li>\u0644\u0627 \u062a\u0633\u0645\u062d \u0644\u0623\u064a \u0634\u062e\u0635 \u0628\u0627\u0644\u062a\u062f\u062e\u0644 \u0641\u064a \u0627\u0644\u0645\u0646\u062a\u062c \u0628\u062e\u0644\u0627\u0641 \u0627\u0644\u062e\u062f\u0645\u0629 \u0627\u0644\u0641\u0646\u064a\u0629 \u0627\u0644\u0645\u0639\u062a\u0645\u062f\u0629 \u0644\u062f\u064a\u0646\u0627. \u0646\u062a\u064a\u062c\u0629 \u0644\u0647\u0630\u0647 \u0627\u0644\u062a\u062f\u062e\u0644\u0627\u062a \u060c \u0627\u0644\u0645\u0646\u062a\u062c \u062e\u0627\u0631\u062c \u0627\u0644\u0636\u0645\u0627\u0646 \u062a\u0645\u0627\u0645\u064b\u0627.<\/li>\n<li>\u0641\u064a \u062d\u0627\u0644\u0629 \u062a\u0644\u0641 \u0627\u0644\u0633\u0644\u0643 \u0623\u0648 \u0627\u0644\u0633\u0644\u0643 \u0627\u0644\u062e\u0627\u0631\u062c\u064a \u0627\u0644\u0645\u0631\u0646 \u0627\u0644\u062e\u0627\u0635 \u0628\u0647\u0630\u0627 \u0627\u0644\u0645\u0646\u062a\u062c \u060c \u064a\u062c\u0628 \u0627\u0633\u062a\u0628\u062f\u0627\u0644\u0647 \u0628\u0648\u0627\u0633\u0637\u0629 \u0634\u062e\u0635 \u0645\u0624\u0647\u0644 \u0644\u062a\u062c\u0646\u0628 \u0627\u0644\u062a\u0639\u0631\u0636 \u0644\u0644\u062e\u0637\u0631.<\/li>\n<li>\u0646\u0638\u0631\u064b\u0627 \u0644\u0623\u0646 \u0633\u0637\u062d \u0627\u0644\u0645\u0646\u062a\u062c \u0633\u0627\u062e\u0646 \u0623\u062b\u0646\u0627\u0621 \u062a\u0634\u063a\u064a\u0644 \u0627\u0644\u0645\u0646\u062a\u062c \u060c \u064a\u062c\u0628 \u0642\u0637\u0639 \u0637\u0627\u0642\u0629 \u0627\u0644\u0645\u0646\u062a\u062c \u0648\u0639\u062f\u0645 \u0644\u0645\u0633\u0647 \u0642\u0628\u0644 \u0623\u0646 \u064a\u0628\u0631\u062f. \u0644\u0627 \u062a\u0646\u0638\u0631 \u0645\u0628\u0627\u0634\u0631\u0629 \u0625\u0644\u0649 \u0627\u0644\u0645\u0646\u062a\u062c \u0623\u062b\u0646\u0627\u0621 \u062a\u0634\u063a\u064a\u0644\u0647.<\/li>\n<li>\u0644\u0627 \u062a\u0646\u0638\u0641 \u0627\u0644\u0633\u0637\u062d \u0628\u0645\u0648\u0627\u062f \u0642\u0627\u0628\u0644\u0629 \u0644\u0644\u0627\u0634\u062a\u0639\u0627\u0644 \u0645\u062b\u0644 \u0627\u0644\u0643\u062d\u0648\u0644 \u0623\u0648 \u0627\u0644\u0628\u0646\u0632\u064a\u0646.<\/li>\n<li>\u064a\u064f\u062d\u0641\u0638 \u0628\u0639\u064a\u062f\u064b\u0627 \u0639\u0646 \u0645\u062a\u0646\u0627\u0648\u0644 \u0627\u0644\u0623\u0637\u0641\u0627\u0644 \u0648\u0641\u064a \u0639\u0644\u0628\u0629 \u0627\u0644\u0645\u0646\u062a\u062c.<\/li>\n<\/ul>\n<h4><strong>\u0634\u0647\u0627\u062f\u0629 \u0627\u0644\u0636\u0645\u0627\u0646 | \u0634\u0631\u0648\u0637 \u0627\u0644\u0636\u0645\u0627\u0646<\/strong><\/h4>\n<p><strong>Acil Ayd\u0131nlatma Armat\u00fcr\u00fcn;<\/strong><\/p>\n<ul>\n<li>\u062a\u0628\u062f\u0623 \u0641\u062a\u0631\u0629 \u0627\u0644\u0636\u0645\u0627\u0646 \u0645\u0646 \u062a\u0627\u0631\u064a\u062e \u0641\u0627\u062a\u0648\u0631\u0629 \u0627\u0644\u0645\u0646\u062a\u062c \u0648\u0647\u064a \u0633\u0646\u062a\u0627\u0646.<\/li>\n<li>B\u00fct\u00fcn par\u00e7alar\u0131 dahil olmak \u00fczere tamam\u0131 garanti kapsam\u0131na girmektedir.<\/li>\n<li>Kesinlikle ay\u0131pl\u0131 oldu\u011funun anla\u015f\u0131lmas\u0131 durumunda t\u00fcketici, 6502 say\u0131l\u0131 T\u00fcketicinin Korunmas\u0131 Hakk\u0131nda Kanunun 11. maddesinde yer alan;<\/li>\n<\/ul>\n<div>\u0623) \u0627\u0644\u062d\u0635\u0648\u0644 \u0639\u0644\u0649 \u0625\u0635\u0644\u0627\u062d \u0645\u062c\u0627\u0646\u064a.<\/div>\n<div>\u0628) \u0627\u0633\u062a\u0628\u062f\u0627\u0644\u0647 \u0628\u0645\u0646\u062a\u062c \u062c\u062f\u064a\u062f \u0625\u0630\u0627 \u0644\u0645 \u064a\u062a\u0645 \u0625\u0635\u0644\u0627\u062d\u0647.<\/div>\n<ul>\n<li>\u0641\u064a \u062d\u0627\u0644\u0629 \u0627\u0644\u0625\u0635\u0644\u0627\u062d \u0627\u0644\u0645\u062c\u0627\u0646\u064a \u0644\u0644\u0645\u0633\u062a\u0647\u0644\u0643 \u0645\u0646 \u0647\u0630\u0647 \u0627\u0644\u062d\u0642\u0648\u0642 \u060c \u0627\u0644\u0628\u0627\u0626\u0639 \u061b \u062a\u0644\u062a\u0632\u0645 \u0628\u0625\u0635\u0644\u0627\u062d \u0627\u0644\u0645\u0646\u062a\u062c \u062f\u0648\u0646 \u0623\u064a \u0631\u0633\u0648\u0645 \u062a\u062d\u062a \u0623\u064a \u0627\u0633\u0645 \u0622\u062e\u0631 \u060c \u0645\u062b\u0644 \u062a\u0643\u0644\u0641\u0629 \u0627\u0644\u0639\u0645\u0627\u0644\u0629 \u0623\u0648 \u062a\u0643\u0644\u0641\u0629 \u062c\u0632\u0621 \u0627\u0644\u0627\u0633\u062a\u0628\u062f\u0627\u0644 \u0623\u0648 \u0623\u064a \u0627\u0633\u0645 \u0622\u062e\u0631.<\/li>\n<li>Garanti s\u00fcresi i\u00e7erisinde ar\u0131zalanmas\u0131 durumunda, tamirde ge\u00e7en s\u00fcre garanti s\u00fcresine eklenir. Sonu\u00e7 olarak \u00fcr\u00fcn\u00fcn tamir s\u00fcresi 20 i\u015f g\u00fcn\u00fcn\u00fc ge\u00e7emez.<\/li>\n<li>K\u0131saca kullanma k\u0131lavuzunda yer alan hususlara ayk\u0131r\u0131 kullan\u0131lmas\u0131ndan kaynaklanan ar\u0131zalar garanti kapsam\u0131 d\u0131\u015f\u0131ndad\u0131r.<\/li>\n<\/ul>\n<h4><strong>\u0645\u0627 \u0647\u064a \u0623\u062e\u0637\u0627\u0621 \u0627\u0644\u0627\u0633\u062a\u062e\u062f\u0627\u0645 \u0627\u0644\u062a\u064a \u062a\u062c\u0639\u0644 \u0627\u0644\u0645\u0646\u062a\u062c \u0627\u0644\u0645\u0639\u064a\u0628 \u062e\u0627\u0631\u062c \u0627\u0644\u0636\u0645\u0627\u0646\u061f<\/strong><\/h4>\n<ul>\n<li>\u0627\u0644\u0623\u0639\u0637\u0627\u0644 \u0627\u0644\u0646\u0627\u062a\u062c\u0629 \u0639\u0646 \u0627\u0633\u062a\u062e\u062f\u0627\u0645 \u0627\u0644\u0643\u0647\u0631\u0628\u0627\u0621 \u0648\u0627\u0644\u0645\u0633\u062a\u062e\u062f\u0645 (\u0645\u062b\u0644 \u0627\u0646\u0642\u0637\u0627\u0639 \u0627\u0644\u062a\u064a\u0627\u0631 \u0627\u0644\u0643\u0647\u0631\u0628\u0627\u0626\u064a \u060c \u062a\u0630\u0628\u0630\u0628 \u0627\u0644\u062c\u0647\u062f \u060c \u062a\u0631\u0643\u064a\u0628 \u0627\u0644\u0645\u0644\u062d\u0642\u0627\u062a \u0627\u0644\u062a\u064a \u0644\u0627 \u062a\u0646\u062a\u0645\u064a \u0625\u0644\u0649 \u0627\u0644\u062c\u0647\u0627\u0632 \u0623\u0648 \u0639\u062f\u0645 \u0627\u0633\u062a\u062e\u062f\u0627\u0645 \u0627\u0644\u0645\u0644\u062d\u0642\u0627\u062a \u0627\u0644\u062a\u064a \u064a\u0644\u0632\u0645 \u0627\u0633\u062a\u062e\u062f\u0627\u0645\u0647\u0627) \u060c \u0623\u064a \u062a\u062f\u062e\u0644 \u0628\u062e\u0644\u0627\u0641 \u0627\u0644\u062e\u062f\u0645\u0629 \u0627\u0644\u0645\u0635\u0631\u062d \u0628\u0647\u0627 \u0641\u064a \u0627\u0644\u0645\u0646\u062a\u062c\u0627\u062a \u0645\u0639 \u0627\u0644\u0636\u0645\u0627\u0646 \u060c \u062a\u0644\u0641 \u0627\u0644\u0645\u0644\u0635\u0642 \u0641\u064a \u0627\u0644\u0645\u0646\u062a\u062c\u0627\u062a \u0645\u0639 \u0645\u0644\u0635\u0642 \u0627\u0644\u0636\u0645\u0627\u0646 \u060c \u0627\u0644\u0633\u0637\u062d \u0627\u0644\u062e\u0627\u0631\u062c\u064a \u0644\u0644\u062c\u0647\u0627\u0632 \u0627\u0644\u0645\u0643\u0633\u0648\u0631 \u060c \u0627\u0644\u062e\u062f\u0634 \u060c \u0625\u0644\u062e. \u062d\u0627\u0644\u0627\u062a \u0627\u0644\u0641\u0634\u0644 \u0627\u0644\u0646\u0627\u062a\u062c\u0629 \u0639\u0646 \u0623\u0633\u0628\u0627\u0628 \u0645\u062b\u0644 \u0627\u0644\u0628\u064a\u0626\u0627\u062a \u0627\u0644\u0645\u062a\u0631\u0628\u0629 \u0623\u0648 \u0627\u0644\u0631\u0637\u0628\u0629 \u0623\u0648 \u0634\u062f\u064a\u062f\u0629 \u0627\u0644\u062d\u0631\u0627\u0631\u0629 \u0623\u0648 \u0634\u062f\u064a\u062f\u0629 \u0627\u0644\u0628\u0631\u0648\u062f\u0629 \u0648\u0627\u0644\u0641\u064a\u0636\u0627\u0646\u0627\u062a \u0648\u0627\u0644\u062d\u0631\u0627\u0626\u0642 \u0648\u0627\u0644\u0632\u0644\u0627\u0632\u0644 \u0648\u0627\u0644\u0635\u0648\u0627\u0639\u0642 \u0648\u0645\u0627 \u0625\u0644\u0649 \u0630\u0644\u0643. \u0644\u0627 \u064a\u063a\u0637\u064a \u0627\u0644\u0636\u0645\u0627\u0646 \u062d\u0627\u0644\u0627\u062a \u0627\u0644\u0641\u0634\u0644 \u0627\u0644\u0646\u0627\u062c\u0645\u0629 \u0639\u0646 \u0627\u0644\u0643\u0648\u0627\u0631\u062b \u0627\u0644\u0637\u0628\u064a\u0639\u064a\u0629.<\/li>\n<\/ul>\n<p><a href=\"https:\/\/masialux.com\/product-category\/acil-aydinlatma-ve-yonlendirmeler\/\">Acil Ayd\u0131nlatma ve Y\u00f6nlendirmeler | Masialux Ayd\u0131nlatma<\/a><\/p>\n<p>&nbsp;<\/p>","protected":false},"excerpt":{"rendered":"<p><strong>Masialux Yamas Series \u0645\u062e\u0627\u0631\u062c \u0627\u0644\u0637\u0648\u0627\u0631\u0626 \u0648\u0648\u062d\u062f\u0629 \u0627\u0644\u0625\u0646\u0627\u0631\u0629 MX 102<\/strong><\/p>\n<p>&nbsp;<\/p>\n<h5><strong>\u0648\u0633\u0627\u0626\u0637 \u0627\u0644\u0645\u0646\u062a\u062c \u0627\u0644\u0642\u0627\u0628\u0644\u0629 \u0644\u0644\u062a\u0646\u0632\u064a\u0644<\/strong><\/h5>\n<p><strong><a href=\"\/ar\/downloads\/MX102\/Datasheet-MX102.pdf\/\">\u25ef<\/a><a href=\"\/ar\/downloads\/MX102\/Datasheet-MX102.pdf\/\" target=\"_blank\" rel=\"noopener\"> \u0648\u0631\u0642\u0629 \u0627\u0644\u0628\u064a\u0627\u0646\u0627\u062a<\/a><\/strong><\/p>\n<p><strong>\u0645\u0645\u064a\u0632\u0627\u062a \u0627\u0644\u0625\u0646\u0627\u0631\u0629<\/strong><\/p>\n<p><strong>\u062c\u0633\u0645 : <\/strong>\u0647\u064a\u0643\u0644 \u0645\u0646 \u0627\u0644\u0623\u0644\u0648\u0645\u0646\u064a\u0648\u0645\u060c \u0648\u0623\u063a\u0637\u064a\u0629 \u0628\u0644\u0627\u0633\u062a\u064a\u0643\u064a\u0629 ABS<br \/>\n<strong>\u0645\u0635\u062f\u0631 \u0627\u0644\u0636\u0648\u0621 :<\/strong> \u0645\u0635\u0628\u0627\u062d LED \u0645\u062a\u0648\u0633\u0637 \u0627\u0644\u0637\u0627\u0642\u0629<br \/>\n<b>\u0628\u0635\u0631\u064a: <\/b>PMMA \u0630\u0648 \u0646\u0641\u0627\u0630\u064a\u0629 \u0639\u0627\u0644\u064a\u0629<br \/>\n<b>\u062d\u0645\u0627\u064a\u0629 \u0627\u0644\u0645\u0644\u0643\u064a\u0629 \u0627\u0644\u0641\u0643\u0631\u064a\u0629: <\/b>\u0625\u0628 20<br \/>\n<strong>\u0627\u0644\u0637\u0627\u0642\u0629 \u0627\u0644\u0646\u0634\u0637\u0629 :<\/strong> 1.5 \u0648\u0627\u0637<br \/>\n<strong>\u062e\u064a\u0627\u0631\u0627\u062a:<\/strong> \u062a\u0637\u0628\u064a\u0642 \u0623\u062d\u0627\u062f\u064a \u0648\u0645\u0632\u062f\u0648\u062c \u0627\u0644\u062c\u0648\u0627\u0646\u0628<\/p>\n<p>&nbsp;<\/p>","protected":false},"featured_media":12573,"template":"","meta":{"_joinchat":[]},"product_brand":[],"product_cat":[215],"product_tag":[],"class_list":{"0":"post-12571","1":"product","2":"type-product","3":"status-publish","4":"has-post-thumbnail","6":"product_cat-acil-aydinlatma-ve-yonlendirmeler","8":"first","9":"instock","10":"shipping-taxable","11":"product-type-simple"},"_links":{"self":[{"href":"https:\/\/makrolight.com\/ar\/wp-json\/wp\/v2\/product\/12571","targetHints":{"allow":["GET"]}}],"collection":[{"href":"https:\/\/makrolight.com\/ar\/wp-json\/wp\/v2\/product"}],"about":[{"href":"https:\/\/makrolight.com\/ar\/wp-json\/wp\/v2\/types\/product"}],"wp:featuredmedia":[{"embeddable":true,"href":"https:\/\/makrolight.com\/ar\/wp-json\/wp\/v2\/media\/12573"}],"wp:attachment":[{"href":"https:\/\/makrolight.com\/ar\/wp-json\/wp\/v2\/media?parent=12571"}],"wp:term":[{"taxonomy":"product_brand","embeddable":true,"href":"https:\/\/makrolight.com\/ar\/wp-json\/wp\/v2\/product_brand?post=12571"},{"taxonomy":"product_cat","embeddable":true,"href":"https:\/\/makrolight.com\/ar\/wp-json\/wp\/v2\/product_cat?post=12571"},{"taxonomy":"product_tag","embeddable":true,"href":"https:\/\/makrolight.com\/ar\/wp-json\/wp\/v2\/product_tag?post=12571"}],"curies":[{"name":"wp","href":"https:\/\/api.w.org\/{rel}","templated":true}]}}