{"id":15014,"date":"2025-01-30T12:52:44","date_gmt":"2025-01-30T12:52:44","guid":{"rendered":"https:\/\/masialux.com\/?post_type=product&#038;p=15014"},"modified":"2025-01-30T13:52:23","modified_gmt":"2025-01-30T13:52:23","slug":"led-bar-serisi-mjl-102-led-bar","status":"publish","type":"product","link":"https:\/\/makrolight.com\/ar\/product\/led-bar-serisi-mjl-102-led-bar\/","title":{"rendered":"LED BAR SER\u0130S\u0130 | MJL 102 LED BAR"},"content":{"rendered":"<p><strong>\u00a0Masialux Aluminyum LED BAR MJL 102<\/strong><\/p>\n<p>\u0645\u062c\u0627\u0644\u0627\u062a \u0627\u0644\u0627\u0633\u062a\u062e\u062f\u0627\u0645<br \/>\n\u0627\u0644\u0645\u0635\u0627\u0646\u0639<br \/>\n\u0645\u0648\u0627\u0642\u0641 \u0627\u0644\u0633\u064a\u0627\u0631\u0627\u062a<br \/>\n\u0627\u0644\u0623\u0646\u0641\u0627\u0642<br \/>\n\u0627\u0644\u0645\u0631\u0627\u0626\u0628<br \/>\n\u0645\u0648\u0627\u0642\u0639 \u0627\u0644\u0628\u0646\u0627\u0621<br \/>\n\u0627\u0644\u0645\u0633\u062a\u0648\u062f\u0639\u0627\u062a<br \/>\n\u0627\u0644\u0628\u064a\u0626\u0627\u062a \u0627\u0644\u062e\u0627\u0631\u062c\u064a\u0629 \u0627\u0644\u0631\u0637\u0628\u0629 \u0648\u0627\u0644\u0645\u062a\u0631\u0628\u0629 \u0648\u0645\u0627 \u0625\u0644\u0649 \u0630\u0644\u0643.<\/p>\n<p>\u062a\u062d\u0630\u064a\u0631\u0627\u062a \u0627\u0644\u062a\u062b\u0628\u064a\u062a \u0648\u0627\u0644\u0633\u0644\u0627\u0645\u0629<\/p>\n<p>LED BAR ;<br \/>\n\u0639\u0646\u062f \u0627\u0644\u0627\u0633\u062a\u0644\u0627\u0645 \u060c \u062a\u062d\u0642\u0642 \u0645\u0646 \u0648\u062c\u0648\u062f \u0636\u0631\u0631 \u0645\u0627\u062f\u064a. \u0627\u0637\u0644\u0628 \u0627\u0633\u062a\u0628\u062f\u0627\u0644 \u0627\u0644\u0645\u0646\u062a\u062c\u0627\u062a \u0627\u0644\u062a\u0627\u0644\u0641\u0629 \u0645\u0646 \u0627\u0644\u0628\u0636\u0627\u0626\u0639 \u0623\u0648 \u0627\u0644\u0645\u0633\u062a\u0648\u062f\u0639 \u0648\u062a\u062d\u0642\u0642 \u0645\u0646 \u0648\u062c\u0648\u062f \u0623\u064a \u0645\u0644\u062d\u0642\u0627\u062a \u064a\u062c\u0628 \u0623\u0646 \u062a\u0623\u062a\u064a \u0645\u0639 \u0627\u0644\u0645\u0646\u062a\u062c.<br \/>\n\u0627\u062d\u062a\u0641\u0638 \u0628\u0627\u0644\u0635\u0646\u062f\u0648\u0642 \u0627\u0644\u0623\u0635\u0644\u064a \u0623\u0648 \u0627\u0644\u0639\u0628\u0648\u0629 \u0648\u0627\u0644\u0645\u0644\u062d\u0642\u0627\u062a \u0648\u0627\u0644\u0641\u0627\u062a\u0648\u0631\u0629 \u0644\u0627\u0633\u062a\u062e\u062f\u0627\u0645\u0647\u0627 \u0641\u064a \u0627\u0644\u062e\u062f\u0645\u0629 \u0641\u064a \u0627\u0644\u0645\u0633\u062a\u0642\u0628\u0644.<br \/>\n\u0627\u062d\u0631\u0635 \u0639\u0644\u0649 \u0639\u062f\u0645 \u0625\u062a\u0644\u0627\u0641 \u0627\u0644\u0631\u0645\u0632 \u0627\u0644\u0634\u0631\u064a\u0637\u064a \u0644\u0644\u0645\u0646\u062a\u062c \u0648\u0627\u0644\u0637\u0631\u0627\u0632 \u0648\u0627\u0644\u0631\u0642\u0645 \u0627\u0644\u062a\u0633\u0644\u0633\u0644\u064a.<br \/>\n\u0625\u0630\u0627 \u0644\u0645 \u062a\u062a\u0645 \u0642\u0631\u0627\u0621\u062a\u0647\u0627 \u0623\u0648 \u0627\u0631\u062a\u062f\u0627\u0624\u0647\u0627 \u060c \u0641\u0644\u0646 \u064a\u063a\u0637\u064a \u0627\u0644\u0636\u0645\u0627\u0646 \u0645\u0646\u062a\u062c\u0643.<br \/>\n\u0644\u0627 \u064a\u0646\u0628\u063a\u064a \u0627\u0633\u062a\u062e\u062f\u0627\u0645 \u0627\u0644\u0645\u0646\u062a\u062c \u0625\u0644\u0627 \u0644\u0644\u0627\u0633\u062a\u062e\u062f\u0627\u0645 \u0627\u0644\u0645\u0642\u0635\u0648\u062f \u0645\u0646\u0647.<br \/>\n\u0644\u0627 \u062a\u062a\u062d\u0645\u0644 \u0627\u0644\u0634\u0631\u0643\u0629 \u0627\u0644\u0628\u0627\u0626\u0639 \u0627\u0644\u0645\u0633\u0624\u0648\u0644\u064a\u0629 \u0641\u064a \u062d\u0627\u0644\u0627\u062a \u0627\u0644\u0625\u0635\u0627\u0628\u0629 \u0623\u0648 \u0627\u0644\u062a\u0644\u0641 \u0627\u0644\u0630\u064a \u0642\u062f \u064a\u062d\u062f\u062b \u0646\u062a\u064a\u062c\u0629 \u0627\u0644\u0627\u0633\u062a\u062e\u062f\u0627\u0645 \u063a\u064a\u0631 \u0627\u0644\u0633\u0644\u064a\u0645 \u0644\u0644\u0645\u0646\u062a\u062c.<br \/>\n\u064a\u062c\u0628 \u0623\u0644\u0627 \u064a\u062a\u0645 \u0625\u062c\u0631\u0627\u0621 \u0627\u0644\u062a\u0648\u0635\u064a\u0644\u0627\u062a \u0627\u0644\u0643\u0647\u0631\u0628\u0627\u0626\u064a\u0629 \u0625\u0644\u0627 \u0628\u0648\u0627\u0633\u0637\u0629 \u0623\u0634\u062e\u0627\u0635 \u0645\u0624\u0647\u0644\u064a\u0646.<br \/>\n\u062a\u0623\u0643\u062f \u0645\u0646 \u0625\u064a\u0642\u0627\u0641 \u062a\u0634\u063a\u064a\u0644 \u0627\u0644\u062a\u0648\u0635\u064a\u0644 \u0627\u0644\u0643\u0647\u0631\u0628\u0627\u0626\u064a \u0623\u062b\u0646\u0627\u0621 \u0627\u0644\u062a\u062b\u0628\u064a\u062a.<br \/>\n\u0644\u0627 \u062a\u0633\u062a\u062e\u062f\u0645 \u0627\u0644\u0645\u0646\u062a\u062c \u0641\u064a \u062d\u0627\u0644\u0629 \u062a\u0644\u0641 \u0643\u0628\u0644\u0627\u062a \u0627\u0644\u0637\u0627\u0642\u0629. \u0642\u062f \u064a\u0624\u062f\u064a \u0639\u062f\u0645 \u0627\u0644\u0642\u064a\u0627\u0645 \u0628\u0630\u0644\u0643 \u0625\u0644\u0649 \u0627\u0644\u0648\u0641\u0627\u0629 \u0623\u0648 \u0627\u0644\u0625\u0635\u0627\u0628\u0629 \u0627\u0644\u062e\u0637\u064a\u0631\u0629 \u0623\u0648 \u062a\u0644\u0641 \u0627\u0644\u0645\u0645\u062a\u0644\u0643\u0627\u062a.<br \/>\n\u0642\u0628\u0644 \u0628\u062f\u0621 \u0627\u0644\u062a\u062c\u0645\u064a\u0639 \u060c \u062a\u0623\u0643\u062f \u0645\u0646 \u0639\u062f\u0645 \u062a\u0644\u0641 \u0627\u0644\u0643\u0627\u0628\u0644\u0627\u062a \u0648\u0627\u0644\u062c\u062f\u0631\u0627\u0646 \u0627\u0644\u062e\u0627\u0631\u062c\u064a\u0629 \u0644\u0644\u0645\u0646\u062a\u062c.<br \/>\n\u062a\u0623\u0643\u062f \u0645\u0646 \u0623\u0646\u0647 \u0644\u0627 \u064a\u062a\u0644\u0642\u0649 \u062c\u0647\u062f\u064b\u0627 \u0623\u0639\u0644\u0649 \u0645\u0646 \u062c\u0647\u062f \u0627\u0644\u062a\u0634\u063a\u064a\u0644 \u0627\u0644\u0645\u062d\u062f\u062f \u0641\u064a \u0627\u0644\u0645\u0644\u0635\u0642.<br \/>\n\u0644\u0627 \u064a\u0645\u0643\u0646 \u062a\u062d\u0645\u064a\u0644 \u0627\u0644\u0634\u0631\u0643\u0629 \u0627\u0644\u0628\u0627\u0626\u0639 \u0627\u0644\u0645\u0633\u0624\u0648\u0644\u064a\u0629 \u0639\u0646 \u0627\u0644\u0623\u0639\u0637\u0627\u0644 \u0627\u0644\u062a\u064a \u0642\u062f \u062a\u062d\u062f\u062b \u0641\u064a \u062d\u0627\u0644\u0629 \u0627\u0644\u062a\u0639\u0627\u0631\u0636 \u0648\u0644\u0627 \u064a\u0645\u0643\u0646 \u062a\u0642\u064a\u064a\u0645 \u0627\u0644\u0639\u0637\u0644 \u0641\u064a \u0646\u0637\u0627\u0642 \u0627\u0644\u0636\u0645\u0627\u0646.<br \/>\n\u064a\u062c\u0628 \u0627\u0633\u062a\u062e\u062f\u0627\u0645 \u0627\u0644\u0623\u062c\u0647\u0632\u0629 \u0627\u0644\u0625\u0636\u0627\u0641\u064a\u0629 \u0627\u0644\u062a\u064a \u062a\u062d\u062f\u062f\u0647\u0627 \u0634\u0631\u0643\u062a\u0646\u0627 \u0641\u0642\u0637 \u0644\u0644\u062a\u062c\u0645\u064a\u0639.<br \/>\n\u064a\u062c\u0628 \u0623\u0646 \u064a\u062a\u0645 \u062a\u0648\u0635\u064a\u0644 \u0627\u0644\u062a\u064a\u0627\u0631 \u0627\u0644\u0643\u0647\u0631\u0628\u0627\u0626\u064a \u0628\u0645\u0648\u0627\u062f \u0627\u0644\u062a\u0648\u0635\u064a\u0644 \u0648\u0641\u0642\u064b\u0627 \u0644\u0644\u0648\u0627\u0626\u062d \u0627\u0644\u062a\u0631\u0643\u064a\u0628 \u0641\u064a \u0627\u0644\u062f\u0648\u0644\u0629 \u0630\u0627\u062a \u0627\u0644\u0635\u0644\u0629.<br \/>\n\u0644\u0627 \u062a\u0633\u062a\u062e\u062f\u0645 \u0641\u064a \u0627\u0644\u0623\u0645\u0627\u0643\u0646 \u0627\u0644\u062a\u064a \u0628\u0647\u0627 \u062a\u0633\u0631\u0628 \u0643\u0647\u0631\u0628\u0627\u0626\u064a.<br \/>\n\u064a\u062c\u0628 \u0639\u0632\u0644 \u0646\u0642\u0627\u0637 \u062a\u0648\u0635\u064a\u0644 \u0627\u0644\u0643\u0628\u0644 \u0628\u0623\u0637\u0631\u0627\u0641 \u0627\u0644\u062a\u0648\u0635\u064a\u0644 \u0623\u0648 \u0627\u0644\u0634\u0631\u064a\u0637 \u0627\u0644\u0642\u0627\u0628\u0644 \u0644\u0644\u0627\u0646\u0635\u0647\u0627\u0631.<br \/>\n\u0644\u0627 \u062a\u0642\u0645 \u0628\u0625\u062c\u0631\u0627\u0621 \u0623\u064a \u062a\u0639\u062f\u064a\u0644\u0627\u062a \u0623\u0648 \u0625\u0635\u0644\u0627\u062d\u0627\u062a \u0623\u0648 \u062a\u0639\u062f\u064a\u0644\u0627\u062a \u0623\u0648 \u0623\u064a \u062a\u062f\u062e\u0644 \u0645\u0627\u062f\u064a. \u0646\u062a\u064a\u062c\u0629 \u0644\u0647\u0630\u0647 \u0627\u0644\u0639\u0645\u0644\u064a\u0629 \u060c \u0642\u062f \u064a\u062d\u062f\u062b \u062a\u0644\u0641 \u0645\u0627\u062f\u064a \u0648\u0633\u064a\u0643\u0648\u0646 \u0636\u0645\u0627\u0646 \u0627\u0644\u0645\u0646\u062a\u062c \u0623\u064a\u0636\u064b\u0627 \u0628\u0627\u0637\u0644\u0627\u064b.<br \/>\n\u062a\u062d\u0630\u064a\u0631\u0627\u062a \u0645\u0647\u0645\u0629<br \/>\nEtanj armat\u00fcr \u00fczerinde meydana gelen herhangi bir ar\u0131za durumunda uzman yetkili servisimizle irtibata ge\u00e7iniz.<br \/>\n\u0644\u0627 \u062a\u0633\u0645\u062d \u0644\u0623\u064a \u0634\u062e\u0635 \u0628\u0627\u0644\u062a\u062f\u062e\u0644 \u0641\u064a \u0627\u0644\u0645\u0646\u062a\u062c \u0628\u062e\u0644\u0627\u0641 \u0627\u0644\u062e\u062f\u0645\u0629 \u0627\u0644\u0641\u0646\u064a\u0629 \u0627\u0644\u0645\u0639\u062a\u0645\u062f\u0629 \u0644\u062f\u064a\u0646\u0627. \u0646\u062a\u064a\u062c\u0629 \u0644\u0647\u0630\u0647 \u0627\u0644\u062a\u062f\u062e\u0644\u0627\u062a \u060c \u0627\u0644\u0645\u0646\u062a\u062c \u062e\u0627\u0631\u062c \u0627\u0644\u0636\u0645\u0627\u0646 \u062a\u0645\u0627\u0645\u064b\u0627.<br \/>\n\u0641\u064a \u062d\u0627\u0644\u0629 \u062a\u0644\u0641 \u0627\u0644\u0633\u0644\u0643 \u0623\u0648 \u0627\u0644\u0633\u0644\u0643 \u0627\u0644\u062e\u0627\u0631\u062c\u064a \u0627\u0644\u0645\u0631\u0646 \u0627\u0644\u062e\u0627\u0635 \u0628\u0647\u0630\u0627 \u0627\u0644\u0645\u0646\u062a\u062c \u060c \u064a\u062c\u0628 \u0627\u0633\u062a\u0628\u062f\u0627\u0644\u0647 \u0628\u0648\u0627\u0633\u0637\u0629 \u0634\u062e\u0635 \u0645\u0624\u0647\u0644 \u0644\u062a\u062c\u0646\u0628 \u0627\u0644\u062a\u0639\u0631\u0636 \u0644\u0644\u062e\u0637\u0631.<br \/>\n\u0646\u0638\u0631\u064b\u0627 \u0644\u0623\u0646 \u0633\u0637\u062d \u0627\u0644\u0645\u0646\u062a\u062c \u0633\u0627\u062e\u0646 \u0623\u062b\u0646\u0627\u0621 \u062a\u0634\u063a\u064a\u0644 \u0627\u0644\u0645\u0646\u062a\u062c \u060c \u064a\u062c\u0628 \u0642\u0637\u0639 \u0637\u0627\u0642\u0629 \u0627\u0644\u0645\u0646\u062a\u062c \u0648\u0639\u062f\u0645 \u0644\u0645\u0633\u0647 \u0642\u0628\u0644 \u0623\u0646 \u064a\u0628\u0631\u062f. \u0644\u0627 \u062a\u0646\u0638\u0631 \u0645\u0628\u0627\u0634\u0631\u0629 \u0625\u0644\u0649 \u0627\u0644\u0645\u0646\u062a\u062c \u0623\u062b\u0646\u0627\u0621 \u062a\u0634\u063a\u064a\u0644\u0647.<br \/>\n\u0644\u0627 \u062a\u0646\u0638\u0641 \u0627\u0644\u0633\u0637\u062d \u0628\u0645\u0648\u0627\u062f \u0642\u0627\u0628\u0644\u0629 \u0644\u0644\u0627\u0634\u062a\u0639\u0627\u0644 \u0645\u062b\u0644 \u0627\u0644\u0643\u062d\u0648\u0644 \u0623\u0648 \u0627\u0644\u0628\u0646\u0632\u064a\u0646.<br \/>\n\u064a\u064f\u062d\u0641\u0638 \u0628\u0639\u064a\u062f\u064b\u0627 \u0639\u0646 \u0645\u062a\u0646\u0627\u0648\u0644 \u0627\u0644\u0623\u0637\u0641\u0627\u0644 \u0648\u0641\u064a \u0639\u0644\u0628\u0629 \u0627\u0644\u0645\u0646\u062a\u062c.<br \/>\nGARANT\u0130 BELGES\u0130 | GARANT\u0130 \u015eARTLARI<\/p>\n<p>LED BAR;<\/p>\n<p>\u062a\u0628\u062f\u0623 \u0641\u062a\u0631\u0629 \u0627\u0644\u0636\u0645\u0627\u0646 \u0645\u0646 \u062a\u0627\u0631\u064a\u062e \u0641\u0627\u062a\u0648\u0631\u0629 \u0627\u0644\u0645\u0646\u062a\u062c \u0648\u0647\u064a \u0633\u0646\u062a\u0627\u0646.<br \/>\n\u0643\u0644\u0647\u0627 \u062a\u062d\u062a \u0627\u0644\u0636\u0645\u0627\u0646 \u060c \u0628\u0645\u0627 \u0641\u064a \u0630\u0644\u0643 \u062c\u0645\u064a\u0639 \u0627\u0644\u0623\u062c\u0632\u0627\u0621.<br \/>\n\u0641\u064a \u062d\u0627\u0644\u0629 \u0627\u0643\u062a\u0634\u0627\u0641 \u0648\u062c\u0648\u062f \u0639\u064a\u0628 \u0641\u064a\u0647\u0627 \u060c \u0627\u0644\u0645\u0633\u062a\u0647\u0644\u0643 \u060c \u0641\u064a \u0627\u0644\u0645\u0627\u062f\u0629 11 \u0645\u0646 \u0627\u0644\u0642\u0627\u0646\u0648\u0646 \u0631\u0642\u0645 6502 \u0628\u0634\u0623\u0646 \u062d\u0645\u0627\u064a\u0629 \u0627\u0644\u0645\u0633\u062a\u0647\u0644\u0643 \u061b<br \/>\n\u0623) \u0627\u0644\u062d\u0635\u0648\u0644 \u0639\u0644\u0649 \u0625\u0635\u0644\u0627\u062d \u0645\u062c\u0627\u0646\u064a.<br \/>\n\u0628) \u0627\u0633\u062a\u0628\u062f\u0627\u0644\u0647 \u0628\u0645\u0646\u062a\u062c \u062c\u062f\u064a\u062f \u0625\u0630\u0627 \u0644\u0645 \u064a\u062a\u0645 \u0625\u0635\u0644\u0627\u062d\u0647.<br \/>\n\u0641\u064a \u062d\u0627\u0644\u0629 \u0627\u0644\u0625\u0635\u0644\u0627\u062d \u0627\u0644\u0645\u062c\u0627\u0646\u064a \u0644\u0644\u0645\u0633\u062a\u0647\u0644\u0643 \u0645\u0646 \u0647\u0630\u0647 \u0627\u0644\u062d\u0642\u0648\u0642 \u060c \u0627\u0644\u0628\u0627\u0626\u0639 \u061b \u062a\u0644\u062a\u0632\u0645 \u0628\u0625\u0635\u0644\u0627\u062d \u0627\u0644\u0645\u0646\u062a\u062c \u062f\u0648\u0646 \u0623\u064a \u0631\u0633\u0648\u0645 \u062a\u062d\u062a \u0623\u064a \u0627\u0633\u0645 \u0622\u062e\u0631 \u060c \u0645\u062b\u0644 \u062a\u0643\u0644\u0641\u0629 \u0627\u0644\u0639\u0645\u0627\u0644\u0629 \u0623\u0648 \u062a\u0643\u0644\u0641\u0629 \u062c\u0632\u0621 \u0627\u0644\u0627\u0633\u062a\u0628\u062f\u0627\u0644 \u0623\u0648 \u0623\u064a \u0627\u0633\u0645 \u0622\u062e\u0631.<br \/>\n\u0641\u064a \u062d\u0627\u0644\u0629 \u062d\u062f\u0648\u062b \u0639\u0637\u0644 \u062e\u0644\u0627\u0644 \u0641\u062a\u0631\u0629 \u0627\u0644\u0636\u0645\u0627\u0646 \u060c \u062a\u062a\u0645 \u0625\u0636\u0627\u0641\u0629 \u0627\u0644\u0648\u0642\u062a \u0627\u0644\u0645\u0633\u062a\u063a\u0631\u0642 \u0641\u064a \u0627\u0644\u0625\u0635\u0644\u0627\u062d \u0625\u0644\u0649 \u0641\u062a\u0631\u0629 \u0627\u0644\u0636\u0645\u0627\u0646. \u0644\u0627 \u064a\u0645\u0643\u0646 \u0623\u0646 \u062a\u062a\u062c\u0627\u0648\u0632 \u0641\u062a\u0631\u0629 \u0625\u0635\u0644\u0627\u062d \u0627\u0644\u0645\u0646\u062a\u062c 20 \u064a\u0648\u0645 \u0639\u0645\u0644.<br \/>\n\u0644\u0627 \u064a\u063a\u0637\u064a \u0627\u0644\u0636\u0645\u0627\u0646 \u0627\u0644\u0639\u064a\u0648\u0628 \u0627\u0644\u0646\u0627\u062a\u062c\u0629 \u0639\u0646 \u0627\u0644\u0627\u0633\u062a\u062e\u062f\u0627\u0645 \u0627\u0644\u0645\u062e\u0627\u0644\u0641 \u0644\u0644\u0646\u0642\u0627\u0637 \u0627\u0644\u0648\u0627\u0631\u062f\u0629 \u0641\u064a \u062f\u0644\u064a\u0644 \u0627\u0644\u0645\u0633\u062a\u062e\u062f\u0645.<br \/>\nARIZALI \u00dcR\u00dcN\u00dc GARANT\u0130 KAPSAMI DI\u015eINA \u00c7IKARAN KULLANIM HATALARI NELERD\u0130R?<br \/>\n\u0627\u0644\u0623\u0639\u0637\u0627\u0644 \u0627\u0644\u0646\u0627\u062a\u062c\u0629 \u0639\u0646 \u0627\u0633\u062a\u062e\u062f\u0627\u0645 \u0627\u0644\u0643\u0647\u0631\u0628\u0627\u0621 \u0648\u0627\u0644\u0645\u0633\u062a\u062e\u062f\u0645 (\u0645\u062b\u0644 \u0627\u0646\u0642\u0637\u0627\u0639 \u0627\u0644\u062a\u064a\u0627\u0631 \u0627\u0644\u0643\u0647\u0631\u0628\u0627\u0626\u064a \u060c \u062a\u0630\u0628\u0630\u0628 \u0627\u0644\u062c\u0647\u062f \u060c \u062a\u0631\u0643\u064a\u0628 \u0627\u0644\u0645\u0644\u062d\u0642\u0627\u062a \u0627\u0644\u062a\u064a \u0644\u0627 \u062a\u0646\u062a\u0645\u064a \u0625\u0644\u0649 \u0627\u0644\u062c\u0647\u0627\u0632 \u0623\u0648 \u0639\u062f\u0645 \u0627\u0633\u062a\u062e\u062f\u0627\u0645 \u0627\u0644\u0645\u0644\u062d\u0642\u0627\u062a \u0627\u0644\u062a\u064a \u064a\u0644\u0632\u0645 \u0627\u0633\u062a\u062e\u062f\u0627\u0645\u0647\u0627) \u060c \u0623\u064a \u062a\u062f\u062e\u0644 \u0628\u062e\u0644\u0627\u0641 \u0627\u0644\u062e\u062f\u0645\u0629 \u0627\u0644\u0645\u0635\u0631\u062d \u0628\u0647\u0627 \u0641\u064a \u0627\u0644\u0645\u0646\u062a\u062c\u0627\u062a \u0645\u0639 \u0627\u0644\u0636\u0645\u0627\u0646 \u060c \u062a\u0644\u0641 \u0627\u0644\u0645\u0644\u0635\u0642 \u0641\u064a \u0627\u0644\u0645\u0646\u062a\u062c\u0627\u062a \u0645\u0639 \u0645\u0644\u0635\u0642 \u0627\u0644\u0636\u0645\u0627\u0646 \u060c \u0627\u0644\u0633\u0637\u062d \u0627\u0644\u062e\u0627\u0631\u062c\u064a \u0644\u0644\u062c\u0647\u0627\u0632 \u0627\u0644\u0645\u0643\u0633\u0648\u0631 \u060c \u0627\u0644\u062e\u062f\u0634 \u060c \u0625\u0644\u062e. \u062d\u0627\u0644\u0627\u062a \u0627\u0644\u0641\u0634\u0644 \u0627\u0644\u0646\u0627\u062a\u062c\u0629 \u0639\u0646 \u0623\u0633\u0628\u0627\u0628 \u0645\u062b\u0644 \u0627\u0644\u0628\u064a\u0626\u0627\u062a \u0627\u0644\u0645\u062a\u0631\u0628\u0629 \u0623\u0648 \u0627\u0644\u0631\u0637\u0628\u0629 \u0623\u0648 \u0634\u062f\u064a\u062f\u0629 \u0627\u0644\u062d\u0631\u0627\u0631\u0629 \u0623\u0648 \u0634\u062f\u064a\u062f\u0629 \u0627\u0644\u0628\u0631\u0648\u062f\u0629 \u0648\u0627\u0644\u0641\u064a\u0636\u0627\u0646\u0627\u062a \u0648\u0627\u0644\u062d\u0631\u0627\u0626\u0642 \u0648\u0627\u0644\u0632\u0644\u0627\u0632\u0644 \u0648\u0627\u0644\u0635\u0648\u0627\u0639\u0642 \u0648\u0645\u0627 \u0625\u0644\u0649 \u0630\u0644\u0643. \u0644\u0627 \u064a\u063a\u0637\u064a \u0627\u0644\u0636\u0645\u0627\u0646 \u062d\u0627\u0644\u0627\u062a \u0627\u0644\u0641\u0634\u0644 \u0627\u0644\u0646\u0627\u062c\u0645\u0629 \u0639\u0646 \u0627\u0644\u0643\u0648\u0627\u0631\u062b \u0627\u0644\u0637\u0628\u064a\u0639\u064a\u0629.<\/p>\n<p>End\u00fcstriyel Ayd\u0131nlatma Archives | Masialux Ayd\u0131nlatma<\/p>","protected":false},"excerpt":{"rendered":"<p><strong>Masialux LED BAR Serisi Al\u00fcminyum LED BAR MJL 102<\/strong><\/p>","protected":false},"featured_media":15016,"template":"","meta":{"_joinchat":[]},"product_brand":[],"product_cat":[214],"product_tag":[],"class_list":{"0":"post-15014","1":"product","2":"type-product","3":"status-publish","4":"has-post-thumbnail","6":"product_cat-product-category-endustriyel-aydinlatma","8":"first","9":"instock","10":"shipping-taxable","11":"product-type-simple"},"_links":{"self":[{"href":"https:\/\/makrolight.com\/ar\/wp-json\/wp\/v2\/product\/15014","targetHints":{"allow":["GET"]}}],"collection":[{"href":"https:\/\/makrolight.com\/ar\/wp-json\/wp\/v2\/product"}],"about":[{"href":"https:\/\/makrolight.com\/ar\/wp-json\/wp\/v2\/types\/product"}],"wp:featuredmedia":[{"embeddable":true,"href":"https:\/\/makrolight.com\/ar\/wp-json\/wp\/v2\/media\/15016"}],"wp:attachment":[{"href":"https:\/\/makrolight.com\/ar\/wp-json\/wp\/v2\/media?parent=15014"}],"wp:term":[{"taxonomy":"product_brand","embeddable":true,"href":"https:\/\/makrolight.com\/ar\/wp-json\/wp\/v2\/product_brand?post=15014"},{"taxonomy":"product_cat","embeddable":true,"href":"https:\/\/makrolight.com\/ar\/wp-json\/wp\/v2\/product_cat?post=15014"},{"taxonomy":"product_tag","embeddable":true,"href":"https:\/\/makrolight.com\/ar\/wp-json\/wp\/v2\/product_tag?post=15014"}],"curies":[{"name":"wp","href":"https:\/\/api.w.org\/{rel}","templated":true}]}}