{"id":8117,"date":"2022-09-30T06:19:00","date_gmt":"2022-09-30T06:19:00","guid":{"rendered":"https:\/\/masialux.com\/?post_type=product&#038;p=8117"},"modified":"2024-08-05T12:15:41","modified_gmt":"2024-08-05T12:15:41","slug":"moss-serisi-mo-114-dis-mekan-aydinlatma-dis-mekan-aplik","status":"publish","type":"product","link":"https:\/\/makrolight.com\/ar\/product\/moss-serisi-mo-114-dis-mekan-aydinlatma-dis-mekan-aplik\/","title":{"rendered":"\u0633\u0644\u0633\u0644\u0629 \u0645\u0648\u0633 | MO 114 \u0627\u0644\u0625\u0636\u0627\u0621\u0629 \u0627\u0644\u062e\u0627\u0631\u062c\u064a\u0629"},"content":{"rendered":"<p><strong>\u0645\u0627\u0633\u064a\u0627\u0644\u0648\u0643\u0633 \u0627\u0644\u0625\u0636\u0627\u0621\u0629 \u0641\u064a \u0627\u0644\u0647\u0648\u0627\u0621 \u0627\u0644\u0637\u0644\u0642 \u062b\u0646\u0627\u0626\u064a \u0627\u0644\u0627\u062a\u062c\u0627\u0647 \u0627\u0644\u062c\u062f\u0627\u0631 \u0627\u0644\u0634\u0645\u0639\u062f\u0627\u0646 \u0645\u0648 114<\/strong><\/p>\n<p>&nbsp;<\/p>\n<p><img fetchpriority=\"high\" decoding=\"async\" class=\"alignnone wp-image-14438 size-full\" src=\"http:\/\/masialux.com\/wp-content\/uploads\/2022\/09\/mo114.jpg\" alt=\"Masialux D\u0131\u015f Mekan Ayd\u0131nlatma \u00c7ift Y\u00f6nl\u00fc Duvar Aplik MO 114\" width=\"1402\" height=\"596\" srcset=\"https:\/\/makrolight.com\/wp-content\/uploads\/2022\/09\/mo114.jpg 1402w, https:\/\/makrolight.com\/wp-content\/uploads\/2022\/09\/mo114-300x128.jpg 300w, https:\/\/makrolight.com\/wp-content\/uploads\/2022\/09\/mo114-1024x435.jpg 1024w, https:\/\/makrolight.com\/wp-content\/uploads\/2022\/09\/mo114-768x326.jpg 768w, https:\/\/makrolight.com\/wp-content\/uploads\/2022\/09\/mo114-18x8.jpg 18w, https:\/\/makrolight.com\/wp-content\/uploads\/2022\/09\/mo114-600x255.jpg 600w, https:\/\/makrolight.com\/wp-content\/uploads\/2022\/09\/mo114-800x340.jpg 800w\" sizes=\"(max-width: 1402px) 100vw, 1402px\" \/><\/p>\n<p><img decoding=\"async\" class=\"alignnone wp-image-14238 size-full\" src=\"http:\/\/masialux.com\/wp-content\/uploads\/2022\/09\/PIKTOGRAMLAR-IP44.jpg\" alt=\"\" width=\"1402\" height=\"110\" srcset=\"https:\/\/makrolight.com\/wp-content\/uploads\/2022\/09\/PIKTOGRAMLAR-IP44.jpg 1402w, https:\/\/makrolight.com\/wp-content\/uploads\/2022\/09\/PIKTOGRAMLAR-IP44-300x24.jpg 300w, https:\/\/makrolight.com\/wp-content\/uploads\/2022\/09\/PIKTOGRAMLAR-IP44-1024x80.jpg 1024w, https:\/\/makrolight.com\/wp-content\/uploads\/2022\/09\/PIKTOGRAMLAR-IP44-768x60.jpg 768w, https:\/\/makrolight.com\/wp-content\/uploads\/2022\/09\/PIKTOGRAMLAR-IP44-18x1.jpg 18w, https:\/\/makrolight.com\/wp-content\/uploads\/2022\/09\/PIKTOGRAMLAR-IP44-600x47.jpg 600w, https:\/\/makrolight.com\/wp-content\/uploads\/2022\/09\/PIKTOGRAMLAR-IP44-800x63.jpg 800w\" sizes=\"(max-width: 1402px) 100vw, 1402px\" \/><\/p>\n<p>&nbsp;<\/p>\n<div style=\"float: left; width: 50%;\">\n<h5><strong>\u0633\u0645\u0627\u062a<\/strong><\/h5>\n<p><strong>\u0647\u064a\u0626\u0629 : <\/strong>\u062c\u0633\u0645 \u062d\u0642\u0646 \u0645\u0646 \u0627\u0644\u0623\u0644\u0648\u0645\u0646\u064a\u0648\u0645 \u0648\u0631\u0623\u0633 \u062d\u0642\u0646<\/p>\n<p><strong>\u0646\u0648\u0639 \u0627\u0644\u0644\u0648\u062d\u0629 :<\/strong> \u0645\u0633\u062d\u0648\u0642 \u0627\u0644\u0637\u0644\u0627\u0621 \u0627\u0644\u0643\u0647\u0631\u0648\u0633\u062a\u0627\u062a\u064a\u0643\u064a<\/p>\n<p><strong>\u0627\u0644\u0627\u0633\u062a\u062e\u062f\u0627\u0645 :<\/strong> \u0627\u0644\u0634\u0645\u0639\u062f\u0627\u0646<\/p>\n<p>&nbsp;<\/p>\n<\/div>\n<div style=\"float: right; width: 50%;\">\n<h5><strong>\u0627\u0644\u062e\u0635\u0627\u0626\u0635 \u0627\u0644\u062a\u0642\u0646\u064a\u0629<\/strong><\/h5>\n<p><strong>Duy Tipi :<\/strong> \u063a\u0648 10 \u0644\u0645\u0628\u0629<\/p>\n<p><strong>\u0645\u0635\u062f\u0631 \u0627\u0644\u0636\u0648\u0621 :<\/strong> \u063a\u0648 10 \u0644\u0645\u0628\u0629<\/p>\n<p><strong>\u062f\u0631\u062c\u0629 \u062d\u0631\u0627\u0631\u0629 \u0627\u0644\u0636\u0648\u0621 :<\/strong> 2700 K | 3000 K | 4000 K | 6500 K<\/p>\n<\/div>\n<p>&nbsp;<\/p>\n<p>&nbsp;<\/p>\n<p>&nbsp;<\/p>\n<p>&nbsp;<\/p>\n<p>&nbsp;<\/p>\n<h4><\/h4>\n<p>&nbsp;<\/p>\n<p><img decoding=\"async\" class=\"alignnone wp-image-14493 size-full\" src=\"http:\/\/masialux.com\/wp-content\/uploads\/2022\/09\/mo-114-detay-kod-1.png\" alt=\"Masialux D\u0131\u015f Mekan Ayd\u0131nlatma \u00c7ift Y\u00f6nl\u00fc Duvar Aplik MO 114\" width=\"1505\" height=\"500\" srcset=\"https:\/\/makrolight.com\/wp-content\/uploads\/2022\/09\/mo-114-detay-kod-1.png 1505w, https:\/\/makrolight.com\/wp-content\/uploads\/2022\/09\/mo-114-detay-kod-1-300x100.png 300w, https:\/\/makrolight.com\/wp-content\/uploads\/2022\/09\/mo-114-detay-kod-1-1024x340.png 1024w, https:\/\/makrolight.com\/wp-content\/uploads\/2022\/09\/mo-114-detay-kod-1-768x255.png 768w, https:\/\/makrolight.com\/wp-content\/uploads\/2022\/09\/mo-114-detay-kod-1-18x6.png 18w, https:\/\/makrolight.com\/wp-content\/uploads\/2022\/09\/mo-114-detay-kod-1-600x199.png 600w, https:\/\/makrolight.com\/wp-content\/uploads\/2022\/09\/mo-114-detay-kod-1-800x266.png 800w\" sizes=\"(max-width: 1505px) 100vw, 1505px\" \/><\/p>\n<p>&nbsp;<\/p>\n<h4 style=\"text-align: left;\"><strong>\u0645\u062c\u0627\u0644\u0627\u062a \u0627\u0644\u0627\u0633\u062a\u062e\u062f\u0627\u0645<\/strong><\/h4>\n<ul>\n<li>\u0632\u062e\u0631\u0641\u0629<\/li>\n<li>\u0633\u0648\u0628\u0631 \u0645\u0627\u0631\u0643\u062a<\/li>\n<li>\u0645\u0648\u0644\u0627\u062a<\/li>\n<li>\u0645\u0646\u0627\u0632\u0644<\/li>\n<\/ul>\n<h4><strong>\u062a\u062d\u0630\u064a\u0631\u0627\u062a \u0627\u0644\u062a\u062b\u0628\u064a\u062a \u0648\u0627\u0644\u0633\u0644\u0627\u0645\u0629<\/strong><\/h4>\n<div>\n<h5><strong>\u0625\u0636\u0627\u0621\u0629 \u0627\u0644\u0634\u0627\u0634\u0629 \u0627\u0644\u062e\u0627\u0631\u062c\u064a\u0629\u061b<\/strong><\/h5>\n<\/div>\n<ul>\n<li>\u0639\u0646\u062f \u0627\u0644\u0627\u0633\u062a\u0644\u0627\u0645 \u060c \u062a\u062d\u0642\u0642 \u0645\u0646 \u0648\u062c\u0648\u062f \u0636\u0631\u0631 \u0645\u0627\u062f\u064a. \u0627\u0637\u0644\u0628 \u0627\u0633\u062a\u0628\u062f\u0627\u0644 \u0627\u0644\u0645\u0646\u062a\u062c\u0627\u062a \u0627\u0644\u062a\u0627\u0644\u0641\u0629 \u0645\u0646 \u0627\u0644\u0628\u0636\u0627\u0626\u0639 \u0623\u0648 \u0627\u0644\u0645\u0633\u062a\u0648\u062f\u0639 \u0648\u062a\u062d\u0642\u0642 \u0645\u0646 \u0648\u062c\u0648\u062f \u0623\u064a \u0645\u0644\u062d\u0642\u0627\u062a \u064a\u062c\u0628 \u0623\u0646 \u062a\u0623\u062a\u064a \u0645\u0639 \u0627\u0644\u0645\u0646\u062a\u062c.<\/li>\n<li>\u0627\u062d\u062a\u0641\u0638 \u0628\u0627\u0644\u0635\u0646\u062f\u0648\u0642 \u0627\u0644\u0623\u0635\u0644\u064a \u0623\u0648 \u0627\u0644\u0639\u0628\u0648\u0629 \u0648\u0627\u0644\u0645\u0644\u062d\u0642\u0627\u062a \u0648\u0627\u0644\u0641\u0627\u062a\u0648\u0631\u0629 \u0644\u0627\u0633\u062a\u062e\u062f\u0627\u0645\u0647\u0627 \u0641\u064a \u0627\u0644\u062e\u062f\u0645\u0629 \u0641\u064a \u0627\u0644\u0645\u0633\u062a\u0642\u0628\u0644.<\/li>\n<li>\u0627\u062d\u0631\u0635 \u0639\u0644\u0649 \u0639\u062f\u0645 \u0625\u062a\u0644\u0627\u0641 \u0627\u0644\u0631\u0645\u0632 \u0627\u0644\u0634\u0631\u064a\u0637\u064a \u0644\u0644\u0645\u0646\u062a\u062c \u0648\u0627\u0644\u0637\u0631\u0627\u0632 \u0648\u0627\u0644\u0631\u0642\u0645 \u0627\u0644\u062a\u0633\u0644\u0633\u0644\u064a.<\/li>\n<li>\u0625\u0630\u0627 \u0644\u0645 \u062a\u062a\u0645 \u0642\u0631\u0627\u0621\u062a\u0647\u0627 \u0623\u0648 \u0627\u0631\u062a\u062f\u0627\u0624\u0647\u0627 \u060c \u0641\u0644\u0646 \u064a\u063a\u0637\u064a \u0627\u0644\u0636\u0645\u0627\u0646 \u0645\u0646\u062a\u062c\u0643.<\/li>\n<li>\u00a0\u0644\u0627 \u064a\u0646\u0628\u063a\u064a \u0627\u0633\u062a\u062e\u062f\u0627\u0645 \u0627\u0644\u0645\u0646\u062a\u062c \u0625\u0644\u0627 \u0644\u0644\u0627\u0633\u062a\u062e\u062f\u0627\u0645 \u0627\u0644\u0645\u0642\u0635\u0648\u062f \u0645\u0646\u0647.<\/li>\n<li>\u0644\u0627 \u062a\u062a\u062d\u0645\u0644 \u0627\u0644\u0634\u0631\u0643\u0629 \u0627\u0644\u0628\u0627\u0626\u0639 \u0627\u0644\u0645\u0633\u0624\u0648\u0644\u064a\u0629 \u0641\u064a \u062d\u0627\u0644\u0627\u062a \u0627\u0644\u0625\u0635\u0627\u0628\u0629 \u0623\u0648 \u0627\u0644\u062a\u0644\u0641 \u0627\u0644\u0630\u064a \u0642\u062f \u064a\u062d\u062f\u062b \u0646\u062a\u064a\u062c\u0629 \u0627\u0644\u0627\u0633\u062a\u062e\u062f\u0627\u0645 \u063a\u064a\u0631 \u0627\u0644\u0633\u0644\u064a\u0645 \u0644\u0644\u0645\u0646\u062a\u062c.<\/li>\n<li>\u064a\u062c\u0628 \u0623\u0644\u0627 \u064a\u062a\u0645 \u0625\u062c\u0631\u0627\u0621 \u0627\u0644\u062a\u0648\u0635\u064a\u0644\u0627\u062a \u0627\u0644\u0643\u0647\u0631\u0628\u0627\u0626\u064a\u0629 \u0625\u0644\u0627 \u0628\u0648\u0627\u0633\u0637\u0629 \u0623\u0634\u062e\u0627\u0635 \u0645\u0624\u0647\u0644\u064a\u0646.<\/li>\n<li>\u062a\u0623\u0643\u062f \u0645\u0646 \u0625\u064a\u0642\u0627\u0641 \u062a\u0634\u063a\u064a\u0644 \u0627\u0644\u062a\u0648\u0635\u064a\u0644 \u0627\u0644\u0643\u0647\u0631\u0628\u0627\u0626\u064a \u0623\u062b\u0646\u0627\u0621 \u0627\u0644\u062a\u062b\u0628\u064a\u062a.<\/li>\n<li>\u0644\u0627 \u062a\u0633\u062a\u062e\u062f\u0645 \u0627\u0644\u0645\u0646\u062a\u062c \u0641\u064a \u062d\u0627\u0644\u0629 \u062a\u0644\u0641 \u0643\u0628\u0644\u0627\u062a \u0627\u0644\u0637\u0627\u0642\u0629. \u0642\u062f \u064a\u0624\u062f\u064a \u0639\u062f\u0645 \u0627\u0644\u0642\u064a\u0627\u0645 \u0628\u0630\u0644\u0643 \u0625\u0644\u0649 \u0627\u0644\u0648\u0641\u0627\u0629 \u0623\u0648 \u0627\u0644\u0625\u0635\u0627\u0628\u0629 \u0627\u0644\u062e\u0637\u064a\u0631\u0629 \u0623\u0648 \u062a\u0644\u0641 \u0627\u0644\u0645\u0645\u062a\u0644\u0643\u0627\u062a.<\/li>\n<li>\u0642\u0628\u0644 \u0628\u062f\u0621 \u0627\u0644\u062a\u062c\u0645\u064a\u0639 \u060c \u062a\u0623\u0643\u062f \u0645\u0646 \u0639\u062f\u0645 \u062a\u0644\u0641 \u0627\u0644\u0643\u0627\u0628\u0644\u0627\u062a \u0648\u0627\u0644\u062c\u062f\u0631\u0627\u0646 \u0627\u0644\u062e\u0627\u0631\u062c\u064a\u0629 \u0644\u0644\u0645\u0646\u062a\u062c.<\/li>\n<li>\u062a\u0623\u0643\u062f \u0645\u0646 \u0623\u0646\u0647 \u0644\u0627 \u064a\u062a\u0644\u0642\u0649 \u062c\u0647\u062f\u064b\u0627 \u0623\u0639\u0644\u0649 \u0645\u0646 \u062c\u0647\u062f \u0627\u0644\u062a\u0634\u063a\u064a\u0644 \u0627\u0644\u0645\u062d\u062f\u062f \u0641\u064a \u0627\u0644\u0645\u0644\u0635\u0642.<\/li>\n<li>\u0644\u0627 \u064a\u0645\u0643\u0646 \u062a\u062d\u0645\u064a\u0644 \u0627\u0644\u0634\u0631\u0643\u0629 \u0627\u0644\u0628\u0627\u0626\u0639 \u0627\u0644\u0645\u0633\u0624\u0648\u0644\u064a\u0629 \u0639\u0646 \u0627\u0644\u0623\u0639\u0637\u0627\u0644 \u0627\u0644\u062a\u064a \u0642\u062f \u062a\u062d\u062f\u062b \u0641\u064a \u062d\u0627\u0644\u0629 \u0627\u0644\u062a\u0639\u0627\u0631\u0636 \u0648\u0644\u0627 \u064a\u0645\u0643\u0646 \u062a\u0642\u064a\u064a\u0645 \u0627\u0644\u0639\u0637\u0644 \u0641\u064a \u0646\u0637\u0627\u0642 \u0627\u0644\u0636\u0645\u0627\u0646.<\/li>\n<li>\u064a\u062c\u0628 \u0627\u0633\u062a\u062e\u062f\u0627\u0645 \u0627\u0644\u0623\u062c\u0647\u0632\u0629 \u0627\u0644\u0625\u0636\u0627\u0641\u064a\u0629 \u0627\u0644\u062a\u064a \u062a\u062d\u062f\u062f\u0647\u0627 \u0634\u0631\u0643\u062a\u0646\u0627 \u0641\u0642\u0637 \u0644\u0644\u062a\u062c\u0645\u064a\u0639.<\/li>\n<li>\u064a\u062c\u0628 \u0623\u0646 \u064a\u062a\u0645 \u062a\u0648\u0635\u064a\u0644 \u0627\u0644\u062a\u064a\u0627\u0631 \u0627\u0644\u0643\u0647\u0631\u0628\u0627\u0626\u064a \u0628\u0645\u0648\u0627\u062f \u0627\u0644\u062a\u0648\u0635\u064a\u0644 \u0648\u0641\u0642\u064b\u0627 \u0644\u0644\u0648\u0627\u0626\u062d \u0627\u0644\u062a\u0631\u0643\u064a\u0628 \u0641\u064a \u0627\u0644\u062f\u0648\u0644\u0629 \u0630\u0627\u062a \u0627\u0644\u0635\u0644\u0629.<\/li>\n<li>\u0644\u0627 \u062a\u0633\u062a\u062e\u062f\u0645 \u0641\u064a \u0627\u0644\u0623\u0645\u0627\u0643\u0646 \u0627\u0644\u062a\u064a \u0628\u0647\u0627 \u062a\u0633\u0631\u0628 \u0643\u0647\u0631\u0628\u0627\u0626\u064a.<\/li>\n<li>\u064a\u062c\u0628 \u0639\u0632\u0644 \u0646\u0642\u0627\u0637 \u062a\u0648\u0635\u064a\u0644 \u0627\u0644\u0643\u0628\u0644 \u0628\u0623\u0637\u0631\u0627\u0641 \u0627\u0644\u062a\u0648\u0635\u064a\u0644 \u0623\u0648 \u0627\u0644\u0634\u0631\u064a\u0637 \u0627\u0644\u0642\u0627\u0628\u0644 \u0644\u0644\u0627\u0646\u0635\u0647\u0627\u0631.<\/li>\n<li>\u0644\u0627 \u062a\u0642\u0645 \u0628\u0625\u062c\u0631\u0627\u0621 \u0623\u064a \u062a\u0639\u062f\u064a\u0644\u0627\u062a \u0623\u0648 \u0625\u0635\u0644\u0627\u062d\u0627\u062a \u0623\u0648 \u062a\u0639\u062f\u064a\u0644\u0627\u062a \u0623\u0648 \u0623\u064a \u062a\u062f\u062e\u0644 \u0645\u0627\u062f\u064a. \u0646\u062a\u064a\u062c\u0629 \u0644\u0647\u0630\u0647 \u0627\u0644\u0639\u0645\u0644\u064a\u0629 \u060c \u0642\u062f \u064a\u062d\u062f\u062b \u062a\u0644\u0641 \u0645\u0627\u062f\u064a \u0648\u0633\u064a\u0643\u0648\u0646 \u0636\u0645\u0627\u0646 \u0627\u0644\u0645\u0646\u062a\u062c \u0623\u064a\u0636\u064b\u0627 \u0628\u0627\u0637\u0644\u0627\u064b.<\/li>\n<\/ul>\n<h4><strong>\u062a\u062d\u0630\u064a\u0631\u0627\u062a \u0645\u0647\u0645\u0629<\/strong><\/h4>\n<ul>\n<li>\u0641\u064a \u062d\u0627\u0644\u0629 \u062d\u062f\u0648\u062b \u0623\u064a \u062e\u0644\u0644 \u0641\u064a \u0645\u0646\u062a\u062c \u0627\u0644\u0632\u064a\u0646\u0629 \u0627\u0644\u062e\u0627\u0631\u062c\u064a\u0629\u060c \u064a\u0631\u062c\u0649 \u0627\u0644\u0627\u062a\u0635\u0627\u0644 \u0628\u0645\u0631\u0643\u0632 \u0627\u0644\u062e\u062f\u0645\u0629 \u0627\u0644\u0645\u0639\u062a\u0645\u062f \u0644\u062f\u064a\u0646\u0627.<\/li>\n<li>\u0644\u0627 \u062a\u0633\u0645\u062d \u0644\u0623\u064a \u0634\u062e\u0635 \u0628\u0627\u0644\u062a\u062f\u062e\u0644 \u0641\u064a \u0627\u0644\u0645\u0646\u062a\u062c \u0628\u062e\u0644\u0627\u0641 \u0627\u0644\u062e\u062f\u0645\u0629 \u0627\u0644\u0641\u0646\u064a\u0629 \u0627\u0644\u0645\u0639\u062a\u0645\u062f\u0629 \u0644\u062f\u064a\u0646\u0627. \u0646\u062a\u064a\u062c\u0629 \u0644\u0647\u0630\u0647 \u0627\u0644\u062a\u062f\u062e\u0644\u0627\u062a \u060c \u0627\u0644\u0645\u0646\u062a\u062c \u062e\u0627\u0631\u062c \u0627\u0644\u0636\u0645\u0627\u0646 \u062a\u0645\u0627\u0645\u064b\u0627.<\/li>\n<li>\u0641\u064a \u062d\u0627\u0644\u0629 \u062a\u0644\u0641 \u0627\u0644\u0633\u0644\u0643 \u0623\u0648 \u0627\u0644\u0633\u0644\u0643 \u0627\u0644\u062e\u0627\u0631\u062c\u064a \u0627\u0644\u0645\u0631\u0646 \u0627\u0644\u062e\u0627\u0635 \u0628\u0647\u0630\u0627 \u0627\u0644\u0645\u0646\u062a\u062c \u060c \u064a\u062c\u0628 \u0627\u0633\u062a\u0628\u062f\u0627\u0644\u0647 \u0628\u0648\u0627\u0633\u0637\u0629 \u0634\u062e\u0635 \u0645\u0624\u0647\u0644 \u0644\u062a\u062c\u0646\u0628 \u0627\u0644\u062a\u0639\u0631\u0636 \u0644\u0644\u062e\u0637\u0631.<\/li>\n<li>\u0646\u0638\u0631\u064b\u0627 \u0644\u0623\u0646 \u0633\u0637\u062d \u0627\u0644\u0645\u0646\u062a\u062c \u0633\u0627\u062e\u0646 \u0623\u062b\u0646\u0627\u0621 \u062a\u0634\u063a\u064a\u0644 \u0627\u0644\u0645\u0646\u062a\u062c \u060c \u064a\u062c\u0628 \u0642\u0637\u0639 \u0637\u0627\u0642\u0629 \u0627\u0644\u0645\u0646\u062a\u062c \u0648\u0639\u062f\u0645 \u0644\u0645\u0633\u0647 \u0642\u0628\u0644 \u0623\u0646 \u064a\u0628\u0631\u062f. \u0644\u0627 \u062a\u0646\u0638\u0631 \u0645\u0628\u0627\u0634\u0631\u0629 \u0625\u0644\u0649 \u0627\u0644\u0645\u0646\u062a\u062c \u0623\u062b\u0646\u0627\u0621 \u062a\u0634\u063a\u064a\u0644\u0647.<\/li>\n<li>\u0644\u0627 \u062a\u0646\u0638\u0641 \u0627\u0644\u0633\u0637\u062d \u0628\u0645\u0648\u0627\u062f \u0642\u0627\u0628\u0644\u0629 \u0644\u0644\u0627\u0634\u062a\u0639\u0627\u0644 \u0645\u062b\u0644 \u0627\u0644\u0643\u062d\u0648\u0644 \u0623\u0648 \u0627\u0644\u0628\u0646\u0632\u064a\u0646.<\/li>\n<li>\u064a\u064f\u062d\u0641\u0638 \u0628\u0639\u064a\u062f\u064b\u0627 \u0639\u0646 \u0645\u062a\u0646\u0627\u0648\u0644 \u0627\u0644\u0623\u0637\u0641\u0627\u0644 \u0648\u0641\u064a \u0639\u0644\u0628\u0629 \u0627\u0644\u0645\u0646\u062a\u062c.<\/li>\n<\/ul>\n<h4><strong>\u0634\u0647\u0627\u062f\u0629 \u0627\u0644\u0636\u0645\u0627\u0646 | \u0634\u0631\u0648\u0637 \u0627\u0644\u0636\u0645\u0627\u0646<\/strong><\/h4>\n<p><strong>\u0645\u0646\u062a\u062c \u0625\u0636\u0627\u0621\u0629 \u0627\u0644\u0634\u0645\u0639\u062f\u0627\u0646 \u0627\u0644\u062e\u0627\u0631\u062c\u064a\u061b<\/strong><\/p>\n<ul>\n<li>\u062a\u0628\u062f\u0623 \u0641\u062a\u0631\u0629 \u0627\u0644\u0636\u0645\u0627\u0646 \u0645\u0646 \u062a\u0627\u0631\u064a\u062e \u0641\u0627\u062a\u0648\u0631\u0629 \u0627\u0644\u0645\u0646\u062a\u062c \u0648\u0647\u064a \u0633\u0646\u062a\u0627\u0646.<\/li>\n<li>\u0643\u0644\u0647\u0627 \u062a\u062d\u062a \u0627\u0644\u0636\u0645\u0627\u0646 \u060c \u0628\u0645\u0627 \u0641\u064a \u0630\u0644\u0643 \u062c\u0645\u064a\u0639 \u0627\u0644\u0623\u062c\u0632\u0627\u0621.<\/li>\n<li>\u0648\u0644\u0643\u0646 \u0625\u0630\u0627 \u0643\u0627\u0646 \u0645\u0646 \u0627\u0644\u0645\u0641\u0647\u0648\u0645 \u0623\u0646 \u0627\u0644\u0645\u0646\u062a\u062c \u0645\u0639\u064a\u0628 \u060c \u064a\u062c\u0648\u0632 \u0644\u0644\u0645\u0633\u062a\u0647\u0644\u0643 \u062a\u0637\u0628\u064a\u0642 \u0627\u0644\u0645\u0627\u062f\u0629 11 \u0645\u0646 \u0642\u0627\u0646\u0648\u0646 \u062d\u0645\u0627\u064a\u0629 \u0627\u0644\u0645\u0633\u062a\u0647\u0644\u0643 \u0631\u0642\u0645 6502. \u0627\u0644\u0645\u062f\u0631\u062c\u0629 \u0641\u064a \u0627\u0644\u0645\u0642\u0627\u0644;<\/li>\n<\/ul>\n<div>\u0623) \u0627\u0644\u062d\u0635\u0648\u0644 \u0639\u0644\u0649 \u0625\u0635\u0644\u0627\u062d \u0645\u062c\u0627\u0646\u064a.<\/div>\n<div>\u0628) \u0627\u0633\u062a\u0628\u062f\u0627\u0644\u0647 \u0628\u0645\u0646\u062a\u062c \u062c\u062f\u064a\u062f \u0625\u0630\u0627 \u0644\u0645 \u064a\u062a\u0645 \u0625\u0635\u0644\u0627\u062d\u0647.<\/div>\n<ul>\n<li>\u0641\u064a \u062d\u0627\u0644\u0629 \u0627\u0644\u0625\u0635\u0644\u0627\u062d \u0627\u0644\u0645\u062c\u0627\u0646\u064a \u0644\u0644\u0645\u0633\u062a\u0647\u0644\u0643 \u0645\u0646 \u0647\u0630\u0647 \u0627\u0644\u062d\u0642\u0648\u0642 \u060c \u0627\u0644\u0628\u0627\u0626\u0639 \u061b \u062a\u0644\u062a\u0632\u0645 \u0628\u0625\u0635\u0644\u0627\u062d \u0627\u0644\u0645\u0646\u062a\u062c \u062f\u0648\u0646 \u0623\u064a \u0631\u0633\u0648\u0645 \u062a\u062d\u062a \u0623\u064a \u0627\u0633\u0645 \u0622\u062e\u0631 \u060c \u0645\u062b\u0644 \u062a\u0643\u0644\u0641\u0629 \u0627\u0644\u0639\u0645\u0627\u0644\u0629 \u0623\u0648 \u062a\u0643\u0644\u0641\u0629 \u062c\u0632\u0621 \u0627\u0644\u0627\u0633\u062a\u0628\u062f\u0627\u0644 \u0623\u0648 \u0623\u064a \u0627\u0633\u0645 \u0622\u062e\u0631.<\/li>\n<li>\u0641\u064a \u062d\u0627\u0644\u0629 \u062d\u062f\u0648\u062b \u0639\u0637\u0644 \u062e\u0644\u0627\u0644 \u0641\u062a\u0631\u0629 \u0627\u0644\u0636\u0645\u0627\u0646 \u060c \u062a\u062a\u0645 \u0625\u0636\u0627\u0641\u0629 \u0627\u0644\u0648\u0642\u062a \u0627\u0644\u0645\u0633\u062a\u063a\u0631\u0642 \u0641\u064a \u0627\u0644\u0625\u0635\u0644\u0627\u062d \u0625\u0644\u0649 \u0641\u062a\u0631\u0629 \u0627\u0644\u0636\u0645\u0627\u0646. \u0644\u0627 \u064a\u0645\u0643\u0646 \u0623\u0646 \u062a\u062a\u062c\u0627\u0648\u0632 \u0641\u062a\u0631\u0629 \u0625\u0635\u0644\u0627\u062d \u0627\u0644\u0645\u0646\u062a\u062c 20 \u064a\u0648\u0645 \u0639\u0645\u0644.<\/li>\n<li>\u0644\u0627 \u064a\u063a\u0637\u064a \u0627\u0644\u0636\u0645\u0627\u0646 \u0627\u0644\u0639\u064a\u0648\u0628 \u0627\u0644\u0646\u0627\u062a\u062c\u0629 \u0639\u0646 \u0627\u0644\u0627\u0633\u062a\u062e\u062f\u0627\u0645 \u0627\u0644\u0645\u062e\u0627\u0644\u0641 \u0644\u0644\u0646\u0642\u0627\u0637 \u0627\u0644\u0648\u0627\u0631\u062f\u0629 \u0641\u064a \u062f\u0644\u064a\u0644 \u0627\u0644\u0645\u0633\u062a\u062e\u062f\u0645.<\/li>\n<\/ul>\n<h4><strong>\u0645\u0627 \u0647\u064a \u0623\u062e\u0637\u0627\u0621 \u0627\u0644\u0627\u0633\u062a\u062e\u062f\u0627\u0645 \u0627\u0644\u062a\u064a \u062a\u062c\u0639\u0644 \u0627\u0644\u0645\u0646\u062a\u062c \u0627\u0644\u0645\u0639\u064a\u0628 \u062e\u0627\u0631\u062c \u0627\u0644\u0636\u0645\u0627\u0646\u061f<\/strong><\/h4>\n<ul>\n<li>\u0627\u0644\u0623\u0639\u0637\u0627\u0644 \u0627\u0644\u0646\u0627\u062a\u062c\u0629 \u0639\u0646 \u0627\u0633\u062a\u062e\u062f\u0627\u0645 \u0627\u0644\u0643\u0647\u0631\u0628\u0627\u0621 \u0648\u0627\u0644\u0645\u0633\u062a\u062e\u062f\u0645 (\u0645\u062b\u0644 \u0627\u0646\u0642\u0637\u0627\u0639 \u0627\u0644\u062a\u064a\u0627\u0631 \u0627\u0644\u0643\u0647\u0631\u0628\u0627\u0626\u064a \u060c \u062a\u0630\u0628\u0630\u0628 \u0627\u0644\u062c\u0647\u062f \u060c \u062a\u0631\u0643\u064a\u0628 \u0627\u0644\u0645\u0644\u062d\u0642\u0627\u062a \u0627\u0644\u062a\u064a \u0644\u0627 \u062a\u0646\u062a\u0645\u064a \u0625\u0644\u0649 \u0627\u0644\u062c\u0647\u0627\u0632 \u0623\u0648 \u0639\u062f\u0645 \u0627\u0633\u062a\u062e\u062f\u0627\u0645 \u0627\u0644\u0645\u0644\u062d\u0642\u0627\u062a \u0627\u0644\u062a\u064a \u064a\u0644\u0632\u0645 \u0627\u0633\u062a\u062e\u062f\u0627\u0645\u0647\u0627) \u060c \u0623\u064a \u062a\u062f\u062e\u0644 \u0628\u062e\u0644\u0627\u0641 \u0627\u0644\u062e\u062f\u0645\u0629 \u0627\u0644\u0645\u0635\u0631\u062d \u0628\u0647\u0627 \u0641\u064a \u0627\u0644\u0645\u0646\u062a\u062c\u0627\u062a \u0645\u0639 \u0627\u0644\u0636\u0645\u0627\u0646 \u060c \u062a\u0644\u0641 \u0627\u0644\u0645\u0644\u0635\u0642 \u0641\u064a \u0627\u0644\u0645\u0646\u062a\u062c\u0627\u062a \u0645\u0639 \u0645\u0644\u0635\u0642 \u0627\u0644\u0636\u0645\u0627\u0646 \u060c \u0627\u0644\u0633\u0637\u062d \u0627\u0644\u062e\u0627\u0631\u062c\u064a \u0644\u0644\u062c\u0647\u0627\u0632 \u0627\u0644\u0645\u0643\u0633\u0648\u0631 \u060c \u0627\u0644\u062e\u062f\u0634 \u060c \u0625\u0644\u062e. \u062d\u0627\u0644\u0627\u062a \u0627\u0644\u0641\u0634\u0644 \u0627\u0644\u0646\u0627\u062a\u062c\u0629 \u0639\u0646 \u0623\u0633\u0628\u0627\u0628 \u0645\u062b\u0644 \u0627\u0644\u0628\u064a\u0626\u0627\u062a \u0627\u0644\u0645\u062a\u0631\u0628\u0629 \u0623\u0648 \u0627\u0644\u0631\u0637\u0628\u0629 \u0623\u0648 \u0634\u062f\u064a\u062f\u0629 \u0627\u0644\u062d\u0631\u0627\u0631\u0629 \u0623\u0648 \u0634\u062f\u064a\u062f\u0629 \u0627\u0644\u0628\u0631\u0648\u062f\u0629 \u0648\u0627\u0644\u0641\u064a\u0636\u0627\u0646\u0627\u062a \u0648\u0627\u0644\u062d\u0631\u0627\u0626\u0642 \u0648\u0627\u0644\u0632\u0644\u0627\u0632\u0644 \u0648\u0627\u0644\u0635\u0648\u0627\u0639\u0642 \u0648\u0645\u0627 \u0625\u0644\u0649 \u0630\u0644\u0643. \u0644\u0627 \u064a\u063a\u0637\u064a \u0627\u0644\u0636\u0645\u0627\u0646 \u062d\u0627\u0644\u0627\u062a \u0627\u0644\u0641\u0634\u0644 \u0627\u0644\u0646\u0627\u062c\u0645\u0629 \u0639\u0646 \u0627\u0644\u0643\u0648\u0627\u0631\u062b \u0627\u0644\u0637\u0628\u064a\u0639\u064a\u0629.<\/li>\n<\/ul>\n<p><a href=\"https:\/\/masialux.com\/product-category\/dis-mekan\/\">\u0623\u0631\u0634\u064a\u0641 \u0627\u0644\u0625\u0636\u0627\u0621\u0629 \u0627\u0644\u062e\u0627\u0631\u062c\u064a\u0629 | \u0625\u0636\u0627\u0621\u0629 \u0645\u0627\u0633\u064a\u0627\u0644\u0648\u0643\u0633<\/a><\/p>","protected":false},"excerpt":{"rendered":"<h5><strong>\u0645\u0635\u0628\u0627\u062d \u062d\u0627\u0626\u0637 \u0623\u062d\u0627\u062f\u064a \u0627\u0644\u0627\u062a\u062c\u0627\u0647 \u0645\u0646 \u0633\u0644\u0633\u0644\u0629 Masialux MOSS MO 114<\/strong><\/h5>\n<p><strong>\u062e\u064a\u0627\u0631\u0627\u062a \u0644\u0648\u0646 \u0627\u0644\u062c\u0633\u0645<\/strong><\/p>\n<p><img loading=\"lazy\" decoding=\"async\" class=\"alignnone size-medium wp-image-12719\" src=\"http:\/\/masialux.com\/wp-content\/uploads\/2022\/09\/govde-renk01-300x92.png\" alt=\"\" width=\"300\" height=\"92\" srcset=\"https:\/\/makrolight.com\/wp-content\/uploads\/2022\/09\/govde-renk01-300x92.png 300w, https:\/\/makrolight.com\/wp-content\/uploads\/2022\/09\/govde-renk01-18x6.png 18w, https:\/\/makrolight.com\/wp-content\/uploads\/2022\/09\/govde-renk01.png 403w\" sizes=\"(max-width: 300px) 100vw, 300px\" \/><\/p>\n<pre><\/pre>\n<p><strong>\u062e\u064a\u0627\u0631\u0627\u062a \u0627\u0644\u0623\u0644\u0648\u0627\u0646 \u0627\u0644\u0641\u0627\u062a\u062d\u0629<\/strong><\/p>\n<p><img loading=\"lazy\" decoding=\"async\" class=\"alignnone size-medium wp-image-12722\" src=\"http:\/\/masialux.com\/wp-content\/uploads\/2022\/09\/isik-renk002-300x92.png\" alt=\"\" width=\"300\" height=\"92\" srcset=\"https:\/\/makrolight.com\/wp-content\/uploads\/2022\/09\/isik-renk002-300x92.png 300w, https:\/\/makrolight.com\/wp-content\/uploads\/2022\/09\/isik-renk002-18x6.png 18w, https:\/\/makrolight.com\/wp-content\/uploads\/2022\/09\/isik-renk002.png 403w\" sizes=\"(max-width: 300px) 100vw, 300px\" \/><\/p>\n<p>&nbsp;<\/p>\n<p>&nbsp;<\/p>\n<p><strong>\u0648\u0633\u0627\u0626\u0637 \u0627\u0644\u0645\u0646\u062a\u062c \u0627\u0644\u0642\u0627\u0628\u0644\u0629 \u0644\u0644\u062a\u0646\u0632\u064a\u0644<\/strong><\/p>\n<p><strong><a href=\"\/ar\/downloads\/MO114\/Datasheet-MO114.pdf\/\">\u25ef<\/a><a href=\"\/ar\/downloads\/MO114\/Datasheet-MO114.pdf\/\" target=\"_blank\" rel=\"noopener\"> \u0648\u0631\u0642\u0629 \u0627\u0644\u0628\u064a\u0627\u0646\u0627\u062a<\/a><\/strong><\/p>\n<p><strong><a href=\"\/ar\/downloads\/MO114\/Datasheet-MO114.pdf\/\">\u25ef<\/a><a href=\"\/ar\/downloads\/MO114\/Montajklavuz-MO114.pdf\/\" target=\"_blank\" rel=\"noopener\"> \u062f\u0644\u064a\u0644 \u0627\u0644\u0645\u0633\u062a\u062e\u062f\u0645<\/a><\/strong><\/p>\n<p><strong><a href=\"\/ar\/downloads\/MO114\/2D-MO114.zip\/\">\u25ef<\/a> <a href=\"\/ar\/downloads\/MO114\/2D-MO114.zip\/\">\u0631\u0633\u0645 \u062b\u0646\u0627\u0626\u064a \u0627\u0644\u0623\u0628\u0639\u0627\u062f<\/a><\/strong><\/p>\n<p><strong><a href=\"\/ar\/downloads\/MO114\/3D-MO114.zip\/\">\u25ef<\/a> <a href=\"\/ar\/downloads\/MO114\/3D-MO114.zip\/\">\u0631\u0633\u0645 \u062b\u0644\u0627\u062b\u064a \u0627\u0644\u0623\u0628\u0639\u0627\u062f<\/a><\/strong><\/p>\n<p><strong><a href=\"\/ar\/downloads\/MO114\/3D-MO114.zip\/\">\u25ef<\/a> <a href=\"https:\/\/masialux.com\/ldt-dosyalari\/\">\u0645\u0644\u0641\u0627\u062a LDT<\/a><\/strong><\/p>\n<p>&nbsp;<\/p>","protected":false},"featured_media":11221,"template":"","meta":{"_joinchat":[]},"product_brand":[],"product_cat":[150],"product_tag":[152,153,154,155],"class_list":{"0":"post-8117","1":"product","2":"type-product","3":"status-publish","4":"has-post-thumbnail","6":"product_cat-dis-mekan","7":"product_tag-dis-mekan","8":"product_tag-dis-mekan-aplik","9":"product_tag-dis-mekan-aplik-aydinlatma","10":"product_tag-dis-mekan-aydinlatma","12":"first","13":"instock","14":"shipping-taxable","15":"product-type-simple"},"_links":{"self":[{"href":"https:\/\/makrolight.com\/ar\/wp-json\/wp\/v2\/product\/8117","targetHints":{"allow":["GET"]}}],"collection":[{"href":"https:\/\/makrolight.com\/ar\/wp-json\/wp\/v2\/product"}],"about":[{"href":"https:\/\/makrolight.com\/ar\/wp-json\/wp\/v2\/types\/product"}],"wp:featuredmedia":[{"embeddable":true,"href":"https:\/\/makrolight.com\/ar\/wp-json\/wp\/v2\/media\/11221"}],"wp:attachment":[{"href":"https:\/\/makrolight.com\/ar\/wp-json\/wp\/v2\/media?parent=8117"}],"wp:term":[{"taxonomy":"product_brand","embeddable":true,"href":"https:\/\/makrolight.com\/ar\/wp-json\/wp\/v2\/product_brand?post=8117"},{"taxonomy":"product_cat","embeddable":true,"href":"https:\/\/makrolight.com\/ar\/wp-json\/wp\/v2\/product_cat?post=8117"},{"taxonomy":"product_tag","embeddable":true,"href":"https:\/\/makrolight.com\/ar\/wp-json\/wp\/v2\/product_tag?post=8117"}],"curies":[{"name":"wp","href":"https:\/\/api.w.org\/{rel}","templated":true}]}}