{"id":1506,"date":"2021-04-16T12:51:17","date_gmt":"2021-04-16T12:51:17","guid":{"rendered":"https:\/\/tobel.qodeinteractive.com\/?page_id=1506"},"modified":"2024-08-27T09:11:32","modified_gmt":"2024-08-27T09:11:32","slug":"urunler","status":"publish","type":"page","link":"https:\/\/makrolight.com\/de\/urunler\/","title":{"rendered":"Produkte"},"content":{"rendered":"<div data-elementor-type=\"wp-page\" data-elementor-id=\"1506\" class=\"elementor elementor-1506\">\n\t\t\t\t\t\t<section class=\"elementor-section elementor-top-section elementor-element elementor-element-a5289b8 elementor-section-boxed elementor-section-height-default elementor-section-height-default qodef-elementor-content-no qodef-elementor-overlay-no\" data-id=\"a5289b8\" data-element_type=\"section\">\n\t\t\t\t\t\t<div class=\"elementor-container elementor-column-gap-default\">\n\t\t\t\t\t<div class=\"elementor-column elementor-col-100 elementor-top-column elementor-element elementor-element-184be02\" data-id=\"184be02\" data-element_type=\"column\">\n\t\t\t<div class=\"elementor-widget-wrap\">\n\t\t\t\t\t\t\t<\/div>\n\t\t<\/div>\n\t\t\t\t\t<\/div>\n\t\t<\/section>\n\t\t\t\t<section class=\"elementor-section elementor-top-section elementor-element elementor-element-f0af465 elementor-section-boxed elementor-section-height-default elementor-section-height-default qodef-elementor-content-no qodef-elementor-overlay-no\" data-id=\"f0af465\" data-element_type=\"section\">\n\t\t\t\t\t\t<div class=\"elementor-container elementor-column-gap-default\">\n\t\t\t\t\t<div class=\"elementor-column elementor-col-100 elementor-top-column elementor-element elementor-element-ecc9a13\" data-id=\"ecc9a13\" data-element_type=\"column\">\n\t\t\t<div class=\"elementor-widget-wrap elementor-element-populated\">\n\t\t\t\t\t\t<section class=\"elementor-section elementor-inner-section elementor-element elementor-element-da6f338 elementor-section-boxed elementor-section-height-default elementor-section-height-default qodef-elementor-content-no qodef-elementor-overlay-no\" data-id=\"da6f338\" data-element_type=\"section\">\n\t\t\t\t\t\t<div class=\"elementor-container elementor-column-gap-default\">\n\t\t\t\t\t<div class=\"elementor-column elementor-col-33 elementor-inner-column elementor-element elementor-element-2900563\" data-id=\"2900563\" data-element_type=\"column\">\n\t\t\t<div class=\"elementor-widget-wrap elementor-element-populated\">\n\t\t\t\t\t\t<div class=\"elementor-element elementor-element-c35f106 elementor-widget elementor-widget-image\" data-id=\"c35f106\" data-element_type=\"widget\" data-widget_type=\"image.default\">\n\t\t\t\t<div class=\"elementor-widget-container\">\n\t\t\t\t\t\t\t\t\t\t\t\t<figure class=\"wp-caption\">\n\t\t\t\t\t\t\t\t\t\t\t<a href=\"\/de\/urun-category\/ray-spot\/\">\n\t\t\t\t\t\t\t<img fetchpriority=\"high\" decoding=\"async\" width=\"371\" height=\"453\" src=\"https:\/\/makrolight.com\/wp-content\/uploads\/2022\/09\/Product-feat-img-3-RAY-SPOT-AYDINLATMA.jpg\" class=\"elementor-animation-sink attachment-large size-large wp-image-6973\" alt=\"\" srcset=\"https:\/\/makrolight.com\/wp-content\/uploads\/2022\/09\/Product-feat-img-3-RAY-SPOT-AYDINLATMA.jpg 371w, https:\/\/makrolight.com\/wp-content\/uploads\/2022\/09\/Product-feat-img-3-RAY-SPOT-AYDINLATMA-246x300.jpg 246w\" sizes=\"(max-width: 371px) 100vw, 371px\" \/>\t\t\t\t\t\t\t\t<\/a>\n\t\t\t\t\t\t\t\t\t\t\t<figcaption class=\"widget-image-caption wp-caption-text\">SCHIENENSCHEINWERFERBELEUCHTUNG<\/figcaption>\n\t\t\t\t\t\t\t\t\t\t<\/figure>\n\t\t\t\t\t\t\t\t\t<\/div>\n\t\t\t\t<\/div>\n\t\t\t\t\t<\/div>\n\t\t<\/div>\n\t\t\t\t<div class=\"elementor-column elementor-col-33 elementor-inner-column elementor-element elementor-element-868752d\" data-id=\"868752d\" data-element_type=\"column\">\n\t\t\t<div class=\"elementor-widget-wrap elementor-element-populated\">\n\t\t\t\t\t\t<div class=\"elementor-element elementor-element-21d4fac elementor-widget elementor-widget-image\" data-id=\"21d4fac\" data-element_type=\"widget\" data-widget_type=\"image.default\">\n\t\t\t\t<div class=\"elementor-widget-container\">\n\t\t\t\t\t\t\t\t\t\t\t\t<figure class=\"wp-caption\">\n\t\t\t\t\t\t\t\t\t\t\t<a href=\"\/de\/urun-category\/magnet-ray-spot\/\">\n\t\t\t\t\t\t\t<img decoding=\"async\" width=\"371\" height=\"453\" src=\"https:\/\/makrolight.com\/wp-content\/uploads\/2022\/10\/Product-feat-img-3-MAGNET-RAY-SPOT.jpg\" class=\"elementor-animation-sink attachment-large size-large wp-image-10063\" alt=\"\" srcset=\"https:\/\/makrolight.com\/wp-content\/uploads\/2022\/10\/Product-feat-img-3-MAGNET-RAY-SPOT.jpg 371w, https:\/\/makrolight.com\/wp-content\/uploads\/2022\/10\/Product-feat-img-3-MAGNET-RAY-SPOT-246x300.jpg 246w, https:\/\/makrolight.com\/wp-content\/uploads\/2022\/10\/Product-feat-img-3-MAGNET-RAY-SPOT-10x12.jpg 10w\" sizes=\"(max-width: 371px) 100vw, 371px\" \/>\t\t\t\t\t\t\t\t<\/a>\n\t\t\t\t\t\t\t\t\t\t\t<figcaption class=\"widget-image-caption wp-caption-text\">Magnet Schienenstrahler<\/figcaption>\n\t\t\t\t\t\t\t\t\t\t<\/figure>\n\t\t\t\t\t\t\t\t\t<\/div>\n\t\t\t\t<\/div>\n\t\t\t\t\t<\/div>\n\t\t<\/div>\n\t\t\t\t<div class=\"elementor-column elementor-col-33 elementor-inner-column elementor-element elementor-element-452573c\" data-id=\"452573c\" data-element_type=\"column\">\n\t\t\t<div class=\"elementor-widget-wrap elementor-element-populated\">\n\t\t\t\t\t\t<div class=\"elementor-element elementor-element-225c5e8 elementor-widget elementor-widget-image\" data-id=\"225c5e8\" data-element_type=\"widget\" data-widget_type=\"image.default\">\n\t\t\t\t<div class=\"elementor-widget-container\">\n\t\t\t\t\t\t\t\t\t\t\t\t<figure class=\"wp-caption\">\n\t\t\t\t\t\t\t\t\t\t\t<a href=\"\/de\/urun-category\/siva-alti\/\">\n\t\t\t\t\t\t\t<img decoding=\"async\" width=\"371\" height=\"453\" src=\"https:\/\/makrolight.com\/wp-content\/uploads\/2022\/09\/Product-feat-img-3-SIVA-ALTI-AYDINLATMA.jpg\" class=\"elementor-animation-sink attachment-large size-large wp-image-6975\" alt=\"\" srcset=\"https:\/\/makrolight.com\/wp-content\/uploads\/2022\/09\/Product-feat-img-3-SIVA-ALTI-AYDINLATMA.jpg 371w, https:\/\/makrolight.com\/wp-content\/uploads\/2022\/09\/Product-feat-img-3-SIVA-ALTI-AYDINLATMA-246x300.jpg 246w\" sizes=\"(max-width: 371px) 100vw, 371px\" \/>\t\t\t\t\t\t\t\t<\/a>\n\t\t\t\t\t\t\t\t\t\t\t<figcaption class=\"widget-image-caption wp-caption-text\">EINBAUBELEUCHTUNG<\/figcaption>\n\t\t\t\t\t\t\t\t\t\t<\/figure>\n\t\t\t\t\t\t\t\t\t<\/div>\n\t\t\t\t<\/div>\n\t\t\t\t\t<\/div>\n\t\t<\/div>\n\t\t\t\t\t<\/div>\n\t\t<\/section>\n\t\t\t\t<section class=\"elementor-section elementor-inner-section elementor-element elementor-element-8ad607d elementor-section-boxed elementor-section-height-default elementor-section-height-default qodef-elementor-content-no qodef-elementor-overlay-no\" data-id=\"8ad607d\" data-element_type=\"section\">\n\t\t\t\t\t\t<div class=\"elementor-container elementor-column-gap-default\">\n\t\t\t\t\t<div class=\"elementor-column elementor-col-33 elementor-inner-column elementor-element elementor-element-1c5d7d6\" data-id=\"1c5d7d6\" data-element_type=\"column\">\n\t\t\t<div class=\"elementor-widget-wrap elementor-element-populated\">\n\t\t\t\t\t\t<div class=\"elementor-element elementor-element-08b48b3 elementor-widget elementor-widget-image\" data-id=\"08b48b3\" data-element_type=\"widget\" data-widget_type=\"image.default\">\n\t\t\t\t<div class=\"elementor-widget-container\">\n\t\t\t\t\t\t\t\t\t\t\t\t<figure class=\"wp-caption\">\n\t\t\t\t\t\t\t\t\t\t\t<a href=\"\/de\/urun-category\/siva-ustu-aydinlatma\/\">\n\t\t\t\t\t\t\t<img loading=\"lazy\" decoding=\"async\" width=\"371\" height=\"453\" src=\"https:\/\/makrolight.com\/wp-content\/uploads\/2022\/09\/Product-feat-img-3-SIVA-USTU-AYDINLATMA.jpg\" class=\"elementor-animation-sink attachment-large size-large wp-image-6976\" alt=\"\" srcset=\"https:\/\/makrolight.com\/wp-content\/uploads\/2022\/09\/Product-feat-img-3-SIVA-USTU-AYDINLATMA.jpg 371w, https:\/\/makrolight.com\/wp-content\/uploads\/2022\/09\/Product-feat-img-3-SIVA-USTU-AYDINLATMA-246x300.jpg 246w\" sizes=\"(max-width: 371px) 100vw, 371px\" \/>\t\t\t\t\t\t\t\t<\/a>\n\t\t\t\t\t\t\t\t\t\t\t<figcaption class=\"widget-image-caption wp-caption-text\">Oberfl\u00e4chenmontiert<\/figcaption>\n\t\t\t\t\t\t\t\t\t\t<\/figure>\n\t\t\t\t\t\t\t\t\t<\/div>\n\t\t\t\t<\/div>\n\t\t\t\t\t<\/div>\n\t\t<\/div>\n\t\t\t\t<div class=\"elementor-column elementor-col-33 elementor-inner-column elementor-element elementor-element-9cf7af1\" data-id=\"9cf7af1\" data-element_type=\"column\">\n\t\t\t<div class=\"elementor-widget-wrap elementor-element-populated\">\n\t\t\t\t\t\t<div class=\"elementor-element elementor-element-d69eb88 elementor-widget elementor-widget-image\" data-id=\"d69eb88\" data-element_type=\"widget\" data-widget_type=\"image.default\">\n\t\t\t\t<div class=\"elementor-widget-container\">\n\t\t\t\t\t\t\t\t\t\t\t\t<figure class=\"wp-caption\">\n\t\t\t\t\t\t\t\t\t\t\t<a href=\"\/de\/urun-category\/lineer\/\">\n\t\t\t\t\t\t\t<img loading=\"lazy\" decoding=\"async\" width=\"371\" height=\"453\" src=\"https:\/\/makrolight.com\/wp-content\/uploads\/2022\/09\/Product-feat-img-3-SIVA-USTU-LINEER-AYDINLATMA.jpg\" class=\"elementor-animation-sink attachment-large size-large wp-image-6977\" alt=\"\" srcset=\"https:\/\/makrolight.com\/wp-content\/uploads\/2022\/09\/Product-feat-img-3-SIVA-USTU-LINEER-AYDINLATMA.jpg 371w, https:\/\/makrolight.com\/wp-content\/uploads\/2022\/09\/Product-feat-img-3-SIVA-USTU-LINEER-AYDINLATMA-246x300.jpg 246w\" sizes=\"(max-width: 371px) 100vw, 371px\" \/>\t\t\t\t\t\t\t\t<\/a>\n\t\t\t\t\t\t\t\t\t\t\t<figcaption class=\"widget-image-caption wp-caption-text\">LINEARE BELEUCHTUNG<\/figcaption>\n\t\t\t\t\t\t\t\t\t\t<\/figure>\n\t\t\t\t\t\t\t\t\t<\/div>\n\t\t\t\t<\/div>\n\t\t\t\t\t<\/div>\n\t\t<\/div>\n\t\t\t\t<div class=\"elementor-column elementor-col-33 elementor-inner-column elementor-element elementor-element-d175c53\" data-id=\"d175c53\" data-element_type=\"column\">\n\t\t\t<div class=\"elementor-widget-wrap elementor-element-populated\">\n\t\t\t\t\t\t<div class=\"elementor-element elementor-element-a740fb4 elementor-widget elementor-widget-image\" data-id=\"a740fb4\" data-element_type=\"widget\" data-widget_type=\"image.default\">\n\t\t\t\t<div class=\"elementor-widget-container\">\n\t\t\t\t\t\t\t\t\t\t\t\t<figure class=\"wp-caption\">\n\t\t\t\t\t\t\t\t\t\t\t<a href=\"\/de\/urun-category\/dis-mekan\/\">\n\t\t\t\t\t\t\t<img loading=\"lazy\" decoding=\"async\" width=\"371\" height=\"453\" src=\"https:\/\/makrolight.com\/wp-content\/uploads\/2022\/09\/Product-feat-img-3-DIS-MEKAN-AYDINLATMA.jpg\" class=\"elementor-animation-sink attachment-large size-large wp-image-6970\" alt=\"\" srcset=\"https:\/\/makrolight.com\/wp-content\/uploads\/2022\/09\/Product-feat-img-3-DIS-MEKAN-AYDINLATMA.jpg 371w, https:\/\/makrolight.com\/wp-content\/uploads\/2022\/09\/Product-feat-img-3-DIS-MEKAN-AYDINLATMA-246x300.jpg 246w\" sizes=\"(max-width: 371px) 100vw, 371px\" \/>\t\t\t\t\t\t\t\t<\/a>\n\t\t\t\t\t\t\t\t\t\t\t<figcaption class=\"widget-image-caption wp-caption-text\">AUSSENBELEUCHTUNG<\/figcaption>\n\t\t\t\t\t\t\t\t\t\t<\/figure>\n\t\t\t\t\t\t\t\t\t<\/div>\n\t\t\t\t<\/div>\n\t\t\t\t\t<\/div>\n\t\t<\/div>\n\t\t\t\t\t<\/div>\n\t\t<\/section>\n\t\t\t\t<section class=\"elementor-section elementor-inner-section elementor-element elementor-element-af6af9b elementor-section-boxed elementor-section-height-default elementor-section-height-default qodef-elementor-content-no qodef-elementor-overlay-no\" data-id=\"af6af9b\" data-element_type=\"section\">\n\t\t\t\t\t\t<div class=\"elementor-container elementor-column-gap-default\">\n\t\t\t\t\t<div class=\"elementor-column elementor-col-33 elementor-inner-column elementor-element elementor-element-b166537\" data-id=\"b166537\" data-element_type=\"column\">\n\t\t\t<div class=\"elementor-widget-wrap elementor-element-populated\">\n\t\t\t\t\t\t<div class=\"elementor-element elementor-element-3d207c4 elementor-widget elementor-widget-image\" data-id=\"3d207c4\" data-element_type=\"widget\" data-widget_type=\"image.default\">\n\t\t\t\t<div class=\"elementor-widget-container\">\n\t\t\t\t\t\t\t\t\t\t\t\t<figure class=\"wp-caption\">\n\t\t\t\t\t\t\t\t\t\t\t<a href=\"\/de\/urun-category\/ozel-koleksiyon\/sarkit\/\">\n\t\t\t\t\t\t\t<img loading=\"lazy\" decoding=\"async\" width=\"371\" height=\"453\" src=\"https:\/\/makrolight.com\/wp-content\/uploads\/2022\/09\/Product-feat-img-3-SARKIT-AYDINLATMA.jpg\" class=\"elementor-animation-sink attachment-large size-large wp-image-6974\" alt=\"\" srcset=\"https:\/\/makrolight.com\/wp-content\/uploads\/2022\/09\/Product-feat-img-3-SARKIT-AYDINLATMA.jpg 371w, https:\/\/makrolight.com\/wp-content\/uploads\/2022\/09\/Product-feat-img-3-SARKIT-AYDINLATMA-246x300.jpg 246w\" sizes=\"(max-width: 371px) 100vw, 371px\" \/>\t\t\t\t\t\t\t\t<\/a>\n\t\t\t\t\t\t\t\t\t\t\t<figcaption class=\"widget-image-caption wp-caption-text\">PENDELLEUCHTE<\/figcaption>\n\t\t\t\t\t\t\t\t\t\t<\/figure>\n\t\t\t\t\t\t\t\t\t<\/div>\n\t\t\t\t<\/div>\n\t\t\t\t\t<\/div>\n\t\t<\/div>\n\t\t\t\t<div class=\"elementor-column elementor-col-33 elementor-inner-column elementor-element elementor-element-da226ca\" data-id=\"da226ca\" data-element_type=\"column\">\n\t\t\t<div class=\"elementor-widget-wrap elementor-element-populated\">\n\t\t\t\t\t\t<div class=\"elementor-element elementor-element-2a4b259 elementor-widget elementor-widget-image\" data-id=\"2a4b259\" data-element_type=\"widget\" data-widget_type=\"image.default\">\n\t\t\t\t<div class=\"elementor-widget-container\">\n\t\t\t\t\t\t\t\t\t\t\t\t<figure class=\"wp-caption\">\n\t\t\t\t\t\t\t\t\t\t\t<a href=\"\/de\/urun-category\/ozel-koleksiyon\/aplik\/\">\n\t\t\t\t\t\t\t<img loading=\"lazy\" decoding=\"async\" width=\"371\" height=\"453\" src=\"https:\/\/makrolight.com\/wp-content\/uploads\/2022\/09\/Product-feat-img-3-APLIK.jpg\" class=\"elementor-animation-sink attachment-large size-large wp-image-6950\" alt=\"\" srcset=\"https:\/\/makrolight.com\/wp-content\/uploads\/2022\/09\/Product-feat-img-3-APLIK.jpg 371w, https:\/\/makrolight.com\/wp-content\/uploads\/2022\/09\/Product-feat-img-3-APLIK-246x300.jpg 246w\" sizes=\"(max-width: 371px) 100vw, 371px\" \/>\t\t\t\t\t\t\t\t<\/a>\n\t\t\t\t\t\t\t\t\t\t\t<figcaption class=\"widget-image-caption wp-caption-text\">LEUCHTENBELEUCHTUNG<\/figcaption>\n\t\t\t\t\t\t\t\t\t\t<\/figure>\n\t\t\t\t\t\t\t\t\t<\/div>\n\t\t\t\t<\/div>\n\t\t\t\t\t<\/div>\n\t\t<\/div>\n\t\t\t\t<div class=\"elementor-column elementor-col-33 elementor-inner-column elementor-element elementor-element-9e16d4d\" data-id=\"9e16d4d\" data-element_type=\"column\">\n\t\t\t<div class=\"elementor-widget-wrap elementor-element-populated\">\n\t\t\t\t\t\t<div class=\"elementor-element elementor-element-302cc10 elementor-widget elementor-widget-image\" data-id=\"302cc10\" data-element_type=\"widget\" data-widget_type=\"image.default\">\n\t\t\t\t<div class=\"elementor-widget-container\">\n\t\t\t\t\t\t\t\t\t\t\t\t<figure class=\"wp-caption\">\n\t\t\t\t\t\t\t\t\t\t\t<a href=\"\/de\/urun-category\/abajur-lambader-ozel-koleksiyon-masa-lambasi-ve-lambader\/\">\n\t\t\t\t\t\t\t<img loading=\"lazy\" decoding=\"async\" width=\"371\" height=\"453\" src=\"https:\/\/makrolight.com\/wp-content\/uploads\/2022\/09\/Product-feat-img-3-MASA-LAMBASI-VE-ABAJUR.jpg\" class=\"elementor-animation-sink attachment-large size-large wp-image-6971\" alt=\"\" srcset=\"https:\/\/makrolight.com\/wp-content\/uploads\/2022\/09\/Product-feat-img-3-MASA-LAMBASI-VE-ABAJUR.jpg 371w, https:\/\/makrolight.com\/wp-content\/uploads\/2022\/09\/Product-feat-img-3-MASA-LAMBASI-VE-ABAJUR-246x300.jpg 246w\" sizes=\"(max-width: 371px) 100vw, 371px\" \/>\t\t\t\t\t\t\t\t<\/a>\n\t\t\t\t\t\t\t\t\t\t\t<figcaption class=\"widget-image-caption wp-caption-text\">Lampenschirm und Stehlampe<\/figcaption>\n\t\t\t\t\t\t\t\t\t\t<\/figure>\n\t\t\t\t\t\t\t\t\t<\/div>\n\t\t\t\t<\/div>\n\t\t\t\t\t<\/div>\n\t\t<\/div>\n\t\t\t\t\t<\/div>\n\t\t<\/section>\n\t\t\t\t\t<\/div>\n\t\t<\/div>\n\t\t\t\t\t<\/div>\n\t\t<\/section>\n\t\t\t\t<\/div>","protected":false},"excerpt":{"rendered":"<p>RAY SPOT AYDINLATMA MAGNET RAY SPOT SIVA ALTI AYDINLATMA SIVA \u00dcST\u00dc Ayd\u0131nlatma L\u0130NEER AYDINLATMA DI\u015e MEKAN AYDINLATMA SARKIT AYDINLATMA APL\u0130K AYDINLATMA ABAJUR VE LAMBADER Ayd\u0131nlatma<\/p>","protected":false},"author":4,"featured_media":0,"parent":0,"menu_order":0,"comment_status":"closed","ping_status":"closed","template":"page-full-width.php","meta":{"_joinchat":[],"footnotes":""},"class_list":["post-1506","page","type-page","status-publish","hentry"],"_links":{"self":[{"href":"https:\/\/makrolight.com\/de\/wp-json\/wp\/v2\/pages\/1506","targetHints":{"allow":["GET"]}}],"collection":[{"href":"https:\/\/makrolight.com\/de\/wp-json\/wp\/v2\/pages"}],"about":[{"href":"https:\/\/makrolight.com\/de\/wp-json\/wp\/v2\/types\/page"}],"author":[{"embeddable":true,"href":"https:\/\/makrolight.com\/de\/wp-json\/wp\/v2\/users\/4"}],"replies":[{"embeddable":true,"href":"https:\/\/makrolight.com\/de\/wp-json\/wp\/v2\/comments?post=1506"}],"version-history":[{"count":0,"href":"https:\/\/makrolight.com\/de\/wp-json\/wp\/v2\/pages\/1506\/revisions"}],"wp:attachment":[{"href":"https:\/\/makrolight.com\/de\/wp-json\/wp\/v2\/media?parent=1506"}],"curies":[{"name":"wp","href":"https:\/\/api.w.org\/{rel}","templated":true}]}}