{"id":2000,"date":"2021-04-20T14:59:29","date_gmt":"2021-04-20T14:59:29","guid":{"rendered":"https:\/\/tobel.qodeinteractive.com\/?page_id=2000"},"modified":"2025-09-03T12:25:43","modified_gmt":"2025-09-03T12:25:43","slug":"hakkimizda","status":"publish","type":"page","link":"https:\/\/makrolight.com\/de\/hakkimizda\/","title":{"rendered":"\u00dcber uns"},"content":{"rendered":"<div data-elementor-type=\"wp-page\" data-elementor-id=\"2000\" class=\"elementor elementor-2000\">\n\t\t\t\t\t\t<section class=\"elementor-section elementor-top-section elementor-element elementor-element-6c1e2aa0 elementor-section-full_width qodef-elementor-content-grid elementor-section-height-default elementor-section-height-default qodef-elementor-overlay-no\" data-id=\"6c1e2aa0\" data-element_type=\"section\">\n\t\t\t\t\t\t<div class=\"elementor-container elementor-column-gap-custom\">\n\t\t\t\t\t<div class=\"elementor-column elementor-col-100 elementor-top-column elementor-element elementor-element-58d80f57\" data-id=\"58d80f57\" data-element_type=\"column\">\n\t\t\t<div class=\"elementor-widget-wrap elementor-element-populated\">\n\t\t\t\t\t\t<div class=\"elementor-element elementor-element-6fc55d2c elementor-widget elementor-widget-tobel_core_section_title\" data-id=\"6fc55d2c\" data-element_type=\"widget\" data-widget_type=\"tobel_core_section_title.default\">\n\t\t\t\t<div class=\"elementor-widget-container\">\n\t\t\t\t\t<div class=\"qodef-shortcode qodef-m qodef-section-title qodef-alignment--left\">\n\t\t<p class=\"qodef-m-subtitle\" style=\"margin-bottom: -7px;font-size: 50px;color: #000000\">\n\t\tUNSERE GESCHICHTE\t<\/p>\n\t\t<\/div>\n\t\t\t\t<\/div>\n\t\t\t\t<\/div>\n\t\t\t\t<div class=\"elementor-element elementor-element-3ebe8d73 elementor-widget elementor-widget-text-editor\" data-id=\"3ebe8d73\" data-element_type=\"widget\" data-widget_type=\"text-editor.default\">\n\t\t\t\t<div class=\"elementor-widget-container\">\n\t\t\t\t\t\t\t\t\t<p><strong>Makrolight Ayd\u0131nlatma<\/strong> olarak, 2020 y\u0131l\u0131ndan bu yana, ayd\u0131nlatma sekt\u00f6r\u00fcnde kalite, innovasyon ve g\u00fcvenilirli\u011fi bir araya getiren \u00e7\u00f6z\u00fcmler sunmaktay\u0131z. <br \/>Misyonumuz; konutlardan otellere, ofislerden end\u00fcstriyel tesislere kadar her alan i\u00e7in enerji verimli, uzun \u00f6m\u00fcrl\u00fc ve estetik a\u00e7\u0131dan \u00fcst\u00fcn ayd\u0131nlatma \u00fcr\u00fcnleri tasarlamak ve tedarik etmektir.<\/p><p>Teknolojik Yenilik ve Kalite<br \/>\u00dcr\u00fcn gam\u0131m\u0131z\u0131 olu\u015ftururken en son teknolojik geli\u015fmeleri yak\u0131ndan takip ediyoruz. LED teknolojisindeki avantajlar\u0131 en \u00fcst d\u00fczeye \u00e7\u0131karan, y\u00fcksek l\u00fcmen verimlili\u011fine sahip ve minimum enerji t\u00fcketimi ile maksimum ayd\u0131nlatma konforu sunan \u00fcr\u00fcnler geli\u015ftiriyoruz. T\u00fcm \u00fcr\u00fcnlerimiz, uluslararas\u0131 kalite standartlar\u0131na (CE, RoHS vb.) uygun olarak \u00fcretilmekte ve titiz kalite kontrol s\u00fcre\u00e7lerinden ge\u00e7mektedir.<\/p><p>M\u00fc\u015fteri Odakl\u0131 \u00c7\u00f6z\u00fcmler<br \/>Biz sadece \u00fcr\u00fcn satm\u0131yoruz; \u0131\u015f\u0131kla ilgili her t\u00fcrl\u00fc ihtiyac\u0131n\u0131z i\u00e7in \u00e7\u00f6z\u00fcm orta\u011f\u0131n\u0131z olmay\u0131 hedefliyoruz. Teknik ekibimiz, projelerinize en uygun ayd\u0131nlatma \u00e7\u00f6z\u00fcmlerini \u00f6nermek ve size \u00f6zel proje tasar\u0131m deste\u011fi sunmak i\u00e7in her zaman yan\u0131n\u0131zdad\u0131r.<\/p><p>Neden Bizi Se\u00e7melisiniz?<br \/>\u2022 Geni\u015f \u00dcr\u00fcn Yelpazesi: Her ihtiyaca ve tarza uygun, binlerce \u00fcr\u00fcn \u00e7e\u015fidi.<br \/>\u2022 Enerji Verimlili\u011fi: %80&#8217;e varan enerji tasarrufu sa\u011flayan, \u00e7evreci \u00fcr\u00fcnler.<br \/>\u2022 Uzun \u00d6m\u00fcr: Ortalama 25.000 saat \u00fczeri kullan\u0131m \u00f6mr\u00fc ile d\u00fc\u015f\u00fck i\u015fletme maliyeti.<br \/>\u2022 Teknik Destek: Sat\u0131\u015f \u00f6ncesi ve sonras\u0131 profesyonel dan\u0131\u015fmanl\u0131k.<\/p><p>Vizyonumuz, s\u00fcrd\u00fcr\u00fclebilir ve ayd\u0131nl\u0131k bir gelecek i\u00e7in, ayd\u0131nlatma sekt\u00f6r\u00fcn\u00fcn T\u00fcrkiye&#8217;deki ve uluslararas\u0131 arenadaki \u00f6nc\u00fc markalar\u0131ndan biri olmaya devam etmektir.<\/p>\t\t\t\t\t\t\t\t<\/div>\n\t\t\t\t<\/div>\n\t\t\t\t\t<\/div>\n\t\t<\/div>\n\t\t\t\t\t<\/div>\n\t\t<\/section>\n\t\t\t\t<\/div>","protected":false},"excerpt":{"rendered":"<p>Tarih\u00e7e Makrolight Ayd\u0131nlatma olarak, 2020 y\u0131l\u0131ndan bu yana, ayd\u0131nlatma sekt\u00f6r\u00fcnde kalite, innovasyon ve g\u00fcvenilirli\u011fi bir araya getiren \u00e7\u00f6z\u00fcmler sunmaktay\u0131z. Misyonumuz; konutlardan otellere, ofislerden end\u00fcstriyel tesislere kadar her alan i\u00e7in enerji verimli, uzun \u00f6m\u00fcrl\u00fc ve estetik a\u00e7\u0131dan \u00fcst\u00fcn ayd\u0131nlatma \u00fcr\u00fcnleri tasarlamak ve tedarik etmektir. Teknolojik Yenilik ve Kalite\u00dcr\u00fcn gam\u0131m\u0131z\u0131 olu\u015ftururken en son teknolojik geli\u015fmeleri yak\u0131ndan takip [&hellip;]<\/p>","protected":false},"author":4,"featured_media":0,"parent":0,"menu_order":0,"comment_status":"closed","ping_status":"closed","template":"page-full-width.php","meta":{"_joinchat":[],"footnotes":""},"class_list":["post-2000","page","type-page","status-publish","hentry"],"_links":{"self":[{"href":"https:\/\/makrolight.com\/de\/wp-json\/wp\/v2\/pages\/2000","targetHints":{"allow":["GET"]}}],"collection":[{"href":"https:\/\/makrolight.com\/de\/wp-json\/wp\/v2\/pages"}],"about":[{"href":"https:\/\/makrolight.com\/de\/wp-json\/wp\/v2\/types\/page"}],"author":[{"embeddable":true,"href":"https:\/\/makrolight.com\/de\/wp-json\/wp\/v2\/users\/4"}],"replies":[{"embeddable":true,"href":"https:\/\/makrolight.com\/de\/wp-json\/wp\/v2\/comments?post=2000"}],"version-history":[{"count":3,"href":"https:\/\/makrolight.com\/de\/wp-json\/wp\/v2\/pages\/2000\/revisions"}],"predecessor-version":[{"id":15591,"href":"https:\/\/makrolight.com\/de\/wp-json\/wp\/v2\/pages\/2000\/revisions\/15591"}],"wp:attachment":[{"href":"https:\/\/makrolight.com\/de\/wp-json\/wp\/v2\/media?parent=2000"}],"curies":[{"name":"wp","href":"https:\/\/api.w.org\/{rel}","templated":true}]}}