{"id":12331,"date":"2023-09-27T11:12:11","date_gmt":"2023-09-27T11:12:11","guid":{"rendered":"https:\/\/masialux.com\/?post_type=product&#038;p=12331"},"modified":"2024-08-07T07:33:09","modified_gmt":"2024-08-07T07:33:09","slug":"trifaze-dali-ray-esnek-ara-baglanti-mra-1004-dali","status":"publish","type":"product","link":"https:\/\/makrolight.com\/de\/produkt\/trifaze-dali-ray-esnek-ara-baglanti-mra-1004-dali\/","title":{"rendered":"DREIPHASIGE DALI-SCHIENE FLEXIBLE VERBINDUNG | MRA 1004 \u2013 DALI"},"content":{"rendered":"<p><strong>Masialux Trifaze Dali Ray Komponenti Esnek Ara Ba\u011flant\u0131 Aparat\u0131<\/strong><\/p>\n<ul>\n<li>Trifaze Dali Ray Esnek Ara Ba\u011flant\u0131 Ek Par\u00e7as\u0131<\/li>\n<li>Es funktioniert mit 220 Volt<\/li>\n<li>Schwarz - Wei\u00dfe Farbe<\/li>\n<li>Trifaze Dali Ray Spotlar i\u00e7in raylara ekleme ve uzatma i\u00e7in kullan\u0131l\u0131r.<\/li>\n<\/ul>\n<p>&nbsp;<\/p>\n<h4><strong>INSTALLATION UND SICHERHEITSHINWEISE<\/strong><\/h4>\n<div>\n<h5><strong>TR\u0130FAZE dali ray KOMPONENT\u0130 ESNEK ARA BA\u011eLANTI APARATI ;<\/strong><\/h5>\n<\/div>\n<ul>\n<li>Trifaze dali ray esnek ara ba\u011flant\u0131 \u00fcr\u00fcn\u00fcn\u00fcz\u00fc teslim al\u0131rken, fiziksel bir hasar olup olmad\u0131\u011f\u0131n\u0131 kontrol ediniz. Bunun yan\u0131nda nakliye hasarl\u0131 \u00fcr\u00fcnlerin de\u011fi\u015fimini kargodan yada ambardan talep ediniz ve \u00fcr\u00fcn ile birlikte gelmesi gereken aksesuarlar varsa tam olup olmad\u0131\u011f\u0131n\u0131 kontrol ediniz.<\/li>\n<li>Bewahren Sie die Originalverpackung oder -verpackung, das Zubeh\u00f6r und die Rechnung f\u00fcr zuk\u00fcnftige Servicezwecke auf.<\/li>\n<li>Achten Sie darauf, den Strichcode, das Modell und die Seriennummer des Produkts nicht zu besch\u00e4digen.<\/li>\n<li>Wenn diese nicht gelesen oder getragen werden, f\u00e4llt Ihr Produkt nicht unter die Garantie.<\/li>\n<li>\u00a0Das Produkt darf nur f\u00fcr den bestimmungsgem\u00e4\u00dfen Gebrauch verwendet werden.<\/li>\n<li>Die Verk\u00e4uferfirma \u00fcbernimmt keine Verantwortung f\u00fcr Verletzungen oder Sch\u00e4den, die durch unsachgem\u00e4\u00dfe Verwendung des Produkts entstehen k\u00f6nnen.<\/li>\n<li>Elektrik ba\u011flant\u0131lar\u0131 sadece uzman personel taraf\u0131ndan yap\u0131lmal\u0131d\u0131r. \u00c7\u00fcnk\u00fc aksi takdirde \u00fcr\u00fcn garanti kapsam\u0131 d\u0131\u015f\u0131nda kalacakt\u0131r.<\/li>\n<li>Stellen Sie sicher, dass der elektrische Anschluss w\u00e4hrend der Installation ausgeschaltet ist.<\/li>\n<li>G\u00fc\u00e7 kablolar\u0131n\u0131n hasarl\u0131 oldu\u011fu durumda \u00fcr\u00fcn\u00fc kullanmay\u0131n\u0131z. \u00c7\u00fcn\u00fc aksi takdirde \u00f6l\u00fcm, ciddi yaralanma veya maddi hasara neden olabilir.<\/li>\n<li>Montaj\u0131na ba\u015flamadan \u00f6nce kablolar\u0131n ve \u00fcr\u00fcn\u00fcn d\u0131\u015f \u00e7eperlerinin hasarl\u0131 olmad\u0131\u011f\u0131ndan emin olman\u0131z gerekir.<\/li>\n<li>Stellen Sie sicher, dass keine h\u00f6here Spannung als die auf dem Etikett angegebene Betriebsspannung anliegt.<\/li>\n<li>Fakat uyu\u015fmazl\u0131k durumunda meydana gelebilecek ar\u0131zalarda, sat\u0131c\u0131 firma sorumlu tutulamaz ve ar\u0131za garanti kapsam\u0131nda de\u011ferlendirilemez.<\/li>\n<li>\u00d6zellikle montaj i\u00e7in yaln\u0131zca firmam\u0131z\u0131n belirledi\u011fi ek aparatlar kullan\u0131lmal\u0131d\u0131r.<\/li>\n<li>Der Netzanschluss muss mit Anschlussmaterial gem\u00e4\u00df den Installationsvorschriften des jeweiligen Landes erfolgen.<\/li>\n<li>Nicht an Orten mit elektrischen Leckagen verwenden.<\/li>\n<li>Kabelanschlussstellen m\u00fcssen mit Anschlussklemmen oder Schmelzklebeband isoliert werden.<\/li>\n<li>Nehmen Sie keine Modifikationen, Reparaturen, Ver\u00e4nderungen oder sonstige physikalische Eingriffe vor. Als Folge dieses Vorgangs k\u00f6nnen Sachsch\u00e4den auftreten und die Produktgarantie erlischt.<\/li>\n<\/ul>\n<h4><strong>WICHTIGE WARNHINWEISE<\/strong><\/h4>\n<ul>\n<li>Trifaze dali ray komponenti esnek ara ba\u011flant\u0131 \u00fcr\u00fcn\u00fcnde meydana gelen herhangi bir ar\u0131za durumunda ilk olarak uzman yetkili servisimizle irtibata ge\u00e7iniz.<\/li>\n<li>Yetkili teknik servisimiz d\u0131\u015f\u0131nda \u00fcr\u00fcne kimsenin m\u00fcdahale etmesine izin vermeyiniz. \u00c7\u00fcnk\u00fc bu t\u00fcr m\u00fcdahaleler sonucu \u00fcr\u00fcn t\u00fcm\u00fcyle garanti kapsam\u0131 d\u0131\u015f\u0131nda kal\u0131r.<\/li>\n<li>Wenn das externe flexible Kabel oder Kabel dieses Produkts besch\u00e4digt ist, muss es von einer qualifizierten Person ersetzt werden, um Gefahren zu vermeiden.<\/li>\n<li>\u00dcr\u00fcn \u00e7al\u0131\u015f\u0131r durumdayken y\u00fczeyi s\u0131cak oldu\u011fu i\u00e7in \u00fcr\u00fcn\u00fcn enerjisi kesilmelidir ve so\u011fumadan dokunulmamal\u0131d\u0131r. Ama \u00fcr\u00fcn \u00e7al\u0131\u015f\u0131r durumdayken direkt olarak bakmay\u0131n\u0131z.<\/li>\n<li>Reinigen Sie die Oberfl\u00e4che nicht mit brennbaren Substanzen wie Alkohol oder Benzin.<\/li>\n<li>Au\u00dferhalb der Reichweite von Kindern und in der Produktverpackung aufbewahren.<\/li>\n<\/ul>\n<h4><strong>GARANTIESCHEIN | Garantiebedingungen<\/strong><\/h4>\n<p><strong>Trifaze\u00a0 dali ray esnek ara ba\u011flant\u0131 aparat\u0131;<\/strong><\/p>\n<ul>\n<li>Die Garantiezeit beginnt mit dem Rechnungsdatum des Produkts und betr\u00e4gt 2 Jahre.<\/li>\n<li>B\u00fct\u00fcn par\u00e7alar\u0131 dahil olmak \u00fczere tamam\u0131 garanti kapsam\u0131na girer.<\/li>\n<li>Wenn jedoch davon ausgegangen wird, dass das Produkt fehlerhaft ist, kann der Verbraucher Artikel 11 des Verbraucherschutzgesetzes Nr. 6502 anwenden. im Artikel enthalten;<\/li>\n<\/ul>\n<div>a) Kostenlose Reparatur.<\/div>\n<div>b) Ersetzen durch ein neues Produkt, wenn es nicht repariert wird.<\/div>\n<ul>\n<li>Im Falle einer kostenlosen Reparatur des Verbrauchers von diesen Rechten ist der Verk\u00e4ufer; ist verpflichtet, das Produkt kostenlos unter einem anderen Namen, wie Arbeitskosten, Ersatzteilkosten oder einem anderen Namen, reparieren zu lassen.<\/li>\n<li>Garanti s\u00fcresi i\u00e7erisinde ar\u0131zalanmas\u0131 durumunda, tamirde ge\u00e7en s\u00fcre garanti s\u00fcresine eklenir. Bunun d\u0131\u015f\u0131nda \u00fcr\u00fcn\u00fcn tamir s\u00fcresi 20 i\u015f g\u00fcn\u00fcn\u00fc ge\u00e7emez.<\/li>\n<li>Defekte, die durch Verwendung entgegen den Punkten in der Bedienungsanleitung verursacht wurden, fallen nicht unter die Garantie.<\/li>\n<\/ul>\n<h4><strong>Welche Anwendungsfehler f\u00fchren dazu, dass das defekte Produkt nicht mehr unter die Garantie f\u00e4llt?<\/strong><\/h4>\n<ul>\n<li>St\u00f6rungen, die durch die Verwendung von Elektrizit\u00e4t und den Benutzer verursacht werden (wie Stromausfall, Spannungsschwankungen, Installation von Zubeh\u00f6r, das nicht zur Maschine geh\u00f6rt, oder Nichtbenutzung des obligatorischen Zubeh\u00f6rs), jeder Eingriff, der nicht vom autorisierten Kundendienst durchgef\u00fchrt wird der Produkte mit Garantie, Besch\u00e4digung des Etiketts bei Produkten mit dem Garantieetikett, gebrochene Au\u00dfenfl\u00e4che des Ger\u00e4ts, Kratzer usw. Ausf\u00e4lle, die durch Gr\u00fcnde wie staubige, feuchte, extrem hei\u00dfe oder kalte Umgebungen, \u00dcberschwemmungen, Br\u00e4nde, Erdbeben, Blitzeinschl\u00e4ge usw. Durch Naturkatastrophen verursachte Ausf\u00e4lle fallen nicht unter die Garantie.<\/li>\n<\/ul>\n<p>Klicken Sie auf den Link f\u00fcr Schienen und Komponenten..<\/p>\n<p><a href=\"https:\/\/masialux.com\/product-category\/ray-ve-komponentler\/\">Ray und Komponenten Archiv | Masialux Beleuchtung<\/a><\/p>","protected":false},"excerpt":{"rendered":"<p>Drehstromschienenkomponenten - Flexible Entkopplungsvorrichtung<\/p>","protected":false},"featured_media":12333,"template":"","meta":{"_joinchat":[]},"product_brand":[],"product_cat":[212],"product_tag":[],"class_list":{"0":"post-12331","1":"product","2":"type-product","3":"status-publish","4":"has-post-thumbnail","6":"product_cat-trifaze-dali-ray","8":"first","9":"instock","10":"shipping-taxable","11":"product-type-simple"},"_links":{"self":[{"href":"https:\/\/makrolight.com\/de\/wp-json\/wp\/v2\/product\/12331","targetHints":{"allow":["GET"]}}],"collection":[{"href":"https:\/\/makrolight.com\/de\/wp-json\/wp\/v2\/product"}],"about":[{"href":"https:\/\/makrolight.com\/de\/wp-json\/wp\/v2\/types\/product"}],"wp:featuredmedia":[{"embeddable":true,"href":"https:\/\/makrolight.com\/de\/wp-json\/wp\/v2\/media\/12333"}],"wp:attachment":[{"href":"https:\/\/makrolight.com\/de\/wp-json\/wp\/v2\/media?parent=12331"}],"wp:term":[{"taxonomy":"product_brand","embeddable":true,"href":"https:\/\/makrolight.com\/de\/wp-json\/wp\/v2\/product_brand?post=12331"},{"taxonomy":"product_cat","embeddable":true,"href":"https:\/\/makrolight.com\/de\/wp-json\/wp\/v2\/product_cat?post=12331"},{"taxonomy":"product_tag","embeddable":true,"href":"https:\/\/makrolight.com\/de\/wp-json\/wp\/v2\/product_tag?post=12331"}],"curies":[{"name":"wp","href":"https:\/\/api.w.org\/{rel}","templated":true}]}}