{"id":12377,"date":"2023-09-28T11:51:52","date_gmt":"2023-09-28T11:51:52","guid":{"rendered":"https:\/\/masialux.com\/?post_type=product&#038;p=12377"},"modified":"2024-10-03T09:43:28","modified_gmt":"2024-10-03T09:43:28","slug":"magnet-siva-ustu-ray-mrm-5001-200","status":"publish","type":"product","link":"https:\/\/makrolight.com\/de\/produkt\/magnet-siva-ustu-ray-mrm-5001-200\/","title":{"rendered":"MAGNET SIVA \u00dcST\u00dc RAY  |  MRM 5001-200"},"content":{"rendered":"<p><strong>Masialux Magnet S\u0131va \u00dcst\u00fc Ray\u00a0<\/strong><\/p>\n<h4><strong>EINSATZBEREICHE<\/strong><\/h4>\n<ul>\n<li>Dekoration<\/li>\n<li>Superm\u00e4rkte<\/li>\n<li>Einkaufszentren<\/li>\n<li>H\u00e4user<\/li>\n<\/ul>\n<h4><strong>INSTALLATION UND SICHERHEITSHINWEISE<\/strong><\/h4>\n<div>\n<h5><strong>MAGNET s\u0131va \u00fcst\u00fc ray ;<\/strong><\/h5>\n<\/div>\n<ul>\n<li>Magnet s\u0131va \u00fcst\u00fc ray \u00fcr\u00fcn\u00fcn\u00fcz\u00fc teslim al\u0131rken, fiziksel bir hasar olup olmad\u0131\u011f\u0131n\u0131 kontrol ediniz. Nakliye hasarl\u0131 \u00fcr\u00fcnlerin de\u011fi\u015fimini kargodan yada ambardan talep ediniz ve \u00fcr\u00fcn ile birlikte gelmesi gereken aksesuarlar varsa tam olup olmad\u0131\u011f\u0131n\u0131 kontrol ediniz.<\/li>\n<li>Bewahren Sie die Originalverpackung oder -verpackung, das Zubeh\u00f6r und die Rechnung f\u00fcr zuk\u00fcnftige Servicezwecke auf.<\/li>\n<li>Achten Sie darauf, den Strichcode, das Modell und die Seriennummer des Produkts nicht zu besch\u00e4digen.<\/li>\n<li>Wenn diese nicht gelesen oder getragen werden, f\u00e4llt Ihr Produkt nicht unter die Garantie.<\/li>\n<li>\u00a0Das Produkt darf nur f\u00fcr den bestimmungsgem\u00e4\u00dfen Gebrauch verwendet werden.<\/li>\n<li>Die Verk\u00e4uferfirma \u00fcbernimmt keine Verantwortung f\u00fcr Verletzungen oder Sch\u00e4den, die durch unsachgem\u00e4\u00dfe Verwendung des Produkts entstehen k\u00f6nnen.<\/li>\n<li>Elektrische Anschl\u00fcsse d\u00fcrfen nur von Fachpersonal vorgenommen werden.<\/li>\n<li>Stellen Sie sicher, dass der elektrische Anschluss w\u00e4hrend der Installation ausgeschaltet ist.<\/li>\n<li>Verwenden Sie das Produkt nicht, wenn die Netzkabel besch\u00e4digt sind. Andernfalls k\u00f6nnen Tod, schwere K\u00f6rperverletzung oder Sachsch\u00e4den die Folge sein.<\/li>\n<li>Stellen Sie vor Beginn der Montage sicher, dass die Kabel und die Au\u00dfenw\u00e4nde des Produkts nicht besch\u00e4digt sind.<\/li>\n<li>Stellen Sie sicher, dass keine h\u00f6here Spannung als die auf dem Etikett angegebene Betriebsspannung anliegt.<\/li>\n<li>Die Verk\u00e4uferfirma kann nicht f\u00fcr St\u00f6rungen verantwortlich gemacht werden, die im Konfliktfall auftreten k\u00f6nnen, und die St\u00f6rung kann nicht im Rahmen der Gew\u00e4hrleistung bewertet werden.<\/li>\n<li>F\u00fcr die Montage d\u00fcrfen nur von uns bestimmte Zusatzger\u00e4te verwendet werden.<\/li>\n<li>Der Netzanschluss muss mit Anschlussmaterial gem\u00e4\u00df den Installationsvorschriften des jeweiligen Landes erfolgen.<\/li>\n<li>Nicht an Orten mit elektrischen Leckagen verwenden.<\/li>\n<li>Kabelanschlussstellen m\u00fcssen mit Anschlussklemmen oder Schmelzklebeband isoliert werden.<\/li>\n<li>Nehmen Sie keine Modifikationen, Reparaturen, Ver\u00e4nderungen oder sonstige physikalische Eingriffe vor. Als Folge dieses Vorgangs k\u00f6nnen Sachsch\u00e4den auftreten und die Produktgarantie erlischt.<\/li>\n<\/ul>\n<h4><strong>WICHTIGE WARNHINWEISE<\/strong><\/h4>\n<ul>\n<li>Magnet s\u0131va \u00fcst\u00fc ray \u00fcr\u00fcnde meydana gelen herhangi bir ar\u0131za durumunda uzman yetkili servisimizle irtibata ge\u00e7iniz.<\/li>\n<li>Erlauben Sie niemandem, au\u00dfer unserem autorisierten technischen Service, Eingriffe in das Produkt vorzunehmen. Als Folge solcher Eingriffe ist das Produkt vollst\u00e4ndig von der Garantie ausgeschlossen.<\/li>\n<li>Wenn das externe flexible Kabel oder Kabel dieses Produkts besch\u00e4digt ist, muss es von einer qualifizierten Person ersetzt werden, um Gefahren zu vermeiden.<\/li>\n<li>Da die Oberfl\u00e4che des Produkts hei\u00df ist, w\u00e4hrend das Produkt in Betrieb ist, sollte die Energie des Produkts abgeschaltet und nicht ber\u00fchrt werden, bevor es abgek\u00fchlt ist. Schauen Sie nicht direkt auf das Produkt, w\u00e4hrend es in Betrieb ist.<\/li>\n<li>Reinigen Sie die Oberfl\u00e4che nicht mit brennbaren Substanzen wie Alkohol oder Benzin.<\/li>\n<li>Au\u00dferhalb der Reichweite von Kindern und in der Produktverpackung aufbewahren.<\/li>\n<\/ul>\n<h4><strong>GARANTIESCHEIN | Garantiebedingungen<\/strong><\/h4>\n<p><strong>Magnet s\u0131va \u00fcst\u00fc ray;<\/strong><\/p>\n<ul>\n<li>Die Garantiezeit beginnt mit dem Rechnungsdatum des Produkts und betr\u00e4gt 2 Jahre.<\/li>\n<li>Alles unter Garantie, einschlie\u00dflich aller Teile.<\/li>\n<li>F\u00fcr den Fall, dass ein Mangel festgestellt wird, ist der Verbraucher gem\u00e4\u00df Artikel 11 des Gesetzes Nr. 6502 zum Schutz des Verbrauchers;<\/li>\n<\/ul>\n<div>a) Kostenlose Reparatur.<\/div>\n<div>b) Ersetzen durch ein neues Produkt, wenn es nicht repariert wird.<\/div>\n<ul>\n<li>Im Falle einer kostenlosen Reparatur des Verbrauchers von diesen Rechten ist der Verk\u00e4ufer; ist verpflichtet, das Produkt kostenlos unter einem anderen Namen, wie Arbeitskosten, Ersatzteilkosten oder einem anderen Namen, reparieren zu lassen.<\/li>\n<li>Im Falle einer Fehlfunktion innerhalb der Garantiezeit wird die f\u00fcr die Reparatur aufgewendete Zeit zur Garantiezeit hinzugerechnet. Die Reparaturdauer des Produkts darf 20 Arbeitstage nicht \u00fcberschreiten.<\/li>\n<li>Defekte, die durch Verwendung entgegen den Punkten in der Bedienungsanleitung verursacht wurden, fallen nicht unter die Garantie.<\/li>\n<\/ul>\n<h4><strong>Welche Anwendungsfehler f\u00fchren dazu, dass das defekte Produkt nicht mehr unter die Garantie f\u00e4llt?<\/strong><\/h4>\n<ul>\n<li>St\u00f6rungen, die durch die Verwendung von Elektrizit\u00e4t und den Benutzer verursacht werden (wie Stromausfall, Spannungsschwankungen, Installation von Zubeh\u00f6r, das nicht zur Maschine geh\u00f6rt, oder Nichtbenutzung des obligatorischen Zubeh\u00f6rs), jeder Eingriff, der nicht vom autorisierten Kundendienst durchgef\u00fchrt wird der Produkte mit Garantie, Besch\u00e4digung des Etiketts bei Produkten mit dem Garantieetikett, gebrochene Au\u00dfenfl\u00e4che des Ger\u00e4ts, Kratzer usw. Ausf\u00e4lle, die durch Gr\u00fcnde wie staubige, feuchte, extrem hei\u00dfe oder kalte Umgebungen, \u00dcberschwemmungen, Br\u00e4nde, Erdbeben, Blitzeinschl\u00e4ge usw. Durch Naturkatastrophen verursachte Ausf\u00e4lle fallen nicht unter die Garantie.<\/li>\n<\/ul>\n<p>Klicken Sie auf den Link f\u00fcr Schienen und Komponenten..<\/p>\n<p><a href=\"https:\/\/masialux.com\/product-category\/ray-ve-komponentler\/\">Ray und Komponenten Archiv | Masialux Beleuchtung<\/a><\/p>","protected":false},"excerpt":{"rendered":"<p>. 2 Meter<br \/>\n. Aufputzprofil<\/p>","protected":false},"featured_media":13657,"template":"","meta":{"_joinchat":[]},"product_brand":[],"product_cat":[213],"product_tag":[],"class_list":{"0":"post-12377","1":"product","2":"type-product","3":"status-publish","4":"has-post-thumbnail","6":"product_cat-magnet-ray","8":"first","9":"instock","10":"shipping-taxable","11":"product-type-simple"},"_links":{"self":[{"href":"https:\/\/makrolight.com\/de\/wp-json\/wp\/v2\/product\/12377","targetHints":{"allow":["GET"]}}],"collection":[{"href":"https:\/\/makrolight.com\/de\/wp-json\/wp\/v2\/product"}],"about":[{"href":"https:\/\/makrolight.com\/de\/wp-json\/wp\/v2\/types\/product"}],"wp:featuredmedia":[{"embeddable":true,"href":"https:\/\/makrolight.com\/de\/wp-json\/wp\/v2\/media\/13657"}],"wp:attachment":[{"href":"https:\/\/makrolight.com\/de\/wp-json\/wp\/v2\/media?parent=12377"}],"wp:term":[{"taxonomy":"product_brand","embeddable":true,"href":"https:\/\/makrolight.com\/de\/wp-json\/wp\/v2\/product_brand?post=12377"},{"taxonomy":"product_cat","embeddable":true,"href":"https:\/\/makrolight.com\/de\/wp-json\/wp\/v2\/product_cat?post=12377"},{"taxonomy":"product_tag","embeddable":true,"href":"https:\/\/makrolight.com\/de\/wp-json\/wp\/v2\/product_tag?post=12377"}],"curies":[{"name":"wp","href":"https:\/\/api.w.org\/{rel}","templated":true}]}}