{"id":12567,"date":"2023-10-16T12:08:51","date_gmt":"2023-10-16T12:08:51","guid":{"rendered":"https:\/\/masialux.com\/?post_type=product&#038;p=12567"},"modified":"2024-11-04T12:03:58","modified_gmt":"2024-11-04T12:03:58","slug":"yamas-serisi-mx-101-siva-ustu-acil-aydinlatma-ve-yonlendirme-armaturu","status":"publish","type":"product","link":"https:\/\/makrolight.com\/de\/produkt\/yamas-serisi-mx-101-siva-ustu-acil-aydinlatma-ve-yonlendirme-armaturu\/","title":{"rendered":"YAMAS-SERIE | Aufputz-Notbeleuchtungs- und Leitleuchte MX 101"},"content":{"rendered":"<p><strong>Masialux Acil Ayd\u0131nlatma ve Y\u00f6nlendirme Armat\u00fcrleri<\/strong><\/p>\n<p><strong>EINSATZBEREICHE<\/strong><\/p>\n<p>Yang\u0131n \u00e7\u0131k\u0131\u015f kap\u0131lar\u0131<br \/>\nOfisler<br \/>\nToplant\u0131 odalar\u0131<br \/>\nResepsiyon alanlar\u0131<br \/>\nAl\u0131\u015fveri\u015f merkezleri<br \/>\nOteller ve barlar<br \/>\nRestoranlar<br \/>\nE\u011flence kul\u00fcpleri<br \/>\n\u00dcniversiteler, yurtlar, okullar ve kolejler<\/p>\n<p><strong>PRODUKTINFORMATION<\/strong><br \/>\nTavan montaj, s\u0131va alt\u0131 uygulamalarda kullan\u0131labilecek, standartlara uygun, ekonomik i\u015faretlemeler i\u00e7in tasarlanm\u0131\u015ft\u0131r<br \/>\nT\u00fcm plastik ekipmanlar, gerekli alevalmazl\u0131k ko\u015fullar\u0131n\u0131 sa\u011flar.<br \/>\n5mm \u015feffaf akrilik dif\u00fcz\u00f6r.<br \/>\nI\u015f\u0131k kayna\u011f\u0131 LED ler, profil i\u00e7erisinden, pleksi boyunca \u0131\u015f\u0131ma yapar, \u00fczerindeki fig\u00fcr\u00fc ayd\u0131nlat\u0131r.<br \/>\nBataryas\u0131n\u0131 ve g\u00fc\u00e7 kayna\u011f\u0131n\u0131 i\u00e7erisinde bar\u0131nd\u0131ran ba\u011f\u0131ms\u0131z acil y\u00f6nlendirme armat\u00fcr\u00fcd\u00fcr.<br \/>\nContinius \u015farj y\u00f6ntemi ile, pilleri s\u00fcrekli dolu ve haz\u0131r tutar\u2022 \u015eebeke besleme gerilimi standart 220 volt AC 50 hz dir.<br \/>\n\u0130lk kullan\u0131mda \u015farj s\u00fcresi 24 saattir.<br \/>\n\u015eebeke voltaj\u0131ndaki 285 volt a kadar dalgalanmalara dayan\u0131kl\u0131d\u0131r.<br \/>\n150 voltun alt\u0131nda acil ayd\u0131nlatma moduna ge\u00e7er, 185 voltun \u00fczerinde \u015farj durumuna ge\u00e7er.<br \/>\nISO 9001-2000 kalite y\u00f6netim sistemi \u00e7er\u00e7evesinde, TS 8710 EN60598-2-22 standard\u0131na uygun \u00fcretilmektedir.<\/p>\n<p>&nbsp;<\/p>\n<h4><strong>INSTALLATION UND SICHERHEITSHINWEISE<\/strong><\/h4>\n<div>\n<h5><strong>Acil ayd\u0131nlatma armat\u00fcr ;<\/strong><\/h5>\n<\/div>\n<ul>\n<li>\u00dcberpr\u00fcfen Sie beim Empfang auf physische Sch\u00e4den. Fordern Sie den Ersatz der besch\u00e4digten Produkte bei der Fracht oder im Lager an und pr\u00fcfen Sie, ob das Produkt mit Zubeh\u00f6r geliefert werden sollte.<\/li>\n<li>Bewahren Sie die Originalverpackung oder -verpackung, das Zubeh\u00f6r und die Rechnung f\u00fcr zuk\u00fcnftige Servicezwecke auf.<\/li>\n<li>Achten Sie darauf, den Strichcode, das Modell und die Seriennummer des Produkts nicht zu besch\u00e4digen.<\/li>\n<li>Wenn diese nicht gelesen oder getragen werden, f\u00e4llt Ihr Produkt nicht unter die Garantie.<\/li>\n<li>\u00a0Das Produkt darf nur f\u00fcr den bestimmungsgem\u00e4\u00dfen Gebrauch verwendet werden.<\/li>\n<li>Die Verk\u00e4uferfirma \u00fcbernimmt keine Verantwortung f\u00fcr Verletzungen oder Sch\u00e4den, die durch unsachgem\u00e4\u00dfe Verwendung des Produkts entstehen k\u00f6nnen.<\/li>\n<li>Elektrische Anschl\u00fcsse d\u00fcrfen nur von Fachpersonal vorgenommen werden.<\/li>\n<li>Stellen Sie sicher, dass der elektrische Anschluss w\u00e4hrend der Installation ausgeschaltet ist.<\/li>\n<li>Verwenden Sie das Produkt nicht, wenn die Netzkabel besch\u00e4digt sind. Andernfalls k\u00f6nnen Tod, schwere K\u00f6rperverletzung oder Sachsch\u00e4den die Folge sein.<\/li>\n<li>Stellen Sie vor Beginn der Montage sicher, dass die Kabel und die Au\u00dfenw\u00e4nde des Produkts nicht besch\u00e4digt sind.<\/li>\n<li>Stellen Sie sicher, dass keine h\u00f6here Spannung als die auf dem Etikett angegebene Betriebsspannung anliegt.<\/li>\n<li>Die Verk\u00e4uferfirma kann nicht f\u00fcr St\u00f6rungen verantwortlich gemacht werden, die im Konfliktfall auftreten k\u00f6nnen, und die St\u00f6rung kann nicht im Rahmen der Gew\u00e4hrleistung bewertet werden.<\/li>\n<li>F\u00fcr die Montage d\u00fcrfen nur von uns bestimmte Zusatzger\u00e4te verwendet werden.<\/li>\n<li>Der Netzanschluss muss mit Anschlussmaterial gem\u00e4\u00df den Installationsvorschriften des jeweiligen Landes erfolgen.<\/li>\n<li>Nicht an Orten mit elektrischen Leckagen verwenden.<\/li>\n<li>Kabelanschlussstellen m\u00fcssen mit Anschlussklemmen oder Schmelzklebeband isoliert werden.<\/li>\n<li>Nehmen Sie keine Modifikationen, Reparaturen, Ver\u00e4nderungen oder sonstige physikalische Eingriffe vor. Als Folge dieses Vorgangs k\u00f6nnen Sachsch\u00e4den auftreten und die Produktgarantie erlischt.<\/li>\n<\/ul>\n<h4><strong>WICHTIGE WARNHINWEISE<\/strong><\/h4>\n<ul>\n<li>Acil ayd\u0131nlatma armat\u00fcr \u00fczerinde meydana gelen herhangi bir ar\u0131za durumunda uzman yetkili servisimizle irtibata ge\u00e7iniz.<\/li>\n<li>Erlauben Sie niemandem, au\u00dfer unserem autorisierten technischen Service, Eingriffe in das Produkt vorzunehmen. Als Folge solcher Eingriffe ist das Produkt vollst\u00e4ndig von der Garantie ausgeschlossen.<\/li>\n<li>Wenn das externe flexible Kabel oder Kabel dieses Produkts besch\u00e4digt ist, muss es von einer qualifizierten Person ersetzt werden, um Gefahren zu vermeiden.<\/li>\n<li>Da die Oberfl\u00e4che des Produkts hei\u00df ist, w\u00e4hrend das Produkt in Betrieb ist, sollte die Energie des Produkts abgeschaltet und nicht ber\u00fchrt werden, bevor es abgek\u00fchlt ist. Schauen Sie nicht direkt auf das Produkt, w\u00e4hrend es in Betrieb ist.<\/li>\n<li>Reinigen Sie die Oberfl\u00e4che nicht mit brennbaren Substanzen wie Alkohol oder Benzin.<\/li>\n<li>Au\u00dferhalb der Reichweite von Kindern und in der Produktverpackung aufbewahren.<\/li>\n<\/ul>\n<h4><strong>GARANTIESCHEIN | Garantiebedingungen<\/strong><\/h4>\n<p><strong>Acil Ayd\u0131nlatma Armat\u00fcr\u00fcn;<\/strong><\/p>\n<ul>\n<li>Die Garantiezeit beginnt mit dem Rechnungsdatum des Produkts und betr\u00e4gt 2 Jahre.<\/li>\n<li>B\u00fct\u00fcn par\u00e7alar\u0131 dahil olmak \u00fczere tamam\u0131 garanti kapsam\u0131na girmektedir.<\/li>\n<li>Kesinlikle ay\u0131pl\u0131 oldu\u011funun anla\u015f\u0131lmas\u0131 durumunda t\u00fcketici, 6502 say\u0131l\u0131 T\u00fcketicinin Korunmas\u0131 Hakk\u0131nda Kanunun 11. maddesinde yer alan;<\/li>\n<\/ul>\n<div>a) Kostenlose Reparatur.<\/div>\n<div>b) Ersetzen durch ein neues Produkt, wenn es nicht repariert wird.<\/div>\n<ul>\n<li>Im Falle einer kostenlosen Reparatur des Verbrauchers von diesen Rechten ist der Verk\u00e4ufer; ist verpflichtet, das Produkt kostenlos unter einem anderen Namen, wie Arbeitskosten, Ersatzteilkosten oder einem anderen Namen, reparieren zu lassen.<\/li>\n<li>Garanti s\u00fcresi i\u00e7erisinde ar\u0131zalanmas\u0131 durumunda, tamirde ge\u00e7en s\u00fcre garanti s\u00fcresine eklenir. Sonu\u00e7 olarak \u00fcr\u00fcn\u00fcn tamir s\u00fcresi 20 i\u015f g\u00fcn\u00fcn\u00fc ge\u00e7emez.<\/li>\n<li>K\u0131saca kullanma k\u0131lavuzunda yer alan hususlara ayk\u0131r\u0131 kullan\u0131lmas\u0131ndan kaynaklanan ar\u0131zalar garanti kapsam\u0131 d\u0131\u015f\u0131ndad\u0131r.<\/li>\n<\/ul>\n<h4><strong>Welche Anwendungsfehler f\u00fchren dazu, dass das defekte Produkt nicht mehr unter die Garantie f\u00e4llt?<\/strong><\/h4>\n<ul>\n<li>St\u00f6rungen, die durch die Verwendung von Elektrizit\u00e4t und den Benutzer verursacht werden (wie Stromausfall, Spannungsschwankungen, Installation von Zubeh\u00f6r, das nicht zur Maschine geh\u00f6rt, oder Nichtbenutzung des obligatorischen Zubeh\u00f6rs), jeder Eingriff, der nicht vom autorisierten Kundendienst durchgef\u00fchrt wird der Produkte mit Garantie, Besch\u00e4digung des Etiketts bei Produkten mit dem Garantieetikett, gebrochene Au\u00dfenfl\u00e4che des Ger\u00e4ts, Kratzer usw. Ausf\u00e4lle, die durch Gr\u00fcnde wie staubige, feuchte, extrem hei\u00dfe oder kalte Umgebungen, \u00dcberschwemmungen, Br\u00e4nde, Erdbeben, Blitzeinschl\u00e4ge usw. Durch Naturkatastrophen verursachte Ausf\u00e4lle fallen nicht unter die Garantie.<\/li>\n<\/ul>\n<p><a href=\"https:\/\/masialux.com\/product-category\/acil-aydinlatma-ve-yonlendirmeler\/\">Acil Ayd\u0131nlatma ve Y\u00f6nlendirmeler | Masialux Ayd\u0131nlatma<\/a><\/p>\n<p>&nbsp;<\/p>","protected":false},"excerpt":{"rendered":"<p><strong>Masialux Yamas Serie Notausgangs- und Richtungsleuchte MX 101<\/strong><\/p>\n<p>&nbsp;<\/p>\n<h5><strong>HERUNTERLADBARE PRODUKTMEDIEN<\/strong><\/h5>\n<p><strong><a href=\"\/de\/downloads\/MX101\/Datasheet-MX101.pdf\/\">\u25ef<\/a><a href=\"\/de\/downloads\/MX101\/Datasheet-MX101.pdf\/\" target=\"_blank\" rel=\"noopener\"> Datenblatt<\/a><\/strong><\/p>\n<p><strong>Leuchtenmerkmale<\/strong><\/p>\n<p><strong>K\u00f6rper : <\/strong>Geh\u00e4use aus Aluminiumprofil, Abdeckungen aus ABS-Kunststoff<br \/>\n<strong>Lichtquelle :<\/strong> Mittelstarke LED<br \/>\n<b>Optisch: <\/b>PMMA mit hoher Permeabilit\u00e4t<br \/>\n<b>IP-Schutz: <\/b>IP 20<br \/>\n<strong>Wirkleistung:<\/strong> 1,5 W<br \/>\n<strong>Optionen:<\/strong> Ein- und doppelseitige Anwendung<\/p>\n<p>&nbsp;<\/p>","protected":false},"featured_media":12569,"template":"","meta":{"_joinchat":[]},"product_brand":[],"product_cat":[215],"product_tag":[],"class_list":{"0":"post-12567","1":"product","2":"type-product","3":"status-publish","4":"has-post-thumbnail","6":"product_cat-acil-aydinlatma-ve-yonlendirmeler","8":"first","9":"instock","10":"shipping-taxable","11":"product-type-simple"},"_links":{"self":[{"href":"https:\/\/makrolight.com\/de\/wp-json\/wp\/v2\/product\/12567","targetHints":{"allow":["GET"]}}],"collection":[{"href":"https:\/\/makrolight.com\/de\/wp-json\/wp\/v2\/product"}],"about":[{"href":"https:\/\/makrolight.com\/de\/wp-json\/wp\/v2\/types\/product"}],"wp:featuredmedia":[{"embeddable":true,"href":"https:\/\/makrolight.com\/de\/wp-json\/wp\/v2\/media\/12569"}],"wp:attachment":[{"href":"https:\/\/makrolight.com\/de\/wp-json\/wp\/v2\/media?parent=12567"}],"wp:term":[{"taxonomy":"product_brand","embeddable":true,"href":"https:\/\/makrolight.com\/de\/wp-json\/wp\/v2\/product_brand?post=12567"},{"taxonomy":"product_cat","embeddable":true,"href":"https:\/\/makrolight.com\/de\/wp-json\/wp\/v2\/product_cat?post=12567"},{"taxonomy":"product_tag","embeddable":true,"href":"https:\/\/makrolight.com\/de\/wp-json\/wp\/v2\/product_tag?post=12567"}],"curies":[{"name":"wp","href":"https:\/\/api.w.org\/{rel}","templated":true}]}}