{"id":12608,"date":"2023-10-16T13:06:15","date_gmt":"2023-10-16T13:06:15","guid":{"rendered":"https:\/\/masialux.com\/?post_type=product&#038;p=12608"},"modified":"2024-11-04T12:38:43","modified_gmt":"2024-11-04T12:38:43","slug":"yamas-serisi-mx-204-sarkit-acil-aydinlatma-ve-yonlendirme-armaturu","status":"publish","type":"product","link":"https:\/\/makrolight.com\/de\/produkt\/yamas-serisi-mx-204-sarkit-acil-aydinlatma-ve-yonlendirme-armaturu\/","title":{"rendered":"YAMAS-SERIE | MX 204 PENDELLEUCHTE NOT- UND LEITLEUCHTE"},"content":{"rendered":"<p><strong>\u00a0Masialux NOTBELEUCHTUNGS- UND LEITLEUCHTEN<\/strong><\/p>\n<p><strong>EINSATZBEREICHE<\/strong><br \/>\n\u2022 Notausgangst\u00fcren<br \/>\n\u2022 B\u00fcros<br \/>\n\u2022 Besprechungszimmer<br \/>\n\u2022 Empfangsbereiche<br \/>\n\u2022 Einkaufszentren<br \/>\n\u2022 Hotels und Bars<br \/>\n\u2022 Restaurants<br \/>\n\u2022 Unterhaltungsclubs<br \/>\n\u2022 Universit\u00e4ten, Wohnheime, Schulen und Hochschulen<\/p>\n<p><strong>PRODUKTINFORMATION<\/strong><br \/>\n\u2022 Konzipiert f\u00fcr normgerechte, wirtschaftliche Markierungen, die bei Deckenmontage- und Unterputzanwendungen eingesetzt werden k\u00f6nnen.<br \/>\n\u2022 Alle Kunststoffger\u00e4te bieten die erforderlichen Entflammbarkeitsbedingungen.<br \/>\n\u2022 5 mm starker transparenter Acryldiffusor.<br \/>\n\u2022 Lichtquellen-LEDs strahlen aus dem Inneren des Profils entlang des Plexiglases und beleuchten die darauf befindliche Figur.<br \/>\n\u2022 Es handelt sich um eine unabh\u00e4ngige Notleitleuchte, die ihre Batterie und ihr Netzteil enth\u00e4lt.<br \/>\n\u2022 Mit der kontinuierlichen Lademethode bleiben die Akkus jederzeit aufgeladen und einsatzbereit. \u2022 Die Netzspannung betr\u00e4gt standardm\u00e4\u00dfig 220 Volt Wechselstrom 50 Hz.<br \/>\n\u2022 Die Ladezeit f\u00fcr den ersten Gebrauch betr\u00e4gt 24 Stunden.<br \/>\n\u2022 Es ist resistent gegen Schwankungen der Netzspannung bis zu 285 Volt.<br \/>\n\u2022 Unterhalb von 150 Volt geht es in den Notlichtmodus und \u00fcber 185 Volt in den Ladezustand.<br \/>\n\u2022 Es wird gem\u00e4\u00df der Norm TS 8710 EN60598-2-22 im Rahmen des Qualit\u00e4tsmanagementsystems ISO 9001-2000 hergestellt.<\/p>","protected":false},"excerpt":{"rendered":"<p><strong>Masialux Yamas Serie Notausgangs- und Richtungsleuchte MX 204<\/strong><\/p>\n<p>&nbsp;<\/p>\n<h5><strong>HERUNTERLADBARE PRODUKTMEDIEN<\/strong><\/h5>\n<p><strong><a href=\"\/de\/downloads\/MX204\/Datasheet-MX204.pdf\/\">\u25ef<\/a><a href=\"\/de\/downloads\/MX204\/Datasheet-MX204.pdf\/\" target=\"_blank\" rel=\"noopener\"> Datenblatt<\/a><\/strong><\/p>\n<p><strong>Leuchtenmerkmale<\/strong><\/p>\n<p><strong>K\u00f6rper : <\/strong>Geh\u00e4use aus Aluminiumprofil, Abdeckungen aus ABS-Kunststoff<br \/>\n<strong>Lichtquelle :<\/strong> Mittelstarke LED<br \/>\n<b>Optisch: <\/b>PMMA mit hoher Permeabilit\u00e4t<br \/>\n<b>IP-Schutz: <\/b>IP 20<br \/>\n<strong>Wirkleistung:<\/strong> 1,5 W<br \/>\n<strong>Optionen:<\/strong> Ein- und doppelseitige Anwendung<\/p>\n<p>&nbsp;<\/p>","protected":false},"featured_media":12610,"template":"","meta":{"_joinchat":[]},"product_brand":[],"product_cat":[215],"product_tag":[],"class_list":{"0":"post-12608","1":"product","2":"type-product","3":"status-publish","4":"has-post-thumbnail","6":"product_cat-acil-aydinlatma-ve-yonlendirmeler","8":"first","9":"instock","10":"shipping-taxable","11":"product-type-simple"},"_links":{"self":[{"href":"https:\/\/makrolight.com\/de\/wp-json\/wp\/v2\/product\/12608","targetHints":{"allow":["GET"]}}],"collection":[{"href":"https:\/\/makrolight.com\/de\/wp-json\/wp\/v2\/product"}],"about":[{"href":"https:\/\/makrolight.com\/de\/wp-json\/wp\/v2\/types\/product"}],"wp:featuredmedia":[{"embeddable":true,"href":"https:\/\/makrolight.com\/de\/wp-json\/wp\/v2\/media\/12610"}],"wp:attachment":[{"href":"https:\/\/makrolight.com\/de\/wp-json\/wp\/v2\/media?parent=12608"}],"wp:term":[{"taxonomy":"product_brand","embeddable":true,"href":"https:\/\/makrolight.com\/de\/wp-json\/wp\/v2\/product_brand?post=12608"},{"taxonomy":"product_cat","embeddable":true,"href":"https:\/\/makrolight.com\/de\/wp-json\/wp\/v2\/product_cat?post=12608"},{"taxonomy":"product_tag","embeddable":true,"href":"https:\/\/makrolight.com\/de\/wp-json\/wp\/v2\/product_tag?post=12608"}],"curies":[{"name":"wp","href":"https:\/\/api.w.org\/{rel}","templated":true}]}}