{"id":13576,"date":"2024-02-18T21:24:19","date_gmt":"2024-02-18T21:24:19","guid":{"rendered":"https:\/\/masialux.com\/?post_type=product&#038;p=13576"},"modified":"2024-11-18T13:27:13","modified_gmt":"2024-11-18T13:27:13","slug":"ronda-serisi-mj-111-yuksek-tavan-armatur","status":"publish","type":"product","link":"https:\/\/makrolight.com\/de\/produkt\/ronda-serisi-mj-111-yuksek-tavan-armatur\/","title":{"rendered":"RONDA-SERIE | MJ 111 HOHE BAY-LAMPE"},"content":{"rendered":"<p><strong>\u00a0Masialux Hallenleuchte<\/strong><\/p>\n<p><img fetchpriority=\"high\" decoding=\"async\" class=\"alignnone wp-image-14526 size-full\" src=\"http:\/\/masialux.com\/wp-content\/uploads\/2024\/02\/mj111-icerik-gorsel-1.jpg\" alt=\"\" width=\"1402\" height=\"596\" srcset=\"https:\/\/makrolight.com\/wp-content\/uploads\/2024\/02\/mj111-icerik-gorsel-1.jpg 1402w, https:\/\/makrolight.com\/wp-content\/uploads\/2024\/02\/mj111-icerik-gorsel-1-300x128.jpg 300w, https:\/\/makrolight.com\/wp-content\/uploads\/2024\/02\/mj111-icerik-gorsel-1-1024x435.jpg 1024w, https:\/\/makrolight.com\/wp-content\/uploads\/2024\/02\/mj111-icerik-gorsel-1-768x326.jpg 768w, https:\/\/makrolight.com\/wp-content\/uploads\/2024\/02\/mj111-icerik-gorsel-1-18x8.jpg 18w, https:\/\/makrolight.com\/wp-content\/uploads\/2024\/02\/mj111-icerik-gorsel-1-600x255.jpg 600w, https:\/\/makrolight.com\/wp-content\/uploads\/2024\/02\/mj111-icerik-gorsel-1-800x340.jpg 800w\" sizes=\"(max-width: 1402px) 100vw, 1402px\" \/><\/p>\n<p>&nbsp;<\/p>\n<p><img decoding=\"async\" class=\"alignnone wp-image-14527 size-full\" src=\"http:\/\/masialux.com\/wp-content\/uploads\/2024\/02\/mj111-detay-kod.png\" alt=\"\" width=\"1402\" height=\"585\" srcset=\"https:\/\/makrolight.com\/wp-content\/uploads\/2024\/02\/mj111-detay-kod.png 1402w, https:\/\/makrolight.com\/wp-content\/uploads\/2024\/02\/mj111-detay-kod-300x125.png 300w, https:\/\/makrolight.com\/wp-content\/uploads\/2024\/02\/mj111-detay-kod-1024x427.png 1024w, https:\/\/makrolight.com\/wp-content\/uploads\/2024\/02\/mj111-detay-kod-768x320.png 768w, https:\/\/makrolight.com\/wp-content\/uploads\/2024\/02\/mj111-detay-kod-18x8.png 18w, https:\/\/makrolight.com\/wp-content\/uploads\/2024\/02\/mj111-detay-kod-600x250.png 600w, https:\/\/makrolight.com\/wp-content\/uploads\/2024\/02\/mj111-detay-kod-800x334.png 800w\" sizes=\"(max-width: 1402px) 100vw, 1402px\" \/><\/p>\n<p><strong>EINSATZBEREICHE<\/strong><\/p>\n<ul>\n<li>Fabriken<\/li>\n<li>Parkpl\u00e4tze<\/li>\n<li>Tunnel<\/li>\n<li>Garagen<\/li>\n<li>Baustellen<\/li>\n<li>Lagerh\u00e4user<\/li>\n<li>Feuchte und staubige Au\u00dfenumgebungen usw.<\/li>\n<\/ul>\n<h4><strong>INSTALLATION UND SICHERHEITSHINWEISE<\/strong><\/h4>\n<div>\n<h5><strong>HIGH CEILING-Leuchte;<\/strong><\/h5>\n<\/div>\n<ul>\n<li>\u00dcberpr\u00fcfen Sie beim Empfang auf physische Sch\u00e4den. Fordern Sie den Ersatz der besch\u00e4digten Produkte bei der Fracht oder im Lager an und pr\u00fcfen Sie, ob das Produkt mit Zubeh\u00f6r geliefert werden sollte.<\/li>\n<li>Bewahren Sie die Originalverpackung oder -verpackung, das Zubeh\u00f6r und die Rechnung f\u00fcr zuk\u00fcnftige Servicezwecke auf.<\/li>\n<li>Achten Sie darauf, den Strichcode, das Modell und die Seriennummer des Produkts nicht zu besch\u00e4digen.<\/li>\n<li>Wenn diese nicht gelesen oder getragen werden, f\u00e4llt Ihr Produkt nicht unter die Garantie.<\/li>\n<li>\u00a0Das Produkt darf nur f\u00fcr den bestimmungsgem\u00e4\u00dfen Gebrauch verwendet werden.<\/li>\n<li>Die Verk\u00e4uferfirma \u00fcbernimmt keine Verantwortung f\u00fcr Verletzungen oder Sch\u00e4den, die durch unsachgem\u00e4\u00dfe Verwendung des Produkts entstehen k\u00f6nnen.<\/li>\n<li>Elektrische Anschl\u00fcsse d\u00fcrfen nur von Fachpersonal vorgenommen werden.<\/li>\n<li>Stellen Sie sicher, dass der elektrische Anschluss w\u00e4hrend der Installation ausgeschaltet ist.<\/li>\n<li>Verwenden Sie das Produkt nicht, wenn die Netzkabel besch\u00e4digt sind. Andernfalls k\u00f6nnen Tod, schwere K\u00f6rperverletzung oder Sachsch\u00e4den die Folge sein.<\/li>\n<li>Stellen Sie vor Beginn der Montage sicher, dass die Kabel und die Au\u00dfenw\u00e4nde des Produkts nicht besch\u00e4digt sind.<\/li>\n<li>Stellen Sie sicher, dass keine h\u00f6here Spannung als die auf dem Etikett angegebene Betriebsspannung anliegt.<\/li>\n<li>Die Verk\u00e4uferfirma kann nicht f\u00fcr St\u00f6rungen verantwortlich gemacht werden, die im Konfliktfall auftreten k\u00f6nnen, und die St\u00f6rung kann nicht im Rahmen der Gew\u00e4hrleistung bewertet werden.<\/li>\n<li>F\u00fcr die Montage d\u00fcrfen nur von uns bestimmte Zusatzger\u00e4te verwendet werden.<\/li>\n<li>Der Netzanschluss muss mit Anschlussmaterial gem\u00e4\u00df den Installationsvorschriften des jeweiligen Landes erfolgen.<\/li>\n<li>Nicht an Orten mit elektrischen Leckagen verwenden.<\/li>\n<li>Kabelanschlussstellen m\u00fcssen mit Anschlussklemmen oder Schmelzklebeband isoliert werden.<\/li>\n<li>Nehmen Sie keine Modifikationen, Reparaturen, Ver\u00e4nderungen oder sonstige physikalische Eingriffe vor. Als Folge dieses Vorgangs k\u00f6nnen Sachsch\u00e4den auftreten und die Produktgarantie erlischt.<\/li>\n<\/ul>\n<h4><strong>WICHTIGE WARNHINWEISE<\/strong><\/h4>\n<ul>\n<li>Bei St\u00f6rungen an der Deckenleuchte wenden Sie sich bitte an unseren Fachservice.<\/li>\n<li>Erlauben Sie niemandem, au\u00dfer unserem autorisierten technischen Service, Eingriffe in das Produkt vorzunehmen. Als Folge solcher Eingriffe ist das Produkt vollst\u00e4ndig von der Garantie ausgeschlossen.<\/li>\n<li>Wenn das externe flexible Kabel oder Kabel dieses Produkts besch\u00e4digt ist, muss es von einer qualifizierten Person ersetzt werden, um Gefahren zu vermeiden.<\/li>\n<li>Da die Oberfl\u00e4che des Produkts hei\u00df ist, w\u00e4hrend das Produkt in Betrieb ist, sollte die Energie des Produkts abgeschaltet und nicht ber\u00fchrt werden, bevor es abgek\u00fchlt ist. Schauen Sie nicht direkt auf das Produkt, w\u00e4hrend es in Betrieb ist.<\/li>\n<li>Reinigen Sie die Oberfl\u00e4che nicht mit brennbaren Substanzen wie Alkohol oder Benzin.<\/li>\n<li>Au\u00dferhalb der Reichweite von Kindern und in der Produktverpackung aufbewahren.<\/li>\n<\/ul>\n<h4><strong>GARANTIESCHEIN | Garantiebedingungen<\/strong><\/h4>\n<p><strong>Hohe Deckenleuchte;<\/strong><\/p>\n<ul>\n<li>Die Garantiezeit beginnt mit dem Rechnungsdatum des Produkts und betr\u00e4gt 2 Jahre.<\/li>\n<li>Alles unter Garantie, einschlie\u00dflich aller Teile.<\/li>\n<li>F\u00fcr den Fall, dass ein Mangel festgestellt wird, ist der Verbraucher gem\u00e4\u00df Artikel 11 des Gesetzes Nr. 6502 zum Schutz des Verbrauchers;<\/li>\n<\/ul>\n<div>a) Kostenlose Reparatur.<\/div>\n<div>b) Ersetzen durch ein neues Produkt, wenn es nicht repariert wird.<\/div>\n<ul>\n<li>Im Falle einer kostenlosen Reparatur des Verbrauchers von diesen Rechten ist der Verk\u00e4ufer; ist verpflichtet, das Produkt kostenlos unter einem anderen Namen, wie Arbeitskosten, Ersatzteilkosten oder einem anderen Namen, reparieren zu lassen.<\/li>\n<li>Im Falle einer Fehlfunktion innerhalb der Garantiezeit wird die f\u00fcr die Reparatur aufgewendete Zeit zur Garantiezeit hinzugerechnet. Die Reparaturdauer des Produkts darf 20 Arbeitstage nicht \u00fcberschreiten.<\/li>\n<li>Defekte, die durch Verwendung entgegen den Punkten in der Bedienungsanleitung verursacht wurden, fallen nicht unter die Garantie.<\/li>\n<\/ul>\n<h4><strong>Welche Anwendungsfehler f\u00fchren dazu, dass das defekte Produkt nicht mehr unter die Garantie f\u00e4llt?<\/strong><\/h4>\n<ul>\n<li>St\u00f6rungen, die durch die Verwendung von Elektrizit\u00e4t und den Benutzer verursacht werden (wie Stromausfall, Spannungsschwankungen, Installation von Zubeh\u00f6r, das nicht zur Maschine geh\u00f6rt, oder Nichtbenutzung des obligatorischen Zubeh\u00f6rs), jeder Eingriff, der nicht vom autorisierten Kundendienst durchgef\u00fchrt wird der Produkte mit Garantie, Besch\u00e4digung des Etiketts bei Produkten mit dem Garantieetikett, gebrochene Au\u00dfenfl\u00e4che des Ger\u00e4ts, Kratzer usw. Ausf\u00e4lle, die durch Gr\u00fcnde wie staubige, feuchte, extrem hei\u00dfe oder kalte Umgebungen, \u00dcberschwemmungen, Br\u00e4nde, Erdbeben, Blitzeinschl\u00e4ge usw. Durch Naturkatastrophen verursachte Ausf\u00e4lle fallen nicht unter die Garantie.<\/li>\n<\/ul>\n<p>T\u00fcm end\u00fcstriyel ayd\u0131nlatma \u00fcr\u00fcnlerimizi incelemek i\u00e7in linke t\u0131klay\u0131n\u0131z..<\/p>\n<p><a href=\"https:\/\/masialux.com\/product-category\/product-category-endustriyel-aydinlatma\/\">End\u00fcstriyel Ayd\u0131nlatma Archives | Masialux Ayd\u0131nlatma<\/a><\/p>","protected":false},"excerpt":{"rendered":"<div class=\"chip block\">\n<div class=\"chip_header\">\n<p><strong>Masialux Round Series Hallenleuchte MJ<\/strong><\/p>\n<div class=\"chip block\">\n<div class=\"chip_header\"><\/div>\n<\/div>\n<p><strong>HERUNTERLADBARE PRODUKTMEDIEN<\/strong><\/p>\n<p><strong><a href=\"\/de\/downloads\/MJ111\/Datasheet-MJ111.pdf\/\">\u25ef<\/a><a href=\"\/de\/downloads\/MJ111\/Datasheet-MJ111.pdf\/\" target=\"_blank\" rel=\"noopener\"> Datenblatt<\/a><\/strong><\/p>\n<p><strong><a href=\"\/de\/downloads\/MJ111\/3D-MJ111.zip\/\">\u25ef<\/a> <a href=\"https:\/\/masialux.com\/ltd-dosyalari\/\">LDT-DATEIEN<\/a><\/strong><\/p>\n<p>&nbsp;<br \/>\nK\u00f6rpereigenschaften<\/p>\n<\/div>\n<div class=\"chip_content\">Elektrostatisch pulverbeschichtetes Aluminiumgeh\u00e4use.<\/div>\n<\/div>\n<div class=\"chip block\">\n<div class=\"chip_header\">Optische Eigenschaften<\/div>\n<div class=\"chip_content\">Geh\u00e4rtetes Glas<\/div>\n<\/div>\n<div class=\"chip block\">\n<div class=\"chip_header\">LED<\/div>\n<div class=\"chip_content\">SMD-LED mit einer Mindestlebensdauer von 100.000 Stunden<\/div>\n<\/div>\n<div class=\"chip block\">\n<div class=\"chip_header\">SMD-LED mit einer Mindestlebensdauer von 100.000 Stunden<\/div>\n<div class=\"chip_content\">Hocheffizienter Treiber mit konstanter Stromabgabe<\/div>\n<\/div>\n<div class=\"chip block\">\n<div class=\"chip_header\">Betriebstemperatur<\/div>\n<div class=\"chip_content\">-40+60 \u00b0C<\/div>\n<\/div>\n<div>\n<div>\n<div class=\"page\" title=\"Page 1\">\n<table>\n<colgroup>\n<col \/>\n<col \/>\n<col \/>\n<col \/>\n<col \/>\n<col \/>\n<col \/>\n<col \/><\/colgroup>\n<tbody>\n<tr>\n<td colspan=\"8\" rowspan=\"1\"><\/td>\n<\/tr>\n<tr>\n<td>\n<div class=\"layoutArea\">\n<div class=\"column\">\n<p>Hallenleuchte<\/p>\n<\/div>\n<\/div>\n<\/td>\n<td>\n<div class=\"layoutArea\">\n<div class=\"column\">\n<p>&nbsp;<\/p>\n<\/div>\n<\/div>\n<\/td>\n<td>\n<div class=\"layoutArea\">\n<div class=\"column\">\n<p>3000K<\/p>\n<\/div>\n<\/div>\n<\/td>\n<td>\n<div class=\"layoutArea\">\n<div class=\"column\">\n<p>12900 lm<\/p>\n<\/div>\n<\/div>\n<\/td>\n<td colspan=\"1\" rowspan=\"3\">\n<div class=\"layoutArea\">\n<div class=\"column\">\n<p>100W<\/p>\n<\/div>\n<\/div>\n<\/td>\n<td colspan=\"1\" rowspan=\"3\">\n<div class=\"layoutArea\">\n<div class=\"column\">\n<p>220VAC<\/p>\n<\/div>\n<\/div>\n<\/td>\n<td colspan=\"1\" rowspan=\"3\">\n<div class=\"layoutArea\">\n<div class=\"column\">\n<p>5,09 Kg<\/p>\n<\/div>\n<\/div>\n<\/td>\n<td colspan=\"1\" rowspan=\"9\">\n<div class=\"layoutArea\">\n<div class=\"column\">\n<p>\u00d8380mm<\/p>\n<\/div>\n<\/div>\n<\/td>\n<\/tr>\n<tr>\n<td>\n<div class=\"layoutArea\">\n<div class=\"column\">\n<p>Hallenleuchte<\/p>\n<\/div>\n<\/div>\n<\/td>\n<td>\n<div class=\"layoutArea\">\n<div class=\"column\">\n<p>&nbsp;<\/p>\n<\/div>\n<\/div>\n<\/td>\n<td>\n<div class=\"layoutArea\">\n<div class=\"column\">\n<p>4000K<\/p>\n<\/div>\n<\/div>\n<\/td>\n<td>\n<div class=\"layoutArea\">\n<div class=\"column\">\n<p>13300 lm<\/p>\n<\/div>\n<\/div>\n<\/td>\n<\/tr>\n<tr>\n<td>\n<div class=\"layoutArea\">\n<div class=\"column\">\n<p>Hallenleuchte<\/p>\n<\/div>\n<\/div>\n<\/td>\n<td>\n<div class=\"layoutArea\">\n<div class=\"column\">\n<p>&nbsp;<\/p>\n<\/div>\n<\/div>\n<\/td>\n<td>\n<div class=\"layoutArea\">\n<div class=\"column\">\n<p>6500K<\/p>\n<\/div>\n<\/div>\n<\/td>\n<td>\n<div class=\"layoutArea\">\n<div class=\"column\">\n<p>14000 lm<\/p>\n<\/div>\n<\/div>\n<\/td>\n<\/tr>\n<tr>\n<td>\n<div class=\"layoutArea\">\n<div class=\"column\">\n<p>Hallenleuchte<\/p>\n<\/div>\n<\/div>\n<\/td>\n<td>\n<div class=\"layoutArea\">\n<div class=\"column\">\n<p>&nbsp;<\/p>\n<\/div>\n<\/div>\n<\/td>\n<td>\n<div class=\"layoutArea\">\n<div class=\"column\">\n<p>3000K<\/p>\n<\/div>\n<\/div>\n<\/td>\n<td>\n<div class=\"layoutArea\">\n<div class=\"column\">\n<p>16750 lm<\/p>\n<\/div>\n<\/div>\n<\/td>\n<td colspan=\"1\" rowspan=\"3\">\n<div class=\"layoutArea\">\n<div class=\"column\">\n<p>150W<\/p>\n<\/div>\n<\/div>\n<\/td>\n<td colspan=\"1\" rowspan=\"3\">\n<div class=\"layoutArea\">\n<div class=\"column\">\n<p>220VAC<\/p>\n<\/div>\n<\/div>\n<\/td>\n<td colspan=\"1\" rowspan=\"3\">\n<div class=\"layoutArea\">\n<div class=\"column\">\n<p>5,09 Kg<\/p>\n<\/div>\n<\/div>\n<\/td>\n<\/tr>\n<tr>\n<td>\n<div class=\"layoutArea\">\n<div class=\"column\">\n<p>Hallenleuchte<\/p>\n<\/div>\n<\/div>\n<\/td>\n<td>\n<div class=\"layoutArea\">\n<div class=\"column\">\n<p>&nbsp;<\/p>\n<\/div>\n<\/div>\n<\/td>\n<td>\n<div class=\"layoutArea\">\n<div class=\"column\">\n<p>4000K<\/p>\n<\/div>\n<\/div>\n<\/td>\n<td>\n<div class=\"layoutArea\">\n<div class=\"column\">\n<p>17600 lm<\/p>\n<\/div>\n<\/div>\n<\/td>\n<\/tr>\n<tr>\n<td>\n<div class=\"layoutArea\">\n<div class=\"column\">\n<p>Hallenleuchte<\/p>\n<\/div>\n<\/div>\n<\/td>\n<td>\n<div class=\"layoutArea\">\n<div class=\"column\">\n<p>&nbsp;<\/p>\n<\/div>\n<\/div>\n<\/td>\n<td>\n<div class=\"layoutArea\">\n<div class=\"column\">\n<p>6500K<\/p>\n<\/div>\n<\/div>\n<\/td>\n<td>\n<div class=\"layoutArea\">\n<div class=\"column\">\n<p>18500 lm<\/p>\n<\/div>\n<\/div>\n<\/td>\n<\/tr>\n<tr>\n<td>\n<div class=\"layoutArea\">\n<div class=\"column\">\n<p>Hallenleuchte<\/p>\n<\/div>\n<\/div>\n<\/td>\n<td>\n<div class=\"layoutArea\">\n<div class=\"column\">\n<p>&nbsp;<\/p>\n<\/div>\n<\/div>\n<\/td>\n<td>\n<div class=\"layoutArea\">\n<div class=\"column\">\n<p>3000K<\/p>\n<\/div>\n<\/div>\n<\/td>\n<td>\n<div class=\"layoutArea\">\n<div class=\"column\">\n<p>20150 lm<\/p>\n<\/div>\n<\/div>\n<\/td>\n<td colspan=\"1\" rowspan=\"3\">\n<div class=\"layoutArea\">\n<div class=\"column\">\n<p>200W<\/p>\n<\/div>\n<\/div>\n<\/td>\n<td colspan=\"1\" rowspan=\"3\">\n<div class=\"layoutArea\">\n<div class=\"column\">\n<p>220VAC<\/p>\n<\/div>\n<\/div>\n<\/td>\n<td colspan=\"1\" rowspan=\"3\">\n<div class=\"layoutArea\">\n<div class=\"column\">\n<p>5,09 Kg<\/p>\n<\/div>\n<\/div>\n<\/td>\n<\/tr>\n<tr>\n<td>\n<div class=\"layoutArea\">\n<div class=\"column\">\n<p>Hallenleuchte<\/p>\n<\/div>\n<\/div>\n<\/td>\n<td>\n<div class=\"layoutArea\">\n<div class=\"column\">\n<p>&nbsp;<\/p>\n<\/div>\n<\/div>\n<\/td>\n<td>\n<div class=\"layoutArea\">\n<div class=\"column\">\n<p>4000K<\/p>\n<\/div>\n<\/div>\n<\/td>\n<td>\n<div class=\"layoutArea\">\n<div class=\"column\">\n<p>21200 lm<\/p>\n<\/div>\n<\/div>\n<\/td>\n<\/tr>\n<tr>\n<td>\n<div class=\"layoutArea\">\n<div class=\"column\">\n<p>Hallenleuchte<\/p>\n<\/div>\n<\/div>\n<\/td>\n<td>\n<div class=\"layoutArea\">\n<div class=\"column\">\n<p>&nbsp;<\/p>\n<\/div>\n<\/div>\n<\/td>\n<td>\n<div class=\"layoutArea\">\n<div class=\"column\">\n<p>6500K<\/p>\n<\/div>\n<\/div>\n<\/td>\n<td>\n<div class=\"layoutArea\">\n<div class=\"column\">\n<p>22250 lm<\/p>\n<\/div>\n<\/div>\n<\/td>\n<\/tr>\n<tr>\n<td colspan=\"8\" rowspan=\"1\">\n<div class=\"layoutArea\">\n<div class=\"column\">\n<p>(1) Es besteht eine Toleranz von 10 % bei den angegebenen Lichtstromwerten.<\/p>\n<\/div>\n<\/div>\n<\/td>\n<\/tr>\n<\/tbody>\n<\/table>\n<p>&nbsp;<\/p>\n<\/div>\n<\/div>\n<div class=\"chip block\">\n<div class=\"chip_header\"><\/div>\n<\/div>\n<\/div>","protected":false},"featured_media":13578,"template":"","meta":{"_joinchat":[]},"product_brand":[],"product_cat":[214],"product_tag":[],"class_list":{"0":"post-13576","1":"product","2":"type-product","3":"status-publish","4":"has-post-thumbnail","6":"product_cat-product-category-endustriyel-aydinlatma","8":"first","9":"instock","10":"shipping-taxable","11":"product-type-simple"},"_links":{"self":[{"href":"https:\/\/makrolight.com\/de\/wp-json\/wp\/v2\/product\/13576","targetHints":{"allow":["GET"]}}],"collection":[{"href":"https:\/\/makrolight.com\/de\/wp-json\/wp\/v2\/product"}],"about":[{"href":"https:\/\/makrolight.com\/de\/wp-json\/wp\/v2\/types\/product"}],"wp:featuredmedia":[{"embeddable":true,"href":"https:\/\/makrolight.com\/de\/wp-json\/wp\/v2\/media\/13578"}],"wp:attachment":[{"href":"https:\/\/makrolight.com\/de\/wp-json\/wp\/v2\/media?parent=13576"}],"wp:term":[{"taxonomy":"product_brand","embeddable":true,"href":"https:\/\/makrolight.com\/de\/wp-json\/wp\/v2\/product_brand?post=13576"},{"taxonomy":"product_cat","embeddable":true,"href":"https:\/\/makrolight.com\/de\/wp-json\/wp\/v2\/product_cat?post=13576"},{"taxonomy":"product_tag","embeddable":true,"href":"https:\/\/makrolight.com\/de\/wp-json\/wp\/v2\/product_tag?post=13576"}],"curies":[{"name":"wp","href":"https:\/\/api.w.org\/{rel}","templated":true}]}}