{"id":15014,"date":"2025-01-30T12:52:44","date_gmt":"2025-01-30T12:52:44","guid":{"rendered":"https:\/\/masialux.com\/?post_type=product&#038;p=15014"},"modified":"2025-01-30T13:52:23","modified_gmt":"2025-01-30T13:52:23","slug":"led-bar-serisi-mjl-102-led-bar","status":"publish","type":"product","link":"https:\/\/makrolight.com\/de\/produkt\/led-bar-serisi-mjl-102-led-bar\/","title":{"rendered":"LED BAR SER\u0130S\u0130 | MJL 102 LED BAR"},"content":{"rendered":"<p><strong>\u00a0Masialux Aluminyum LED BAR MJL 102<\/strong><\/p>\n<p>EINSATZBEREICHE<br \/>\nFabriken<br \/>\nParkpl\u00e4tze<br \/>\nTunnel<br \/>\nGaragen<br \/>\nBaustellen<br \/>\nLagerh\u00e4user<br \/>\nFeuchte und staubige Au\u00dfenumgebungen usw.<\/p>\n<p>INSTALLATION UND SICHERHEITSHINWEISE<\/p>\n<p>LED BAR ;<br \/>\n\u00dcberpr\u00fcfen Sie beim Empfang auf physische Sch\u00e4den. Fordern Sie den Ersatz der besch\u00e4digten Produkte bei der Fracht oder im Lager an und pr\u00fcfen Sie, ob das Produkt mit Zubeh\u00f6r geliefert werden sollte.<br \/>\nBewahren Sie die Originalverpackung oder -verpackung, das Zubeh\u00f6r und die Rechnung f\u00fcr zuk\u00fcnftige Servicezwecke auf.<br \/>\nAchten Sie darauf, den Strichcode, das Modell und die Seriennummer des Produkts nicht zu besch\u00e4digen.<br \/>\nWenn diese nicht gelesen oder getragen werden, f\u00e4llt Ihr Produkt nicht unter die Garantie.<br \/>\nDas Produkt darf nur f\u00fcr den bestimmungsgem\u00e4\u00dfen Gebrauch verwendet werden.<br \/>\nDie Verk\u00e4uferfirma \u00fcbernimmt keine Verantwortung f\u00fcr Verletzungen oder Sch\u00e4den, die durch unsachgem\u00e4\u00dfe Verwendung des Produkts entstehen k\u00f6nnen.<br \/>\nElektrische Anschl\u00fcsse d\u00fcrfen nur von Fachpersonal vorgenommen werden.<br \/>\nStellen Sie sicher, dass der elektrische Anschluss w\u00e4hrend der Installation ausgeschaltet ist.<br \/>\nVerwenden Sie das Produkt nicht, wenn die Netzkabel besch\u00e4digt sind. Andernfalls k\u00f6nnen Tod, schwere K\u00f6rperverletzung oder Sachsch\u00e4den die Folge sein.<br \/>\nStellen Sie vor Beginn der Montage sicher, dass die Kabel und die Au\u00dfenw\u00e4nde des Produkts nicht besch\u00e4digt sind.<br \/>\nStellen Sie sicher, dass keine h\u00f6here Spannung als die auf dem Etikett angegebene Betriebsspannung anliegt.<br \/>\nDie Verk\u00e4uferfirma kann nicht f\u00fcr St\u00f6rungen verantwortlich gemacht werden, die im Konfliktfall auftreten k\u00f6nnen, und die St\u00f6rung kann nicht im Rahmen der Gew\u00e4hrleistung bewertet werden.<br \/>\nF\u00fcr die Montage d\u00fcrfen nur von uns bestimmte Zusatzger\u00e4te verwendet werden.<br \/>\nDer Netzanschluss muss mit Anschlussmaterial gem\u00e4\u00df den Installationsvorschriften des jeweiligen Landes erfolgen.<br \/>\nNicht an Orten mit elektrischen Leckagen verwenden.<br \/>\nKabelanschlussstellen m\u00fcssen mit Anschlussklemmen oder Schmelzklebeband isoliert werden.<br \/>\nNehmen Sie keine Modifikationen, Reparaturen, Ver\u00e4nderungen oder sonstige physikalische Eingriffe vor. Als Folge dieses Vorgangs k\u00f6nnen Sachsch\u00e4den auftreten und die Produktgarantie erlischt.<br \/>\nWICHTIGE WARNHINWEISE<br \/>\nEtanj armat\u00fcr \u00fczerinde meydana gelen herhangi bir ar\u0131za durumunda uzman yetkili servisimizle irtibata ge\u00e7iniz.<br \/>\nErlauben Sie niemandem, au\u00dfer unserem autorisierten technischen Service, Eingriffe in das Produkt vorzunehmen. Als Folge solcher Eingriffe ist das Produkt vollst\u00e4ndig von der Garantie ausgeschlossen.<br \/>\nWenn das externe flexible Kabel oder Kabel dieses Produkts besch\u00e4digt ist, muss es von einer qualifizierten Person ersetzt werden, um Gefahren zu vermeiden.<br \/>\nDa die Oberfl\u00e4che des Produkts hei\u00df ist, w\u00e4hrend das Produkt in Betrieb ist, sollte die Energie des Produkts abgeschaltet und nicht ber\u00fchrt werden, bevor es abgek\u00fchlt ist. Schauen Sie nicht direkt auf das Produkt, w\u00e4hrend es in Betrieb ist.<br \/>\nReinigen Sie die Oberfl\u00e4che nicht mit brennbaren Substanzen wie Alkohol oder Benzin.<br \/>\nAu\u00dferhalb der Reichweite von Kindern und in der Produktverpackung aufbewahren.<br \/>\nGARANT\u0130 BELGES\u0130 | GARANT\u0130 \u015eARTLARI<\/p>\n<p>LED BAR;<\/p>\n<p>Die Garantiezeit beginnt mit dem Rechnungsdatum des Produkts und betr\u00e4gt 2 Jahre.<br \/>\nAlles unter Garantie, einschlie\u00dflich aller Teile.<br \/>\nF\u00fcr den Fall, dass ein Mangel festgestellt wird, ist der Verbraucher gem\u00e4\u00df Artikel 11 des Gesetzes Nr. 6502 zum Schutz des Verbrauchers;<br \/>\na) Kostenlose Reparatur.<br \/>\nb) Ersetzen durch ein neues Produkt, wenn es nicht repariert wird.<br \/>\nIm Falle einer kostenlosen Reparatur des Verbrauchers von diesen Rechten ist der Verk\u00e4ufer; ist verpflichtet, das Produkt kostenlos unter einem anderen Namen, wie Arbeitskosten, Ersatzteilkosten oder einem anderen Namen, reparieren zu lassen.<br \/>\nIm Falle einer Fehlfunktion innerhalb der Garantiezeit wird die f\u00fcr die Reparatur aufgewendete Zeit zur Garantiezeit hinzugerechnet. Die Reparaturdauer des Produkts darf 20 Arbeitstage nicht \u00fcberschreiten.<br \/>\nDefekte, die durch Verwendung entgegen den Punkten in der Bedienungsanleitung verursacht wurden, fallen nicht unter die Garantie.<br \/>\nARIZALI \u00dcR\u00dcN\u00dc GARANT\u0130 KAPSAMI DI\u015eINA \u00c7IKARAN KULLANIM HATALARI NELERD\u0130R?<br \/>\nSt\u00f6rungen, die durch die Verwendung von Elektrizit\u00e4t und den Benutzer verursacht werden (wie Stromausfall, Spannungsschwankungen, Installation von Zubeh\u00f6r, das nicht zur Maschine geh\u00f6rt, oder Nichtbenutzung des obligatorischen Zubeh\u00f6rs), jeder Eingriff, der nicht vom autorisierten Kundendienst durchgef\u00fchrt wird der Produkte mit Garantie, Besch\u00e4digung des Etiketts bei Produkten mit dem Garantieetikett, gebrochene Au\u00dfenfl\u00e4che des Ger\u00e4ts, Kratzer usw. Ausf\u00e4lle, die durch Gr\u00fcnde wie staubige, feuchte, extrem hei\u00dfe oder kalte Umgebungen, \u00dcberschwemmungen, Br\u00e4nde, Erdbeben, Blitzeinschl\u00e4ge usw. Durch Naturkatastrophen verursachte Ausf\u00e4lle fallen nicht unter die Garantie.<\/p>\n<p>End\u00fcstriyel Ayd\u0131nlatma Archives | Masialux Ayd\u0131nlatma<\/p>","protected":false},"excerpt":{"rendered":"<p><strong>Masialux LED BAR Serisi Al\u00fcminyum LED BAR MJL 102<\/strong><\/p>","protected":false},"featured_media":15016,"template":"","meta":{"_joinchat":[]},"product_brand":[],"product_cat":[214],"product_tag":[],"class_list":{"0":"post-15014","1":"product","2":"type-product","3":"status-publish","4":"has-post-thumbnail","6":"product_cat-product-category-endustriyel-aydinlatma","8":"first","9":"instock","10":"shipping-taxable","11":"product-type-simple"},"_links":{"self":[{"href":"https:\/\/makrolight.com\/de\/wp-json\/wp\/v2\/product\/15014","targetHints":{"allow":["GET"]}}],"collection":[{"href":"https:\/\/makrolight.com\/de\/wp-json\/wp\/v2\/product"}],"about":[{"href":"https:\/\/makrolight.com\/de\/wp-json\/wp\/v2\/types\/product"}],"wp:featuredmedia":[{"embeddable":true,"href":"https:\/\/makrolight.com\/de\/wp-json\/wp\/v2\/media\/15016"}],"wp:attachment":[{"href":"https:\/\/makrolight.com\/de\/wp-json\/wp\/v2\/media?parent=15014"}],"wp:term":[{"taxonomy":"product_brand","embeddable":true,"href":"https:\/\/makrolight.com\/de\/wp-json\/wp\/v2\/product_brand?post=15014"},{"taxonomy":"product_cat","embeddable":true,"href":"https:\/\/makrolight.com\/de\/wp-json\/wp\/v2\/product_cat?post=15014"},{"taxonomy":"product_tag","embeddable":true,"href":"https:\/\/makrolight.com\/de\/wp-json\/wp\/v2\/product_tag?post=15014"}],"curies":[{"name":"wp","href":"https:\/\/api.w.org\/{rel}","templated":true}]}}