{"id":7646,"date":"2022-09-29T12:29:29","date_gmt":"2022-09-29T12:29:29","guid":{"rendered":"https:\/\/masialux.com\/?post_type=product&#038;p=7646"},"modified":"2024-08-06T09:08:05","modified_gmt":"2024-08-06T09:08:05","slug":"tesca-serisi-md-101-1-100-siva-alti","status":"publish","type":"product","link":"https:\/\/makrolight.com\/de\/produkt\/tesca-serisi-md-101-1-100-siva-alti\/","title":{"rendered":"TESCA SERIE | MD 101-1-100 EINBAU"},"content":{"rendered":"<p><strong>Masialux LED-Einbaustrahler MD 101-1-100<\/strong><\/p>\n<p>&nbsp;<\/p>\n<p><img fetchpriority=\"high\" decoding=\"async\" class=\"alignnone wp-image-14324 size-full\" src=\"http:\/\/masialux.com\/wp-content\/uploads\/2022\/09\/md-101-1-100-icerik-gorsel.jpg\" alt=\"Masialux Ledli S\u0131va Alt\u0131 Spot Armat\u00fcr MD 101-1-100\" width=\"1402\" height=\"596\" srcset=\"https:\/\/makrolight.com\/wp-content\/uploads\/2022\/09\/md-101-1-100-icerik-gorsel.jpg 1402w, https:\/\/makrolight.com\/wp-content\/uploads\/2022\/09\/md-101-1-100-icerik-gorsel-300x128.jpg 300w, https:\/\/makrolight.com\/wp-content\/uploads\/2022\/09\/md-101-1-100-icerik-gorsel-1024x435.jpg 1024w, https:\/\/makrolight.com\/wp-content\/uploads\/2022\/09\/md-101-1-100-icerik-gorsel-768x326.jpg 768w, https:\/\/makrolight.com\/wp-content\/uploads\/2022\/09\/md-101-1-100-icerik-gorsel-18x8.jpg 18w, https:\/\/makrolight.com\/wp-content\/uploads\/2022\/09\/md-101-1-100-icerik-gorsel-600x255.jpg 600w, https:\/\/makrolight.com\/wp-content\/uploads\/2022\/09\/md-101-1-100-icerik-gorsel-800x340.jpg 800w\" sizes=\"(max-width: 1402px) 100vw, 1402px\" \/><\/p>\n<p>&nbsp;<\/p>\n<p><img decoding=\"async\" class=\"alignnone wp-image-12727 size-full\" src=\"http:\/\/masialux.com\/wp-content\/uploads\/2022\/09\/PIKTOGRAMLAR-001.png\" alt=\"\" width=\"1402\" height=\"110\" srcset=\"https:\/\/makrolight.com\/wp-content\/uploads\/2022\/09\/PIKTOGRAMLAR-001.png 1402w, https:\/\/makrolight.com\/wp-content\/uploads\/2022\/09\/PIKTOGRAMLAR-001-300x24.png 300w, https:\/\/makrolight.com\/wp-content\/uploads\/2022\/09\/PIKTOGRAMLAR-001-1024x80.png 1024w, https:\/\/makrolight.com\/wp-content\/uploads\/2022\/09\/PIKTOGRAMLAR-001-768x60.png 768w, https:\/\/makrolight.com\/wp-content\/uploads\/2022\/09\/PIKTOGRAMLAR-001-18x1.png 18w, https:\/\/makrolight.com\/wp-content\/uploads\/2022\/09\/PIKTOGRAMLAR-001-600x47.png 600w, https:\/\/makrolight.com\/wp-content\/uploads\/2022\/09\/PIKTOGRAMLAR-001-800x63.png 800w\" sizes=\"(max-width: 1402px) 100vw, 1402px\" \/><\/p>\n<p>&nbsp;<\/p>\n<p>&nbsp;<\/p>\n<p>&nbsp;<\/p>\n<div style=\"float: left; width: 50%;\">\n<h5><strong>EIGENSCHAFTEN<\/strong><\/h5>\n<p><strong>K\u00f6rper : <\/strong>Einspritzk\u00f6rper und Einspritzkopf aus Aluminium<\/p>\n<p><strong>Reflektortyp:<\/strong> Reflektor aus hochreinem Aluminium<\/p>\n<p><strong>Anwendungsmethode :<\/strong> Steckdose oder Rosette mit elektronischem Vorschaltger\u00e4t<\/p>\n<p><strong>Malart :<\/strong> Elektrostatischer Pulverlack<\/p>\n<p><strong>Verwendung :<\/strong> Einbaustrahler<\/p>\n<p>&nbsp;<\/p>\n<\/div>\n<div style=\"float: right; width: 50%;\">\n<h5><strong>TECHNISCHE EIGENSCHAFTEN<\/strong><\/h5>\n<p><strong>Antriebsstrom:<\/strong> 500 mA &#8211; 800 mA<\/p>\n<p><strong>Stromspannung :<\/strong> 220V<\/p>\n<p><strong>H\u00e4ufigkeit:<\/strong> 50 Hz.<\/p>\n<p><strong>Wirkleistung:<\/strong> 20W &#8211; 27W<\/p>\n<p><strong>Lichtstrom :<\/strong> 2380 lm \u2013 3150 lm<\/p>\n<p><strong>Lichtquelle :<\/strong> Mittelstarke LED<\/p>\n<p><strong>\u00a0<\/strong><\/p>\n<\/div>\n<div style=\"clear: both;\"><\/div>\n<p>&nbsp;<\/p>\n<h5><strong>OPTISCHE OPTIONEN<\/strong><\/h5>\n<p>&nbsp;<\/p>\n<p><img decoding=\"async\" class=\"wp-image-12726 size-full aligncenter\" src=\"http:\/\/masialux.com\/wp-content\/uploads\/2022\/09\/optik-secenekler004.png\" alt=\"\" width=\"677\" height=\"202\" srcset=\"https:\/\/makrolight.com\/wp-content\/uploads\/2022\/09\/optik-secenekler004.png 677w, https:\/\/makrolight.com\/wp-content\/uploads\/2022\/09\/optik-secenekler004-300x90.png 300w, https:\/\/makrolight.com\/wp-content\/uploads\/2022\/09\/optik-secenekler004-18x5.png 18w, https:\/\/makrolight.com\/wp-content\/uploads\/2022\/09\/optik-secenekler004-600x179.png 600w\" sizes=\"(max-width: 677px) 100vw, 677px\" \/><\/p>\n<p>&nbsp;<\/p>\n<p>&nbsp;<\/p>\n<p>&nbsp;<\/p>\n<p><img loading=\"lazy\" decoding=\"async\" class=\"alignnone wp-image-14253 size-full\" src=\"http:\/\/masialux.com\/wp-content\/uploads\/2022\/09\/md-101-1-100-detay-kod.png\" alt=\"Masialux Ledli S\u0131va Alt\u0131 Spot Armat\u00fcr MD 101-1-100\" width=\"1402\" height=\"449\" srcset=\"https:\/\/makrolight.com\/wp-content\/uploads\/2022\/09\/md-101-1-100-detay-kod.png 1402w, https:\/\/makrolight.com\/wp-content\/uploads\/2022\/09\/md-101-1-100-detay-kod-300x96.png 300w, https:\/\/makrolight.com\/wp-content\/uploads\/2022\/09\/md-101-1-100-detay-kod-1024x328.png 1024w, https:\/\/makrolight.com\/wp-content\/uploads\/2022\/09\/md-101-1-100-detay-kod-768x246.png 768w, https:\/\/makrolight.com\/wp-content\/uploads\/2022\/09\/md-101-1-100-detay-kod-18x6.png 18w, https:\/\/makrolight.com\/wp-content\/uploads\/2022\/09\/md-101-1-100-detay-kod-600x192.png 600w, https:\/\/makrolight.com\/wp-content\/uploads\/2022\/09\/md-101-1-100-detay-kod-800x256.png 800w\" sizes=\"(max-width: 1402px) 100vw, 1402px\" \/><\/p>\n<p>&nbsp;<\/p>\n<h4><strong>EINSATZBEREICHE<\/strong><\/h4>\n<ul>\n<li>Dekoration<\/li>\n<li>Superm\u00e4rkte<\/li>\n<li>Einkaufszentren<\/li>\n<li>H\u00e4user<\/li>\n<\/ul>\n<h4><strong>INSTALLATION UND SICHERHEITSHINWEISE<\/strong><\/h4>\n<div>\n<h5><strong>Ihr Unterputzstrahler;<\/strong><\/h5>\n<\/div>\n<ul>\n<li>Bitte pr\u00fcfen Sie bei der Entgegennahme, ob k\u00f6rperliche Sch\u00e4den vorliegen. Versand Fordern Sie den Austausch besch\u00e4digter Produkte aus der Fracht oder dem Lager an und pr\u00fcfen Sie, ob das Zubeh\u00f6r, das mit dem Produkt geliefert werden sollte, vollst\u00e4ndig ist, falls vorhanden.<\/li>\n<li>Bewahren Sie die Originalverpackung oder -verpackung, das Zubeh\u00f6r und die Rechnung f\u00fcr zuk\u00fcnftige Servicezwecke auf.<\/li>\n<li>Achten Sie darauf, den Strichcode, das Modell und die Seriennummer des Produkts nicht zu besch\u00e4digen.<\/li>\n<li>Wenn diese nicht gelesen oder getragen werden, f\u00e4llt Ihr Produkt nicht unter die Garantie.<\/li>\n<li>\u00a0Das Produkt darf nur f\u00fcr den bestimmungsgem\u00e4\u00dfen Gebrauch verwendet werden.<\/li>\n<li>Die Verk\u00e4uferfirma \u00fcbernimmt keine Verantwortung f\u00fcr Verletzungen oder Sch\u00e4den, die durch unsachgem\u00e4\u00dfe Verwendung des Produkts entstehen k\u00f6nnen.<\/li>\n<li>Elektrische Anschl\u00fcsse sollten nur von Fachpersonal hergestellt werden.<\/li>\n<li>Stellen Sie sicher, dass der elektrische Anschluss w\u00e4hrend der Installation ausgeschaltet ist.<\/li>\n<li>Verwenden Sie das Produkt nicht, wenn die Netzkabel besch\u00e4digt sind. Andernfalls k\u00f6nnen Tod, schwere K\u00f6rperverletzung oder Sachsch\u00e4den die Folge sein.<\/li>\n<li>Stellen Sie vor Beginn der Montage sicher, dass die Kabel und die Au\u00dfenw\u00e4nde des Produkts nicht besch\u00e4digt sind.<\/li>\n<li>Stellen Sie sicher, dass keine h\u00f6here Spannung als die auf dem Etikett angegebene Betriebsspannung anliegt.<\/li>\n<li>Die Verk\u00e4uferfirma kann nicht f\u00fcr St\u00f6rungen verantwortlich gemacht werden, die im Konfliktfall auftreten k\u00f6nnen, und die St\u00f6rung kann nicht im Rahmen der Gew\u00e4hrleistung bewertet werden.<\/li>\n<li>F\u00fcr die Montage d\u00fcrfen nur von uns bestimmte Zusatzger\u00e4te verwendet werden.<\/li>\n<li>Der Netzanschluss muss mit Anschlussmaterial gem\u00e4\u00df den Installationsvorschriften des jeweiligen Landes erfolgen.<\/li>\n<li>Nicht an Orten mit elektrischen Leckagen verwenden.<\/li>\n<li>Kabelanschlussstellen m\u00fcssen mit Anschlussklemmen oder Schmelzklebeband isoliert werden.<\/li>\n<li>Nehmen Sie keine Modifikationen, Reparaturen, Ver\u00e4nderungen oder sonstige physikalische Eingriffe vor. Als Folge dieses Vorgangs k\u00f6nnen Sachsch\u00e4den auftreten und die Produktgarantie erlischt.<\/li>\n<\/ul>\n<h4><strong>WICHTIGE WARNHINWEISE<\/strong><\/h4>\n<ul>\n<li>Im Falle einer Fehlfunktion des Spot-Produkts unter Gips wenden Sie sich bitte an unseren autorisierten Kundendienst.<\/li>\n<li>Erlauben Sie niemandem, au\u00dfer unserem autorisierten technischen Service, Eingriffe in das Produkt vorzunehmen. Als Folge solcher Eingriffe ist das Produkt vollst\u00e4ndig von der Garantie ausgeschlossen.<\/li>\n<li>Wenn das externe flexible Kabel oder Kabel dieses Produkts besch\u00e4digt ist, muss es von einer qualifizierten Person ersetzt werden, um Gefahren zu vermeiden.<\/li>\n<li>Da die Oberfl\u00e4che des Produkts hei\u00df ist, w\u00e4hrend das Produkt in Betrieb ist, sollte die Energie des Produkts abgeschaltet und nicht ber\u00fchrt werden, bevor es abgek\u00fchlt ist. Schauen Sie nicht direkt auf das Produkt, w\u00e4hrend es in Betrieb ist.<\/li>\n<li>Reinigen Sie die Oberfl\u00e4che nicht mit brennbaren Substanzen wie Alkohol oder Benzin.<\/li>\n<li>Au\u00dferhalb der Reichweite von Kindern und in der Produktverpackung aufbewahren.<\/li>\n<\/ul>\n<h4><strong>GARANTIESCHEIN | Garantiebedingungen<\/strong><\/h4>\n<p><strong>Einbauspot-Produkt;<\/strong><\/p>\n<ul>\n<li>Die Garantiezeit beginnt mit dem Rechnungsdatum des Produkts und betr\u00e4gt 2 Jahre.<\/li>\n<li>Alles unter Garantie, einschlie\u00dflich aller Teile.<\/li>\n<li>F\u00fcr den Fall, dass ein Mangel festgestellt wird, ist der Verbraucher gem\u00e4\u00df Artikel 11 des Gesetzes Nr. 6502 zum Schutz des Verbrauchers;<\/li>\n<\/ul>\n<div>a) Kostenlose Reparatur.<\/div>\n<div>b) Ersetzen durch ein neues Produkt, wenn es nicht repariert wird.<\/div>\n<ul>\n<li>Im Falle einer kostenlosen Reparatur des Verbrauchers von diesen Rechten ist der Verk\u00e4ufer; ist verpflichtet, das Produkt kostenlos unter einem anderen Namen, wie Arbeitskosten, Ersatzteilkosten oder einem anderen Namen, reparieren zu lassen.<\/li>\n<li>Im Falle einer Fehlfunktion innerhalb der Garantiezeit wird die f\u00fcr die Reparatur aufgewendete Zeit zur Garantiezeit hinzugerechnet. Die Reparaturdauer des Produkts darf 20 Arbeitstage nicht \u00fcberschreiten.<\/li>\n<li>Defekte, die durch Verwendung entgegen den Punkten in der Bedienungsanleitung verursacht wurden, fallen nicht unter die Garantie.<\/li>\n<\/ul>\n<h4><strong>Welche Anwendungsfehler f\u00fchren dazu, dass das defekte Produkt nicht mehr unter die Garantie f\u00e4llt?<\/strong><\/h4>\n<ul>\n<li>St\u00f6rungen, die durch die Verwendung von Elektrizit\u00e4t und den Benutzer verursacht werden (wie Stromausfall, Spannungsschwankungen, Installation von Zubeh\u00f6r, das nicht zur Maschine geh\u00f6rt, oder Nichtbenutzung des obligatorischen Zubeh\u00f6rs), jeder Eingriff, der nicht vom autorisierten Kundendienst durchgef\u00fchrt wird der Produkte mit Garantie, Besch\u00e4digung des Etiketts bei Produkten mit dem Garantieetikett, gebrochene Au\u00dfenfl\u00e4che des Ger\u00e4ts, Kratzer usw. Ausf\u00e4lle, die durch Gr\u00fcnde wie staubige, feuchte, extrem hei\u00dfe oder kalte Umgebungen, \u00dcberschwemmungen, Br\u00e4nde, Erdbeben, Blitzeinschl\u00e4ge usw. Durch Naturkatastrophen verursachte Ausf\u00e4lle fallen nicht unter die Garantie.<\/li>\n<\/ul>\n<p><a href=\"https:\/\/masialux.com\/product-category\/siva-alti\/\">Verputzte Beleuchtungsarchive \/ Masialux Beleuchtung<\/a><\/p>","protected":false},"excerpt":{"rendered":"<h5><strong>Masialux Tesca Series Einbaustrahler Md 101-1-100 | 20W \u2013 27W<\/strong><\/h5>\n<p><strong>Optionen f\u00fcr die K\u00f6rperfarbe<\/strong><\/p>\n<p><img loading=\"lazy\" decoding=\"async\" class=\"alignnone size-medium wp-image-12719\" src=\"http:\/\/masialux.com\/wp-content\/uploads\/2022\/09\/govde-renk01-300x92.png\" alt=\"\" width=\"300\" height=\"92\" srcset=\"https:\/\/makrolight.com\/wp-content\/uploads\/2022\/09\/govde-renk01-300x92.png 300w, https:\/\/makrolight.com\/wp-content\/uploads\/2022\/09\/govde-renk01-18x6.png 18w, https:\/\/makrolight.com\/wp-content\/uploads\/2022\/09\/govde-renk01.png 403w\" sizes=\"(max-width: 300px) 100vw, 300px\" \/><\/p>\n<pre><\/pre>\n<p><strong>Helle Farboptionen<\/strong><\/p>\n<p><img loading=\"lazy\" decoding=\"async\" class=\"alignnone size-medium wp-image-12722\" src=\"http:\/\/masialux.com\/wp-content\/uploads\/2022\/09\/isik-renk002-300x92.png\" alt=\"\" width=\"300\" height=\"92\" srcset=\"https:\/\/makrolight.com\/wp-content\/uploads\/2022\/09\/isik-renk002-300x92.png 300w, https:\/\/makrolight.com\/wp-content\/uploads\/2022\/09\/isik-renk002-18x6.png 18w, https:\/\/makrolight.com\/wp-content\/uploads\/2022\/09\/isik-renk002.png 403w\" sizes=\"(max-width: 300px) 100vw, 300px\" \/><\/p>\n<p>&nbsp;<\/p>\n<p><strong>HERUNTERLADBARE PRODUKTMEDIEN<\/strong><\/p>\n<p><strong><a href=\"\/de\/downloads\/MD1011100\/Datasheet-MD1011100.pdf\/\">\u25ef<\/a><a href=\"\/de\/downloads\/MD1011100\/Datasheet-MD1011100.pdf\/\" target=\"_blank\" rel=\"noopener\"> Datenblatt<\/a><\/strong><\/p>\n<p><strong><a href=\"\/de\/downloads\/MD1011100\/Datasheet-MD1011100.pdf\/\">\u25ef<\/a><a href=\"\/de\/downloads\/MD1011100\/Montajklavuz-MD1011100.pdf\/\" target=\"_blank\" rel=\"noopener\"> Benutzerhandbuch<\/a><\/strong><\/p>\n<p><strong><a href=\"\/de\/downloads\/MD1011100\/2D-MD1011100.zip\/\">\u25ef<\/a> <a href=\"\/de\/downloads\/MD1011100\/2D-MD1011100.zip\/\">2D-ZEICHNUNG<\/a><\/strong><\/p>\n<p><strong><a href=\"\/de\/downloads\/MD1011100\/3D-MD1011100.zip\/\">\u25ef<\/a> <a href=\"\/de\/downloads\/MD1011100\/3D-MD1011100.zip\/\">3D-ZEICHNUNG<\/a><\/strong><\/p>\n<p><strong><a href=\"\/de\/downloads\/MD1011100\/3D-MD1011100.zip\/\">\u25ef<\/a> <a href=\"https:\/\/masialux.com\/ltd-dosyalari\/\">LDT-DATEIEN<\/a><\/strong><\/p>\n<p>&nbsp;<\/p>","protected":false},"featured_media":13779,"template":"","meta":{"_joinchat":[]},"product_brand":[],"product_cat":[101],"product_tag":[],"class_list":{"0":"post-7646","1":"product","2":"type-product","3":"status-publish","4":"has-post-thumbnail","6":"product_cat-siva-alti","8":"first","9":"instock","10":"shipping-taxable","11":"product-type-external"},"_links":{"self":[{"href":"https:\/\/makrolight.com\/de\/wp-json\/wp\/v2\/product\/7646","targetHints":{"allow":["GET"]}}],"collection":[{"href":"https:\/\/makrolight.com\/de\/wp-json\/wp\/v2\/product"}],"about":[{"href":"https:\/\/makrolight.com\/de\/wp-json\/wp\/v2\/types\/product"}],"wp:featuredmedia":[{"embeddable":true,"href":"https:\/\/makrolight.com\/de\/wp-json\/wp\/v2\/media\/13779"}],"wp:attachment":[{"href":"https:\/\/makrolight.com\/de\/wp-json\/wp\/v2\/media?parent=7646"}],"wp:term":[{"taxonomy":"product_brand","embeddable":true,"href":"https:\/\/makrolight.com\/de\/wp-json\/wp\/v2\/product_brand?post=7646"},{"taxonomy":"product_cat","embeddable":true,"href":"https:\/\/makrolight.com\/de\/wp-json\/wp\/v2\/product_cat?post=7646"},{"taxonomy":"product_tag","embeddable":true,"href":"https:\/\/makrolight.com\/de\/wp-json\/wp\/v2\/product_tag?post=7646"}],"curies":[{"name":"wp","href":"https:\/\/api.w.org\/{rel}","templated":true}]}}