{"id":10054,"date":"2022-10-12T12:51:13","date_gmt":"2022-10-12T12:51:13","guid":{"rendered":"https:\/\/masialux.com\/?post_type=product&#038;p=10054"},"modified":"2024-08-07T09:33:40","modified_gmt":"2024-08-07T09:33:40","slug":"monofaze-ray-komponenti-mra-1005-mon","status":"publish","type":"product","link":"https:\/\/makrolight.com\/de_at\/product\/monofaze-ray-komponenti-mra-1005-mon\/","title":{"rendered":"Einphasige Gleisschienenkomponenten \/ MRA 1005-MON"},"content":{"rendered":"<p><strong>Masialux Monofaze Ray Komponenti L D\u00f6n\u00fc\u015f Aparat\u0131<\/strong><\/p>\n<ul>\n<li>Monofaze Ray L D\u00f6n\u00fc\u015f Aparat\u0131<\/li>\n<li>Es funktioniert mit 220 Volt<\/li>\n<li>Schwarz - Wei\u00dfe Farbe<\/li>\n<li>Monophasenschiene dient zum Hinzuf\u00fcgen und Verl\u00e4ngern von Schienen an den Ecken f\u00fcr Scheinwerfer.<\/li>\n<\/ul>\n<p>&nbsp;<\/p>\n<h4><strong>MONTAGE-UND SICHERHEITSWARNUNGEN<\/strong><\/h4>\n<div>\n<h5><strong>Monofaze ray KOMPONENT\u0130 L d\u00f6n\u00fc\u015f APARATI ;<\/strong><\/h5>\n<\/div>\n<ul>\n<li>Monofaze ray L d\u00f6n\u00fc\u015f aparat\u0131 \u00fcr\u00fcn\u00fcn\u00fcz\u00fc teslim al\u0131rken, fiziksel bir hasar olup olmad\u0131\u011f\u0131n\u0131 kontrol ediniz. Bunun yan\u0131nda nakliye hasarl\u0131 \u00fcr\u00fcnlerin de\u011fi\u015fimini kargodan yada ambardan talep ediniz ve \u00fcr\u00fcn ile birlikte gelmesi gereken aksesuarlar varsa tam olup olmad\u0131\u011f\u0131n\u0131 kontrol ediniz.<\/li>\n<li>Bewahren Sie die Originalverpackung, das Zubeh\u00f6r und die Rechnung f\u00fcr den sp\u00e4teren Service auf.<\/li>\n<li>Achten Sie darauf, dass der produktbarcode, das Modell und die Seriennummer nicht besch\u00e4digt werden.<\/li>\n<li>Wenn diese nicht gelesen werden oder abgenutzt sind, f\u00e4llt ihr Produkt nicht unter die Garantie.<\/li>\n<li>\u00a0Das Produkt darf nur zu Verwendungszwecken verwendet werden.<\/li>\n<li>Der Verk\u00e4ufer \u00fcbernimmt keine Verantwortung f\u00fcr Verletzungen oder Sch\u00e4den, die durch unsachgem\u00e4\u00dfe Verwendung des Produkts entstehen k\u00f6nnen.<\/li>\n<li>Elektrik ba\u011flant\u0131lar\u0131 sadece uzman personel taraf\u0131ndan yap\u0131lmal\u0131d\u0131r. \u00c7\u00fcnk\u00fc aksi takdirde \u00fcr\u00fcn garanti kapsam\u0131 d\u0131\u015f\u0131nda kalacakt\u0131r.<\/li>\n<li>Stellen sie bei der Installation sicher, dass der elektrische Anschluss ausgeschaltet ist.<\/li>\n<li>G\u00fc\u00e7 kablolar\u0131n\u0131n hasarl\u0131 oldu\u011fu durumda \u00fcr\u00fcn\u00fc kullanmay\u0131n\u0131z. \u00c7\u00fcnk\u00fc aksi takdirde \u00f6l\u00fcm, ciddi yaralanma veya maddi hasara neden olabilir.<\/li>\n<li>Montaj\u0131na ba\u015flamadan \u00f6nce kablolar\u0131n ve \u00fcr\u00fcn\u00fcn d\u0131\u015f \u00e7eperlerinin hasarl\u0131 olmad\u0131\u011f\u0131ndan emin olman\u0131z gerekir.<\/li>\n<li>Stellen Sie sicher, dass keine Spannung h\u00f6her ist als die auf dem Etikett angegebene Betriebsspannung.<\/li>\n<li>Fakat uyu\u015fmazl\u0131k durumunda meydana gelebilecek ar\u0131zalarda, sat\u0131c\u0131 firma sorumlu tutulamaz ve ar\u0131za garanti kapsam\u0131nda de\u011ferlendirilemez.<\/li>\n<li>\u00d6zellikle montaj i\u00e7in yaln\u0131zca firmam\u0131z\u0131n belirledi\u011fi ek aparatlar kullan\u0131lmal\u0131d\u0131r.<\/li>\n<li>Der Netzanschluss muss mit anschlussmaterialien erfolgen, die den Installationsvorschriften des jeweiligen Landes entsprechen.<\/li>\n<li>Verwenden Sie es nicht an Orten mit stromlecks.<\/li>\n<li>Kabelanschl\u00fcsse m\u00fcssen unbedingt mit Anschlussklemmen oder Schmelzband isoliert werden.<\/li>\n<li>Machen Sie keine Renovierungen, Reparaturen, Spiele oder k\u00f6rperliche Eingriffe. Da dadurch ein Sachschaden entstehen kann, erlischt auch die Produktgarantie.<\/li>\n<\/ul>\n<h4><strong>WICHTIGE WARNUNGEN<\/strong><\/h4>\n<ul>\n<li>Monofaze ray komponenti L d\u00f6n\u00fc\u015f aparat\u0131 \u00fcr\u00fcn\u00fcnde meydana gelen herhangi bir ar\u0131za durumunda ilk olarak uzman yetkili servisimizle irtibata ge\u00e7iniz.<\/li>\n<li>Yetkili teknik servisimiz d\u0131\u015f\u0131nda \u00fcr\u00fcne kimsenin m\u00fcdahale etmesine izin vermeyiniz. \u00c7\u00fcnk\u00fc bu t\u00fcr m\u00fcdahaleler sonucu \u00fcr\u00fcn t\u00fcm\u00fcyle garanti kapsam\u0131 d\u0131\u015f\u0131nda kal\u0131r.<\/li>\n<li>Wenn das externe verdrehte Kabel oder Kabel dieses Produkts besch\u00e4digt ist, muss es von einer autorisierten Person ersetzt werden, um eine Gefahr zu vermeiden.<\/li>\n<li>\u00dcr\u00fcn \u00e7al\u0131\u015f\u0131r durumdayken y\u00fczeyi s\u0131cak oldu\u011fu i\u00e7in \u00fcr\u00fcn\u00fcn enerjisi kesilmelidir ve so\u011fumadan dokunulmamal\u0131d\u0131r. Ama \u00fcr\u00fcn \u00e7al\u0131\u015f\u0131r durumdayken direkt olarak bakmay\u0131n\u0131z.<\/li>\n<li>Reinigen Sie die Oberfl\u00e4che nicht mit brennbaren Stoffen wie Alkohol oder benzin.<\/li>\n<li>Au\u00dferhalb der Reichweite von Kindern und in der Produktbox aufbewahren.<\/li>\n<\/ul>\n<h4><strong>Garantiezertifikat \/ Garantiebedingungen<\/strong><\/h4>\n<p><strong>Monofaze L d\u00f6n\u00fc\u015f aparat\u0131;<\/strong><\/p>\n<ul>\n<li>Die garantiezeit beginnt mit dem Rechnungsdatum des Produkts und betr\u00e4gt 2 Jahre.<\/li>\n<li>B\u00fct\u00fcn par\u00e7alar\u0131 dahil olmak \u00fczere tamam\u0131 garanti kapsam\u0131na girer.<\/li>\n<li>Wenn jedoch davon ausgegangen wird, dass das Produkt fehlerhaft ist, kann der Verbraucher Artikel 11 des Verbraucherschutzgesetzes Nr. 6502 anwenden. im Artikel enthalten;<\/li>\n<\/ul>\n<div>a) kostenlose Reparatur.<\/div>\n<div>B) ersetzen Sie es durch ein neues produkt, wenn es nicht repariert wird.<\/div>\n<ul>\n<li>Im Falle einer kostenlosen Reparatur durch den Verbraucher von diesen Rechten ist der Verk\u00e4ufer verpflichtet, die Reparatur des Produkts ohne Geb\u00fchr unter Arbeitskosten, Ersatzteilkosten oder einem anderen Namen durchzuf\u00fchren.<\/li>\n<li>Garanti s\u00fcresi i\u00e7erisinde ar\u0131zalanmas\u0131 durumunda, tamirde ge\u00e7en s\u00fcre garanti s\u00fcresine eklenir. Bunun d\u0131\u015f\u0131nda \u00fcr\u00fcn\u00fcn tamir s\u00fcresi 20 i\u015f g\u00fcn\u00fcn\u00fc ge\u00e7emez.<\/li>\n<li>Fehler, die durch die Verwendung verursacht werden, die gegen die in der Bedienungsanleitung enthaltenen Punkte versto\u00dfen, sind von der Garantie ausgeschlossen.<\/li>\n<\/ul>\n<h4><strong>Was sind die nutzungsfehler, die das defekte Produkt aus der Garantie ausschlie\u00dfen?<\/strong><\/h4>\n<ul>\n<li>St\u00f6rungen, die durch die Verwendung von Strom und Benutzer verursacht werden (Stromausfall, Spannungsschwankungen, Installation von Zubeh\u00f6r, das nicht zur Maschine geh\u00f6rt oder nicht verwendet werden muss), jede Intervention in garantierten Produkten au\u00dferhalb des autorisierten Dienstes, Besch\u00e4digung des Etiketts in Produkten mit garantieetiketten, Bruch, Kratzer usw., die auf der Au\u00dfenfl\u00e4che des Ger\u00e4ts auftreten. Fehlfunktionen, die durch staubige, feuchte, extrem hei\u00dfe oder kalte Umgebungen, \u00dcberschwemmungen, Feuer, Erdbeben, Blitzeinschl\u00e4ge usw. verursacht werden. bei St\u00f6rungen, die durch Naturkatastrophen verursacht werden, ist die Garantie nicht abgedeckt.<\/li>\n<\/ul>\n<p>Klicken Sie auf den Link f\u00fcr Schienen und Komponenten..<\/p>\n<p><a href=\"https:\/\/masialux.com\/product-category\/ray-ve-komponentler\/\">Ray und Komponenten Archiv | Masialux Beleuchtung<\/a><\/p>","protected":false},"excerpt":{"rendered":"<p>Einphasiges L-R\u00fcckgabeger\u00e4t<\/p>","protected":false},"featured_media":10056,"template":"","meta":{"_joinchat":[]},"product_brand":[],"product_cat":[210],"product_tag":[],"class_list":{"0":"post-10054","1":"product","2":"type-product","3":"status-publish","4":"has-post-thumbnail","6":"product_cat-monofaze-ray","8":"first","9":"instock","10":"shipping-taxable","11":"product-type-simple"},"_links":{"self":[{"href":"https:\/\/makrolight.com\/de_at\/wp-json\/wp\/v2\/product\/10054","targetHints":{"allow":["GET"]}}],"collection":[{"href":"https:\/\/makrolight.com\/de_at\/wp-json\/wp\/v2\/product"}],"about":[{"href":"https:\/\/makrolight.com\/de_at\/wp-json\/wp\/v2\/types\/product"}],"wp:featuredmedia":[{"embeddable":true,"href":"https:\/\/makrolight.com\/de_at\/wp-json\/wp\/v2\/media\/10056"}],"wp:attachment":[{"href":"https:\/\/makrolight.com\/de_at\/wp-json\/wp\/v2\/media?parent=10054"}],"wp:term":[{"taxonomy":"product_brand","embeddable":true,"href":"https:\/\/makrolight.com\/de_at\/wp-json\/wp\/v2\/product_brand?post=10054"},{"taxonomy":"product_cat","embeddable":true,"href":"https:\/\/makrolight.com\/de_at\/wp-json\/wp\/v2\/product_cat?post=10054"},{"taxonomy":"product_tag","embeddable":true,"href":"https:\/\/makrolight.com\/de_at\/wp-json\/wp\/v2\/product_tag?post=10054"}],"curies":[{"name":"wp","href":"https:\/\/api.w.org\/{rel}","templated":true}]}}