{"id":12374,"date":"2023-09-28T11:48:53","date_gmt":"2023-09-28T11:48:53","guid":{"rendered":"https:\/\/masialux.com\/?post_type=product&#038;p=12374"},"modified":"2024-10-03T09:41:55","modified_gmt":"2024-10-03T09:41:55","slug":"magnet-siva-ustu-ray-mm-5001-100","status":"publish","type":"product","link":"https:\/\/makrolight.com\/de_at\/product\/magnet-siva-ustu-ray-mm-5001-100\/","title":{"rendered":"MAGNET SIVA \u00dcST\u00dc RAY  |  MRM 5001-100"},"content":{"rendered":"<p><strong>Masialux Magnet S\u0131va \u00dcst\u00fc Ray\u00a0<\/strong><\/p>\n<h4><strong>ANWENDUNGSBEREICHE<\/strong><\/h4>\n<ul>\n<li>Dekoration<\/li>\n<li>Superm\u00e4rkte<\/li>\n<li>Gesch\u00e4fte<\/li>\n<li>H\u00e4user<\/li>\n<\/ul>\n<h4><strong>MONTAGE-UND SICHERHEITSWARNUNGEN<\/strong><\/h4>\n<div>\n<h5><strong>MAGNET s\u0131va \u00fcst\u00fc ray ;<\/strong><\/h5>\n<\/div>\n<ul>\n<li>Magnet s\u0131va \u00fcst\u00fc ray \u00fcr\u00fcn\u00fcn\u00fcz\u00fc teslim al\u0131rken, fiziksel bir hasar olup olmad\u0131\u011f\u0131n\u0131 kontrol ediniz. Nakliye hasarl\u0131 \u00fcr\u00fcnlerin de\u011fi\u015fimini kargodan yada ambardan talep ediniz ve \u00fcr\u00fcn ile birlikte gelmesi gereken aksesuarlar varsa tam olup olmad\u0131\u011f\u0131n\u0131 kontrol ediniz.<\/li>\n<li>Bewahren Sie die Originalverpackung, das Zubeh\u00f6r und die Rechnung f\u00fcr den sp\u00e4teren Service auf.<\/li>\n<li>Achten Sie darauf, dass der produktbarcode, das Modell und die Seriennummer nicht besch\u00e4digt werden.<\/li>\n<li>Wenn diese nicht gelesen werden oder abgenutzt sind, f\u00e4llt ihr Produkt nicht unter die Garantie.<\/li>\n<li>\u00a0Das Produkt darf nur zu Verwendungszwecken verwendet werden.<\/li>\n<li>Der Verk\u00e4ufer \u00fcbernimmt keine Verantwortung f\u00fcr Verletzungen oder Sch\u00e4den, die durch unsachgem\u00e4\u00dfe Verwendung des Produkts entstehen k\u00f6nnen.<\/li>\n<li>Elektrische Verbindungen m\u00fcssen nur von Fachpersonal hergestellt werden.<\/li>\n<li>Stellen sie bei der Installation sicher, dass der elektrische Anschluss ausgeschaltet ist.<\/li>\n<li>Verwenden Sie das Produkt nicht, wenn die Stromkabel besch\u00e4digt sind. Andernfalls kann es zu Tod, schweren Verletzungen oder Sachsch\u00e4den f\u00fchren.<\/li>\n<li>Stellen sie vor Beginn der Montage sicher, dass die Kabel und die Au\u00dfenw\u00e4nde des Produkts nicht besch\u00e4digt sind.<\/li>\n<li>Stellen Sie sicher, dass keine Spannung h\u00f6her ist als die auf dem Etikett angegebene Betriebsspannung.<\/li>\n<li>Im Falle von Fehlern, die im Streitfall auftreten k\u00f6nnen, kann der Verk\u00e4ufer nicht haftbar gemacht werden und der Fehler kann nicht im Rahmen der Garantie bewertet werden.<\/li>\n<li>F\u00fcr die Montage sollten nur die von unserem Unternehmen festgelegten Zusatzger\u00e4te verwendet werden.<\/li>\n<li>Der Netzanschluss muss mit anschlussmaterialien erfolgen, die den Installationsvorschriften des jeweiligen Landes entsprechen.<\/li>\n<li>Verwenden Sie es nicht an Orten mit stromlecks.<\/li>\n<li>Kabelanschl\u00fcsse m\u00fcssen unbedingt mit Anschlussklemmen oder Schmelzband isoliert werden.<\/li>\n<li>Machen Sie keine Renovierungen, Reparaturen, Spiele oder k\u00f6rperliche Eingriffe. Da dadurch ein Sachschaden entstehen kann, erlischt auch die Produktgarantie.<\/li>\n<\/ul>\n<h4><strong>WICHTIGE WARNUNGEN<\/strong><\/h4>\n<ul>\n<li>Magnet s\u0131va \u00fcst\u00fc ray \u00fcr\u00fcnde meydana gelen herhangi bir ar\u0131za durumunda uzman yetkili servisimizle irtibata ge\u00e7iniz.<\/li>\n<li>Erlauben sie niemandem, das Produkt au\u00dfer unserem autorisierten technischen Service zu st\u00f6ren. Aufgrund solcher Eingriffe ist das Produkt vollst\u00e4ndig von der Garantie ausgeschlossen.<\/li>\n<li>Wenn das externe verdrehte Kabel oder Kabel dieses Produkts besch\u00e4digt ist, muss es von einer autorisierten Person ersetzt werden, um eine Gefahr zu vermeiden.<\/li>\n<li>Da die Oberfl\u00e4che des Produkts w\u00e4hrend des Betriebs hei\u00df ist, muss die Energie des Produkts ausgeschaltet werden und darf nicht ber\u00fchrt werden, bevor es abgek\u00fchlt ist. Schauen Sie nicht direkt, wenn das Produkt in Betrieb ist.<\/li>\n<li>Reinigen Sie die Oberfl\u00e4che nicht mit brennbaren Stoffen wie Alkohol oder benzin.<\/li>\n<li>Au\u00dferhalb der Reichweite von Kindern und in der Produktbox aufbewahren.<\/li>\n<\/ul>\n<h4><strong>Garantiezertifikat \/ Garantiebedingungen<\/strong><\/h4>\n<p><strong>Magnet s\u0131va \u00fcst\u00fc ray;<\/strong><\/p>\n<ul>\n<li>Die garantiezeit beginnt mit dem Rechnungsdatum des Produkts und betr\u00e4gt 2 Jahre.<\/li>\n<li>Sie erhalten eine vollst\u00e4ndige Garantie, einschlie\u00dflich aller Teile.<\/li>\n<li>Wenn der Verbraucher versteht, dass es eine Schande ist, hat das Gesetz \u00fcber den Verbraucherschutz Nr. 6502 Nr. 11. im;<\/li>\n<\/ul>\n<div>a) kostenlose Reparatur.<\/div>\n<div>B) ersetzen Sie es durch ein neues produkt, wenn es nicht repariert wird.<\/div>\n<ul>\n<li>Im Falle einer kostenlosen Reparatur durch den Verbraucher von diesen Rechten ist der Verk\u00e4ufer verpflichtet, die Reparatur des Produkts ohne Geb\u00fchr unter Arbeitskosten, Ersatzteilkosten oder einem anderen Namen durchzuf\u00fchren.<\/li>\n<li>Bei Ausfall innerhalb der Garantiezeit wird die Reparaturzeit zur Garantiezeit addiert. Die Reparaturzeit des Produkts darf 20 Werktage nicht \u00fcberschreiten.<\/li>\n<li>Fehler, die durch die Verwendung verursacht werden, die gegen die in der Bedienungsanleitung enthaltenen Punkte versto\u00dfen, sind von der Garantie ausgeschlossen.<\/li>\n<\/ul>\n<h4><strong>Was sind die nutzungsfehler, die das defekte Produkt aus der Garantie ausschlie\u00dfen?<\/strong><\/h4>\n<ul>\n<li>St\u00f6rungen, die durch die Verwendung von Strom und Benutzer verursacht werden (Stromausfall, Spannungsschwankungen, Installation von Zubeh\u00f6r, das nicht zur Maschine geh\u00f6rt oder nicht verwendet werden muss), jede Intervention in garantierten Produkten au\u00dferhalb des autorisierten Dienstes, Besch\u00e4digung des Etiketts in Produkten mit garantieetiketten, Bruch, Kratzer usw., die auf der Au\u00dfenfl\u00e4che des Ger\u00e4ts auftreten. Fehlfunktionen, die durch staubige, feuchte, extrem hei\u00dfe oder kalte Umgebungen, \u00dcberschwemmungen, Feuer, Erdbeben, Blitzeinschl\u00e4ge usw. verursacht werden. bei St\u00f6rungen, die durch Naturkatastrophen verursacht werden, ist die Garantie nicht abgedeckt.<\/li>\n<\/ul>\n<p>Klicken Sie auf den Link f\u00fcr Schienen und Komponenten..<\/p>\n<p><a href=\"https:\/\/masialux.com\/product-category\/ray-ve-komponentler\/\">Ray und Komponenten Archiv | Masialux Beleuchtung<\/a><\/p>","protected":false},"excerpt":{"rendered":"<p>. 1 Meter<br \/>\n. Aufputzprofil<\/p>","protected":false},"featured_media":13657,"template":"","meta":{"_joinchat":[]},"product_brand":[],"product_cat":[213],"product_tag":[],"class_list":{"0":"post-12374","1":"product","2":"type-product","3":"status-publish","4":"has-post-thumbnail","6":"product_cat-magnet-ray","8":"first","9":"instock","10":"shipping-taxable","11":"product-type-simple"},"_links":{"self":[{"href":"https:\/\/makrolight.com\/de_at\/wp-json\/wp\/v2\/product\/12374","targetHints":{"allow":["GET"]}}],"collection":[{"href":"https:\/\/makrolight.com\/de_at\/wp-json\/wp\/v2\/product"}],"about":[{"href":"https:\/\/makrolight.com\/de_at\/wp-json\/wp\/v2\/types\/product"}],"wp:featuredmedia":[{"embeddable":true,"href":"https:\/\/makrolight.com\/de_at\/wp-json\/wp\/v2\/media\/13657"}],"wp:attachment":[{"href":"https:\/\/makrolight.com\/de_at\/wp-json\/wp\/v2\/media?parent=12374"}],"wp:term":[{"taxonomy":"product_brand","embeddable":true,"href":"https:\/\/makrolight.com\/de_at\/wp-json\/wp\/v2\/product_brand?post=12374"},{"taxonomy":"product_cat","embeddable":true,"href":"https:\/\/makrolight.com\/de_at\/wp-json\/wp\/v2\/product_cat?post=12374"},{"taxonomy":"product_tag","embeddable":true,"href":"https:\/\/makrolight.com\/de_at\/wp-json\/wp\/v2\/product_tag?post=12374"}],"curies":[{"name":"wp","href":"https:\/\/api.w.org\/{rel}","templated":true}]}}