{"id":12591,"date":"2023-10-16T12:43:02","date_gmt":"2023-10-16T12:43:02","guid":{"rendered":"https:\/\/masialux.com\/?post_type=product&#038;p=12591"},"modified":"2024-11-04T12:33:33","modified_gmt":"2024-11-04T12:33:33","slug":"yamas-serisi-mx-200-sarkit-acil-aydinlatma-ve-yonlendirme-armaturu","status":"publish","type":"product","link":"https:\/\/makrolight.com\/de_at\/product\/yamas-serisi-mx-200-sarkit-acil-aydinlatma-ve-yonlendirme-armaturu\/","title":{"rendered":"YAMAS-SERIE | MX 200 PENDELLEUCHTE NOT- UND LEITLEUCHTE"},"content":{"rendered":"<p><strong>Masialux Acil Ayd\u0131nlatma ve Y\u00f6nlendirme Armat\u00fcrleri<\/strong><\/p>\n<p><strong>ANWENDUNGSBEREICHE<\/strong><\/p>\n<p>Yang\u0131n \u00e7\u0131k\u0131\u015f kap\u0131lar\u0131<br \/>\nOfisler<br \/>\nToplant\u0131 odalar\u0131<br \/>\nResepsiyon alanlar\u0131<br \/>\nAl\u0131\u015fveri\u015f merkezleri<br \/>\nOteller ve barlar<br \/>\nRestoranlar<br \/>\nE\u011flence kul\u00fcpleri<br \/>\n\u00dcniversiteler, yurtlar, okullar ve kolejler<\/p>\n<p><strong>PRODUKTINFORMATION<\/strong><br \/>\nTavan montaj, s\u0131va alt\u0131 uygulamalarda kullan\u0131labilecek, standartlara uygun, ekonomik i\u015faretlemeler i\u00e7in tasarlanm\u0131\u015ft\u0131r<br \/>\nT\u00fcm plastik ekipmanlar, gerekli alevalmazl\u0131k ko\u015fullar\u0131n\u0131 sa\u011flar.<br \/>\n5mm \u015feffaf akrilik dif\u00fcz\u00f6r.<br \/>\nI\u015f\u0131k kayna\u011f\u0131 LED ler, profil i\u00e7erisinden, pleksi boyunca \u0131\u015f\u0131ma yapar, \u00fczerindeki fig\u00fcr\u00fc ayd\u0131nlat\u0131r.<br \/>\nBataryas\u0131n\u0131 ve g\u00fc\u00e7 kayna\u011f\u0131n\u0131 i\u00e7erisinde bar\u0131nd\u0131ran ba\u011f\u0131ms\u0131z acil y\u00f6nlendirme armat\u00fcr\u00fcd\u00fcr.<br \/>\nContinius \u015farj y\u00f6ntemi ile, pilleri s\u00fcrekli dolu ve haz\u0131r tutar\u2022 \u015eebeke besleme gerilimi standart 220 volt AC 50 hz dir.<br \/>\n\u0130lk kullan\u0131mda \u015farj s\u00fcresi 24 saattir.<br \/>\n\u015eebeke voltaj\u0131ndaki 285 volt a kadar dalgalanmalara dayan\u0131kl\u0131d\u0131r.<br \/>\n150 voltun alt\u0131nda acil ayd\u0131nlatma moduna ge\u00e7er, 185 voltun \u00fczerinde \u015farj durumuna ge\u00e7er.<br \/>\nISO 9001-2000 kalite y\u00f6netim sistemi \u00e7er\u00e7evesinde, TS 8710 EN60598-2-22 standard\u0131na uygun \u00fcretilmektedir.<\/p>\n<p>&nbsp;<\/p>\n<h4><strong>MONTAGE-UND SICHERHEITSWARNUNGEN<\/strong><\/h4>\n<div>\n<h5><strong>Acil ayd\u0131nlatma armat\u00fcr ;<\/strong><\/h5>\n<\/div>\n<ul>\n<li>\u00dcberpr\u00fcfen sie bei der Abholung, ob es sich um physische Sch\u00e4den handelt. Versand fordern Sie den Austausch besch\u00e4digter Produkte von der Fracht oder dem Lager an und \u00fcberpr\u00fcfen Sie, ob das Produkt vollst\u00e4ndig ist, wenn Zubeh\u00f6r vorhanden ist, das mit dem Produkt geliefert werden muss.<\/li>\n<li>Bewahren Sie die Originalverpackung, das Zubeh\u00f6r und die Rechnung f\u00fcr den sp\u00e4teren Service auf.<\/li>\n<li>Achten Sie darauf, dass der produktbarcode, das Modell und die Seriennummer nicht besch\u00e4digt werden.<\/li>\n<li>Wenn diese nicht gelesen werden oder abgenutzt sind, f\u00e4llt ihr Produkt nicht unter die Garantie.<\/li>\n<li>\u00a0Das Produkt darf nur zu Verwendungszwecken verwendet werden.<\/li>\n<li>Der Verk\u00e4ufer \u00fcbernimmt keine Verantwortung f\u00fcr Verletzungen oder Sch\u00e4den, die durch unsachgem\u00e4\u00dfe Verwendung des Produkts entstehen k\u00f6nnen.<\/li>\n<li>Elektrische Verbindungen m\u00fcssen nur von Fachpersonal hergestellt werden.<\/li>\n<li>Stellen sie bei der Installation sicher, dass der elektrische Anschluss ausgeschaltet ist.<\/li>\n<li>Verwenden Sie das Produkt nicht, wenn die Stromkabel besch\u00e4digt sind. Andernfalls kann es zu Tod, schweren Verletzungen oder Sachsch\u00e4den f\u00fchren.<\/li>\n<li>Stellen sie vor Beginn der Montage sicher, dass die Kabel und die Au\u00dfenw\u00e4nde des Produkts nicht besch\u00e4digt sind.<\/li>\n<li>Stellen Sie sicher, dass keine Spannung h\u00f6her ist als die auf dem Etikett angegebene Betriebsspannung.<\/li>\n<li>Im Falle von Fehlern, die im Streitfall auftreten k\u00f6nnen, kann der Verk\u00e4ufer nicht haftbar gemacht werden und der Fehler kann nicht im Rahmen der Garantie bewertet werden.<\/li>\n<li>F\u00fcr die Montage sollten nur die von unserem Unternehmen festgelegten Zusatzger\u00e4te verwendet werden.<\/li>\n<li>Der Netzanschluss muss mit anschlussmaterialien erfolgen, die den Installationsvorschriften des jeweiligen Landes entsprechen.<\/li>\n<li>Verwenden Sie es nicht an Orten mit stromlecks.<\/li>\n<li>Kabelanschl\u00fcsse m\u00fcssen unbedingt mit Anschlussklemmen oder Schmelzband isoliert werden.<\/li>\n<li>Machen Sie keine Renovierungen, Reparaturen, Spiele oder k\u00f6rperliche Eingriffe. Da dadurch ein Sachschaden entstehen kann, erlischt auch die Produktgarantie.<\/li>\n<\/ul>\n<h4><strong>WICHTIGE WARNUNGEN<\/strong><\/h4>\n<ul>\n<li>Acil ayd\u0131nlatma armat\u00fcr \u00fczerinde meydana gelen herhangi bir ar\u0131za durumunda uzman yetkili servisimizle irtibata ge\u00e7iniz.<\/li>\n<li>Erlauben sie niemandem, das Produkt au\u00dfer unserem autorisierten technischen Service zu st\u00f6ren. Aufgrund solcher Eingriffe ist das Produkt vollst\u00e4ndig von der Garantie ausgeschlossen.<\/li>\n<li>Wenn das externe verdrehte Kabel oder Kabel dieses Produkts besch\u00e4digt ist, muss es von einer autorisierten Person ersetzt werden, um eine Gefahr zu vermeiden.<\/li>\n<li>Da die Oberfl\u00e4che des Produkts w\u00e4hrend des Betriebs hei\u00df ist, muss die Energie des Produkts ausgeschaltet werden und darf nicht ber\u00fchrt werden, bevor es abgek\u00fchlt ist. Schauen Sie nicht direkt, wenn das Produkt in Betrieb ist.<\/li>\n<li>Reinigen Sie die Oberfl\u00e4che nicht mit brennbaren Stoffen wie Alkohol oder benzin.<\/li>\n<li>Au\u00dferhalb der Reichweite von Kindern und in der Produktbox aufbewahren.<\/li>\n<\/ul>\n<h4><strong>Garantiezertifikat \/ Garantiebedingungen<\/strong><\/h4>\n<p><strong>Acil Ayd\u0131nlatma Armat\u00fcr\u00fcn;<\/strong><\/p>\n<ul>\n<li>Die garantiezeit beginnt mit dem Rechnungsdatum des Produkts und betr\u00e4gt 2 Jahre.<\/li>\n<li>B\u00fct\u00fcn par\u00e7alar\u0131 dahil olmak \u00fczere tamam\u0131 garanti kapsam\u0131na girmektedir.<\/li>\n<li>Kesinlikle ay\u0131pl\u0131 oldu\u011funun anla\u015f\u0131lmas\u0131 durumunda t\u00fcketici, 6502 say\u0131l\u0131 T\u00fcketicinin Korunmas\u0131 Hakk\u0131nda Kanunun 11. maddesinde yer alan;<\/li>\n<\/ul>\n<div>a) kostenlose Reparatur.<\/div>\n<div>B) ersetzen Sie es durch ein neues produkt, wenn es nicht repariert wird.<\/div>\n<ul>\n<li>Im Falle einer kostenlosen Reparatur durch den Verbraucher von diesen Rechten ist der Verk\u00e4ufer verpflichtet, die Reparatur des Produkts ohne Geb\u00fchr unter Arbeitskosten, Ersatzteilkosten oder einem anderen Namen durchzuf\u00fchren.<\/li>\n<li>Garanti s\u00fcresi i\u00e7erisinde ar\u0131zalanmas\u0131 durumunda, tamirde ge\u00e7en s\u00fcre garanti s\u00fcresine eklenir. Sonu\u00e7 olarak \u00fcr\u00fcn\u00fcn tamir s\u00fcresi 20 i\u015f g\u00fcn\u00fcn\u00fc ge\u00e7emez.<\/li>\n<li>K\u0131saca kullanma k\u0131lavuzunda yer alan hususlara ayk\u0131r\u0131 kullan\u0131lmas\u0131ndan kaynaklanan ar\u0131zalar garanti kapsam\u0131 d\u0131\u015f\u0131ndad\u0131r.<\/li>\n<\/ul>\n<h4><strong>Was sind die nutzungsfehler, die das defekte Produkt aus der Garantie ausschlie\u00dfen?<\/strong><\/h4>\n<ul>\n<li>St\u00f6rungen, die durch die Verwendung von Strom und Benutzer verursacht werden (Stromausfall, Spannungsschwankungen, Installation von Zubeh\u00f6r, das nicht zur Maschine geh\u00f6rt oder nicht verwendet werden muss), jede Intervention in garantierten Produkten au\u00dferhalb des autorisierten Dienstes, Besch\u00e4digung des Etiketts in Produkten mit garantieetiketten, Bruch, Kratzer usw., die auf der Au\u00dfenfl\u00e4che des Ger\u00e4ts auftreten. Fehlfunktionen, die durch staubige, feuchte, extrem hei\u00dfe oder kalte Umgebungen, \u00dcberschwemmungen, Feuer, Erdbeben, Blitzeinschl\u00e4ge usw. verursacht werden. bei St\u00f6rungen, die durch Naturkatastrophen verursacht werden, ist die Garantie nicht abgedeckt.<\/li>\n<\/ul>\n<p><a href=\"https:\/\/masialux.com\/product-category\/acil-aydinlatma-ve-yonlendirmeler\/\">Acil Ayd\u0131nlatma ve Y\u00f6nlendirmeler | Masialux Ayd\u0131nlatma<\/a><\/p>\n<p>&nbsp;<\/p>","protected":false},"excerpt":{"rendered":"<p><strong>Masialux Yamas Serie Notausgangs- und Richtungsleuchte MX 200<\/strong><\/p>\n<p>&nbsp;<\/p>\n<h5><strong>HERUNTERLADBARE PRODUKTMEDIEN<\/strong><\/h5>\n<p><strong><a href=\"\/de_at\/downloads\/MX200\/Datasheet-MX200.pdf\/\">\u25ef<\/a><a href=\"\/de_at\/downloads\/MX200\/Datasheet-MX200.pdf\/\" target=\"_blank\" rel=\"noopener\"> Datenblatt<\/a><\/strong><\/p>\n<p><strong>Leuchtenmerkmale<\/strong><\/p>\n<p><strong>K\u00f6rper : <\/strong>Geh\u00e4use aus Aluminiumprofil, Abdeckungen aus ABS-Kunststoff<br \/>\n<strong>Lichtquelle :<\/strong> Mittelstarke LED<br \/>\n<b>Optisch: <\/b>PMMA mit hoher Permeabilit\u00e4t<br \/>\n<b>IP-Schutz: <\/b>IP 20<br \/>\n<strong>Wirkleistung:<\/strong> 1,5 W<br \/>\n<strong>Optionen:<\/strong> Ein- und doppelseitige Anwendung<\/p>\n<p>&nbsp;<\/p>","protected":false},"featured_media":12594,"template":"","meta":{"_joinchat":[]},"product_brand":[],"product_cat":[215],"product_tag":[],"class_list":{"0":"post-12591","1":"product","2":"type-product","3":"status-publish","4":"has-post-thumbnail","6":"product_cat-acil-aydinlatma-ve-yonlendirmeler","8":"first","9":"instock","10":"shipping-taxable","11":"product-type-simple"},"_links":{"self":[{"href":"https:\/\/makrolight.com\/de_at\/wp-json\/wp\/v2\/product\/12591","targetHints":{"allow":["GET"]}}],"collection":[{"href":"https:\/\/makrolight.com\/de_at\/wp-json\/wp\/v2\/product"}],"about":[{"href":"https:\/\/makrolight.com\/de_at\/wp-json\/wp\/v2\/types\/product"}],"wp:featuredmedia":[{"embeddable":true,"href":"https:\/\/makrolight.com\/de_at\/wp-json\/wp\/v2\/media\/12594"}],"wp:attachment":[{"href":"https:\/\/makrolight.com\/de_at\/wp-json\/wp\/v2\/media?parent=12591"}],"wp:term":[{"taxonomy":"product_brand","embeddable":true,"href":"https:\/\/makrolight.com\/de_at\/wp-json\/wp\/v2\/product_brand?post=12591"},{"taxonomy":"product_cat","embeddable":true,"href":"https:\/\/makrolight.com\/de_at\/wp-json\/wp\/v2\/product_cat?post=12591"},{"taxonomy":"product_tag","embeddable":true,"href":"https:\/\/makrolight.com\/de_at\/wp-json\/wp\/v2\/product_tag?post=12591"}],"curies":[{"name":"wp","href":"https:\/\/api.w.org\/{rel}","templated":true}]}}