{"id":15014,"date":"2025-01-30T12:52:44","date_gmt":"2025-01-30T12:52:44","guid":{"rendered":"https:\/\/masialux.com\/?post_type=product&#038;p=15014"},"modified":"2025-01-30T13:52:23","modified_gmt":"2025-01-30T13:52:23","slug":"led-bar-serisi-mjl-102-led-bar","status":"publish","type":"product","link":"https:\/\/makrolight.com\/de_at\/product\/led-bar-serisi-mjl-102-led-bar\/","title":{"rendered":"LED BAR SER\u0130S\u0130 | MJL 102 LED BAR"},"content":{"rendered":"<p><strong>\u00a0Masialux Aluminyum LED BAR MJL 102<\/strong><\/p>\n<p>ANWENDUNGSBEREICHE<br \/>\nFabriken<br \/>\nParkpl\u00e4tze<br \/>\nTunnel<br \/>\nGaragen<br \/>\nBaustellen<br \/>\nLagerh\u00e4user<br \/>\nFeuchte und staubige Au\u00dfenumgebungen usw.<\/p>\n<p>MONTAGE-UND SICHERHEITSWARNUNGEN<\/p>\n<p>LED BAR ;<br \/>\n\u00dcberpr\u00fcfen sie bei der Abholung, ob es sich um physische Sch\u00e4den handelt. Versand fordern Sie den Austausch besch\u00e4digter Produkte von der Fracht oder dem Lager an und \u00fcberpr\u00fcfen Sie, ob das Produkt vollst\u00e4ndig ist, wenn Zubeh\u00f6r vorhanden ist, das mit dem Produkt geliefert werden muss.<br \/>\nBewahren Sie die Originalverpackung, das Zubeh\u00f6r und die Rechnung f\u00fcr den sp\u00e4teren Service auf.<br \/>\nAchten Sie darauf, dass der produktbarcode, das Modell und die Seriennummer nicht besch\u00e4digt werden.<br \/>\nWenn diese nicht gelesen werden oder abgenutzt sind, f\u00e4llt ihr Produkt nicht unter die Garantie.<br \/>\nDas Produkt darf nur zu Verwendungszwecken verwendet werden.<br \/>\nDer Verk\u00e4ufer \u00fcbernimmt keine Verantwortung f\u00fcr Verletzungen oder Sch\u00e4den, die durch unsachgem\u00e4\u00dfe Verwendung des Produkts entstehen k\u00f6nnen.<br \/>\nElektrische Verbindungen m\u00fcssen nur von Fachpersonal hergestellt werden.<br \/>\nStellen sie bei der Installation sicher, dass der elektrische Anschluss ausgeschaltet ist.<br \/>\nVerwenden Sie das Produkt nicht, wenn die Stromkabel besch\u00e4digt sind. Andernfalls kann es zu Tod, schweren Verletzungen oder Sachsch\u00e4den f\u00fchren.<br \/>\nStellen sie vor Beginn der Montage sicher, dass die Kabel und die Au\u00dfenw\u00e4nde des Produkts nicht besch\u00e4digt sind.<br \/>\nStellen Sie sicher, dass keine Spannung h\u00f6her ist als die auf dem Etikett angegebene Betriebsspannung.<br \/>\nIm Falle von Fehlern, die im Streitfall auftreten k\u00f6nnen, kann der Verk\u00e4ufer nicht haftbar gemacht werden und der Fehler kann nicht im Rahmen der Garantie bewertet werden.<br \/>\nF\u00fcr die Montage sollten nur die von unserem Unternehmen festgelegten Zusatzger\u00e4te verwendet werden.<br \/>\nDer Netzanschluss muss mit anschlussmaterialien erfolgen, die den Installationsvorschriften des jeweiligen Landes entsprechen.<br \/>\nVerwenden Sie es nicht an Orten mit stromlecks.<br \/>\nKabelanschl\u00fcsse m\u00fcssen unbedingt mit Anschlussklemmen oder Schmelzband isoliert werden.<br \/>\nMachen Sie keine Renovierungen, Reparaturen, Spiele oder k\u00f6rperliche Eingriffe. Da dadurch ein Sachschaden entstehen kann, erlischt auch die Produktgarantie.<br \/>\nWICHTIGE WARNUNGEN<br \/>\nEtanj armat\u00fcr \u00fczerinde meydana gelen herhangi bir ar\u0131za durumunda uzman yetkili servisimizle irtibata ge\u00e7iniz.<br \/>\nErlauben sie niemandem, das Produkt au\u00dfer unserem autorisierten technischen Service zu st\u00f6ren. Aufgrund solcher Eingriffe ist das Produkt vollst\u00e4ndig von der Garantie ausgeschlossen.<br \/>\nWenn das externe verdrehte Kabel oder Kabel dieses Produkts besch\u00e4digt ist, muss es von einer autorisierten Person ersetzt werden, um eine Gefahr zu vermeiden.<br \/>\nDa die Oberfl\u00e4che des Produkts w\u00e4hrend des Betriebs hei\u00df ist, muss die Energie des Produkts ausgeschaltet werden und darf nicht ber\u00fchrt werden, bevor es abgek\u00fchlt ist. Schauen Sie nicht direkt, wenn das Produkt in Betrieb ist.<br \/>\nReinigen Sie die Oberfl\u00e4che nicht mit brennbaren Stoffen wie Alkohol oder benzin.<br \/>\nAu\u00dferhalb der Reichweite von Kindern und in der Produktbox aufbewahren.<br \/>\nGARANT\u0130 BELGES\u0130 | GARANT\u0130 \u015eARTLARI<\/p>\n<p>LED BAR;<\/p>\n<p>Die garantiezeit beginnt mit dem Rechnungsdatum des Produkts und betr\u00e4gt 2 Jahre.<br \/>\nSie erhalten eine vollst\u00e4ndige Garantie, einschlie\u00dflich aller Teile.<br \/>\nWenn der Verbraucher versteht, dass es eine Schande ist, hat das Gesetz \u00fcber den Verbraucherschutz Nr. 6502 Nr. 11. im;<br \/>\na) kostenlose Reparatur.<br \/>\nB) ersetzen Sie es durch ein neues produkt, wenn es nicht repariert wird.<br \/>\nIm Falle einer kostenlosen Reparatur durch den Verbraucher von diesen Rechten ist der Verk\u00e4ufer verpflichtet, die Reparatur des Produkts ohne Geb\u00fchr unter Arbeitskosten, Ersatzteilkosten oder einem anderen Namen durchzuf\u00fchren.<br \/>\nBei Ausfall innerhalb der Garantiezeit wird die Reparaturzeit zur Garantiezeit addiert. Die Reparaturzeit des Produkts darf 20 Werktage nicht \u00fcberschreiten.<br \/>\nFehler, die durch die Verwendung verursacht werden, die gegen die in der Bedienungsanleitung enthaltenen Punkte versto\u00dfen, sind von der Garantie ausgeschlossen.<br \/>\nARIZALI \u00dcR\u00dcN\u00dc GARANT\u0130 KAPSAMI DI\u015eINA \u00c7IKARAN KULLANIM HATALARI NELERD\u0130R?<br \/>\nSt\u00f6rungen, die durch die Verwendung von Strom und Benutzer verursacht werden (Stromausfall, Spannungsschwankungen, Installation von Zubeh\u00f6r, das nicht zur Maschine geh\u00f6rt oder nicht verwendet werden muss), jede Intervention in garantierten Produkten au\u00dferhalb des autorisierten Dienstes, Besch\u00e4digung des Etiketts in Produkten mit garantieetiketten, Bruch, Kratzer usw., die auf der Au\u00dfenfl\u00e4che des Ger\u00e4ts auftreten. Fehlfunktionen, die durch staubige, feuchte, extrem hei\u00dfe oder kalte Umgebungen, \u00dcberschwemmungen, Feuer, Erdbeben, Blitzeinschl\u00e4ge usw. verursacht werden. bei St\u00f6rungen, die durch Naturkatastrophen verursacht werden, ist die Garantie nicht abgedeckt.<\/p>\n<p>End\u00fcstriyel Ayd\u0131nlatma Archives | Masialux Ayd\u0131nlatma<\/p>","protected":false},"excerpt":{"rendered":"<p><strong>Masialux LED BAR Serisi Al\u00fcminyum LED BAR MJL 102<\/strong><\/p>","protected":false},"featured_media":15016,"template":"","meta":{"_joinchat":[]},"product_brand":[],"product_cat":[214],"product_tag":[],"class_list":{"0":"post-15014","1":"product","2":"type-product","3":"status-publish","4":"has-post-thumbnail","6":"product_cat-product-category-endustriyel-aydinlatma","8":"first","9":"instock","10":"shipping-taxable","11":"product-type-simple"},"_links":{"self":[{"href":"https:\/\/makrolight.com\/de_at\/wp-json\/wp\/v2\/product\/15014","targetHints":{"allow":["GET"]}}],"collection":[{"href":"https:\/\/makrolight.com\/de_at\/wp-json\/wp\/v2\/product"}],"about":[{"href":"https:\/\/makrolight.com\/de_at\/wp-json\/wp\/v2\/types\/product"}],"wp:featuredmedia":[{"embeddable":true,"href":"https:\/\/makrolight.com\/de_at\/wp-json\/wp\/v2\/media\/15016"}],"wp:attachment":[{"href":"https:\/\/makrolight.com\/de_at\/wp-json\/wp\/v2\/media?parent=15014"}],"wp:term":[{"taxonomy":"product_brand","embeddable":true,"href":"https:\/\/makrolight.com\/de_at\/wp-json\/wp\/v2\/product_brand?post=15014"},{"taxonomy":"product_cat","embeddable":true,"href":"https:\/\/makrolight.com\/de_at\/wp-json\/wp\/v2\/product_cat?post=15014"},{"taxonomy":"product_tag","embeddable":true,"href":"https:\/\/makrolight.com\/de_at\/wp-json\/wp\/v2\/product_tag?post=15014"}],"curies":[{"name":"wp","href":"https:\/\/api.w.org\/{rel}","templated":true}]}}