{"id":7440,"date":"2022-09-29T09:03:18","date_gmt":"2022-09-29T09:03:18","guid":{"rendered":"https:\/\/masialux.com\/?post_type=product&#038;p=7440"},"modified":"2024-08-08T12:05:59","modified_gmt":"2024-08-08T12:05:59","slug":"renardo-serisi-mr-602-ray-spot","status":"publish","type":"product","link":"https:\/\/makrolight.com\/de_at\/product\/renardo-serisi-mr-602-ray-spot\/","title":{"rendered":"RENARDO SERIE \/ MR 602-100 RAY SPOT"},"content":{"rendered":"<p><strong>Masialux LED-Schienen-Spotleuchte MR 602-100<\/strong><\/p>\n<p>&nbsp;<\/p>\n<p><img fetchpriority=\"high\" decoding=\"async\" class=\"alignnone wp-image-12669 size-full\" src=\"http:\/\/masialux.com\/wp-content\/uploads\/2022\/09\/mr602-100-icerik-gorsel.jpg\" alt=\"RENARDO SER\u0130S\u0130 | MR 602-100 RAY SPOT\" width=\"1402\" height=\"596\" srcset=\"https:\/\/makrolight.com\/wp-content\/uploads\/2022\/09\/mr602-100-icerik-gorsel.jpg 1402w, https:\/\/makrolight.com\/wp-content\/uploads\/2022\/09\/mr602-100-icerik-gorsel-300x128.jpg 300w, https:\/\/makrolight.com\/wp-content\/uploads\/2022\/09\/mr602-100-icerik-gorsel-1024x435.jpg 1024w, https:\/\/makrolight.com\/wp-content\/uploads\/2022\/09\/mr602-100-icerik-gorsel-768x326.jpg 768w, https:\/\/makrolight.com\/wp-content\/uploads\/2022\/09\/mr602-100-icerik-gorsel-18x8.jpg 18w, https:\/\/makrolight.com\/wp-content\/uploads\/2022\/09\/mr602-100-icerik-gorsel-600x255.jpg 600w, https:\/\/makrolight.com\/wp-content\/uploads\/2022\/09\/mr602-100-icerik-gorsel-800x340.jpg 800w\" sizes=\"(max-width: 1402px) 100vw, 1402px\" \/><\/p>\n<p>&nbsp;<\/p>\n<p><img decoding=\"async\" class=\"alignnone wp-image-12727 size-full\" src=\"http:\/\/masialux.com\/wp-content\/uploads\/2022\/09\/PIKTOGRAMLAR-001.png\" alt=\"\" width=\"1402\" height=\"110\" srcset=\"https:\/\/makrolight.com\/wp-content\/uploads\/2022\/09\/PIKTOGRAMLAR-001.png 1402w, https:\/\/makrolight.com\/wp-content\/uploads\/2022\/09\/PIKTOGRAMLAR-001-300x24.png 300w, https:\/\/makrolight.com\/wp-content\/uploads\/2022\/09\/PIKTOGRAMLAR-001-1024x80.png 1024w, https:\/\/makrolight.com\/wp-content\/uploads\/2022\/09\/PIKTOGRAMLAR-001-768x60.png 768w, https:\/\/makrolight.com\/wp-content\/uploads\/2022\/09\/PIKTOGRAMLAR-001-18x1.png 18w, https:\/\/makrolight.com\/wp-content\/uploads\/2022\/09\/PIKTOGRAMLAR-001-600x47.png 600w, https:\/\/makrolight.com\/wp-content\/uploads\/2022\/09\/PIKTOGRAMLAR-001-800x63.png 800w\" sizes=\"(max-width: 1402px) 100vw, 1402px\" \/><\/p>\n<p>&nbsp;<\/p>\n<p>&nbsp;<\/p>\n<p>&nbsp;<\/p>\n<div style=\"float: left; width: 50%;\">\n<h5><strong>EIGENSCHAFTEN<\/strong><\/h5>\n<p><strong>K\u00f6rper : <\/strong>Einspritzk\u00f6rper und Einspritzkopf aus Aluminium<\/p>\n<p><strong>Reflektortyp:<\/strong> Reflektor aus hochreinem Aluminium<\/p>\n<p><strong>Anwendungsmethode :<\/strong> Steckdose oder Rosette mit elektronischem Vorschaltger\u00e4t<\/p>\n<p><strong>Malart :<\/strong> Elektrostatischer Pulverlack<\/p>\n<p><strong>Verwendung :<\/strong> LED Schienenstrahler<\/p>\n<p>&nbsp;<\/p>\n<\/div>\n<div style=\"float: right; width: 50%;\">\n<h5><strong>TECHNISCHE EIGENSCHAFTEN<\/strong><\/h5>\n<p><strong>Antriebsstrom:<\/strong> 500 mA &#8211; 800 mA<\/p>\n<p><strong>Stromspannung :<\/strong> 220V<\/p>\n<p><strong>H\u00e4ufigkeit:<\/strong> 50 Hz.<\/p>\n<p><strong>Wirkleistung:<\/strong> 20W &#8211; 27W<\/p>\n<p><strong>Lichtstrom :<\/strong> 2380 lm \u2013 3150 lm<\/p>\n<p><strong>Lichtquelle :<\/strong> Mittelstarke LED<\/p>\n<p><strong>\u00a0<\/strong><\/p>\n<\/div>\n<div style=\"clear: both;\"><\/div>\n<p>&nbsp;<\/p>\n<p>&nbsp;<\/p>\n<p>&nbsp;<\/p>\n<h5><strong>OPTISCHE OPTIONEN<\/strong><\/h5>\n<p>&nbsp;<\/p>\n<p><img decoding=\"async\" class=\"wp-image-12726 size-full aligncenter\" src=\"http:\/\/masialux.com\/wp-content\/uploads\/2022\/09\/optik-secenekler004.png\" alt=\"\" width=\"677\" height=\"202\" srcset=\"https:\/\/makrolight.com\/wp-content\/uploads\/2022\/09\/optik-secenekler004.png 677w, https:\/\/makrolight.com\/wp-content\/uploads\/2022\/09\/optik-secenekler004-300x90.png 300w, https:\/\/makrolight.com\/wp-content\/uploads\/2022\/09\/optik-secenekler004-18x5.png 18w, https:\/\/makrolight.com\/wp-content\/uploads\/2022\/09\/optik-secenekler004-600x179.png 600w\" sizes=\"(max-width: 677px) 100vw, 677px\" \/><\/p>\n<p>&nbsp;<\/p>\n<p>&nbsp;<\/p>\n<p>&nbsp;<\/p>\n<p>&nbsp;<\/p>\n<p>&nbsp;<\/p>\n<p>&nbsp;<\/p>\n<p><img loading=\"lazy\" decoding=\"async\" class=\"alignnone wp-image-13899 size-full\" src=\"http:\/\/masialux.com\/wp-content\/uploads\/2022\/09\/mr602-100-detay-kod-2.png\" alt=\"RENARDO SER\u0130S\u0130 | MR 602 RAY SPOT\" width=\"1402\" height=\"449\" srcset=\"https:\/\/makrolight.com\/wp-content\/uploads\/2022\/09\/mr602-100-detay-kod-2.png 1402w, https:\/\/makrolight.com\/wp-content\/uploads\/2022\/09\/mr602-100-detay-kod-2-300x96.png 300w, https:\/\/makrolight.com\/wp-content\/uploads\/2022\/09\/mr602-100-detay-kod-2-1024x328.png 1024w, https:\/\/makrolight.com\/wp-content\/uploads\/2022\/09\/mr602-100-detay-kod-2-768x246.png 768w, https:\/\/makrolight.com\/wp-content\/uploads\/2022\/09\/mr602-100-detay-kod-2-18x6.png 18w, https:\/\/makrolight.com\/wp-content\/uploads\/2022\/09\/mr602-100-detay-kod-2-600x192.png 600w, https:\/\/makrolight.com\/wp-content\/uploads\/2022\/09\/mr602-100-detay-kod-2-800x256.png 800w\" sizes=\"(max-width: 1402px) 100vw, 1402px\" \/><\/p>\n<p>&nbsp;<\/p>\n<p>&nbsp;<\/p>\n<p>&nbsp;<\/p>\n<p>&nbsp;<\/p>\n<p>&nbsp;<\/p>\n<p>&nbsp;<\/p>\n<h4><strong>ANWENDUNGSBEREICHE<\/strong><\/h4>\n<ul>\n<li>Dekoration<\/li>\n<li>Superm\u00e4rkte<\/li>\n<li>Gesch\u00e4fte<\/li>\n<li>H\u00e4user<\/li>\n<\/ul>\n<h4><strong>MONTAGE-UND SICHERHEITSWARNUNGEN<\/strong><\/h4>\n<div>\n<h5><strong>Ihr Streckenpunkt;<\/strong><\/h5>\n<\/div>\n<ul>\n<li>Bitte pr\u00fcfen Sie bei der Entgegennahme, ob k\u00f6rperliche Sch\u00e4den vorliegen. Versand Fordern Sie den Austausch besch\u00e4digter Produkte aus der Fracht oder dem Lager an und pr\u00fcfen Sie, ob das Zubeh\u00f6r, das mit dem Produkt geliefert werden sollte, vollst\u00e4ndig ist, falls vorhanden.<\/li>\n<li>Bewahren Sie die Originalverpackung, das Zubeh\u00f6r und die Rechnung f\u00fcr den sp\u00e4teren Service auf.<\/li>\n<li>Achten Sie darauf, dass der produktbarcode, das Modell und die Seriennummer nicht besch\u00e4digt werden.<\/li>\n<li>Wenn diese nicht gelesen werden oder abgenutzt sind, f\u00e4llt ihr Produkt nicht unter die Garantie.<\/li>\n<li>\u00a0Das Produkt darf nur zu Verwendungszwecken verwendet werden.<\/li>\n<li>Der Verk\u00e4ufer \u00fcbernimmt keine Verantwortung f\u00fcr Verletzungen oder Sch\u00e4den, die durch unsachgem\u00e4\u00dfe Verwendung des Produkts entstehen k\u00f6nnen.<\/li>\n<li>Elektrische Anschl\u00fcsse sollten nur von Fachpersonal hergestellt werden.<\/li>\n<li>Stellen sie bei der Installation sicher, dass der elektrische Anschluss ausgeschaltet ist.<\/li>\n<li>Verwenden Sie das Produkt nicht, wenn die Stromkabel besch\u00e4digt sind. Andernfalls kann es zu Tod, schweren Verletzungen oder Sachsch\u00e4den f\u00fchren.<\/li>\n<li>Stellen sie vor Beginn der Montage sicher, dass die Kabel und die Au\u00dfenw\u00e4nde des Produkts nicht besch\u00e4digt sind.<\/li>\n<li>Stellen Sie sicher, dass keine Spannung h\u00f6her ist als die auf dem Etikett angegebene Betriebsspannung.<\/li>\n<li>Im Falle von Fehlern, die im Streitfall auftreten k\u00f6nnen, kann der Verk\u00e4ufer nicht haftbar gemacht werden und der Fehler kann nicht im Rahmen der Garantie bewertet werden.<\/li>\n<li>F\u00fcr die Montage sollten nur die von unserem Unternehmen festgelegten Zusatzger\u00e4te verwendet werden.<\/li>\n<li>Der Netzanschluss muss mit anschlussmaterialien erfolgen, die den Installationsvorschriften des jeweiligen Landes entsprechen.<\/li>\n<li>Verwenden Sie es nicht an Orten mit stromlecks.<\/li>\n<li>Kabelanschl\u00fcsse m\u00fcssen unbedingt mit Anschlussklemmen oder Schmelzband isoliert werden.<\/li>\n<li>Machen Sie keine Renovierungen, Reparaturen, Spiele oder k\u00f6rperliche Eingriffe. Da dadurch ein Sachschaden entstehen kann, erlischt auch die Produktgarantie.<\/li>\n<\/ul>\n<h4><strong>WICHTIGE WARNUNGEN<\/strong><\/h4>\n<ul>\n<li>Wenden Sie sich im Falle einer Fehlfunktion des Ray-Spot-Produkts bitte an unseren autorisierten Fachservice.<\/li>\n<li>Erlauben sie niemandem, das Produkt au\u00dfer unserem autorisierten technischen Service zu st\u00f6ren. Aufgrund solcher Eingriffe ist das Produkt vollst\u00e4ndig von der Garantie ausgeschlossen.<\/li>\n<li>Wenn das externe verdrehte Kabel oder Kabel dieses Produkts besch\u00e4digt ist, muss es von einer autorisierten Person ersetzt werden, um eine Gefahr zu vermeiden.<\/li>\n<li>Da die Oberfl\u00e4che des Produkts w\u00e4hrend des Betriebs hei\u00df ist, muss die Energie des Produkts ausgeschaltet werden und darf nicht ber\u00fchrt werden, bevor es abgek\u00fchlt ist. Schauen Sie nicht direkt, wenn das Produkt in Betrieb ist.<\/li>\n<li>Reinigen Sie die Oberfl\u00e4che nicht mit brennbaren Stoffen wie Alkohol oder benzin.<\/li>\n<li>Au\u00dferhalb der Reichweite von Kindern und in der Produktbox aufbewahren.<\/li>\n<\/ul>\n<h4><strong>Garantiezertifikat \/ Garantiebedingungen<\/strong><\/h4>\n<p><strong>Rail-Spot-Produkt;<\/strong><\/p>\n<ul>\n<li>Die garantiezeit beginnt mit dem Rechnungsdatum des Produkts und betr\u00e4gt 2 Jahre.<\/li>\n<li>Sie erhalten eine vollst\u00e4ndige Garantie, einschlie\u00dflich aller Teile.<\/li>\n<li>Wenn der Verbraucher versteht, dass es eine Schande ist, hat das Gesetz \u00fcber den Verbraucherschutz Nr. 6502 Nr. 11. im;<\/li>\n<\/ul>\n<div>a) kostenlose Reparatur.<\/div>\n<div>B) ersetzen Sie es durch ein neues produkt, wenn es nicht repariert wird.<\/div>\n<ul>\n<li>Im Falle einer kostenlosen Reparatur durch den Verbraucher von diesen Rechten ist der Verk\u00e4ufer verpflichtet, die Reparatur des Produkts ohne Geb\u00fchr unter Arbeitskosten, Ersatzteilkosten oder einem anderen Namen durchzuf\u00fchren.<\/li>\n<li>Bei Ausfall innerhalb der Garantiezeit wird die Reparaturzeit zur Garantiezeit addiert. Die Reparaturzeit des Produkts darf 20 Werktage nicht \u00fcberschreiten.<\/li>\n<li>Fehler, die durch die Verwendung verursacht werden, die gegen die in der Bedienungsanleitung enthaltenen Punkte versto\u00dfen, sind von der Garantie ausgeschlossen.<\/li>\n<\/ul>\n<h4><strong>Was sind die nutzungsfehler, die das defekte Produkt aus der Garantie ausschlie\u00dfen?<\/strong><\/h4>\n<ul>\n<li>St\u00f6rungen, die durch die Verwendung von Strom und Benutzer verursacht werden (Stromausfall, Spannungsschwankungen, Installation von Zubeh\u00f6r, das nicht zur Maschine geh\u00f6rt oder nicht verwendet werden muss), jede Intervention in garantierten Produkten au\u00dferhalb des autorisierten Dienstes, Besch\u00e4digung des Etiketts in Produkten mit garantieetiketten, Bruch, Kratzer usw., die auf der Au\u00dfenfl\u00e4che des Ger\u00e4ts auftreten. Fehlfunktionen, die durch staubige, feuchte, extrem hei\u00dfe oder kalte Umgebungen, \u00dcberschwemmungen, Feuer, Erdbeben, Blitzeinschl\u00e4ge usw. verursacht werden. bei St\u00f6rungen, die durch Naturkatastrophen verursacht werden, ist die Garantie nicht abgedeckt.<\/li>\n<\/ul>\n<p><a href=\"https:\/\/masialux.com\/product-category\/ray-spot\/\">Track-Spot-Archiv | Masialux-Beleuchtung<\/a><\/p>","protected":false},"excerpt":{"rendered":"<h5><strong>Masialu \u2460 renardo Reihe LED-Schienen-Scheinwerfer-Leuchte MR 602-100 | 20 \u2460 - 27 \u2460\u00a0<\/strong><\/h5>\n<p><strong>Optionen f\u00fcr die K\u00f6rperfarbe<\/strong><\/p>\n<p><img loading=\"lazy\" decoding=\"async\" class=\"alignnone size-medium wp-image-12719\" src=\"http:\/\/masialux.com\/wp-content\/uploads\/2022\/09\/govde-renk01-300x92.png\" alt=\"\" width=\"300\" height=\"92\" srcset=\"https:\/\/makrolight.com\/wp-content\/uploads\/2022\/09\/govde-renk01-300x92.png 300w, https:\/\/makrolight.com\/wp-content\/uploads\/2022\/09\/govde-renk01-18x6.png 18w, https:\/\/makrolight.com\/wp-content\/uploads\/2022\/09\/govde-renk01.png 403w\" sizes=\"(max-width: 300px) 100vw, 300px\" \/><\/p>\n<pre><\/pre>\n<p><strong>Helle Farboptionen<\/strong><\/p>\n<p><img loading=\"lazy\" decoding=\"async\" class=\"alignnone size-medium wp-image-12722\" src=\"http:\/\/masialux.com\/wp-content\/uploads\/2022\/09\/isik-renk002-300x92.png\" alt=\"\" width=\"300\" height=\"92\" srcset=\"https:\/\/makrolight.com\/wp-content\/uploads\/2022\/09\/isik-renk002-300x92.png 300w, https:\/\/makrolight.com\/wp-content\/uploads\/2022\/09\/isik-renk002-18x6.png 18w, https:\/\/makrolight.com\/wp-content\/uploads\/2022\/09\/isik-renk002.png 403w\" sizes=\"(max-width: 300px) 100vw, 300px\" \/><\/p>\n<p>&nbsp;<\/p>\n<p><strong>HERUNTERLADBARE PRODUKTMEDIEN<\/strong><\/p>\n<p><strong><a href=\"\/de_at\/downloads\/MR602100\/Datasheet-MR602100.pdf\/\">\u25ef<\/a><a href=\"\/de_at\/downloads\/MR602100\/Datasheet-MR602100.pdf\/\" target=\"_blank\" rel=\"noopener\"> Datenblatt<\/a><\/strong><\/p>\n<p><strong><a href=\"\/de_at\/downloads\/MR602100\/Datasheet-MR602100.pdf\/\">\u25ef<\/a><a href=\"\/de_at\/downloads\/MR602100\/Montajklavuz-MR602100.pdf\/\" target=\"_blank\" rel=\"noopener\"> Benutzerhandbuch<\/a><\/strong><\/p>\n<p><strong><a href=\"\/de_at\/downloads\/MR602100\/2D-MR602100.zip\/\">\u25ef<\/a> <a href=\"\/de_at\/downloads\/MR602100\/2D-MR602100.zip\/\">2D ZEICHNUNG<\/a><\/strong><\/p>\n<p><strong><a href=\"\/de_at\/downloads\/MR602100\/3D-MR602100.zip\/\">\u25ef<\/a> <a href=\"\/de_at\/downloads\/MR602100\/3D-MR602100.zip\/\">3D-ZEICHNUNG<\/a><\/strong><\/p>\n<p><strong><a href=\"\/de_at\/downloads\/MR602100\/3D-MR602100.zip\/\">\u25ef<\/a> <a href=\"https:\/\/masialux.com\/ldt-dosyalari\/\">LDT-DATEIEN<\/a><\/strong><\/p>\n<p>&nbsp;<\/p>","protected":false},"featured_media":11910,"template":"","meta":{"_joinchat":[]},"product_brand":[],"product_cat":[83],"product_tag":[],"class_list":{"0":"post-7440","1":"product","2":"type-product","3":"status-publish","4":"has-post-thumbnail","6":"product_cat-ray-spot","8":"first","9":"instock","10":"shipping-taxable","11":"product-type-simple"},"_links":{"self":[{"href":"https:\/\/makrolight.com\/de_at\/wp-json\/wp\/v2\/product\/7440","targetHints":{"allow":["GET"]}}],"collection":[{"href":"https:\/\/makrolight.com\/de_at\/wp-json\/wp\/v2\/product"}],"about":[{"href":"https:\/\/makrolight.com\/de_at\/wp-json\/wp\/v2\/types\/product"}],"wp:featuredmedia":[{"embeddable":true,"href":"https:\/\/makrolight.com\/de_at\/wp-json\/wp\/v2\/media\/11910"}],"wp:attachment":[{"href":"https:\/\/makrolight.com\/de_at\/wp-json\/wp\/v2\/media?parent=7440"}],"wp:term":[{"taxonomy":"product_brand","embeddable":true,"href":"https:\/\/makrolight.com\/de_at\/wp-json\/wp\/v2\/product_brand?post=7440"},{"taxonomy":"product_cat","embeddable":true,"href":"https:\/\/makrolight.com\/de_at\/wp-json\/wp\/v2\/product_cat?post=7440"},{"taxonomy":"product_tag","embeddable":true,"href":"https:\/\/makrolight.com\/de_at\/wp-json\/wp\/v2\/product_tag?post=7440"}],"curies":[{"name":"wp","href":"https:\/\/api.w.org\/{rel}","templated":true}]}}