{"id":8116,"date":"2022-09-30T06:18:59","date_gmt":"2022-09-30T06:18:59","guid":{"rendered":"https:\/\/masialux.com\/?post_type=product&#038;p=8116"},"modified":"2024-08-05T11:36:04","modified_gmt":"2024-08-05T11:36:04","slug":"moss-serisi-mo-113-dis-mekan-aplik-aydinlatma","status":"publish","type":"product","link":"https:\/\/makrolight.com\/de_at\/product\/moss-serisi-mo-113-dis-mekan-aplik-aydinlatma\/","title":{"rendered":"MOSS SERIE | MO 113 AUSSENLEUCHTEN \nLED WANDLEUCHTEN"},"content":{"rendered":"<p><strong>Masialux D\u0131\u015f Mekan Ayd\u0131nlatma \u00c7ift Y\u00f6nl\u00fc Duvar Aplik MO 113<\/strong><\/p>\n<p><img fetchpriority=\"high\" decoding=\"async\" class=\"alignnone wp-image-14436 size-full\" src=\"http:\/\/masialux.com\/wp-content\/uploads\/2022\/09\/mo113.jpg\" alt=\"\" width=\"1402\" height=\"596\" srcset=\"https:\/\/makrolight.com\/wp-content\/uploads\/2022\/09\/mo113.jpg 1402w, https:\/\/makrolight.com\/wp-content\/uploads\/2022\/09\/mo113-300x128.jpg 300w, https:\/\/makrolight.com\/wp-content\/uploads\/2022\/09\/mo113-1024x435.jpg 1024w, https:\/\/makrolight.com\/wp-content\/uploads\/2022\/09\/mo113-768x326.jpg 768w, https:\/\/makrolight.com\/wp-content\/uploads\/2022\/09\/mo113-18x8.jpg 18w, https:\/\/makrolight.com\/wp-content\/uploads\/2022\/09\/mo113-600x255.jpg 600w, https:\/\/makrolight.com\/wp-content\/uploads\/2022\/09\/mo113-800x340.jpg 800w\" sizes=\"(max-width: 1402px) 100vw, 1402px\" \/><\/p>\n<p><img decoding=\"async\" class=\"alignnone wp-image-14238 size-full\" src=\"http:\/\/masialux.com\/wp-content\/uploads\/2022\/09\/PIKTOGRAMLAR-IP44.jpg\" alt=\"\" width=\"1402\" height=\"110\" srcset=\"https:\/\/makrolight.com\/wp-content\/uploads\/2022\/09\/PIKTOGRAMLAR-IP44.jpg 1402w, https:\/\/makrolight.com\/wp-content\/uploads\/2022\/09\/PIKTOGRAMLAR-IP44-300x24.jpg 300w, https:\/\/makrolight.com\/wp-content\/uploads\/2022\/09\/PIKTOGRAMLAR-IP44-1024x80.jpg 1024w, https:\/\/makrolight.com\/wp-content\/uploads\/2022\/09\/PIKTOGRAMLAR-IP44-768x60.jpg 768w, https:\/\/makrolight.com\/wp-content\/uploads\/2022\/09\/PIKTOGRAMLAR-IP44-18x1.jpg 18w, https:\/\/makrolight.com\/wp-content\/uploads\/2022\/09\/PIKTOGRAMLAR-IP44-600x47.jpg 600w, https:\/\/makrolight.com\/wp-content\/uploads\/2022\/09\/PIKTOGRAMLAR-IP44-800x63.jpg 800w\" sizes=\"(max-width: 1402px) 100vw, 1402px\" \/><\/p>\n<p>&nbsp;<\/p>\n<div style=\"float: left; width: 50%;\">\n<h5><strong>EIGENSCHAFTEN<\/strong><\/h5>\n<p><strong>K\u00f6rper : <\/strong>Einspritzk\u00f6rper und Einspritzkopf aus Aluminium<\/p>\n<p><strong>Malart :<\/strong> Elektrostatischer Pulverlack<\/p>\n<p><strong>Verwendung :<\/strong> Wandleuchte<\/p>\n<p>&nbsp;<\/p>\n<\/div>\n<div style=\"float: right; width: 50%;\">\n<h5><strong>TECHNISCHE EIGENSCHAFTEN<\/strong><\/h5>\n<p><strong>Duy Tipi :<\/strong> GU10 Gl\u00fchbirne<\/p>\n<p><strong>Lichtquelle :<\/strong> GU10 Gl\u00fchbirne<\/p>\n<p><strong>Lichttemperatur :<\/strong> 2700 K | 3000 K | 4000 K | 6500 K<\/p>\n<p>&nbsp;<\/p>\n<\/div>\n<p>&nbsp;<\/p>\n<p>&nbsp;<\/p>\n<p>&nbsp;<\/p>\n<p>&nbsp;<\/p>\n<p>&nbsp;<\/p>\n<h4><\/h4>\n<p>&nbsp;<\/p>\n<p><img decoding=\"async\" class=\"alignnone wp-image-14492 size-full\" src=\"http:\/\/masialux.com\/wp-content\/uploads\/2022\/09\/mo-113-detay-kod-1.png\" alt=\"\" width=\"1505\" height=\"500\" srcset=\"https:\/\/makrolight.com\/wp-content\/uploads\/2022\/09\/mo-113-detay-kod-1.png 1505w, https:\/\/makrolight.com\/wp-content\/uploads\/2022\/09\/mo-113-detay-kod-1-300x100.png 300w, https:\/\/makrolight.com\/wp-content\/uploads\/2022\/09\/mo-113-detay-kod-1-1024x340.png 1024w, https:\/\/makrolight.com\/wp-content\/uploads\/2022\/09\/mo-113-detay-kod-1-768x255.png 768w, https:\/\/makrolight.com\/wp-content\/uploads\/2022\/09\/mo-113-detay-kod-1-18x6.png 18w, https:\/\/makrolight.com\/wp-content\/uploads\/2022\/09\/mo-113-detay-kod-1-600x199.png 600w, https:\/\/makrolight.com\/wp-content\/uploads\/2022\/09\/mo-113-detay-kod-1-800x266.png 800w\" sizes=\"(max-width: 1505px) 100vw, 1505px\" \/><\/p>\n<p>&nbsp;<\/p>\n<p>&nbsp;<\/p>\n<p>&nbsp;<\/p>\n<h4 style=\"text-align: left;\"><strong>ANWENDUNGSBEREICHE<\/strong><\/h4>\n<ul>\n<li>Dekoration<\/li>\n<li>Superm\u00e4rkte<\/li>\n<li>Gesch\u00e4fte<\/li>\n<li>H\u00e4user<\/li>\n<\/ul>\n<h4><strong>MONTAGE-UND SICHERHEITSWARNUNGEN<\/strong><\/h4>\n<div>\n<h5><strong>BILDSCHIRM-BELEUCHTUNG IM AUSSENBEREICH;<\/strong><\/h5>\n<\/div>\n<ul>\n<li>\u00dcberpr\u00fcfen sie bei der Abholung, ob es sich um physische Sch\u00e4den handelt. Versand fordern Sie den Austausch besch\u00e4digter Produkte von der Fracht oder dem Lager an und \u00fcberpr\u00fcfen Sie, ob das Produkt vollst\u00e4ndig ist, wenn Zubeh\u00f6r vorhanden ist, das mit dem Produkt geliefert werden muss.<\/li>\n<li>Bewahren Sie die Originalverpackung, das Zubeh\u00f6r und die Rechnung f\u00fcr den sp\u00e4teren Service auf.<\/li>\n<li>Achten Sie darauf, dass der produktbarcode, das Modell und die Seriennummer nicht besch\u00e4digt werden.<\/li>\n<li>Wenn diese nicht gelesen werden oder abgenutzt sind, f\u00e4llt ihr Produkt nicht unter die Garantie.<\/li>\n<li>\u00a0Das Produkt darf nur zu Verwendungszwecken verwendet werden.<\/li>\n<li>Der Verk\u00e4ufer \u00fcbernimmt keine Verantwortung f\u00fcr Verletzungen oder Sch\u00e4den, die durch unsachgem\u00e4\u00dfe Verwendung des Produkts entstehen k\u00f6nnen.<\/li>\n<li>Elektrische Verbindungen m\u00fcssen nur von Fachpersonal hergestellt werden.<\/li>\n<li>Stellen sie bei der Installation sicher, dass der elektrische Anschluss ausgeschaltet ist.<\/li>\n<li>Verwenden Sie das Produkt nicht, wenn die Stromkabel besch\u00e4digt sind. Andernfalls kann es zu Tod, schweren Verletzungen oder Sachsch\u00e4den f\u00fchren.<\/li>\n<li>Stellen sie vor Beginn der Montage sicher, dass die Kabel und die Au\u00dfenw\u00e4nde des Produkts nicht besch\u00e4digt sind.<\/li>\n<li>Stellen Sie sicher, dass keine Spannung h\u00f6her ist als die auf dem Etikett angegebene Betriebsspannung.<\/li>\n<li>Im Falle von Fehlern, die im Streitfall auftreten k\u00f6nnen, kann der Verk\u00e4ufer nicht haftbar gemacht werden und der Fehler kann nicht im Rahmen der Garantie bewertet werden.<\/li>\n<li>F\u00fcr die Montage sollten nur die von unserem Unternehmen festgelegten Zusatzger\u00e4te verwendet werden.<\/li>\n<li>Der Netzanschluss muss mit anschlussmaterialien erfolgen, die den Installationsvorschriften des jeweiligen Landes entsprechen.<\/li>\n<li>Verwenden Sie es nicht an Orten mit stromlecks.<\/li>\n<li>Kabelanschl\u00fcsse m\u00fcssen unbedingt mit Anschlussklemmen oder Schmelzband isoliert werden.<\/li>\n<li>Machen Sie keine Renovierungen, Reparaturen, Spiele oder k\u00f6rperliche Eingriffe. Da dadurch ein Sachschaden entstehen kann, erlischt auch die Produktgarantie.<\/li>\n<\/ul>\n<h4><strong>WICHTIGE WARNUNGEN<\/strong><\/h4>\n<ul>\n<li>Im Falle einer Fehlfunktion Ihres Rasenm\u00e4hers wenden Sie sich bitte an unseren fachkundigen, autorisierten Service.<\/li>\n<li>Erlauben sie niemandem, das Produkt au\u00dfer unserem autorisierten technischen Service zu st\u00f6ren. Aufgrund solcher Eingriffe ist das Produkt vollst\u00e4ndig von der Garantie ausgeschlossen.<\/li>\n<li>Wenn das externe verdrehte Kabel oder Kabel dieses Produkts besch\u00e4digt ist, muss es von einer autorisierten Person ersetzt werden, um eine Gefahr zu vermeiden.<\/li>\n<li>Da die Oberfl\u00e4che des Produkts w\u00e4hrend des Betriebs hei\u00df ist, muss die Energie des Produkts ausgeschaltet werden und darf nicht ber\u00fchrt werden, bevor es abgek\u00fchlt ist. Schauen Sie nicht direkt, wenn das Produkt in Betrieb ist.<\/li>\n<li>Reinigen Sie die Oberfl\u00e4che nicht mit brennbaren Stoffen wie Alkohol oder benzin.<\/li>\n<li>Au\u00dferhalb der Reichweite von Kindern und in der Produktbox aufbewahren.<\/li>\n<\/ul>\n<h4><strong>Garantiezertifikat \/ Garantiebedingungen<\/strong><\/h4>\n<p><strong>Au\u00dfenleuchte-Beleuchtungsprodukt;<\/strong><\/p>\n<ul>\n<li>Die garantiezeit beginnt mit dem Rechnungsdatum des Produkts und betr\u00e4gt 2 Jahre.<\/li>\n<li>Sie erhalten eine vollst\u00e4ndige Garantie, einschlie\u00dflich aller Teile.<\/li>\n<li>Wenn jedoch davon ausgegangen wird, dass das Produkt fehlerhaft ist, kann der Verbraucher Artikel 11 des Verbraucherschutzgesetzes Nr. 6502 anwenden. im Artikel enthalten;<\/li>\n<\/ul>\n<div>a) kostenlose Reparatur.<\/div>\n<div>B) ersetzen Sie es durch ein neues produkt, wenn es nicht repariert wird.<\/div>\n<ul>\n<li>Im Falle einer kostenlosen Reparatur durch den Verbraucher von diesen Rechten ist der Verk\u00e4ufer verpflichtet, die Reparatur des Produkts ohne Geb\u00fchr unter Arbeitskosten, Ersatzteilkosten oder einem anderen Namen durchzuf\u00fchren.<\/li>\n<li>Bei Ausfall innerhalb der Garantiezeit wird die Reparaturzeit zur Garantiezeit addiert. Die Reparaturzeit des Produkts darf 20 Werktage nicht \u00fcberschreiten.<\/li>\n<li>Fehler, die durch die Verwendung verursacht werden, die gegen die in der Bedienungsanleitung enthaltenen Punkte versto\u00dfen, sind von der Garantie ausgeschlossen.<\/li>\n<\/ul>\n<h4><strong>Was sind die nutzungsfehler, die das defekte Produkt aus der Garantie ausschlie\u00dfen?<\/strong><\/h4>\n<ul>\n<li>St\u00f6rungen, die durch die Verwendung von Strom und Benutzer verursacht werden (Stromausfall, Spannungsschwankungen, Installation von Zubeh\u00f6r, das nicht zur Maschine geh\u00f6rt oder nicht verwendet werden muss), jede Intervention in garantierten Produkten au\u00dferhalb des autorisierten Dienstes, Besch\u00e4digung des Etiketts in Produkten mit garantieetiketten, Bruch, Kratzer usw., die auf der Au\u00dfenfl\u00e4che des Ger\u00e4ts auftreten. Fehlfunktionen, die durch staubige, feuchte, extrem hei\u00dfe oder kalte Umgebungen, \u00dcberschwemmungen, Feuer, Erdbeben, Blitzeinschl\u00e4ge usw. verursacht werden. bei St\u00f6rungen, die durch Naturkatastrophen verursacht werden, ist die Garantie nicht abgedeckt.<\/li>\n<\/ul>\n<p><a href=\"https:\/\/masialux.com\/product-category\/dis-mekan\/\">Archiv f\u00fcr Au\u00dfenbeleuchtung | Masialux-Beleuchtung<\/a><\/p>","protected":false},"excerpt":{"rendered":"<h5><strong>Einweg-Wandleuchte MO 113 der Masialux MOSS-Serie<\/strong><\/h5>\n<p><strong>Optionen f\u00fcr die K\u00f6rperfarbe<\/strong><\/p>\n<p><img loading=\"lazy\" decoding=\"async\" class=\"alignnone size-medium wp-image-12719\" src=\"http:\/\/masialux.com\/wp-content\/uploads\/2022\/09\/govde-renk01-300x92.png\" alt=\"\" width=\"300\" height=\"92\" srcset=\"https:\/\/makrolight.com\/wp-content\/uploads\/2022\/09\/govde-renk01-300x92.png 300w, https:\/\/makrolight.com\/wp-content\/uploads\/2022\/09\/govde-renk01-18x6.png 18w, https:\/\/makrolight.com\/wp-content\/uploads\/2022\/09\/govde-renk01.png 403w\" sizes=\"(max-width: 300px) 100vw, 300px\" \/><\/p>\n<pre><\/pre>\n<p><strong>Helle Farboptionen<\/strong><\/p>\n<p><img loading=\"lazy\" decoding=\"async\" class=\"alignnone size-medium wp-image-12722\" src=\"http:\/\/masialux.com\/wp-content\/uploads\/2022\/09\/isik-renk002-300x92.png\" alt=\"\" width=\"300\" height=\"92\" srcset=\"https:\/\/makrolight.com\/wp-content\/uploads\/2022\/09\/isik-renk002-300x92.png 300w, https:\/\/makrolight.com\/wp-content\/uploads\/2022\/09\/isik-renk002-18x6.png 18w, https:\/\/makrolight.com\/wp-content\/uploads\/2022\/09\/isik-renk002.png 403w\" sizes=\"(max-width: 300px) 100vw, 300px\" \/><\/p>\n<p>&nbsp;<\/p>\n<p>&nbsp;<\/p>\n<p><strong>HERUNTERLADBARE PRODUKTMEDIEN<\/strong><\/p>\n<p><strong><a href=\"\/de_at\/downloads\/MO113\/Datasheet-MO113.pdf\/\">\u25ef<\/a><a href=\"\/de_at\/downloads\/MO113\/Datasheet-MO113.pdf\/\" target=\"_blank\" rel=\"noopener\"> Datenblatt<\/a><\/strong><\/p>\n<p><strong><a href=\"\/de_at\/downloads\/MO113\/Datasheet-MO113.pdf\/\">\u25ef<\/a><a href=\"\/de_at\/downloads\/MO113\/Montajklavuz-MO113.pdf\/\" target=\"_blank\" rel=\"noopener\"> Benutzerhandbuch<\/a><\/strong><\/p>\n<p><strong><a href=\"\/de_at\/downloads\/MO113\/2D-MO113.zip\/\">\u25ef<\/a> <a href=\"\/de_at\/downloads\/MO113\/2D-MO113.zip\/\">2D ZEICHNUNG<\/a><\/strong><\/p>\n<p><strong><a href=\"\/de_at\/downloads\/MO113\/3D-MO113.zip\/\">\u25ef<\/a> <a href=\"\/de_at\/downloads\/MO113\/3D-MO113.zip\/\">3D-ZEICHNUNG<\/a><\/strong><\/p>\n<p><strong><a href=\"\/de_at\/downloads\/MO113\/3D-MO113.zip\/\">\u25ef<\/a> <a href=\"https:\/\/masialux.com\/ldt-dosyalari\/\">LDT-DATEIEN<\/a><\/strong><\/p>\n<p>&nbsp;<\/p>","protected":false},"featured_media":11217,"template":"","meta":{"_joinchat":[]},"product_brand":[],"product_cat":[150],"product_tag":[],"class_list":{"0":"post-8116","1":"product","2":"type-product","3":"status-publish","4":"has-post-thumbnail","6":"product_cat-dis-mekan","8":"first","9":"instock","10":"shipping-taxable","11":"product-type-simple"},"_links":{"self":[{"href":"https:\/\/makrolight.com\/de_at\/wp-json\/wp\/v2\/product\/8116","targetHints":{"allow":["GET"]}}],"collection":[{"href":"https:\/\/makrolight.com\/de_at\/wp-json\/wp\/v2\/product"}],"about":[{"href":"https:\/\/makrolight.com\/de_at\/wp-json\/wp\/v2\/types\/product"}],"wp:featuredmedia":[{"embeddable":true,"href":"https:\/\/makrolight.com\/de_at\/wp-json\/wp\/v2\/media\/11217"}],"wp:attachment":[{"href":"https:\/\/makrolight.com\/de_at\/wp-json\/wp\/v2\/media?parent=8116"}],"wp:term":[{"taxonomy":"product_brand","embeddable":true,"href":"https:\/\/makrolight.com\/de_at\/wp-json\/wp\/v2\/product_brand?post=8116"},{"taxonomy":"product_cat","embeddable":true,"href":"https:\/\/makrolight.com\/de_at\/wp-json\/wp\/v2\/product_cat?post=8116"},{"taxonomy":"product_tag","embeddable":true,"href":"https:\/\/makrolight.com\/de_at\/wp-json\/wp\/v2\/product_tag?post=8116"}],"curies":[{"name":"wp","href":"https:\/\/api.w.org\/{rel}","templated":true}]}}