{"id":10035,"date":"2022-10-12T12:33:07","date_gmt":"2022-10-12T12:33:07","guid":{"rendered":"https:\/\/masialux.com\/?post_type=product&#038;p=10035"},"modified":"2024-08-07T07:07:22","modified_gmt":"2024-08-07T07:07:22","slug":"trifaze-ray-komponenti-mra-1008-x-donus","status":"publish","type":"product","link":"https:\/\/makrolight.com\/en\/product\/trifaze-ray-komponenti-mra-1008-x-donus\/","title":{"rendered":"Three-Phase Track Rail Component | MRA 1008"},"content":{"rendered":"<p><strong>Masialux Three-Phase X Return Connection Apparatus<\/strong><\/p>\n<ul>\n<li>Three Phase Rail X Return Connection Joint<\/li>\n<li>It works with 220 Volts<\/li>\n<li>Black - White Color<\/li>\n<li>The Three-Phase Rail is used for adding and extending rails for spotlights.<\/li>\n<\/ul>\n<p>&nbsp;<\/p>\n<h4><strong>INSTALLATION AND SAFETY WARNINGS<\/strong><\/h4>\n<div>\n<h5><strong>TR\u0130FAZE ray KOMPONENT\u0130 X D\u00d6N\u00dc\u015e BA\u011eLANTI APARATI ;<\/strong><\/h5>\n<\/div>\n<ul>\n<li>Trifaze ray X d\u00f6n\u00fc\u015f ba\u011flant\u0131 \u00fcr\u00fcn\u00fcn\u00fcz\u00fc teslim al\u0131rken, fiziksel bir hasar olup olmad\u0131\u011f\u0131n\u0131 kontrol ediniz. Bunun yan\u0131nda nakliye hasarl\u0131 \u00fcr\u00fcnlerin de\u011fi\u015fimini kargodan yada ambardan talep ediniz ve \u00fcr\u00fcn ile birlikte gelmesi gereken aksesuarlar varsa tam olup olmad\u0131\u011f\u0131n\u0131 kontrol ediniz.<\/li>\n<li>Keep the original box or package, accessories and invoice for future service use.<\/li>\n<li>Be careful not to damage the product barcode, model and serial number.<\/li>\n<li>If these are not read or worn, your product is not covered by the warranty.<\/li>\n<li>\u00a0The product should not be used other than for its intended use.<\/li>\n<li>The seller company does not take responsibility in cases of injury or damage that may occur as a result of improper use of the product.<\/li>\n<li>Elektrik ba\u011flant\u0131lar\u0131 sadece uzman personel taraf\u0131ndan yap\u0131lmal\u0131d\u0131r. \u00c7\u00fcnk\u00fc aksi takdirde \u00fcr\u00fcn garanti kapsam\u0131 d\u0131\u015f\u0131nda kalacakt\u0131r.<\/li>\n<li>Make sure that the electrical connection is turned off during installation.<\/li>\n<li>G\u00fc\u00e7 kablolar\u0131n\u0131n hasarl\u0131 oldu\u011fu durumda \u00fcr\u00fcn\u00fc kullanmay\u0131n\u0131z. \u00c7\u00fcn\u00fc aksi takdirde \u00f6l\u00fcm, ciddi yaralanma veya maddi hasara neden olabilir.<\/li>\n<li>Montaj\u0131na ba\u015flamadan \u00f6nce kablolar\u0131n ve \u00fcr\u00fcn\u00fcn d\u0131\u015f \u00e7eperlerinin hasarl\u0131 olmad\u0131\u011f\u0131ndan emin olman\u0131z gerekir.<\/li>\n<li>Make sure that it does not receive a voltage higher than the operating voltage specified on the label.<\/li>\n<li>Fakat uyu\u015fmazl\u0131k durumunda meydana gelebilecek ar\u0131zalarda, sat\u0131c\u0131 firma sorumlu tutulamaz ve ar\u0131za garanti kapsam\u0131nda de\u011ferlendirilemez.<\/li>\n<li>\u00d6zellikle montaj i\u00e7in yaln\u0131zca firmam\u0131z\u0131n belirledi\u011fi ek aparatlar kullan\u0131lmal\u0131d\u0131r.<\/li>\n<li>The mains connection must be made with connection materials in accordance with the installation regulations of the relevant country.<\/li>\n<li>Do not use in areas with electrical leakage.<\/li>\n<li>Cable connection points must be insulated with connection terminals or fusible tape.<\/li>\n<li>Do not make any modifications, repairs, alterations or any physical intervention. As a result of this process, material damage may occur and the product warranty will also be void.<\/li>\n<\/ul>\n<h4><strong>IMPORTANT WARNINGS<\/strong><\/h4>\n<ul>\n<li>Trifaze ray komponenti X d\u00f6n\u00fc\u015f ba\u011flant\u0131 \u00fcr\u00fcn\u00fcnde meydana gelen herhangi bir ar\u0131za durumunda ilk olarak uzman yetkili servisimizle irtibata ge\u00e7iniz.<\/li>\n<li>Yetkili teknik servisimiz d\u0131\u015f\u0131nda \u00fcr\u00fcne kimsenin m\u00fcdahale etmesine izin vermeyiniz. \u00c7\u00fcnk\u00fc bu t\u00fcr m\u00fcdahaleler sonucu \u00fcr\u00fcn t\u00fcm\u00fcyle garanti kapsam\u0131 d\u0131\u015f\u0131nda kal\u0131r.<\/li>\n<li>If the external flexible cord or cord of this product is damaged, it must be replaced by a qualified person to avoid a hazard.<\/li>\n<li>\u00dcr\u00fcn \u00e7al\u0131\u015f\u0131r durumdayken y\u00fczeyi s\u0131cak oldu\u011fu i\u00e7in \u00fcr\u00fcn\u00fcn enerjisi kesilmelidir ve so\u011fumadan dokunulmamal\u0131d\u0131r. Ama \u00fcr\u00fcn \u00e7al\u0131\u015f\u0131r durumdayken direkt olarak bakmay\u0131n\u0131z.<\/li>\n<li>Do not clean the surface with flammable substances such as alcohol or gasoline.<\/li>\n<li>Keep out of reach of children and in the product box.<\/li>\n<\/ul>\n<h4><strong>WARRANTY CERTIFICATE | Warranty conditions<\/strong><\/h4>\n<p><strong>Trifaze X d\u00f6n\u00fc\u015f ba\u011flant\u0131 aparat\u0131;<\/strong><\/p>\n<ul>\n<li>The warranty period starts from the invoice date of the product and is 2 years.<\/li>\n<li>B\u00fct\u00fcn par\u00e7alar\u0131 dahil olmak \u00fczere tamam\u0131 garanti kapsam\u0131na girer.<\/li>\n<li>But if it is understood that the product is defective, the consumer may apply Article 11 of the Consumer Protection Law No. 6502. included in the article;<\/li>\n<\/ul>\n<div>a) To have free repair.<\/div>\n<div>b) Replacing it with a new product if it is not repaired.<\/div>\n<ul>\n<li>In case of free repair of the consumer from these rights, the seller; is obliged to have the product repaired without any charge under any other name, such as labor cost, replacement part cost or any other name.<\/li>\n<li>Garanti s\u00fcresi i\u00e7erisinde ar\u0131zalanmas\u0131 durumunda, tamirde ge\u00e7en s\u00fcre garanti s\u00fcresine eklenir. Bunun d\u0131\u015f\u0131nda \u00fcr\u00fcn\u00fcn tamir s\u00fcresi 20 i\u015f g\u00fcn\u00fcn\u00fc ge\u00e7emez.<\/li>\n<li>Defects caused by use contrary to the points in the user manual are not covered by the warranty.<\/li>\n<\/ul>\n<h4><strong>What are the usage errors that make the defective product out of warranty?<\/strong><\/h4>\n<ul>\n<li>Failures arising from the use of electricity and the user (such as power cut, voltage fluctuation, installation of accessories that do not belong to the machine or not using the accessories that are obligatory to be used), any intervention other than the authorized service in the products with warranty, damage to the label in the products with the warranty label, broken outer surface of the device, scratch etc. Failures caused by reasons such as dusty, humid, extremely hot or cold environments, floods, fires, earthquakes, lightning strikes, etc. Failures caused by natural disasters are not covered by the warranty.<\/li>\n<\/ul>\n<p>Click on the link for rail and components..<\/p>\n<p><a href=\"https:\/\/masialux.com\/product-category\/ray-ve-komponentler\/\">Ray and Components Archives | Masialux Lighting<\/a><\/p>","protected":false},"excerpt":{"rendered":"<p>Three-Phase Track X Feed Part<\/p>","protected":false},"featured_media":10037,"template":"","meta":{"_joinchat":[]},"product_brand":[],"product_cat":[209],"product_tag":[],"class_list":{"0":"post-10035","1":"product","2":"type-product","3":"status-publish","4":"has-post-thumbnail","6":"product_cat-trifaze-ray","8":"first","9":"instock","10":"shipping-taxable","11":"product-type-simple"},"_links":{"self":[{"href":"https:\/\/makrolight.com\/en\/wp-json\/wp\/v2\/product\/10035","targetHints":{"allow":["GET"]}}],"collection":[{"href":"https:\/\/makrolight.com\/en\/wp-json\/wp\/v2\/product"}],"about":[{"href":"https:\/\/makrolight.com\/en\/wp-json\/wp\/v2\/types\/product"}],"wp:featuredmedia":[{"embeddable":true,"href":"https:\/\/makrolight.com\/en\/wp-json\/wp\/v2\/media\/10037"}],"wp:attachment":[{"href":"https:\/\/makrolight.com\/en\/wp-json\/wp\/v2\/media?parent=10035"}],"wp:term":[{"taxonomy":"product_brand","embeddable":true,"href":"https:\/\/makrolight.com\/en\/wp-json\/wp\/v2\/product_brand?post=10035"},{"taxonomy":"product_cat","embeddable":true,"href":"https:\/\/makrolight.com\/en\/wp-json\/wp\/v2\/product_cat?post=10035"},{"taxonomy":"product_tag","embeddable":true,"href":"https:\/\/makrolight.com\/en\/wp-json\/wp\/v2\/product_tag?post=10035"}],"curies":[{"name":"wp","href":"https:\/\/api.w.org\/{rel}","templated":true}]}}