{"id":13585,"date":"2024-02-18T21:51:49","date_gmt":"2024-02-18T21:51:49","guid":{"rendered":"https:\/\/masialux.com\/?post_type=product&#038;p=13585"},"modified":"2024-11-18T12:52:21","modified_gmt":"2024-11-18T12:52:21","slug":"endi-serisi-mj-106-yuksek-tavan-armatur","status":"publish","type":"product","link":"https:\/\/makrolight.com\/en\/product\/endi-serisi-mj-106-yuksek-tavan-armatur\/","title":{"rendered":"ENDI SERIES | MJ 106 HIGH BAY LAMP"},"content":{"rendered":"<p><strong>\u00a0Masialux High Bay Luminaire<\/strong><\/p>\n<p><img fetchpriority=\"high\" decoding=\"async\" class=\"alignnone wp-image-14533 size-full\" src=\"http:\/\/masialux.com\/wp-content\/uploads\/2024\/02\/mj106-icerik-gorsel.jpg\" alt=\"\" width=\"1402\" height=\"596\" srcset=\"https:\/\/makrolight.com\/wp-content\/uploads\/2024\/02\/mj106-icerik-gorsel.jpg 1402w, https:\/\/makrolight.com\/wp-content\/uploads\/2024\/02\/mj106-icerik-gorsel-300x128.jpg 300w, https:\/\/makrolight.com\/wp-content\/uploads\/2024\/02\/mj106-icerik-gorsel-1024x435.jpg 1024w, https:\/\/makrolight.com\/wp-content\/uploads\/2024\/02\/mj106-icerik-gorsel-768x326.jpg 768w, https:\/\/makrolight.com\/wp-content\/uploads\/2024\/02\/mj106-icerik-gorsel-18x8.jpg 18w, https:\/\/makrolight.com\/wp-content\/uploads\/2024\/02\/mj106-icerik-gorsel-600x255.jpg 600w, https:\/\/makrolight.com\/wp-content\/uploads\/2024\/02\/mj106-icerik-gorsel-800x340.jpg 800w\" sizes=\"(max-width: 1402px) 100vw, 1402px\" \/><\/p>\n<p>&nbsp;<\/p>\n<p><img decoding=\"async\" class=\"alignnone wp-image-14534 size-full\" src=\"http:\/\/masialux.com\/wp-content\/uploads\/2024\/02\/mj106-detay-kod.png\" alt=\"\" width=\"1402\" height=\"500\" srcset=\"https:\/\/makrolight.com\/wp-content\/uploads\/2024\/02\/mj106-detay-kod.png 1402w, https:\/\/makrolight.com\/wp-content\/uploads\/2024\/02\/mj106-detay-kod-300x107.png 300w, https:\/\/makrolight.com\/wp-content\/uploads\/2024\/02\/mj106-detay-kod-1024x365.png 1024w, https:\/\/makrolight.com\/wp-content\/uploads\/2024\/02\/mj106-detay-kod-768x274.png 768w, https:\/\/makrolight.com\/wp-content\/uploads\/2024\/02\/mj106-detay-kod-18x6.png 18w, https:\/\/makrolight.com\/wp-content\/uploads\/2024\/02\/mj106-detay-kod-600x214.png 600w, https:\/\/makrolight.com\/wp-content\/uploads\/2024\/02\/mj106-detay-kod-800x285.png 800w\" sizes=\"(max-width: 1402px) 100vw, 1402px\" \/><\/p>\n<p><strong>USAGE AREAS<\/strong><\/p>\n<ul>\n<li>Factories<\/li>\n<li>Parking lots<\/li>\n<li>Tunnels<\/li>\n<li>Garages<\/li>\n<li>Construction Sites<\/li>\n<li>Warehouses<\/li>\n<li>Humid and Dusty Outdoor Environments etc.<\/li>\n<\/ul>\n<h4><strong>INSTALLATION AND SAFETY WARNINGS<\/strong><\/h4>\n<div>\n<h5><strong>HIGH CEILING luminaire;<\/strong><\/h5>\n<\/div>\n<ul>\n<li>When receiving, check for physical damage. Request the replacement of the damaged products from the cargo or warehouse and check if there are any accessories that should come with the product.<\/li>\n<li>Keep the original box or package, accessories and invoice for future service use.<\/li>\n<li>Be careful not to damage the product barcode, model and serial number.<\/li>\n<li>If these are not read or worn, your product is not covered by the warranty.<\/li>\n<li>\u00a0The product should not be used other than for its intended use.<\/li>\n<li>The seller company does not take responsibility in cases of injury or damage that may occur as a result of improper use of the product.<\/li>\n<li>Electrical connections should only be made by qualified personnel.<\/li>\n<li>Make sure that the electrical connection is turned off during installation.<\/li>\n<li>Do not use the product if the power cables are damaged. Failure to do so may result in death, serious injury or property damage.<\/li>\n<li>Before starting the assembly, make sure that the cables and the outer walls of the product are not damaged.<\/li>\n<li>Make sure that it does not receive a voltage higher than the operating voltage specified on the label.<\/li>\n<li>The seller company cannot be held responsible for malfunctions that may occur in case of conflict and the malfunction cannot be evaluated within the scope of warranty.<\/li>\n<li>Only additional apparatus determined by our company should be used for assembly.<\/li>\n<li>The mains connection must be made with connection materials in accordance with the installation regulations of the relevant country.<\/li>\n<li>Do not use in areas with electrical leakage.<\/li>\n<li>Cable connection points must be insulated with connection terminals or fusible tape.<\/li>\n<li>Do not make any modifications, repairs, alterations or any physical intervention. As a result of this process, material damage may occur and the product warranty will also be void.<\/li>\n<\/ul>\n<h4><strong>IMPORTANT WARNINGS<\/strong><\/h4>\n<ul>\n<li>In case of any malfunction on the high ceiling luminaire, please contact our expert service.<\/li>\n<li>Do not allow anyone to interfere with the product other than our authorized technical service. As a result of such interventions, the product is completely out of warranty.<\/li>\n<li>If the external flexible cord or cord of this product is damaged, it must be replaced by a qualified person to avoid a hazard.<\/li>\n<li>Since the surface of the product is hot while the product is in operation, the energy of the product should be cut off and should not be touched before it cools down. Do not look directly at the product while it is in operation.<\/li>\n<li>Do not clean the surface with flammable substances such as alcohol or gasoline.<\/li>\n<li>Keep out of reach of children and in the product box.<\/li>\n<\/ul>\n<h4><strong>WARRANTY CERTIFICATE | Warranty conditions<\/strong><\/h4>\n<p><strong>High Ceiling Luminaire;<\/strong><\/p>\n<ul>\n<li>The warranty period starts from the invoice date of the product and is 2 years.<\/li>\n<li>All under warranty, including all parts.<\/li>\n<li>In the event that it is found to be defective, the consumer, in Article 11 of the Law No. 6502 on the Protection of the Consumer;<\/li>\n<\/ul>\n<div>a) To have free repair.<\/div>\n<div>b) Replacing it with a new product if it is not repaired.<\/div>\n<ul>\n<li>In case of free repair of the consumer from these rights, the seller; is obliged to have the product repaired without any charge under any other name, such as labor cost, replacement part cost or any other name.<\/li>\n<li>In case of malfunction within the warranty period, the time spent in the repair is added to the warranty period. The repair period of the product cannot exceed 20 working days.<\/li>\n<li>Defects caused by use contrary to the points in the user manual are not covered by the warranty.<\/li>\n<\/ul>\n<h4><strong>What are the usage errors that make the defective product out of warranty?<\/strong><\/h4>\n<ul>\n<li>Failures arising from the use of electricity and the user (such as power cut, voltage fluctuation, installation of accessories that do not belong to the machine or not using the accessories that are obligatory to be used), any intervention other than the authorized service in the products with warranty, damage to the label in the products with the warranty label, broken outer surface of the device, scratch etc. Failures caused by reasons such as dusty, humid, extremely hot or cold environments, floods, fires, earthquakes, lightning strikes, etc. Failures caused by natural disasters are not covered by the warranty.<\/li>\n<\/ul>\n<p><a href=\"https:\/\/masialux.com\/product-category\/product-category-endustriyel-aydinlatma\/\">End\u00fcstriyel Ayd\u0131nlatma Archives | Masialux Ayd\u0131nlatma<\/a><\/p>","protected":false},"excerpt":{"rendered":"<p><strong>Masialux Ronda Series High Bay Luminaire MJ 106<\/strong><\/p>\n<div class=\"chip block\">\n<div class=\"chip_header\">\n&nbsp;<\/p>\n<p><strong>DOWNLOADABLE PRODUCT MEDIA<\/strong><\/p>\n<p><strong><a href=\"\/en\/downloads\/MJ106\/Datasheet-MJ106.pdf\/\">\u25ef<\/a><a href=\"\/en\/downloads\/MJ106\/Datasheet-MJ106.pdf\/\" target=\"_blank\" rel=\"noopener\"> Datasheet<\/a><\/strong><\/p>\n<p><strong><a href=\"\/en\/downloads\/MJ106\/Datasheet-MJ106.pdf\/\" target=\"_blank\" rel=\"noopener\">\u25ef<\/a><a href=\"\/en\/downloads\/MJ106\/Montajklavuz-MJ106.pdf\/\"> Assembly Guide<\/a><\/strong><\/p>\n<p><strong><a href=\"\/en\/downloads\/MJ106\/3D-MJ106.zip\/\">\u25ef<\/a> <a href=\"https:\/\/masialux.com\/ltd-dosyalari\/\">LDT FILES<\/a><\/strong><\/p>\n<p>&nbsp;<\/p>\n<p>Body Properties<\/p>\n<\/div>\n<div class=\"chip_content\">Electrostatic powder coated aluminum body<\/div>\n<\/div>\n<div class=\"chip block\">\n<div class=\"chip_content\">SMD LED with a minimum lifespan of 100,000 hours<\/div>\n<\/div>\n<div class=\"chip block\">\n<div class=\"chip_header\">SMD-LED mit einer Mindestlebensdauer von 100.000 Stunden<\/div>\n<div class=\"chip_content\">High efficiency driver with constant current output<\/div>\n<\/div>\n<div class=\"chip block\">\n<div class=\"chip_header\">Operating temperature<\/div>\n<div class=\"chip_content\">-40+60 \u00b0C<\/div>\n<\/div>\n<div><\/div>\n<div>120 Watt &#8211; 10100 lm<\/div>\n<div><\/div>\n<div><\/div>","protected":false},"featured_media":13587,"template":"","meta":{"_joinchat":[]},"product_brand":[],"product_cat":[214],"product_tag":[],"class_list":{"0":"post-13585","1":"product","2":"type-product","3":"status-publish","4":"has-post-thumbnail","6":"product_cat-product-category-endustriyel-aydinlatma","8":"first","9":"instock","10":"shipping-taxable","11":"product-type-simple"},"_links":{"self":[{"href":"https:\/\/makrolight.com\/en\/wp-json\/wp\/v2\/product\/13585","targetHints":{"allow":["GET"]}}],"collection":[{"href":"https:\/\/makrolight.com\/en\/wp-json\/wp\/v2\/product"}],"about":[{"href":"https:\/\/makrolight.com\/en\/wp-json\/wp\/v2\/types\/product"}],"wp:featuredmedia":[{"embeddable":true,"href":"https:\/\/makrolight.com\/en\/wp-json\/wp\/v2\/media\/13587"}],"wp:attachment":[{"href":"https:\/\/makrolight.com\/en\/wp-json\/wp\/v2\/media?parent=13585"}],"wp:term":[{"taxonomy":"product_brand","embeddable":true,"href":"https:\/\/makrolight.com\/en\/wp-json\/wp\/v2\/product_brand?post=13585"},{"taxonomy":"product_cat","embeddable":true,"href":"https:\/\/makrolight.com\/en\/wp-json\/wp\/v2\/product_cat?post=13585"},{"taxonomy":"product_tag","embeddable":true,"href":"https:\/\/makrolight.com\/en\/wp-json\/wp\/v2\/product_tag?post=13585"}],"curies":[{"name":"wp","href":"https:\/\/api.w.org\/{rel}","templated":true}]}}