{"id":14892,"date":"2024-11-04T13:01:14","date_gmt":"2024-11-04T13:01:14","guid":{"rendered":"https:\/\/masialux.com\/?post_type=product&#038;p=14892"},"modified":"2024-11-04T13:20:50","modified_gmt":"2024-11-04T13:20:50","slug":"yamas-serisi-mx-304-siva-alti-acil-aydinlatma-ve-yonlendirme-armaturu","status":"publish","type":"product","link":"https:\/\/makrolight.com\/en\/product\/yamas-serisi-mx-304-siva-alti-acil-aydinlatma-ve-yonlendirme-armaturu\/","title":{"rendered":"YAMAS SER\u0130S\u0130 | MX 304 SIVA ALTI AC\u0130L AYDINLATMA ve Y\u00d6NLEND\u0130RME ARMAT\u00dcR\u00dc"},"content":{"rendered":"<p>Masialux Acil Ayd\u0131nlatma ve Y\u00f6nlendirme Armat\u00fcrleri<\/p>\n<p>USAGE AREAS<\/p>\n<p>Yang\u0131n \u00e7\u0131k\u0131\u015f kap\u0131lar\u0131<br \/>\nOfisler<br \/>\nToplant\u0131 odalar\u0131<br \/>\nResepsiyon alanlar\u0131<br \/>\nAl\u0131\u015fveri\u015f merkezleri<br \/>\nOteller ve barlar<br \/>\nRestoranlar<br \/>\nE\u011flence kul\u00fcpleri<br \/>\n\u00dcniversiteler, yurtlar, okullar ve kolejler<\/p>\n<p>PRODUCT INFORMATION<br \/>\nTavan montaj, s\u0131va alt\u0131 uygulamalarda kullan\u0131labilecek, standartlara uygun, ekonomik i\u015faretlemeler i\u00e7in tasarlanm\u0131\u015ft\u0131r<br \/>\nT\u00fcm plastik ekipmanlar, gerekli alevalmazl\u0131k ko\u015fullar\u0131n\u0131 sa\u011flar.<br \/>\n5mm \u015feffaf akrilik dif\u00fcz\u00f6r.<br \/>\nI\u015f\u0131k kayna\u011f\u0131 LED ler, profil i\u00e7erisinden, pleksi boyunca \u0131\u015f\u0131ma yapar, \u00fczerindeki fig\u00fcr\u00fc ayd\u0131nlat\u0131r.<br \/>\nBataryas\u0131n\u0131 ve g\u00fc\u00e7 kayna\u011f\u0131n\u0131 i\u00e7erisinde bar\u0131nd\u0131ran ba\u011f\u0131ms\u0131z acil y\u00f6nlendirme armat\u00fcr\u00fcd\u00fcr.<br \/>\nContinius \u015farj y\u00f6ntemi ile, pilleri s\u00fcrekli dolu ve haz\u0131r tutar\u2022 \u015eebeke besleme gerilimi standart 220 volt AC 50 hz dir.<br \/>\n\u0130lk kullan\u0131mda \u015farj s\u00fcresi 24 saattir.<br \/>\n\u015eebeke voltaj\u0131ndaki 285 volt a kadar dalgalanmalara dayan\u0131kl\u0131d\u0131r.<br \/>\n150 voltun alt\u0131nda acil ayd\u0131nlatma moduna ge\u00e7er, 185 voltun \u00fczerinde \u015farj durumuna ge\u00e7er.<br \/>\nISO 9001-2000 kalite y\u00f6netim sistemi \u00e7er\u00e7evesinde, TS 8710 EN60598-2-22 standard\u0131na uygun \u00fcretilmektedir.<\/p>\n<p>INSTALLATION AND SAFETY WARNINGS<br \/>\nAC\u0130L AYDINLATMA ARMAT\u00dcR ;<br \/>\nWhen receiving, check for physical damage. Request the replacement of the damaged products from the cargo or warehouse and check if there are any accessories that should come with the product.<br \/>\nKeep the original box or package, accessories and invoice for future service use.<br \/>\nBe careful not to damage the product barcode, model and serial number.<br \/>\nIf these are not read or worn, your product is not covered by the warranty.<br \/>\nThe product should not be used other than for its intended use.<br \/>\nThe seller company does not take responsibility in cases of injury or damage that may occur as a result of improper use of the product.<br \/>\nElectrical connections should only be made by qualified personnel.<br \/>\nMake sure that the electrical connection is turned off during installation.<br \/>\nDo not use the product if the power cables are damaged. Failure to do so may result in death, serious injury or property damage.<br \/>\nBefore starting the assembly, make sure that the cables and the outer walls of the product are not damaged.<br \/>\nMake sure that it does not receive a voltage higher than the operating voltage specified on the label.<br \/>\nThe seller company cannot be held responsible for malfunctions that may occur in case of conflict and the malfunction cannot be evaluated within the scope of warranty.<br \/>\nOnly additional apparatus determined by our company should be used for assembly.<br \/>\nThe mains connection must be made with connection materials in accordance with the installation regulations of the relevant country.<br \/>\nDo not use in areas with electrical leakage.<br \/>\nCable connection points must be insulated with connection terminals or fusible tape.<br \/>\nDo not make any modifications, repairs, alterations or any physical intervention. As a result of this process, material damage may occur and the product warranty will also be void.<br \/>\nIMPORTANT WARNINGS<br \/>\nAcil ayd\u0131nlatma armat\u00fcr \u00fczerinde meydana gelen herhangi bir ar\u0131za durumunda uzman yetkili servisimizle irtibata ge\u00e7iniz.<br \/>\nDo not allow anyone to interfere with the product other than our authorized technical service. As a result of such interventions, the product is completely out of warranty.<br \/>\nIf the external flexible cord or cord of this product is damaged, it must be replaced by a qualified person to avoid a hazard.<br \/>\nSince the surface of the product is hot while the product is in operation, the energy of the product should be cut off and should not be touched before it cools down. Do not look directly at the product while it is in operation.<br \/>\nDo not clean the surface with flammable substances such as alcohol or gasoline.<br \/>\nKeep out of reach of children and in the product box.<br \/>\nGARANT\u0130 BELGES\u0130 | GARANT\u0130 \u015eARTLARI<\/p>\n<p>Acil Ayd\u0131nlatma Armat\u00fcr\u00fcn;<\/p>\n<p>The warranty period starts from the invoice date of the product and is 2 years.<br \/>\nB\u00fct\u00fcn par\u00e7alar\u0131 dahil olmak \u00fczere tamam\u0131 garanti kapsam\u0131na girmektedir.<br \/>\nKesinlikle ay\u0131pl\u0131 oldu\u011funun anla\u015f\u0131lmas\u0131 durumunda t\u00fcketici, 6502 say\u0131l\u0131 T\u00fcketicinin Korunmas\u0131 Hakk\u0131nda Kanunun 11. maddesinde yer alan;<br \/>\na) To have free repair.<br \/>\nb) Replacing it with a new product if it is not repaired.<br \/>\nIn case of free repair of the consumer from these rights, the seller; is obliged to have the product repaired without any charge under any other name, such as labor cost, replacement part cost or any other name.<br \/>\nGaranti s\u00fcresi i\u00e7erisinde ar\u0131zalanmas\u0131 durumunda, tamirde ge\u00e7en s\u00fcre garanti s\u00fcresine eklenir. Sonu\u00e7 olarak \u00fcr\u00fcn\u00fcn tamir s\u00fcresi 20 i\u015f g\u00fcn\u00fcn\u00fc ge\u00e7emez.<br \/>\nK\u0131saca kullanma k\u0131lavuzunda yer alan hususlara ayk\u0131r\u0131 kullan\u0131lmas\u0131ndan kaynaklanan ar\u0131zalar garanti kapsam\u0131 d\u0131\u015f\u0131ndad\u0131r.<br \/>\nARIZALI \u00dcR\u00dcN\u00dc GARANT\u0130 KAPSAMI DI\u015eINA \u00c7IKARAN KULLANIM HATALARI NELERD\u0130R?<br \/>\nFailures arising from the use of electricity and the user (such as power cut, voltage fluctuation, installation of accessories that do not belong to the machine or not using the accessories that are obligatory to be used), any intervention other than the authorized service in the products with warranty, damage to the label in the products with the warranty label, broken outer surface of the device, scratch etc. Failures caused by reasons such as dusty, humid, extremely hot or cold environments, floods, fires, earthquakes, lightning strikes, etc. Failures caused by natural disasters are not covered by the warranty.<\/p>\n<p>Acil Ayd\u0131nlatma ve Y\u00f6nlendirmeler | Masialux Ayd\u0131nlatma<\/p>","protected":false},"excerpt":{"rendered":"<p><strong>Masialux Yamas Serisi S\u0131va Alt\u0131 Acil \u00c7\u0131k\u0131\u015f ve Y\u00f6nlemdirme Armat\u00fcr\u00fc MX 304<\/strong><\/p>\n<p>&nbsp;<\/p>\n<h5><strong>DOWNLOADABLE PRODUCT MEDIA<\/strong><\/h5>\n<p><strong><a href=\"\/en\/downloads\/MX304\/Datasheet-MX304.pdf\/\">\u25ef<\/a><a href=\"\/en\/downloads\/MX304\/Datasheet-MX304.pdf\/\" target=\"_blank\" rel=\"noopener\"> Datasheet<\/a><\/strong><\/p>\n<p>&nbsp;<\/p>\n<p><strong>Luminaire Features<\/strong><\/p>\n<p><strong>Body : <\/strong>Aluminum profile body, ABS plastic covers<br \/>\n<strong>Source of light :<\/strong> Mid Power LED<br \/>\n<b>Optical: <\/b>PMMA with high permeability<br \/>\n<b>IP Protection: <\/b>IP 20<br \/>\n<strong>Active Power :<\/strong> 1,5 W<br \/>\n<strong>Options:<\/strong> Single and Double Sided Application<\/p>\n<p>&nbsp;<\/p>","protected":false},"featured_media":14895,"template":"","meta":{"_joinchat":[]},"product_brand":[],"product_cat":[215],"product_tag":[],"class_list":{"0":"post-14892","1":"product","2":"type-product","3":"status-publish","4":"has-post-thumbnail","6":"product_cat-acil-aydinlatma-ve-yonlendirmeler","8":"first","9":"instock","10":"shipping-taxable","11":"product-type-simple"},"_links":{"self":[{"href":"https:\/\/makrolight.com\/en\/wp-json\/wp\/v2\/product\/14892","targetHints":{"allow":["GET"]}}],"collection":[{"href":"https:\/\/makrolight.com\/en\/wp-json\/wp\/v2\/product"}],"about":[{"href":"https:\/\/makrolight.com\/en\/wp-json\/wp\/v2\/types\/product"}],"wp:featuredmedia":[{"embeddable":true,"href":"https:\/\/makrolight.com\/en\/wp-json\/wp\/v2\/media\/14895"}],"wp:attachment":[{"href":"https:\/\/makrolight.com\/en\/wp-json\/wp\/v2\/media?parent=14892"}],"wp:term":[{"taxonomy":"product_brand","embeddable":true,"href":"https:\/\/makrolight.com\/en\/wp-json\/wp\/v2\/product_brand?post=14892"},{"taxonomy":"product_cat","embeddable":true,"href":"https:\/\/makrolight.com\/en\/wp-json\/wp\/v2\/product_cat?post=14892"},{"taxonomy":"product_tag","embeddable":true,"href":"https:\/\/makrolight.com\/en\/wp-json\/wp\/v2\/product_tag?post=14892"}],"curies":[{"name":"wp","href":"https:\/\/api.w.org\/{rel}","templated":true}]}}