{"id":15014,"date":"2025-01-30T12:52:44","date_gmt":"2025-01-30T12:52:44","guid":{"rendered":"https:\/\/masialux.com\/?post_type=product&#038;p=15014"},"modified":"2025-01-30T13:52:23","modified_gmt":"2025-01-30T13:52:23","slug":"led-bar-serisi-mjl-102-led-bar","status":"publish","type":"product","link":"https:\/\/makrolight.com\/en\/product\/led-bar-serisi-mjl-102-led-bar\/","title":{"rendered":"LED BAR SER\u0130S\u0130 | MJL 102 LED BAR"},"content":{"rendered":"<p><strong>\u00a0Masialux Aluminyum LED BAR MJL 102<\/strong><\/p>\n<p>USAGE AREAS<br \/>\nFactories<br \/>\nParking lots<br \/>\nTunnels<br \/>\nGarages<br \/>\nConstruction Sites<br \/>\nWarehouses<br \/>\nHumid and Dusty Outdoor Environments etc.<\/p>\n<p>INSTALLATION AND SAFETY WARNINGS<\/p>\n<p>LED BAR ;<br \/>\nWhen receiving, check for physical damage. Request the replacement of the damaged products from the cargo or warehouse and check if there are any accessories that should come with the product.<br \/>\nKeep the original box or package, accessories and invoice for future service use.<br \/>\nBe careful not to damage the product barcode, model and serial number.<br \/>\nIf these are not read or worn, your product is not covered by the warranty.<br \/>\nThe product should not be used other than for its intended use.<br \/>\nThe seller company does not take responsibility in cases of injury or damage that may occur as a result of improper use of the product.<br \/>\nElectrical connections should only be made by qualified personnel.<br \/>\nMake sure that the electrical connection is turned off during installation.<br \/>\nDo not use the product if the power cables are damaged. Failure to do so may result in death, serious injury or property damage.<br \/>\nBefore starting the assembly, make sure that the cables and the outer walls of the product are not damaged.<br \/>\nMake sure that it does not receive a voltage higher than the operating voltage specified on the label.<br \/>\nThe seller company cannot be held responsible for malfunctions that may occur in case of conflict and the malfunction cannot be evaluated within the scope of warranty.<br \/>\nOnly additional apparatus determined by our company should be used for assembly.<br \/>\nThe mains connection must be made with connection materials in accordance with the installation regulations of the relevant country.<br \/>\nDo not use in areas with electrical leakage.<br \/>\nCable connection points must be insulated with connection terminals or fusible tape.<br \/>\nDo not make any modifications, repairs, alterations or any physical intervention. As a result of this process, material damage may occur and the product warranty will also be void.<br \/>\nIMPORTANT WARNINGS<br \/>\nEtanj armat\u00fcr \u00fczerinde meydana gelen herhangi bir ar\u0131za durumunda uzman yetkili servisimizle irtibata ge\u00e7iniz.<br \/>\nDo not allow anyone to interfere with the product other than our authorized technical service. As a result of such interventions, the product is completely out of warranty.<br \/>\nIf the external flexible cord or cord of this product is damaged, it must be replaced by a qualified person to avoid a hazard.<br \/>\nSince the surface of the product is hot while the product is in operation, the energy of the product should be cut off and should not be touched before it cools down. Do not look directly at the product while it is in operation.<br \/>\nDo not clean the surface with flammable substances such as alcohol or gasoline.<br \/>\nKeep out of reach of children and in the product box.<br \/>\nGARANT\u0130 BELGES\u0130 | GARANT\u0130 \u015eARTLARI<\/p>\n<p>LED BAR;<\/p>\n<p>The warranty period starts from the invoice date of the product and is 2 years.<br \/>\nAll under warranty, including all parts.<br \/>\nIn the event that it is found to be defective, the consumer, in Article 11 of the Law No. 6502 on the Protection of the Consumer;<br \/>\na) To have free repair.<br \/>\nb) Replacing it with a new product if it is not repaired.<br \/>\nIn case of free repair of the consumer from these rights, the seller; is obliged to have the product repaired without any charge under any other name, such as labor cost, replacement part cost or any other name.<br \/>\nIn case of malfunction within the warranty period, the time spent in the repair is added to the warranty period. The repair period of the product cannot exceed 20 working days.<br \/>\nDefects caused by use contrary to the points in the user manual are not covered by the warranty.<br \/>\nARIZALI \u00dcR\u00dcN\u00dc GARANT\u0130 KAPSAMI DI\u015eINA \u00c7IKARAN KULLANIM HATALARI NELERD\u0130R?<br \/>\nFailures arising from the use of electricity and the user (such as power cut, voltage fluctuation, installation of accessories that do not belong to the machine or not using the accessories that are obligatory to be used), any intervention other than the authorized service in the products with warranty, damage to the label in the products with the warranty label, broken outer surface of the device, scratch etc. Failures caused by reasons such as dusty, humid, extremely hot or cold environments, floods, fires, earthquakes, lightning strikes, etc. Failures caused by natural disasters are not covered by the warranty.<\/p>\n<p>End\u00fcstriyel Ayd\u0131nlatma Archives | Masialux Ayd\u0131nlatma<\/p>","protected":false},"excerpt":{"rendered":"<p><strong>Masialux LED BAR Serisi Al\u00fcminyum LED BAR MJL 102<\/strong><\/p>","protected":false},"featured_media":15016,"template":"","meta":{"_joinchat":[]},"product_brand":[],"product_cat":[214],"product_tag":[],"class_list":{"0":"post-15014","1":"product","2":"type-product","3":"status-publish","4":"has-post-thumbnail","6":"product_cat-product-category-endustriyel-aydinlatma","8":"first","9":"instock","10":"shipping-taxable","11":"product-type-simple"},"_links":{"self":[{"href":"https:\/\/makrolight.com\/en\/wp-json\/wp\/v2\/product\/15014","targetHints":{"allow":["GET"]}}],"collection":[{"href":"https:\/\/makrolight.com\/en\/wp-json\/wp\/v2\/product"}],"about":[{"href":"https:\/\/makrolight.com\/en\/wp-json\/wp\/v2\/types\/product"}],"wp:featuredmedia":[{"embeddable":true,"href":"https:\/\/makrolight.com\/en\/wp-json\/wp\/v2\/media\/15016"}],"wp:attachment":[{"href":"https:\/\/makrolight.com\/en\/wp-json\/wp\/v2\/media?parent=15014"}],"wp:term":[{"taxonomy":"product_brand","embeddable":true,"href":"https:\/\/makrolight.com\/en\/wp-json\/wp\/v2\/product_brand?post=15014"},{"taxonomy":"product_cat","embeddable":true,"href":"https:\/\/makrolight.com\/en\/wp-json\/wp\/v2\/product_cat?post=15014"},{"taxonomy":"product_tag","embeddable":true,"href":"https:\/\/makrolight.com\/en\/wp-json\/wp\/v2\/product_tag?post=15014"}],"curies":[{"name":"wp","href":"https:\/\/api.w.org\/{rel}","templated":true}]}}