{"id":3928,"date":"2021-05-14T10:08:42","date_gmt":"2021-05-14T10:08:42","guid":{"rendered":"https:\/\/tobel.qodeinteractive.com\/?page_id=3928"},"modified":"2023-11-01T09:52:59","modified_gmt":"2023-11-01T09:52:59","slug":"uygulamalarimiz","status":"publish","type":"page","link":"https:\/\/makrolight.com\/ru\/uygulamalarimiz\/","title":{"rendered":"\u041d\u0430\u0448\u0438 \u043f\u0440\u0438\u043b\u043e\u0436\u0435\u043d\u0438\u044f"},"content":{"rendered":"<div data-elementor-type=\"wp-page\" data-elementor-id=\"3928\" class=\"elementor elementor-3928\">\n\t\t\t\t\t\t<section class=\"elementor-section elementor-top-section elementor-element elementor-element-20b7f5c elementor-section-full_width qodef-elementor-content-grid elementor-section-height-default elementor-section-height-default qodef-elementor-overlay-no\" data-id=\"20b7f5c\" data-element_type=\"section\">\n\t\t\t\t\t\t<div class=\"elementor-container elementor-column-gap-default\">\n\t\t\t\t\t<div class=\"elementor-column elementor-col-100 elementor-top-column elementor-element elementor-element-ab2e7bb\" data-id=\"ab2e7bb\" data-element_type=\"column\">\n\t\t\t<div class=\"elementor-widget-wrap elementor-element-populated\">\n\t\t\t\t\t\t<div class=\"elementor-element elementor-element-8602021 elementor-widget elementor-widget-tobel_core_section_title\" data-id=\"8602021\" data-element_type=\"widget\" data-widget_type=\"tobel_core_section_title.default\">\n\t\t\t\t<div class=\"elementor-widget-container\">\n\t\t\t\t\t<div class=\"qodef-shortcode qodef-m qodef-section-title qodef-alignment--center\">\n\t\t<h3 class=\"qodef-m-title\" >\n\t\t\t\t\t\u041e\u0441\u0432\u0435\u0442\u0438\u0442\u0435\u043b\u044c\u043d\u044b\u0435 \u043f\u0440\u0438\u0431\u043e\u0440\u044b\t\t\t<\/h3>\n\t\t<p class=\"qodef-m-subtitle\" style=\"margin-top: -20px;font-size: 50px;color: #000000\">\n\t\t\u041d\u0430\u0448\u0438 \u043f\u0440\u0438\u043b\u043e\u0436\u0435\u043d\u0438\u044f\t<\/p>\n\t<\/div>\n\t\t\t\t<\/div>\n\t\t\t\t<\/div>\n\t\t\t\t\t<\/div>\n\t\t<\/div>\n\t\t\t\t\t<\/div>\n\t\t<\/section>\n\t\t\t\t<section class=\"elementor-section elementor-top-section elementor-element elementor-element-aec039a elementor-section-full_width qodef-elementor-content-grid qodef-extended-grid qodef-extended-grid--right elementor-section-height-default elementor-section-height-default qodef-elementor-overlay-no\" data-id=\"aec039a\" data-element_type=\"section\">\n\t\t\t\t\t\t<div class=\"elementor-container elementor-column-gap-default\">\n\t\t\t\t\t<div class=\"elementor-column elementor-col-100 elementor-top-column elementor-element elementor-element-6ceed09\" data-id=\"6ceed09\" data-element_type=\"column\">\n\t\t\t<div class=\"elementor-widget-wrap elementor-element-populated\">\n\t\t\t\t\t\t<div class=\"elementor-element elementor-element-3e1293f elementor-widget elementor-widget-tobel_core_portfolio_list\" data-id=\"3e1293f\" data-element_type=\"widget\" data-widget_type=\"tobel_core_portfolio_list.default\">\n\t\t\t\t<div class=\"elementor-widget-container\">\n\t\t\t\t\t\t\t<div class=\"qodef-content-grid qodef-swiper-nav-holder\">\n\t\t\t\t<div class=\"swiper-button-prev swiper-button-outside swiper-button-prev-95\"><svg class=\"qodef-main-arrow\" xmlns=\"http:\/\/www.w3.org\/2000\/svg\" xmlns:xlink=\"http:\/\/www.w3.org\/1999\/xlink\" x=\"0px\" y=\"0px\" viewbox=\"0 0 38 12\" xml:space=\"preserve\"><polygon points=\"38,5.37 1.5,5.37 8.21,0.54 7.87,0 0,5.68 7.61,12 7.98,11.49 1.4,6.02 38,6.02 \"\/><\/svg><svg class=\"qodef-fake-arrow\" xmlns=\"http:\/\/www.w3.org\/2000\/svg\" xmlns:xlink=\"http:\/\/www.w3.org\/1999\/xlink\" x=\"0px\" y=\"0px\" viewbox=\"0 0 38 12\" xml:space=\"preserve\"><polygon points=\"38,5.37 1.5,5.37 8.21,0.54 7.87,0 0,5.68 7.61,12 7.98,11.49 1.4,6.02 38,6.02 \"\/><\/svg><\/div>\n\t<div class=\"swiper-button-next swiper-button-outside swiper-button-next-95\"><svg class=\"qodef-main-arrow\" xmlns=\"http:\/\/www.w3.org\/2000\/svg\" xmlns:xlink=\"http:\/\/www.w3.org\/1999\/xlink\" x=\"0px\" y=\"0px\" viewbox=\"0 0 38 12\" xml:space=\"preserve\"><polygon points=\"0,5.37 36.49,5.37 29.79,0.54 30.13,0 38,5.68 30.38,12 30.01,11.49 36.6,6.02 0,6.02 \"\/><\/svg><svg class=\"qodef-fake-arrow\" xmlns=\"http:\/\/www.w3.org\/2000\/svg\" xmlns:xlink=\"http:\/\/www.w3.org\/1999\/xlink\" x=\"0px\" y=\"0px\" viewbox=\"0 0 38 12\" xml:space=\"preserve\"><polygon points=\"0,5.37 36.49,5.37 29.79,0.54 30.13,0 38,5.68 30.38,12 30.01,11.49 36.6,6.02 0,6.02 \"\/><\/svg><\/div>\n\t\t<\/div>\n\t<div class=\"qodef-shortcode qodef-m qodef-portfolio-list qodef-item-layout--info-on-hover qodef-grid qodef-swiper-container qodef-gutter--normal qodef-col-num--3 qodef-item-layout--info-on-hover qodef--no-bottom-space qodef-pagination--off qodef-responsive--predefined qodef-hover-animation--fade-in\" data-options=\"{&quot;effect&quot;:&quot;&quot;,&quot;sliderScroll&quot;:false,&quot;slidesPerGroup&quot;:&quot;&quot;,&quot;centeredSlides&quot;:false,&quot;slidesPerView&quot;:&quot;3&quot;,&quot;spaceBetween&quot;:30,&quot;loop&quot;:true,&quot;autoplay&quot;:true,&quot;speed&quot;:&quot;&quot;,&quot;speedAnimation&quot;:&quot;&quot;,&quot;outsideNavigation&quot;:&quot;yes&quot;,&quot;unique&quot;:95}\">\n\t<div class=\"swiper-wrapper\">\n\t\t<article class=\"qodef-e swiper-slide qodef-item--full post-8205 portfolio-item type-portfolio-item status-publish has-post-thumbnail hentry portfolio-category-masialux portfolio-tag-design\">\n\t<div class=\"qodef-e-inner\" >\n\t\t\t<div class=\"qodef-e-media-image qodef--background qodef-image--main\" style=\"background-image: url( https:\/\/makrolight.com\/wp-content\/uploads\/2022\/09\/lineer-aydnlatma-portfolyo-kapak.webp)\">\n\t\t<img fetchpriority=\"high\" decoding=\"async\" width=\"800\" height=\"1058\" src=\"https:\/\/makrolight.com\/wp-content\/uploads\/2022\/09\/lineer-aydnlatma-portfolyo-kapak.webp\" class=\"attachment-full size-full wp-post-image\" alt=\"\" srcset=\"https:\/\/makrolight.com\/wp-content\/uploads\/2022\/09\/lineer-aydnlatma-portfolyo-kapak.webp 800w, https:\/\/makrolight.com\/wp-content\/uploads\/2022\/09\/lineer-aydnlatma-portfolyo-kapak-227x300.webp 227w, https:\/\/makrolight.com\/wp-content\/uploads\/2022\/09\/lineer-aydnlatma-portfolyo-kapak-774x1024.webp 774w, https:\/\/makrolight.com\/wp-content\/uploads\/2022\/09\/lineer-aydnlatma-portfolyo-kapak-768x1016.webp 768w, https:\/\/makrolight.com\/wp-content\/uploads\/2022\/09\/lineer-aydnlatma-portfolyo-kapak-600x794.webp 600w\" sizes=\"(max-width: 800px) 100vw, 800px\" \/>\t<\/div>\n\t\t<div class=\"qodef-e-content\">\n\t\t\t<div class=\"qodef-e-text\">\n\t\t\t\t<h4 itemprop=\"name\" class=\"qodef-e-title entry-title\" >\n\t<a itemprop=\"url\" class=\"qodef-e-title-link\" href=\"https:\/\/makrolight.com\/ru\/portfolio-item\/lineer-uygulamalari\/\">\n\t\t\u041b\u0438\u043d\u0435\u0439\u043d\u044b\u0435 \u043f\u0440\u0438\u043b\u043e\u0436\u0435\u043d\u0438\u044f\t<\/a>\n<\/h4>\n\t\t\t<\/div>\n\t\t\t<div class=\"qodef-e-info\">\n\t\t\t\t\t<a href=\"https:\/\/makrolight.com\/ru\/portfolio-category\/masialux\/\" rel=\"tag\">Makrolight<\/a>\t<div class=\"qodef-info-separator-end\"><\/div>\n\t\t\t<\/div>\n\t\t<\/div>\n\t\t<a itemprop=\"url\" class=\"qodef-e-post-link\" href=\"https:\/\/makrolight.com\/ru\/portfolio-item\/lineer-uygulamalari\/\"><\/a>\t<\/div>\n<\/article>\n<article class=\"qodef-e swiper-slide qodef-item--full post-7917 portfolio-item type-portfolio-item status-publish has-post-thumbnail hentry portfolio-category-masialux portfolio-tag-design\">\n\t<div class=\"qodef-e-inner\" >\n\t\t\t<div class=\"qodef-e-media-image qodef--background qodef-image--main\" style=\"background-image: url( https:\/\/makrolight.com\/wp-content\/uploads\/2022\/09\/ic-mekan-portfolyo-kapak.webp)\">\n\t\t<img decoding=\"async\" width=\"800\" height=\"1058\" src=\"https:\/\/makrolight.com\/wp-content\/uploads\/2022\/09\/ic-mekan-portfolyo-kapak.webp\" class=\"attachment-full size-full wp-post-image\" alt=\"\" srcset=\"https:\/\/makrolight.com\/wp-content\/uploads\/2022\/09\/ic-mekan-portfolyo-kapak.webp 800w, https:\/\/makrolight.com\/wp-content\/uploads\/2022\/09\/ic-mekan-portfolyo-kapak-227x300.webp 227w, https:\/\/makrolight.com\/wp-content\/uploads\/2022\/09\/ic-mekan-portfolyo-kapak-774x1024.webp 774w, https:\/\/makrolight.com\/wp-content\/uploads\/2022\/09\/ic-mekan-portfolyo-kapak-768x1016.webp 768w, https:\/\/makrolight.com\/wp-content\/uploads\/2022\/09\/ic-mekan-portfolyo-kapak-600x794.webp 600w\" sizes=\"(max-width: 800px) 100vw, 800px\" \/>\t<\/div>\n\t\t<div class=\"qodef-e-content\">\n\t\t\t<div class=\"qodef-e-text\">\n\t\t\t\t<h4 itemprop=\"name\" class=\"qodef-e-title entry-title\" >\n\t<a itemprop=\"url\" class=\"qodef-e-title-link\" href=\"https:\/\/makrolight.com\/ru\/portfolio-item\/ic-mekan-uygulamalari\/\">\n\t\t\u0412\u043d\u0443\u0442\u0440\u0435\u043d\u043d\u0438\u0435 \u043f\u0440\u0438\u043b\u043e\u0436\u0435\u043d\u0438\u044f\t<\/a>\n<\/h4>\n\t\t\t<\/div>\n\t\t\t<div class=\"qodef-e-info\">\n\t\t\t\t\t<a href=\"https:\/\/makrolight.com\/ru\/portfolio-category\/masialux\/\" rel=\"tag\">Makrolight<\/a>\t<div class=\"qodef-info-separator-end\"><\/div>\n\t\t\t<\/div>\n\t\t<\/div>\n\t\t<a itemprop=\"url\" class=\"qodef-e-post-link\" href=\"https:\/\/makrolight.com\/ru\/portfolio-item\/ic-mekan-uygulamalari\/\"><\/a>\t<\/div>\n<\/article>\n<article class=\"qodef-e swiper-slide qodef-item--full post-7915 portfolio-item type-portfolio-item status-publish has-post-thumbnail hentry portfolio-category-masialux portfolio-tag-design\">\n\t<div class=\"qodef-e-inner\" >\n\t\t\t<div class=\"qodef-e-media-image qodef--background qodef-image--main\" style=\"background-image: url( https:\/\/makrolight.com\/wp-content\/uploads\/2022\/09\/dis-mekan-portfolyo-kapak.webp)\">\n\t\t<img decoding=\"async\" width=\"800\" height=\"1058\" src=\"https:\/\/makrolight.com\/wp-content\/uploads\/2022\/09\/dis-mekan-portfolyo-kapak.webp\" class=\"attachment-full size-full wp-post-image\" alt=\"\" srcset=\"https:\/\/makrolight.com\/wp-content\/uploads\/2022\/09\/dis-mekan-portfolyo-kapak.webp 800w, https:\/\/makrolight.com\/wp-content\/uploads\/2022\/09\/dis-mekan-portfolyo-kapak-227x300.webp 227w, https:\/\/makrolight.com\/wp-content\/uploads\/2022\/09\/dis-mekan-portfolyo-kapak-774x1024.webp 774w, https:\/\/makrolight.com\/wp-content\/uploads\/2022\/09\/dis-mekan-portfolyo-kapak-768x1016.webp 768w, https:\/\/makrolight.com\/wp-content\/uploads\/2022\/09\/dis-mekan-portfolyo-kapak-600x794.webp 600w\" sizes=\"(max-width: 800px) 100vw, 800px\" \/>\t<\/div>\n\t\t<div class=\"qodef-e-content\">\n\t\t\t<div class=\"qodef-e-text\">\n\t\t\t\t<h4 itemprop=\"name\" class=\"qodef-e-title entry-title\" >\n\t<a itemprop=\"url\" class=\"qodef-e-title-link\" href=\"https:\/\/makrolight.com\/ru\/portfolio-item\/dis-mekan-uygulamalari\/\">\n\t\t\u041d\u0430\u0440\u0443\u0436\u043d\u044b\u0435 \u043f\u0440\u0438\u043c\u0435\u043d\u0435\u043d\u0438\u044f\t<\/a>\n<\/h4>\n\t\t\t<\/div>\n\t\t\t<div class=\"qodef-e-info\">\n\t\t\t\t\t<a href=\"https:\/\/makrolight.com\/ru\/portfolio-category\/masialux\/\" rel=\"tag\">Makrolight<\/a>\t<div class=\"qodef-info-separator-end\"><\/div>\n\t\t\t<\/div>\n\t\t<\/div>\n\t\t<a itemprop=\"url\" class=\"qodef-e-post-link\" href=\"https:\/\/makrolight.com\/ru\/portfolio-item\/dis-mekan-uygulamalari\/\"><\/a>\t<\/div>\n<\/article>\n<article class=\"qodef-e swiper-slide qodef-item--full post-7913 portfolio-item type-portfolio-item status-publish has-post-thumbnail hentry portfolio-category-masialux portfolio-tag-design\">\n\t<div class=\"qodef-e-inner\" >\n\t\t\t<div class=\"qodef-e-media-image qodef--background qodef-image--main\" style=\"background-image: url( https:\/\/makrolight.com\/wp-content\/uploads\/2022\/09\/ozel-tasarim-portfolyo-kapak.webp)\">\n\t\t<img loading=\"lazy\" decoding=\"async\" width=\"800\" height=\"1058\" src=\"https:\/\/makrolight.com\/wp-content\/uploads\/2022\/09\/ozel-tasarim-portfolyo-kapak.webp\" class=\"attachment-full size-full wp-post-image\" alt=\"\" srcset=\"https:\/\/makrolight.com\/wp-content\/uploads\/2022\/09\/ozel-tasarim-portfolyo-kapak.webp 800w, https:\/\/makrolight.com\/wp-content\/uploads\/2022\/09\/ozel-tasarim-portfolyo-kapak-227x300.webp 227w, https:\/\/makrolight.com\/wp-content\/uploads\/2022\/09\/ozel-tasarim-portfolyo-kapak-774x1024.webp 774w, https:\/\/makrolight.com\/wp-content\/uploads\/2022\/09\/ozel-tasarim-portfolyo-kapak-768x1016.webp 768w, https:\/\/makrolight.com\/wp-content\/uploads\/2022\/09\/ozel-tasarim-portfolyo-kapak-600x794.webp 600w\" sizes=\"(max-width: 800px) 100vw, 800px\" \/>\t<\/div>\n\t\t<div class=\"qodef-e-content\">\n\t\t\t<div class=\"qodef-e-text\">\n\t\t\t\t<h4 itemprop=\"name\" class=\"qodef-e-title entry-title\" >\n\t<a itemprop=\"url\" class=\"qodef-e-title-link\" href=\"https:\/\/makrolight.com\/ru\/portfolio-item\/ozel-tasarim-uygulamalari\/\">\n\t\t\u0421\u043f\u0435\u0446\u0438\u0430\u043b\u044c\u043d\u044b\u0435 \u0434\u0438\u0437\u0430\u0439\u043d\u0435\u0440\u0441\u043a\u0438\u0435 \u043f\u0440\u0438\u043b\u043e\u0436\u0435\u043d\u0438\u044f\t<\/a>\n<\/h4>\n\t\t\t<\/div>\n\t\t\t<div class=\"qodef-e-info\">\n\t\t\t\t\t<a href=\"https:\/\/makrolight.com\/ru\/portfolio-category\/masialux\/\" rel=\"tag\">Makrolight<\/a>\t<div class=\"qodef-info-separator-end\"><\/div>\n\t\t\t<\/div>\n\t\t<\/div>\n\t\t<a itemprop=\"url\" class=\"qodef-e-post-link\" href=\"https:\/\/makrolight.com\/ru\/portfolio-item\/ozel-tasarim-uygulamalari\/\"><\/a>\t<\/div>\n<\/article>\n\t<\/div>\n\t<\/div>\n\t\t\t\t<\/div>\n\t\t\t\t<\/div>\n\t\t\t\t\t<\/div>\n\t\t<\/div>\n\t\t\t\t\t<\/div>\n\t\t<\/section>\n\t\t\t\t<\/div>","protected":false},"excerpt":{"rendered":"<p>Ayd\u0131nlatma Uygulamalar\u0131m\u0131z Lineer Uygulamalar\u0131 Masialux \u0130\u00e7 Mekan Uygulamalar\u0131 Masialux D\u0131\u015f Mekan Uygulamalar\u0131 Masialux \u00d6zel Tasar\u0131m Uygulamalar\u0131 Masialux<\/p>","protected":false},"author":4,"featured_media":0,"parent":0,"menu_order":0,"comment_status":"closed","ping_status":"closed","template":"page-full-width.php","meta":{"_joinchat":[],"footnotes":""},"class_list":["post-3928","page","type-page","status-publish","hentry"],"_links":{"self":[{"href":"https:\/\/makrolight.com\/ru\/wp-json\/wp\/v2\/pages\/3928","targetHints":{"allow":["GET"]}}],"collection":[{"href":"https:\/\/makrolight.com\/ru\/wp-json\/wp\/v2\/pages"}],"about":[{"href":"https:\/\/makrolight.com\/ru\/wp-json\/wp\/v2\/types\/page"}],"author":[{"embeddable":true,"href":"https:\/\/makrolight.com\/ru\/wp-json\/wp\/v2\/users\/4"}],"replies":[{"embeddable":true,"href":"https:\/\/makrolight.com\/ru\/wp-json\/wp\/v2\/comments?post=3928"}],"version-history":[{"count":0,"href":"https:\/\/makrolight.com\/ru\/wp-json\/wp\/v2\/pages\/3928\/revisions"}],"wp:attachment":[{"href":"https:\/\/makrolight.com\/ru\/wp-json\/wp\/v2\/media?parent=3928"}],"curies":[{"name":"wp","href":"https:\/\/api.w.org\/{rel}","templated":true}]}}