{"id":10057,"date":"2022-10-12T12:52:23","date_gmt":"2022-10-12T12:52:23","guid":{"rendered":"https:\/\/masialux.com\/?post_type=product&#038;p=10057"},"modified":"2024-08-05T10:36:55","modified_gmt":"2024-08-05T10:36:55","slug":"monofaze-ray-komponenti-mra-1006-mon","status":"publish","type":"product","link":"https:\/\/makrolight.com\/ru\/product\/monofaze-ray-komponenti-mra-1006-mon\/","title":{"rendered":"\u041a\u043e\u043c\u043f\u043e\u043d\u0435\u043d\u0442\u044b \u043c\u043e\u043d\u043e\u0444\u0430\u0437\u043d\u043e\u0433\u043e \u0440\u0435\u043b\u044c\u0441\u043e\u0432\u043e\u0433\u043e \u043f\u0443\u0442\u0438 | MRA 1006-MON"},"content":{"rendered":"<p><strong>Masialux Monofaze Ray T Besleme Par\u00e7as\u0131<\/strong><\/p>\n<ul>\n<li>\u041c\u043e\u043d\u043e\u0444\u0430\u0437\u043d\u0430\u044f \u043f\u043e\u0434\u0430\u044e\u0449\u0430\u044f \u0447\u0430\u0441\u0442\u044c Ray T<\/li>\n<li>\u041e\u043d \u0440\u0430\u0431\u043e\u0442\u0430\u0435\u0442 \u043f\u0440\u0438 \u043d\u0430\u043f\u0440\u044f\u0436\u0435\u043d\u0438\u0438 220 \u0432\u043e\u043b\u044c\u0442<\/li>\n<li>\u0427\u0435\u0440\u043d\u043e - \u0431\u0435\u043b\u044b\u0439 \u0446\u0432\u0435\u0442<\/li>\n<li>\u041c\u043e\u043d\u043e\u0444\u0430\u0437\u043d\u0430\u044f \u043d\u0430\u043f\u0440\u0430\u0432\u043b\u044f\u044e\u0449\u0430\u044f \u0438\u0441\u043f\u043e\u043b\u044c\u0437\u0443\u0435\u0442\u0441\u044f \u0434\u043b\u044f \u0434\u043e\u0431\u0430\u0432\u043b\u0435\u043d\u0438\u044f \u0438 \u0443\u0434\u043b\u0438\u043d\u0435\u043d\u0438\u044f \u043d\u0430\u043f\u0440\u0430\u0432\u043b\u044f\u044e\u0449\u0438\u0445 \u0434\u043b\u044f \u0442\u043e\u0447\u0435\u0447\u043d\u044b\u0445 \u0441\u0432\u0435\u0442\u0438\u043b\u044c\u043d\u0438\u043a\u043e\u0432.<\/li>\n<\/ul>\n<p>&nbsp;<\/p>\n<h4><strong>\u041e\u0411\u041b\u0410\u0421\u0422\u0418 \u041f\u0420\u0418\u041c\u0415\u041d\u0415\u041d\u0418\u042f<\/strong><\/h4>\n<ul>\n<li>\u0423\u043a\u0440\u0430\u0448\u0435\u043d\u0438\u0435<\/li>\n<li>\u0421\u0443\u043f\u0435\u0440\u043c\u0430\u0440\u043a\u0435\u0442\u044b<\/li>\n<li>\u0422\u043e\u0440\u0433\u043e\u0432\u044b\u0435 \u0446\u0435\u043d\u0442\u0440\u044b<\/li>\n<li>\u0414\u043e\u043c\u0430<\/li>\n<\/ul>\n<h4><strong>\u041f\u0420\u0415\u0414\u0423\u041f\u0420\u0415\u0416\u0414\u0415\u041d\u0418\u042f \u041f\u041e \u0423\u0421\u0422\u0410\u041d\u041e\u0412\u041a\u0415 \u0418 \u0411\u0415\u0417\u041e\u041f\u0410\u0421\u041d\u041e\u0421\u0422\u0418<\/strong><\/h4>\n<div>\n<h5><strong>Monofaze ray KOMPONENT\u0130 T Besleme par\u00e7as\u0131;<\/strong><\/h5>\n<\/div>\n<ul>\n<li>Monofaze ray T Besleme Par\u00e7as\u0131 \u00fcr\u00fcn\u00fcn\u00fcz\u00fc teslim al\u0131rken, fiziksel bir hasar olup olmad\u0131\u011f\u0131n\u0131 kontrol ediniz. Bunun yan\u0131nda nakliye hasarl\u0131 \u00fcr\u00fcnlerin de\u011fi\u015fimini kargodan yada ambardan talep ediniz ve \u00fcr\u00fcn ile birlikte gelmesi gereken aksesuarlar varsa tam olup olmad\u0131\u011f\u0131n\u0131 kontrol ediniz.<\/li>\n<li>\u0421\u043e\u0445\u0440\u0430\u043d\u0438\u0442\u0435 \u043e\u0440\u0438\u0433\u0438\u043d\u0430\u043b\u044c\u043d\u0443\u044e \u043a\u043e\u0440\u043e\u0431\u043a\u0443 \u0438\u043b\u0438 \u0443\u043f\u0430\u043a\u043e\u0432\u043a\u0443, \u0430\u043a\u0441\u0435\u0441\u0441\u0443\u0430\u0440\u044b \u0438 \u0441\u0447\u0435\u0442-\u0444\u0430\u043a\u0442\u0443\u0440\u0443 \u0434\u043b\u044f \u0438\u0441\u043f\u043e\u043b\u044c\u0437\u043e\u0432\u0430\u043d\u0438\u044f \u0432 \u0431\u0443\u0434\u0443\u0449\u0435\u043c.<\/li>\n<li>\u0411\u0443\u0434\u044c\u0442\u0435 \u043e\u0441\u0442\u043e\u0440\u043e\u0436\u043d\u044b, \u0447\u0442\u043e\u0431\u044b \u043d\u0435 \u043f\u043e\u0432\u0440\u0435\u0434\u0438\u0442\u044c \u0448\u0442\u0440\u0438\u0445-\u043a\u043e\u0434 \u043f\u0440\u043e\u0434\u0443\u043a\u0442\u0430, \u043c\u043e\u0434\u0435\u043b\u044c \u0438 \u0441\u0435\u0440\u0438\u0439\u043d\u044b\u0439 \u043d\u043e\u043c\u0435\u0440.<\/li>\n<li>\u0415\u0441\u043b\u0438 \u043e\u043d\u0438 \u043d\u0435 \u0447\u0438\u0442\u0430\u044e\u0442\u0441\u044f \u0438\u043b\u0438 \u043d\u0435 \u043d\u043e\u0441\u044f\u0442\u0441\u044f, \u0433\u0430\u0440\u0430\u043d\u0442\u0438\u044f \u043d\u0430 \u0432\u0430\u0448 \u043f\u0440\u043e\u0434\u0443\u043a\u0442 \u043d\u0435 \u0440\u0430\u0441\u043f\u0440\u043e\u0441\u0442\u0440\u0430\u043d\u044f\u0435\u0442\u0441\u044f.<\/li>\n<li>\u00a0\u041f\u0440\u043e\u0434\u0443\u043a\u0442 \u043d\u0435 \u0434\u043e\u043b\u0436\u0435\u043d \u0438\u0441\u043f\u043e\u043b\u044c\u0437\u043e\u0432\u0430\u0442\u044c\u0441\u044f \u0438\u043d\u0430\u0447\u0435, \u0447\u0435\u043c \u043f\u043e \u043d\u0430\u0437\u043d\u0430\u0447\u0435\u043d\u0438\u044e.<\/li>\n<li>\u041a\u043e\u043c\u043f\u0430\u043d\u0438\u044f-\u043f\u0440\u043e\u0434\u0430\u0432\u0435\u0446 \u043d\u0435 \u043d\u0435\u0441\u0435\u0442 \u043e\u0442\u0432\u0435\u0442\u0441\u0442\u0432\u0435\u043d\u043d\u043e\u0441\u0442\u0438 \u0432 \u0441\u043b\u0443\u0447\u0430\u044f\u0445 \u0442\u0440\u0430\u0432\u043c \u0438\u043b\u0438 \u043f\u043e\u0432\u0440\u0435\u0436\u0434\u0435\u043d\u0438\u0439, \u043a\u043e\u0442\u043e\u0440\u044b\u0435 \u043c\u043e\u0433\u0443\u0442 \u0432\u043e\u0437\u043d\u0438\u043a\u043d\u0443\u0442\u044c \u0432 \u0440\u0435\u0437\u0443\u043b\u044c\u0442\u0430\u0442\u0435 \u043d\u0435\u043f\u0440\u0430\u0432\u0438\u043b\u044c\u043d\u043e\u0433\u043e \u0438\u0441\u043f\u043e\u043b\u044c\u0437\u043e\u0432\u0430\u043d\u0438\u044f \u043f\u0440\u043e\u0434\u0443\u043a\u0442\u0430.<\/li>\n<li>Elektrik ba\u011flant\u0131lar\u0131 sadece uzman personel taraf\u0131ndan yap\u0131lmal\u0131d\u0131r. \u00c7\u00fcnk\u00fc aksi takdirde \u00fcr\u00fcn garanti kapsam\u0131 d\u0131\u015f\u0131nda kalacakt\u0131r.<\/li>\n<li>\u0423\u0431\u0435\u0434\u0438\u0442\u0435\u0441\u044c, \u0447\u0442\u043e \u044d\u043b\u0435\u043a\u0442\u0440\u0438\u0447\u0435\u0441\u043a\u043e\u0435 \u0441\u043e\u0435\u0434\u0438\u043d\u0435\u043d\u0438\u0435 \u043e\u0442\u043a\u043b\u044e\u0447\u0435\u043d\u043e \u0432\u043e \u0432\u0440\u0435\u043c\u044f \u0443\u0441\u0442\u0430\u043d\u043e\u0432\u043a\u0438.<\/li>\n<li>G\u00fc\u00e7 kablolar\u0131n\u0131n hasarl\u0131 oldu\u011fu durumda \u00fcr\u00fcn\u00fc kullanmay\u0131n\u0131z. \u00c7\u00fcnk\u00fc aksi takdirde \u00f6l\u00fcm, ciddi yaralanma veya maddi hasara neden olabilir.<\/li>\n<li>Montaj\u0131na ba\u015flamadan \u00f6nce kablolar\u0131n ve \u00fcr\u00fcn\u00fcn d\u0131\u015f \u00e7eperlerinin hasarl\u0131 olmad\u0131\u011f\u0131ndan emin olman\u0131z gerekir.<\/li>\n<li>\u0423\u0431\u0435\u0434\u0438\u0442\u0435\u0441\u044c, \u0447\u0442\u043e \u043d\u0430 \u043d\u0435\u0433\u043e \u043d\u0435 \u043f\u043e\u0434\u0430\u0435\u0442\u0441\u044f \u043d\u0430\u043f\u0440\u044f\u0436\u0435\u043d\u0438\u0435 \u0432\u044b\u0448\u0435 \u0440\u0430\u0431\u043e\u0447\u0435\u0433\u043e \u043d\u0430\u043f\u0440\u044f\u0436\u0435\u043d\u0438\u044f, \u0443\u043a\u0430\u0437\u0430\u043d\u043d\u043e\u0433\u043e \u043d\u0430 \u044d\u0442\u0438\u043a\u0435\u0442\u043a\u0435.<\/li>\n<li>Fakat uyu\u015fmazl\u0131k durumunda meydana gelebilecek ar\u0131zalarda, sat\u0131c\u0131 firma sorumlu tutulamaz ve ar\u0131za garanti kapsam\u0131nda de\u011ferlendirilemez.<\/li>\n<li>\u00d6zellikle montaj i\u00e7in yaln\u0131zca firmam\u0131z\u0131n belirledi\u011fi ek aparatlar kullan\u0131lmal\u0131d\u0131r.<\/li>\n<li>\u041f\u043e\u0434\u043a\u043b\u044e\u0447\u0435\u043d\u0438\u0435 \u043a \u0441\u0435\u0442\u0438 \u0434\u043e\u043b\u0436\u043d\u043e \u0431\u044b\u0442\u044c \u0432\u044b\u043f\u043e\u043b\u043d\u0435\u043d\u043e \u0441 \u0438\u0441\u043f\u043e\u043b\u044c\u0437\u043e\u0432\u0430\u043d\u0438\u0435\u043c \u0441\u043e\u0435\u0434\u0438\u043d\u0438\u0442\u0435\u043b\u044c\u043d\u044b\u0445 \u043c\u0430\u0442\u0435\u0440\u0438\u0430\u043b\u043e\u0432 \u0432 \u0441\u043e\u043e\u0442\u0432\u0435\u0442\u0441\u0442\u0432\u0438\u0438 \u0441 \u043f\u0440\u0430\u0432\u0438\u043b\u0430\u043c\u0438 \u0443\u0441\u0442\u0430\u043d\u043e\u0432\u043a\u0438 \u0441\u043e\u043e\u0442\u0432\u0435\u0442\u0441\u0442\u0432\u0443\u044e\u0449\u0435\u0439 \u0441\u0442\u0440\u0430\u043d\u044b.<\/li>\n<li>\u041d\u0435 \u0438\u0441\u043f\u043e\u043b\u044c\u0437\u0443\u0439\u0442\u0435 \u0432 \u043c\u0435\u0441\u0442\u0430\u0445 \u0441 \u0443\u0442\u0435\u0447\u043a\u043e\u0439 \u0442\u043e\u043a\u0430.<\/li>\n<li>\u041c\u0435\u0441\u0442\u0430 \u043f\u043e\u0434\u043a\u043b\u044e\u0447\u0435\u043d\u0438\u044f \u043a\u0430\u0431\u0435\u043b\u044f \u0434\u043e\u043b\u0436\u043d\u044b \u0431\u044b\u0442\u044c \u0438\u0437\u043e\u043b\u0438\u0440\u043e\u0432\u0430\u043d\u044b \u0441\u043e\u0435\u0434\u0438\u043d\u0438\u0442\u0435\u043b\u044c\u043d\u044b\u043c\u0438 \u043a\u043b\u0435\u043c\u043c\u0430\u043c\u0438 \u0438\u043b\u0438 \u043f\u043b\u0430\u0432\u043a\u043e\u0439 \u043b\u0435\u043d\u0442\u043e\u0439.<\/li>\n<li>\u041d\u0435 \u0432\u043d\u043e\u0441\u0438\u0442\u0435 \u043d\u0438\u043a\u0430\u043a\u0438\u0445 \u043c\u043e\u0434\u0438\u0444\u0438\u043a\u0430\u0446\u0438\u0439, \u0440\u0435\u043c\u043e\u043d\u0442\u043e\u0432, \u0438\u0437\u043c\u0435\u043d\u0435\u043d\u0438\u0439 \u0438\u043b\u0438 \u043b\u044e\u0431\u043e\u0433\u043e \u0444\u0438\u0437\u0438\u0447\u0435\u0441\u043a\u043e\u0433\u043e \u0432\u043c\u0435\u0448\u0430\u0442\u0435\u043b\u044c\u0441\u0442\u0432\u0430. \u0412 \u0440\u0435\u0437\u0443\u043b\u044c\u0442\u0430\u0442\u0435 \u044d\u0442\u043e\u0433\u043e \u043f\u0440\u043e\u0446\u0435\u0441\u0441\u0430 \u043c\u043e\u0436\u0435\u0442 \u043f\u0440\u043e\u0438\u0437\u043e\u0439\u0442\u0438 \u043c\u0430\u0442\u0435\u0440\u0438\u0430\u043b\u044c\u043d\u044b\u0439 \u0443\u0449\u0435\u0440\u0431, \u0430 \u0433\u0430\u0440\u0430\u043d\u0442\u0438\u044f \u043d\u0430 \u0438\u0437\u0434\u0435\u043b\u0438\u0435 \u0442\u0430\u043a\u0436\u0435 \u0431\u0443\u0434\u0435\u0442 \u0430\u043d\u043d\u0443\u043b\u0438\u0440\u043e\u0432\u0430\u043d\u0430.<\/li>\n<\/ul>\n<h4><strong>\u0412\u0410\u0416\u041d\u042b\u0415 \u041f\u0420\u0415\u0414\u0423\u041f\u0420\u0415\u0416\u0414\u0415\u041d\u0418\u042f<\/strong><\/h4>\n<ul>\n<li>Monofaze ray komponenti T Besleme Par\u00e7as\u0131 \u00fcr\u00fcn\u00fcnde meydana gelen herhangi bir ar\u0131za durumunda ilk olarak uzman yetkili servisimizle irtibata ge\u00e7iniz.<\/li>\n<li>Yetkili teknik servisimiz d\u0131\u015f\u0131nda \u00fcr\u00fcne kimsenin m\u00fcdahale etmesine izin vermeyiniz. \u00c7\u00fcnk\u00fc bu t\u00fcr m\u00fcdahaleler sonucu \u00fcr\u00fcn t\u00fcm\u00fcyle garanti kapsam\u0131 d\u0131\u015f\u0131nda kal\u0131r.<\/li>\n<li>\u0415\u0441\u043b\u0438 \u0432\u043d\u0435\u0448\u043d\u0438\u0439 \u0433\u0438\u0431\u043a\u0438\u0439 \u0448\u043d\u0443\u0440 \u0438\u043b\u0438 \u0448\u043d\u0443\u0440 \u0434\u0430\u043d\u043d\u043e\u0433\u043e \u0438\u0437\u0434\u0435\u043b\u0438\u044f \u043f\u043e\u0432\u0440\u0435\u0436\u0434\u0435\u043d, \u0432\u043e \u0438\u0437\u0431\u0435\u0436\u0430\u043d\u0438\u0435 \u043e\u043f\u0430\u0441\u043d\u043e\u0441\u0442\u0438 \u0435\u0433\u043e \u0437\u0430\u043c\u0435\u043d\u0430 \u0434\u043e\u043b\u0436\u043d\u0430 \u043f\u0440\u043e\u0438\u0437\u0432\u043e\u0434\u0438\u0442\u044c\u0441\u044f \u043a\u0432\u0430\u043b\u0438\u0444\u0438\u0446\u0438\u0440\u043e\u0432\u0430\u043d\u043d\u044b\u043c \u0441\u043f\u0435\u0446\u0438\u0430\u043b\u0438\u0441\u0442\u043e\u043c.<\/li>\n<li>\u00dcr\u00fcn \u00e7al\u0131\u015f\u0131r durumdayken y\u00fczeyi s\u0131cak oldu\u011fu i\u00e7in \u00fcr\u00fcn\u00fcn enerjisi kesilmelidir ve so\u011fumadan dokunulmamal\u0131d\u0131r. Ama \u00fcr\u00fcn \u00e7al\u0131\u015f\u0131r durumdayken direkt olarak bakmay\u0131n\u0131z.<\/li>\n<li>\u041d\u0435 \u043e\u0447\u0438\u0449\u0430\u0439\u0442\u0435 \u043f\u043e\u0432\u0435\u0440\u0445\u043d\u043e\u0441\u0442\u044c \u043b\u0435\u0433\u043a\u043e\u0432\u043e\u0441\u043f\u043b\u0430\u043c\u0435\u043d\u044f\u044e\u0449\u0438\u043c\u0438\u0441\u044f \u0432\u0435\u0449\u0435\u0441\u0442\u0432\u0430\u043c\u0438, \u0442\u0430\u043a\u0438\u043c\u0438 \u043a\u0430\u043a \u0441\u043f\u0438\u0440\u0442 \u0438\u043b\u0438 \u0431\u0435\u043d\u0437\u0438\u043d.<\/li>\n<li>\u0425\u0440\u0430\u043d\u0438\u0442\u044c \u0432 \u043d\u0435\u0434\u043e\u0441\u0442\u0443\u043f\u043d\u043e\u043c \u0434\u043b\u044f \u0434\u0435\u0442\u0435\u0439 \u043c\u0435\u0441\u0442\u0435 \u0438 \u0432 \u0443\u043f\u0430\u043a\u043e\u0432\u043a\u0435 \u043f\u0440\u043e\u0434\u0443\u043a\u0442\u0430.<\/li>\n<\/ul>\n<h4><strong>\u0413\u0410\u0420\u0410\u041d\u0422\u0418\u0419\u041d\u042b\u0419 \u0421\u0415\u0420\u0422\u0418\u0424\u0418\u041a\u0410\u0422 | \u0423\u0441\u043b\u043e\u0432\u0438\u044f \u0433\u0430\u0440\u0430\u043d\u0442\u0438\u0438<\/strong><\/h4>\n<p><strong>Monofaze T Besleme Par\u00e7as\u0131;<\/strong><\/p>\n<ul>\n<li>\u0413\u0430\u0440\u0430\u043d\u0442\u0438\u0439\u043d\u044b\u0439 \u0441\u0440\u043e\u043a \u043d\u0430\u0447\u0438\u043d\u0430\u0435\u0442\u0441\u044f \u0441 \u0434\u0430\u0442\u044b \u0432\u044b\u0441\u0442\u0430\u0432\u043b\u0435\u043d\u0438\u044f \u0441\u0447\u0435\u0442\u0430 \u0437\u0430 \u0442\u043e\u0432\u0430\u0440 \u0438 \u0441\u043e\u0441\u0442\u0430\u0432\u043b\u044f\u0435\u0442 2 \u0433\u043e\u0434\u0430.<\/li>\n<li>B\u00fct\u00fcn par\u00e7alar\u0131 dahil olmak \u00fczere tamam\u0131 garanti kapsam\u0131na girer.<\/li>\n<li>\u041d\u043e \u0435\u0441\u043b\u0438 \u0432\u044b\u044f\u0441\u043d\u0438\u0442\u0441\u044f, \u0447\u0442\u043e \u043f\u0440\u043e\u0434\u0443\u043a\u0442 \u043d\u0435\u0438\u0441\u043f\u0440\u0430\u0432\u0435\u043d, \u043f\u043e\u0442\u0440\u0435\u0431\u0438\u0442\u0435\u043b\u044c \u0434\u043e\u043b\u0436\u0435\u043d \u0431\u0443\u0434\u0435\u0442 \u043e\u0431\u0440\u0430\u0442\u0438\u0442\u044c\u0441\u044f \u0432 AMI \u043f\u043e \u0441\u0442\u0430\u0442\u044c\u0435 11 \u0417\u0430\u043a\u043e\u043d\u0430 \u043e \u0437\u0430\u0449\u0438\u0442\u0435 \u043f\u0440\u0430\u0432 \u043f\u043e\u0442\u0440\u0435\u0431\u0438\u0442\u0435\u043b\u0435\u0439 \u2116 6502. \u0432 \u0441\u0442\u0430\u0442\u044c\u0435;<\/li>\n<\/ul>\n<div>\u0430) \u0411\u0435\u0441\u043f\u043b\u0430\u0442\u043d\u044b\u0439 \u0440\u0435\u043c\u043e\u043d\u0442.<\/div>\n<div>\u0431) \u0417\u0430\u043c\u0435\u043d\u0430 \u0435\u0433\u043e \u043d\u043e\u0432\u044b\u043c \u043f\u0440\u043e\u0434\u0443\u043a\u0442\u043e\u043c, \u0435\u0441\u043b\u0438 \u043e\u043d \u043d\u0435 \u0440\u0435\u043c\u043e\u043d\u0442\u0438\u0440\u043e\u0432\u0430\u043b\u0441\u044f.<\/div>\n<ul>\n<li>\u0412 \u0441\u043b\u0443\u0447\u0430\u0435 \u0431\u0435\u0441\u043f\u043b\u0430\u0442\u043d\u043e\u0433\u043e \u0440\u0435\u043c\u043e\u043d\u0442\u0430 \u043f\u043e\u0442\u0440\u0435\u0431\u0438\u0442\u0435\u043b\u044f \u043e\u0442 \u044d\u0442\u0438\u0445 \u043f\u0440\u0430\u0432 \u043f\u0440\u043e\u0434\u0430\u0432\u0435\u0446; \u043e\u0431\u044f\u0437\u0430\u043d \u043e\u0442\u0440\u0435\u043c\u043e\u043d\u0442\u0438\u0440\u043e\u0432\u0430\u0442\u044c \u043f\u0440\u043e\u0434\u0443\u043a\u0442 \u0431\u0435\u0441\u043f\u043b\u0430\u0442\u043d\u043e \u043f\u043e\u0434 \u043b\u044e\u0431\u044b\u043c \u0434\u0440\u0443\u0433\u0438\u043c \u0438\u043c\u0435\u043d\u0435\u043c, \u0442\u0430\u043a\u0438\u043c \u043a\u0430\u043a \u0441\u0442\u043e\u0438\u043c\u043e\u0441\u0442\u044c \u0440\u0430\u0431\u043e\u0447\u0435\u0439 \u0441\u0438\u043b\u044b, \u0441\u0442\u043e\u0438\u043c\u043e\u0441\u0442\u044c \u0437\u0430\u043f\u0430\u0441\u043d\u044b\u0445 \u0447\u0430\u0441\u0442\u0435\u0439 \u0438\u043b\u0438 \u043b\u044e\u0431\u043e\u0435 \u0434\u0440\u0443\u0433\u043e\u0435 \u0438\u043c\u044f.<\/li>\n<li>Garanti s\u00fcresi i\u00e7erisinde ar\u0131zalanmas\u0131 durumunda, tamirde ge\u00e7en s\u00fcre garanti s\u00fcresine eklenir. Bunun d\u0131\u015f\u0131nda \u00fcr\u00fcn\u00fcn tamir s\u00fcresi 20 i\u015f g\u00fcn\u00fcn\u00fc ge\u00e7emez.<\/li>\n<li>\u0413\u0430\u0440\u0430\u043d\u0442\u0438\u044f \u043d\u0435 \u0440\u0430\u0441\u043f\u0440\u043e\u0441\u0442\u0440\u0430\u043d\u044f\u0435\u0442\u0441\u044f \u043d\u0430 \u0434\u0435\u0444\u0435\u043a\u0442\u044b, \u0432\u044b\u0437\u0432\u0430\u043d\u043d\u044b\u0435 \u0438\u0441\u043f\u043e\u043b\u044c\u0437\u043e\u0432\u0430\u043d\u0438\u0435\u043c \u0432\u043e\u043f\u0440\u0435\u043a\u0438 \u043f\u0443\u043d\u043a\u0442\u0430\u043c \u0440\u0443\u043a\u043e\u0432\u043e\u0434\u0441\u0442\u0432\u0430 \u043f\u043e\u043b\u044c\u0437\u043e\u0432\u0430\u0442\u0435\u043b\u044f.<\/li>\n<\/ul>\n<h4><strong>\u041a\u0430\u043a\u0438\u0435 \u043e\u0448\u0438\u0431\u043a\u0438 \u0438\u0441\u043f\u043e\u043b\u044c\u0437\u043e\u0432\u0430\u043d\u0438\u044f \u0434\u0435\u043b\u0430\u044e\u0442 \u0434\u0435\u0444\u0435\u043a\u0442\u043d\u044b\u0439 \u043f\u0440\u043e\u0434\u0443\u043a\u0442 \u043d\u0435\u0434\u0435\u0439\u0441\u0442\u0432\u0438\u0442\u0435\u043b\u044c\u043d\u044b\u043c?<\/strong><\/h4>\n<ul>\n<li>\u041d\u0435\u0438\u0441\u043f\u0440\u0430\u0432\u043d\u043e\u0441\u0442\u0438, \u0441\u0432\u044f\u0437\u0430\u043d\u043d\u044b\u0435 \u0441 \u0438\u0441\u043f\u043e\u043b\u044c\u0437\u043e\u0432\u0430\u043d\u0438\u0435\u043c \u044d\u043b\u0435\u043a\u0442\u0440\u0438\u0447\u0435\u0441\u0442\u0432\u0430 \u0438 \u043f\u043e\u043b\u044c\u0437\u043e\u0432\u0430\u0442\u0435\u043b\u0435\u043c (\u0442\u0430\u043a\u0438\u0435 \u043a\u0430\u043a \u043e\u0442\u043a\u043b\u044e\u0447\u0435\u043d\u0438\u0435 \u043f\u0438\u0442\u0430\u043d\u0438\u044f, \u043a\u043e\u043b\u0435\u0431\u0430\u043d\u0438\u044f \u043d\u0430\u043f\u0440\u044f\u0436\u0435\u043d\u0438\u044f, \u0443\u0441\u0442\u0430\u043d\u043e\u0432\u043a\u0430 \u043f\u0440\u0438\u043d\u0430\u0434\u043b\u0435\u0436\u043d\u043e\u0441\u0442\u0435\u0439, \u043d\u0435 \u043f\u0440\u0438\u043d\u0430\u0434\u043b\u0435\u0436\u0430\u0449\u0438\u0445 \u043c\u0430\u0448\u0438\u043d\u0435, \u0438\u043b\u0438 \u043d\u0435\u0438\u0441\u043f\u043e\u043b\u044c\u0437\u043e\u0432\u0430\u043d\u0438\u0435 \u043f\u0440\u0438\u043d\u0430\u0434\u043b\u0435\u0436\u043d\u043e\u0441\u0442\u0435\u0439, \u043a\u043e\u0442\u043e\u0440\u044b\u0435 \u043e\u0431\u044f\u0437\u0430\u0442\u0435\u043b\u044c\u043d\u044b \u043a \u0438\u0441\u043f\u043e\u043b\u044c\u0437\u043e\u0432\u0430\u043d\u0438\u044e), \u043b\u044e\u0431\u043e\u0435 \u0432\u043c\u0435\u0448\u0430\u0442\u0435\u043b\u044c\u0441\u0442\u0432\u043e, \u043a\u0440\u043e\u043c\u0435 \u0430\u0432\u0442\u043e\u0440\u0438\u0437\u043e\u0432\u0430\u043d\u043d\u043e\u0433\u043e \u0441\u0435\u0440\u0432\u0438\u0441\u0430 \u0432 \u0438\u0437\u0434\u0435\u043b\u0438\u044f \u0441 \u0433\u0430\u0440\u0430\u043d\u0442\u0438\u0435\u0439, \u043f\u043e\u0432\u0440\u0435\u0436\u0434\u0435\u043d\u0438\u0435 \u044d\u0442\u0438\u043a\u0435\u0442\u043a\u0438 \u0432 \u0438\u0437\u0434\u0435\u043b\u0438\u044f\u0445 \u0441 \u0433\u0430\u0440\u0430\u043d\u0442\u0438\u0439\u043d\u043e\u0439 \u044d\u0442\u0438\u043a\u0435\u0442\u043a\u043e\u0439, \u043f\u043e\u043b\u043e\u043c\u043a\u0430 \u0432\u043d\u0435\u0448\u043d\u0435\u0439 \u043f\u043e\u0432\u0435\u0440\u0445\u043d\u043e\u0441\u0442\u0438 \u0443\u0441\u0442\u0440\u043e\u0439\u0441\u0442\u0432\u0430, \u0446\u0430\u0440\u0430\u043f\u0438\u043d\u044b \u0438 \u0442.\u043f. \u041e\u0442\u043a\u0430\u0437\u044b, \u0432\u044b\u0437\u0432\u0430\u043d\u043d\u044b\u0435 \u0442\u0430\u043a\u0438\u043c\u0438 \u043f\u0440\u0438\u0447\u0438\u043d\u0430\u043c\u0438, \u043a\u0430\u043a \u043f\u044b\u043b\u044c\u043d\u0430\u044f, \u0432\u043b\u0430\u0436\u043d\u0430\u044f, \u043e\u0447\u0435\u043d\u044c \u0436\u0430\u0440\u043a\u0430\u044f \u0438\u043b\u0438 \u0445\u043e\u043b\u043e\u0434\u043d\u0430\u044f \u0441\u0440\u0435\u0434\u0430, \u043d\u0430\u0432\u043e\u0434\u043d\u0435\u043d\u0438\u044f, \u043f\u043e\u0436\u0430\u0440\u044b, \u0437\u0435\u043c\u043b\u0435\u0442\u0440\u044f\u0441\u0435\u043d\u0438\u044f, \u0443\u0434\u0430\u0440\u044b \u043c\u043e\u043b\u043d\u0438\u0438 \u0438 \u0442. \u0434. \u041d\u0430 \u043d\u0435\u0438\u0441\u043f\u0440\u0430\u0432\u043d\u043e\u0441\u0442\u0438, \u0432\u044b\u0437\u0432\u0430\u043d\u043d\u044b\u0435 \u0441\u0442\u0438\u0445\u0438\u0439\u043d\u044b\u043c\u0438 \u0431\u0435\u0434\u0441\u0442\u0432\u0438\u044f\u043c\u0438, \u0433\u0430\u0440\u0430\u043d\u0442\u0438\u044f \u043d\u0435 \u0440\u0430\u0441\u043f\u0440\u043e\u0441\u0442\u0440\u0430\u043d\u044f\u0435\u0442\u0441\u044f.<\/li>\n<\/ul>\n<p>\u041d\u0430\u0436\u043c\u0438\u0442\u0435 \u043d\u0430 \u0441\u0441\u044b\u043b\u043a\u0443 \u0434\u043b\u044f \u043f\u043e\u043b\u0443\u0447\u0435\u043d\u0438\u044f \u0438\u043d\u0444\u043e\u0440\u043c\u0430\u0446\u0438\u0438 \u043e \u0440\u0435\u043b\u044c\u0441\u0430\u0445 \u0438 \u043a\u043e\u043c\u043f\u043e\u043d\u0435\u043d\u0442\u0430\u0445..<\/p>\n<p><a href=\"https:\/\/masialux.com\/product-category\/ray-ve-komponentler\/\">\u0410\u0440\u0445\u0438\u0432\u044b \u043b\u0443\u0447\u0435\u0439 \u0438 \u043a\u043e\u043c\u043f\u043e\u043d\u0435\u043d\u0442\u043e\u0432 | \u041e\u0441\u0432\u0435\u0449\u0435\u043d\u0438\u0435 Masialux<\/a><\/p>","protected":false},"excerpt":{"rendered":"<p>\u0423\u0441\u0442\u0440\u043e\u0439\u0441\u0442\u0432\u043e \u0434\u043b\u044f \u043f\u043e\u0434\u0430\u0447\u0438 \u0422-\u043e\u0431\u0440\u0430\u0437\u043d\u043e\u0439 \u0447\u0430\u0441\u0442\u0438 \u043c\u043e\u043d\u043e\u0444\u0430\u0437\u043d\u043e\u0433\u043e \u0440\u0435\u043b\u044c\u0441\u043e\u0432\u043e\u0433\u043e \u043f\u0443\u0442\u0438<\/p>","protected":false},"featured_media":10059,"template":"","meta":{"_joinchat":[]},"product_brand":[],"product_cat":[210],"product_tag":[],"class_list":{"0":"post-10057","1":"product","2":"type-product","3":"status-publish","4":"has-post-thumbnail","6":"product_cat-monofaze-ray","8":"first","9":"instock","10":"shipping-taxable","11":"product-type-simple"},"_links":{"self":[{"href":"https:\/\/makrolight.com\/ru\/wp-json\/wp\/v2\/product\/10057","targetHints":{"allow":["GET"]}}],"collection":[{"href":"https:\/\/makrolight.com\/ru\/wp-json\/wp\/v2\/product"}],"about":[{"href":"https:\/\/makrolight.com\/ru\/wp-json\/wp\/v2\/types\/product"}],"wp:featuredmedia":[{"embeddable":true,"href":"https:\/\/makrolight.com\/ru\/wp-json\/wp\/v2\/media\/10059"}],"wp:attachment":[{"href":"https:\/\/makrolight.com\/ru\/wp-json\/wp\/v2\/media?parent=10057"}],"wp:term":[{"taxonomy":"product_brand","embeddable":true,"href":"https:\/\/makrolight.com\/ru\/wp-json\/wp\/v2\/product_brand?post=10057"},{"taxonomy":"product_cat","embeddable":true,"href":"https:\/\/makrolight.com\/ru\/wp-json\/wp\/v2\/product_cat?post=10057"},{"taxonomy":"product_tag","embeddable":true,"href":"https:\/\/makrolight.com\/ru\/wp-json\/wp\/v2\/product_tag?post=10057"}],"curies":[{"name":"wp","href":"https:\/\/api.w.org\/{rel}","templated":true}]}}