{"id":15002,"date":"2025-01-30T12:36:02","date_gmt":"2025-01-30T12:36:02","guid":{"rendered":"https:\/\/masialux.com\/?post_type=product&#038;p=15002"},"modified":"2025-01-30T12:50:48","modified_gmt":"2025-01-30T12:50:48","slug":"led-bar-serisi-mjl-100-led-bar","status":"publish","type":"product","link":"https:\/\/makrolight.com\/ru\/product\/led-bar-serisi-mjl-100-led-bar\/","title":{"rendered":"LED BAR SER\u0130S\u0130 | MJL 100 LED BAR"},"content":{"rendered":"<p><strong>\u00a0Masialux Aluminyum LED BAR MJL 100<\/strong><\/p>\n<p>\u041e\u0411\u041b\u0410\u0421\u0422\u0418 \u041f\u0420\u0418\u041c\u0415\u041d\u0415\u041d\u0418\u042f<br \/>\n\u0417\u0430\u0432\u043e\u0434\u044b<br \/>\n\u0430\u0432\u0442\u043e\u0441\u0442\u043e\u044f\u043d\u043a\u0438<br \/>\n\u0442\u0443\u043d\u043d\u0435\u043b\u0438<br \/>\n\u0433\u0430\u0440\u0430\u0436\u0438<br \/>\n\u0421\u0442\u0440\u043e\u0438\u0442\u0435\u043b\u044c\u043d\u044b\u0435 \u043f\u043b\u043e\u0449\u0430\u0434\u043a\u0438<br \/>\n\u0421\u043a\u043b\u0430\u0434\u0441\u043a\u0438\u0435 \u043f\u043e\u043c\u0435\u0449\u0435\u043d\u0438\u044f<br \/>\n\u0412\u043b\u0430\u0436\u043d\u0430\u044f \u0438 \u043f\u044b\u043b\u044c\u043d\u0430\u044f \u0432\u043d\u0435\u0448\u043d\u044f\u044f \u0441\u0440\u0435\u0434\u0430 \u0438 \u0442. \u0434.<\/p>\n<p>\u041f\u0420\u0415\u0414\u0423\u041f\u0420\u0415\u0416\u0414\u0415\u041d\u0418\u042f \u041f\u041e \u0423\u0421\u0422\u0410\u041d\u041e\u0412\u041a\u0415 \u0418 \u0411\u0415\u0417\u041e\u041f\u0410\u0421\u041d\u041e\u0421\u0422\u0418<\/p>\n<p>LED BAR ;<br \/>\n\u041f\u0440\u0438 \u043f\u043e\u043b\u0443\u0447\u0435\u043d\u0438\u0438 \u043f\u0440\u043e\u0432\u0435\u0440\u044c\u0442\u0435 \u043d\u0430\u043b\u0438\u0447\u0438\u0435 \u0444\u0438\u0437\u0438\u0447\u0435\u0441\u043a\u0438\u0445 \u043f\u043e\u0432\u0440\u0435\u0436\u0434\u0435\u043d\u0438\u0439. \u0417\u0430\u043f\u0440\u043e\u0441\u0438\u0442\u0435 \u0437\u0430\u043c\u0435\u043d\u0443 \u043f\u043e\u0432\u0440\u0435\u0436\u0434\u0435\u043d\u043d\u044b\u0445 \u043f\u0440\u043e\u0434\u0443\u043a\u0442\u043e\u0432 \u0441 \u0433\u0440\u0443\u0437\u0430 \u0438\u043b\u0438 \u0441\u043e \u0441\u043a\u043b\u0430\u0434\u0430 \u0438 \u043f\u0440\u043e\u0432\u0435\u0440\u044c\u0442\u0435, \u0435\u0441\u0442\u044c \u043b\u0438 \u043a\u0430\u043a\u0438\u0435-\u043b\u0438\u0431\u043e \u0430\u043a\u0441\u0435\u0441\u0441\u0443\u0430\u0440\u044b, \u043a\u043e\u0442\u043e\u0440\u044b\u0435 \u0434\u043e\u043b\u0436\u043d\u044b \u0438\u0434\u0442\u0438 \u0432 \u043a\u043e\u043c\u043f\u043b\u0435\u043a\u0442\u0435 \u0441 \u043f\u0440\u043e\u0434\u0443\u043a\u0442\u043e\u043c.<br \/>\n\u0421\u043e\u0445\u0440\u0430\u043d\u0438\u0442\u0435 \u043e\u0440\u0438\u0433\u0438\u043d\u0430\u043b\u044c\u043d\u0443\u044e \u043a\u043e\u0440\u043e\u0431\u043a\u0443 \u0438\u043b\u0438 \u0443\u043f\u0430\u043a\u043e\u0432\u043a\u0443, \u0430\u043a\u0441\u0435\u0441\u0441\u0443\u0430\u0440\u044b \u0438 \u0441\u0447\u0435\u0442-\u0444\u0430\u043a\u0442\u0443\u0440\u0443 \u0434\u043b\u044f \u0438\u0441\u043f\u043e\u043b\u044c\u0437\u043e\u0432\u0430\u043d\u0438\u044f \u0432 \u0431\u0443\u0434\u0443\u0449\u0435\u043c.<br \/>\n\u0411\u0443\u0434\u044c\u0442\u0435 \u043e\u0441\u0442\u043e\u0440\u043e\u0436\u043d\u044b, \u0447\u0442\u043e\u0431\u044b \u043d\u0435 \u043f\u043e\u0432\u0440\u0435\u0434\u0438\u0442\u044c \u0448\u0442\u0440\u0438\u0445-\u043a\u043e\u0434 \u043f\u0440\u043e\u0434\u0443\u043a\u0442\u0430, \u043c\u043e\u0434\u0435\u043b\u044c \u0438 \u0441\u0435\u0440\u0438\u0439\u043d\u044b\u0439 \u043d\u043e\u043c\u0435\u0440.<br \/>\n\u0415\u0441\u043b\u0438 \u043e\u043d\u0438 \u043d\u0435 \u0447\u0438\u0442\u0430\u044e\u0442\u0441\u044f \u0438\u043b\u0438 \u043d\u0435 \u043d\u043e\u0441\u044f\u0442\u0441\u044f, \u0433\u0430\u0440\u0430\u043d\u0442\u0438\u044f \u043d\u0430 \u0432\u0430\u0448 \u043f\u0440\u043e\u0434\u0443\u043a\u0442 \u043d\u0435 \u0440\u0430\u0441\u043f\u0440\u043e\u0441\u0442\u0440\u0430\u043d\u044f\u0435\u0442\u0441\u044f.<br \/>\n\u041f\u0440\u043e\u0434\u0443\u043a\u0442 \u043d\u0435 \u0434\u043e\u043b\u0436\u0435\u043d \u0438\u0441\u043f\u043e\u043b\u044c\u0437\u043e\u0432\u0430\u0442\u044c\u0441\u044f \u0438\u043d\u0430\u0447\u0435, \u0447\u0435\u043c \u043f\u043e \u043d\u0430\u0437\u043d\u0430\u0447\u0435\u043d\u0438\u044e.<br \/>\n\u041a\u043e\u043c\u043f\u0430\u043d\u0438\u044f-\u043f\u0440\u043e\u0434\u0430\u0432\u0435\u0446 \u043d\u0435 \u043d\u0435\u0441\u0435\u0442 \u043e\u0442\u0432\u0435\u0442\u0441\u0442\u0432\u0435\u043d\u043d\u043e\u0441\u0442\u0438 \u0432 \u0441\u043b\u0443\u0447\u0430\u044f\u0445 \u0442\u0440\u0430\u0432\u043c \u0438\u043b\u0438 \u043f\u043e\u0432\u0440\u0435\u0436\u0434\u0435\u043d\u0438\u0439, \u043a\u043e\u0442\u043e\u0440\u044b\u0435 \u043c\u043e\u0433\u0443\u0442 \u0432\u043e\u0437\u043d\u0438\u043a\u043d\u0443\u0442\u044c \u0432 \u0440\u0435\u0437\u0443\u043b\u044c\u0442\u0430\u0442\u0435 \u043d\u0435\u043f\u0440\u0430\u0432\u0438\u043b\u044c\u043d\u043e\u0433\u043e \u0438\u0441\u043f\u043e\u043b\u044c\u0437\u043e\u0432\u0430\u043d\u0438\u044f \u043f\u0440\u043e\u0434\u0443\u043a\u0442\u0430.<br \/>\n\u042d\u043b\u0435\u043a\u0442\u0440\u0438\u0447\u0435\u0441\u043a\u0438\u0435 \u0441\u043e\u0435\u0434\u0438\u043d\u0435\u043d\u0438\u044f \u0434\u043e\u043b\u0436\u043d\u044b \u0432\u044b\u043f\u043e\u043b\u043d\u044f\u0442\u044c\u0441\u044f \u0442\u043e\u043b\u044c\u043a\u043e \u043a\u0432\u0430\u043b\u0438\u0444\u0438\u0446\u0438\u0440\u043e\u0432\u0430\u043d\u043d\u044b\u043c \u043f\u0435\u0440\u0441\u043e\u043d\u0430\u043b\u043e\u043c.<br \/>\n\u0423\u0431\u0435\u0434\u0438\u0442\u0435\u0441\u044c, \u0447\u0442\u043e \u044d\u043b\u0435\u043a\u0442\u0440\u0438\u0447\u0435\u0441\u043a\u043e\u0435 \u0441\u043e\u0435\u0434\u0438\u043d\u0435\u043d\u0438\u0435 \u043e\u0442\u043a\u043b\u044e\u0447\u0435\u043d\u043e \u0432\u043e \u0432\u0440\u0435\u043c\u044f \u0443\u0441\u0442\u0430\u043d\u043e\u0432\u043a\u0438.<br \/>\n\u041d\u0435 \u0438\u0441\u043f\u043e\u043b\u044c\u0437\u0443\u0439\u0442\u0435 \u0438\u0437\u0434\u0435\u043b\u0438\u0435, \u0435\u0441\u043b\u0438 \u043a\u0430\u0431\u0435\u043b\u0438 \u043f\u0438\u0442\u0430\u043d\u0438\u044f \u043f\u043e\u0432\u0440\u0435\u0436\u0434\u0435\u043d\u044b. \u041d\u0435\u0441\u043e\u0431\u043b\u044e\u0434\u0435\u043d\u0438\u0435 \u044d\u0442\u043e\u0433\u043e \u0442\u0440\u0435\u0431\u043e\u0432\u0430\u043d\u0438\u044f \u043c\u043e\u0436\u0435\u0442 \u043f\u0440\u0438\u0432\u0435\u0441\u0442\u0438 \u043a \u0441\u043c\u0435\u0440\u0442\u0438, \u0441\u0435\u0440\u044c\u0435\u0437\u043d\u044b\u043c \u0442\u0440\u0430\u0432\u043c\u0430\u043c \u0438\u043b\u0438 \u043c\u0430\u0442\u0435\u0440\u0438\u0430\u043b\u044c\u043d\u043e\u043c\u0443 \u0443\u0449\u0435\u0440\u0431\u0443.<br \/>\n\u041f\u0435\u0440\u0435\u0434 \u043d\u0430\u0447\u0430\u043b\u043e\u043c \u0441\u0431\u043e\u0440\u043a\u0438 \u0443\u0431\u0435\u0434\u0438\u0442\u0435\u0441\u044c, \u0447\u0442\u043e \u043a\u0430\u0431\u0435\u043b\u0438 \u0438 \u043d\u0430\u0440\u0443\u0436\u043d\u044b\u0435 \u0441\u0442\u0435\u043d\u043a\u0438 \u0438\u0437\u0434\u0435\u043b\u0438\u044f \u043d\u0435 \u043f\u043e\u0432\u0440\u0435\u0436\u0434\u0435\u043d\u044b.<br \/>\n\u0423\u0431\u0435\u0434\u0438\u0442\u0435\u0441\u044c, \u0447\u0442\u043e \u043d\u0430 \u043d\u0435\u0433\u043e \u043d\u0435 \u043f\u043e\u0434\u0430\u0435\u0442\u0441\u044f \u043d\u0430\u043f\u0440\u044f\u0436\u0435\u043d\u0438\u0435 \u0432\u044b\u0448\u0435 \u0440\u0430\u0431\u043e\u0447\u0435\u0433\u043e \u043d\u0430\u043f\u0440\u044f\u0436\u0435\u043d\u0438\u044f, \u0443\u043a\u0430\u0437\u0430\u043d\u043d\u043e\u0433\u043e \u043d\u0430 \u044d\u0442\u0438\u043a\u0435\u0442\u043a\u0435.<br \/>\n\u041a\u043e\u043c\u043f\u0430\u043d\u0438\u044f-\u043f\u0440\u043e\u0434\u0430\u0432\u0435\u0446 \u043d\u0435 \u043d\u0435\u0441\u0435\u0442 \u043e\u0442\u0432\u0435\u0442\u0441\u0442\u0432\u0435\u043d\u043d\u043e\u0441\u0442\u0438 \u0437\u0430 \u043d\u0435\u0438\u0441\u043f\u0440\u0430\u0432\u043d\u043e\u0441\u0442\u0438, \u043a\u043e\u0442\u043e\u0440\u044b\u0435 \u043c\u043e\u0433\u0443\u0442 \u0432\u043e\u0437\u043d\u0438\u043a\u043d\u0443\u0442\u044c \u0432 \u0441\u043b\u0443\u0447\u0430\u0435 \u043a\u043e\u043d\u0444\u043b\u0438\u043a\u0442\u0430, \u0438 \u043d\u0435\u0438\u0441\u043f\u0440\u0430\u0432\u043d\u043e\u0441\u0442\u044c \u043d\u0435 \u043c\u043e\u0436\u0435\u0442 \u0431\u044b\u0442\u044c \u043e\u0446\u0435\u043d\u0435\u043d\u0430 \u0432 \u0440\u0430\u043c\u043a\u0430\u0445 \u0433\u0430\u0440\u0430\u043d\u0442\u0438\u0438.<br \/>\n\u0414\u043b\u044f \u0441\u0431\u043e\u0440\u043a\u0438 \u0441\u043b\u0435\u0434\u0443\u0435\u0442 \u0438\u0441\u043f\u043e\u043b\u044c\u0437\u043e\u0432\u0430\u0442\u044c \u0442\u043e\u043b\u044c\u043a\u043e \u0434\u043e\u043f\u043e\u043b\u043d\u0438\u0442\u0435\u043b\u044c\u043d\u043e\u0435 \u043e\u0431\u043e\u0440\u0443\u0434\u043e\u0432\u0430\u043d\u0438\u0435, \u043e\u043f\u0440\u0435\u0434\u0435\u043b\u0435\u043d\u043d\u043e\u0435 \u043d\u0430\u0448\u0435\u0439 \u043a\u043e\u043c\u043f\u0430\u043d\u0438\u0435\u0439.<br \/>\n\u041f\u043e\u0434\u043a\u043b\u044e\u0447\u0435\u043d\u0438\u0435 \u043a \u0441\u0435\u0442\u0438 \u0434\u043e\u043b\u0436\u043d\u043e \u0431\u044b\u0442\u044c \u0432\u044b\u043f\u043e\u043b\u043d\u0435\u043d\u043e \u0441 \u0438\u0441\u043f\u043e\u043b\u044c\u0437\u043e\u0432\u0430\u043d\u0438\u0435\u043c \u0441\u043e\u0435\u0434\u0438\u043d\u0438\u0442\u0435\u043b\u044c\u043d\u044b\u0445 \u043c\u0430\u0442\u0435\u0440\u0438\u0430\u043b\u043e\u0432 \u0432 \u0441\u043e\u043e\u0442\u0432\u0435\u0442\u0441\u0442\u0432\u0438\u0438 \u0441 \u043f\u0440\u0430\u0432\u0438\u043b\u0430\u043c\u0438 \u0443\u0441\u0442\u0430\u043d\u043e\u0432\u043a\u0438 \u0441\u043e\u043e\u0442\u0432\u0435\u0442\u0441\u0442\u0432\u0443\u044e\u0449\u0435\u0439 \u0441\u0442\u0440\u0430\u043d\u044b.<br \/>\n\u041d\u0435 \u0438\u0441\u043f\u043e\u043b\u044c\u0437\u0443\u0439\u0442\u0435 \u0432 \u043c\u0435\u0441\u0442\u0430\u0445 \u0441 \u0443\u0442\u0435\u0447\u043a\u043e\u0439 \u0442\u043e\u043a\u0430.<br \/>\n\u041c\u0435\u0441\u0442\u0430 \u043f\u043e\u0434\u043a\u043b\u044e\u0447\u0435\u043d\u0438\u044f \u043a\u0430\u0431\u0435\u043b\u044f \u0434\u043e\u043b\u0436\u043d\u044b \u0431\u044b\u0442\u044c \u0438\u0437\u043e\u043b\u0438\u0440\u043e\u0432\u0430\u043d\u044b \u0441\u043e\u0435\u0434\u0438\u043d\u0438\u0442\u0435\u043b\u044c\u043d\u044b\u043c\u0438 \u043a\u043b\u0435\u043c\u043c\u0430\u043c\u0438 \u0438\u043b\u0438 \u043f\u043b\u0430\u0432\u043a\u043e\u0439 \u043b\u0435\u043d\u0442\u043e\u0439.<br \/>\n\u041d\u0435 \u0432\u043d\u043e\u0441\u0438\u0442\u0435 \u043d\u0438\u043a\u0430\u043a\u0438\u0445 \u043c\u043e\u0434\u0438\u0444\u0438\u043a\u0430\u0446\u0438\u0439, \u0440\u0435\u043c\u043e\u043d\u0442\u043e\u0432, \u0438\u0437\u043c\u0435\u043d\u0435\u043d\u0438\u0439 \u0438\u043b\u0438 \u043b\u044e\u0431\u043e\u0433\u043e \u0444\u0438\u0437\u0438\u0447\u0435\u0441\u043a\u043e\u0433\u043e \u0432\u043c\u0435\u0448\u0430\u0442\u0435\u043b\u044c\u0441\u0442\u0432\u0430. \u0412 \u0440\u0435\u0437\u0443\u043b\u044c\u0442\u0430\u0442\u0435 \u044d\u0442\u043e\u0433\u043e \u043f\u0440\u043e\u0446\u0435\u0441\u0441\u0430 \u043c\u043e\u0436\u0435\u0442 \u043f\u0440\u043e\u0438\u0437\u043e\u0439\u0442\u0438 \u043c\u0430\u0442\u0435\u0440\u0438\u0430\u043b\u044c\u043d\u044b\u0439 \u0443\u0449\u0435\u0440\u0431, \u0430 \u0433\u0430\u0440\u0430\u043d\u0442\u0438\u044f \u043d\u0430 \u0438\u0437\u0434\u0435\u043b\u0438\u0435 \u0442\u0430\u043a\u0436\u0435 \u0431\u0443\u0434\u0435\u0442 \u0430\u043d\u043d\u0443\u043b\u0438\u0440\u043e\u0432\u0430\u043d\u0430.<br \/>\n\u0412\u0410\u0416\u041d\u042b\u0415 \u041f\u0420\u0415\u0414\u0423\u041f\u0420\u0415\u0416\u0414\u0415\u041d\u0418\u042f<br \/>\nEtanj armat\u00fcr \u00fczerinde meydana gelen herhangi bir ar\u0131za durumunda uzman yetkili servisimizle irtibata ge\u00e7iniz.<br \/>\n\u041d\u0435 \u043f\u043e\u0437\u0432\u043e\u043b\u044f\u0439\u0442\u0435 \u043d\u0438\u043a\u043e\u043c\u0443 \u0432\u043c\u0435\u0448\u0438\u0432\u0430\u0442\u044c\u0441\u044f \u0432 \u0440\u0430\u0431\u043e\u0442\u0443 \u043f\u0440\u043e\u0434\u0443\u043a\u0442\u0430, \u043a\u0440\u043e\u043c\u0435 \u043d\u0430\u0448\u0435\u0439 \u0430\u0432\u0442\u043e\u0440\u0438\u0437\u043e\u0432\u0430\u043d\u043d\u043e\u0439 \u0442\u0435\u0445\u043d\u0438\u0447\u0435\u0441\u043a\u043e\u0439 \u0441\u043b\u0443\u0436\u0431\u044b. \u0412 \u0440\u0435\u0437\u0443\u043b\u044c\u0442\u0430\u0442\u0435 \u0442\u0430\u043a\u0438\u0445 \u0432\u043c\u0435\u0448\u0430\u0442\u0435\u043b\u044c\u0441\u0442\u0432 \u0433\u0430\u0440\u0430\u043d\u0442\u0438\u044f \u043d\u0430 \u0442\u043e\u0432\u0430\u0440 \u043f\u043e\u043b\u043d\u043e\u0441\u0442\u044c\u044e \u0437\u0430\u043a\u043e\u043d\u0447\u0438\u043b\u0430\u0441\u044c.<br \/>\n\u0415\u0441\u043b\u0438 \u0432\u043d\u0435\u0448\u043d\u0438\u0439 \u0433\u0438\u0431\u043a\u0438\u0439 \u0448\u043d\u0443\u0440 \u0438\u043b\u0438 \u0448\u043d\u0443\u0440 \u0434\u0430\u043d\u043d\u043e\u0433\u043e \u0438\u0437\u0434\u0435\u043b\u0438\u044f \u043f\u043e\u0432\u0440\u0435\u0436\u0434\u0435\u043d, \u0432\u043e \u0438\u0437\u0431\u0435\u0436\u0430\u043d\u0438\u0435 \u043e\u043f\u0430\u0441\u043d\u043e\u0441\u0442\u0438 \u0435\u0433\u043e \u0437\u0430\u043c\u0435\u043d\u0430 \u0434\u043e\u043b\u0436\u043d\u0430 \u043f\u0440\u043e\u0438\u0437\u0432\u043e\u0434\u0438\u0442\u044c\u0441\u044f \u043a\u0432\u0430\u043b\u0438\u0444\u0438\u0446\u0438\u0440\u043e\u0432\u0430\u043d\u043d\u044b\u043c \u0441\u043f\u0435\u0446\u0438\u0430\u043b\u0438\u0441\u0442\u043e\u043c.<br \/>\n\u041f\u043e\u0441\u043a\u043e\u043b\u044c\u043a\u0443 \u0432\u043e \u0432\u0440\u0435\u043c\u044f \u0440\u0430\u0431\u043e\u0442\u044b \u043f\u043e\u0432\u0435\u0440\u0445\u043d\u043e\u0441\u0442\u044c \u043f\u0440\u043e\u0434\u0443\u043a\u0442\u0430 \u0433\u043e\u0440\u044f\u0447\u0430\u044f, \u043d\u0435\u043e\u0431\u0445\u043e\u0434\u0438\u043c\u043e \u043e\u0442\u043a\u043b\u044e\u0447\u0438\u0442\u044c \u044d\u043d\u0435\u0440\u0433\u0438\u044e \u043f\u0440\u043e\u0434\u0443\u043a\u0442\u0430 \u0438 \u043d\u0435 \u043a\u0430\u0441\u0430\u0442\u044c\u0441\u044f \u0435\u0433\u043e, \u043f\u043e\u043a\u0430 \u043e\u043d \u043d\u0435 \u043e\u0441\u0442\u044b\u043d\u0435\u0442. \u041d\u0435 \u0441\u043c\u043e\u0442\u0440\u0438\u0442\u0435 \u043f\u0440\u044f\u043c\u043e \u043d\u0430 \u0438\u0437\u0434\u0435\u043b\u0438\u0435 \u0432\u043e \u0432\u0440\u0435\u043c\u044f \u0435\u0433\u043e \u0440\u0430\u0431\u043e\u0442\u044b.<br \/>\n\u041d\u0435 \u043e\u0447\u0438\u0449\u0430\u0439\u0442\u0435 \u043f\u043e\u0432\u0435\u0440\u0445\u043d\u043e\u0441\u0442\u044c \u043b\u0435\u0433\u043a\u043e\u0432\u043e\u0441\u043f\u043b\u0430\u043c\u0435\u043d\u044f\u044e\u0449\u0438\u043c\u0438\u0441\u044f \u0432\u0435\u0449\u0435\u0441\u0442\u0432\u0430\u043c\u0438, \u0442\u0430\u043a\u0438\u043c\u0438 \u043a\u0430\u043a \u0441\u043f\u0438\u0440\u0442 \u0438\u043b\u0438 \u0431\u0435\u043d\u0437\u0438\u043d.<br \/>\n\u0425\u0440\u0430\u043d\u0438\u0442\u044c \u0432 \u043d\u0435\u0434\u043e\u0441\u0442\u0443\u043f\u043d\u043e\u043c \u0434\u043b\u044f \u0434\u0435\u0442\u0435\u0439 \u043c\u0435\u0441\u0442\u0435 \u0438 \u0432 \u0443\u043f\u0430\u043a\u043e\u0432\u043a\u0435 \u043f\u0440\u043e\u0434\u0443\u043a\u0442\u0430.<br \/>\nGARANT\u0130 BELGES\u0130 | GARANT\u0130 \u015eARTLARI<\/p>\n<p>LED BAR;<\/p>\n<p>\u0413\u0430\u0440\u0430\u043d\u0442\u0438\u0439\u043d\u044b\u0439 \u0441\u0440\u043e\u043a \u043d\u0430\u0447\u0438\u043d\u0430\u0435\u0442\u0441\u044f \u0441 \u0434\u0430\u0442\u044b \u0432\u044b\u0441\u0442\u0430\u0432\u043b\u0435\u043d\u0438\u044f \u0441\u0447\u0435\u0442\u0430 \u0437\u0430 \u0442\u043e\u0432\u0430\u0440 \u0438 \u0441\u043e\u0441\u0442\u0430\u0432\u043b\u044f\u0435\u0442 2 \u0433\u043e\u0434\u0430.<br \/>\n\u0412\u0441\u0435 \u043d\u0430 \u0433\u0430\u0440\u0430\u043d\u0442\u0438\u0438, \u0432\u043a\u043b\u044e\u0447\u0430\u044f \u0432\u0441\u0435 \u0437\u0430\u043f\u0447\u0430\u0441\u0442\u0438.<br \/>\n\u0412 \u0441\u043b\u0443\u0447\u0430\u0435 \u043e\u0431\u043d\u0430\u0440\u0443\u0436\u0435\u043d\u0438\u044f \u0434\u0435\u0444\u0435\u043a\u0442\u0430 \u043f\u043e\u0442\u0440\u0435\u0431\u0438\u0442\u0435\u043b\u044c \u0432 \u0441\u043e\u043e\u0442\u0432\u0435\u0442\u0441\u0442\u0432\u0438\u0438 \u0441\u043e \u0441\u0442\u0430\u0442\u044c\u0435\u0439 11 \u0417\u0430\u043a\u043e\u043d\u0430 \u2116 6502 \u043e \u0437\u0430\u0449\u0438\u0442\u0435 \u043f\u0440\u0430\u0432 \u043f\u043e\u0442\u0440\u0435\u0431\u0438\u0442\u0435\u043b\u0435\u0439;<br \/>\n\u0430) \u0411\u0435\u0441\u043f\u043b\u0430\u0442\u043d\u044b\u0439 \u0440\u0435\u043c\u043e\u043d\u0442.<br \/>\n\u0431) \u0417\u0430\u043c\u0435\u043d\u0430 \u0435\u0433\u043e \u043d\u043e\u0432\u044b\u043c \u043f\u0440\u043e\u0434\u0443\u043a\u0442\u043e\u043c, \u0435\u0441\u043b\u0438 \u043e\u043d \u043d\u0435 \u0440\u0435\u043c\u043e\u043d\u0442\u0438\u0440\u043e\u0432\u0430\u043b\u0441\u044f.<br \/>\n\u0412 \u0441\u043b\u0443\u0447\u0430\u0435 \u0431\u0435\u0441\u043f\u043b\u0430\u0442\u043d\u043e\u0433\u043e \u0440\u0435\u043c\u043e\u043d\u0442\u0430 \u043f\u043e\u0442\u0440\u0435\u0431\u0438\u0442\u0435\u043b\u044f \u043e\u0442 \u044d\u0442\u0438\u0445 \u043f\u0440\u0430\u0432 \u043f\u0440\u043e\u0434\u0430\u0432\u0435\u0446; \u043e\u0431\u044f\u0437\u0430\u043d \u043e\u0442\u0440\u0435\u043c\u043e\u043d\u0442\u0438\u0440\u043e\u0432\u0430\u0442\u044c \u043f\u0440\u043e\u0434\u0443\u043a\u0442 \u0431\u0435\u0441\u043f\u043b\u0430\u0442\u043d\u043e \u043f\u043e\u0434 \u043b\u044e\u0431\u044b\u043c \u0434\u0440\u0443\u0433\u0438\u043c \u0438\u043c\u0435\u043d\u0435\u043c, \u0442\u0430\u043a\u0438\u043c \u043a\u0430\u043a \u0441\u0442\u043e\u0438\u043c\u043e\u0441\u0442\u044c \u0440\u0430\u0431\u043e\u0447\u0435\u0439 \u0441\u0438\u043b\u044b, \u0441\u0442\u043e\u0438\u043c\u043e\u0441\u0442\u044c \u0437\u0430\u043f\u0430\u0441\u043d\u044b\u0445 \u0447\u0430\u0441\u0442\u0435\u0439 \u0438\u043b\u0438 \u043b\u044e\u0431\u043e\u0435 \u0434\u0440\u0443\u0433\u043e\u0435 \u0438\u043c\u044f.<br \/>\n\u0412 \u0441\u043b\u0443\u0447\u0430\u0435 \u043d\u0435\u0438\u0441\u043f\u0440\u0430\u0432\u043d\u043e\u0441\u0442\u0438 \u0432 \u0442\u0435\u0447\u0435\u043d\u0438\u0435 \u0433\u0430\u0440\u0430\u043d\u0442\u0438\u0439\u043d\u043e\u0433\u043e \u0441\u0440\u043e\u043a\u0430 \u043a \u0433\u0430\u0440\u0430\u043d\u0442\u0438\u0439\u043d\u043e\u043c\u0443 \u0441\u0440\u043e\u043a\u0443 \u043f\u0440\u0438\u0431\u0430\u0432\u043b\u044f\u0435\u0442\u0441\u044f \u0432\u0440\u0435\u043c\u044f, \u043f\u0440\u043e\u0432\u0435\u0434\u0435\u043d\u043d\u043e\u0435 \u0432 \u0440\u0435\u043c\u043e\u043d\u0442\u0435. \u0421\u0440\u043e\u043a \u0440\u0435\u043c\u043e\u043d\u0442\u0430 \u0438\u0437\u0434\u0435\u043b\u0438\u044f \u043d\u0435 \u043c\u043e\u0436\u0435\u0442 \u043f\u0440\u0435\u0432\u044b\u0448\u0430\u0442\u044c 20 \u0440\u0430\u0431\u043e\u0447\u0438\u0445 \u0434\u043d\u0435\u0439.<br \/>\n\u0413\u0430\u0440\u0430\u043d\u0442\u0438\u044f \u043d\u0435 \u0440\u0430\u0441\u043f\u0440\u043e\u0441\u0442\u0440\u0430\u043d\u044f\u0435\u0442\u0441\u044f \u043d\u0430 \u0434\u0435\u0444\u0435\u043a\u0442\u044b, \u0432\u044b\u0437\u0432\u0430\u043d\u043d\u044b\u0435 \u0438\u0441\u043f\u043e\u043b\u044c\u0437\u043e\u0432\u0430\u043d\u0438\u0435\u043c \u0432\u043e\u043f\u0440\u0435\u043a\u0438 \u043f\u0443\u043d\u043a\u0442\u0430\u043c \u0440\u0443\u043a\u043e\u0432\u043e\u0434\u0441\u0442\u0432\u0430 \u043f\u043e\u043b\u044c\u0437\u043e\u0432\u0430\u0442\u0435\u043b\u044f.<br \/>\nARIZALI \u00dcR\u00dcN\u00dc GARANT\u0130 KAPSAMI DI\u015eINA \u00c7IKARAN KULLANIM HATALARI NELERD\u0130R?<br \/>\n\u041d\u0435\u0438\u0441\u043f\u0440\u0430\u0432\u043d\u043e\u0441\u0442\u0438, \u0441\u0432\u044f\u0437\u0430\u043d\u043d\u044b\u0435 \u0441 \u0438\u0441\u043f\u043e\u043b\u044c\u0437\u043e\u0432\u0430\u043d\u0438\u0435\u043c \u044d\u043b\u0435\u043a\u0442\u0440\u0438\u0447\u0435\u0441\u0442\u0432\u0430 \u0438 \u043f\u043e\u043b\u044c\u0437\u043e\u0432\u0430\u0442\u0435\u043b\u0435\u043c (\u0442\u0430\u043a\u0438\u0435 \u043a\u0430\u043a \u043e\u0442\u043a\u043b\u044e\u0447\u0435\u043d\u0438\u0435 \u043f\u0438\u0442\u0430\u043d\u0438\u044f, \u043a\u043e\u043b\u0435\u0431\u0430\u043d\u0438\u044f \u043d\u0430\u043f\u0440\u044f\u0436\u0435\u043d\u0438\u044f, \u0443\u0441\u0442\u0430\u043d\u043e\u0432\u043a\u0430 \u043f\u0440\u0438\u043d\u0430\u0434\u043b\u0435\u0436\u043d\u043e\u0441\u0442\u0435\u0439, \u043d\u0435 \u043f\u0440\u0438\u043d\u0430\u0434\u043b\u0435\u0436\u0430\u0449\u0438\u0445 \u043c\u0430\u0448\u0438\u043d\u0435, \u0438\u043b\u0438 \u043d\u0435\u0438\u0441\u043f\u043e\u043b\u044c\u0437\u043e\u0432\u0430\u043d\u0438\u0435 \u043f\u0440\u0438\u043d\u0430\u0434\u043b\u0435\u0436\u043d\u043e\u0441\u0442\u0435\u0439, \u043a\u043e\u0442\u043e\u0440\u044b\u0435 \u043e\u0431\u044f\u0437\u0430\u0442\u0435\u043b\u044c\u043d\u044b \u043a \u0438\u0441\u043f\u043e\u043b\u044c\u0437\u043e\u0432\u0430\u043d\u0438\u044e), \u043b\u044e\u0431\u043e\u0435 \u0432\u043c\u0435\u0448\u0430\u0442\u0435\u043b\u044c\u0441\u0442\u0432\u043e, \u043a\u0440\u043e\u043c\u0435 \u0430\u0432\u0442\u043e\u0440\u0438\u0437\u043e\u0432\u0430\u043d\u043d\u043e\u0433\u043e \u0441\u0435\u0440\u0432\u0438\u0441\u0430 \u0432 \u0438\u0437\u0434\u0435\u043b\u0438\u044f \u0441 \u0433\u0430\u0440\u0430\u043d\u0442\u0438\u0435\u0439, \u043f\u043e\u0432\u0440\u0435\u0436\u0434\u0435\u043d\u0438\u0435 \u044d\u0442\u0438\u043a\u0435\u0442\u043a\u0438 \u0432 \u0438\u0437\u0434\u0435\u043b\u0438\u044f\u0445 \u0441 \u0433\u0430\u0440\u0430\u043d\u0442\u0438\u0439\u043d\u043e\u0439 \u044d\u0442\u0438\u043a\u0435\u0442\u043a\u043e\u0439, \u043f\u043e\u043b\u043e\u043c\u043a\u0430 \u0432\u043d\u0435\u0448\u043d\u0435\u0439 \u043f\u043e\u0432\u0435\u0440\u0445\u043d\u043e\u0441\u0442\u0438 \u0443\u0441\u0442\u0440\u043e\u0439\u0441\u0442\u0432\u0430, \u0446\u0430\u0440\u0430\u043f\u0438\u043d\u044b \u0438 \u0442.\u043f. \u041e\u0442\u043a\u0430\u0437\u044b, \u0432\u044b\u0437\u0432\u0430\u043d\u043d\u044b\u0435 \u0442\u0430\u043a\u0438\u043c\u0438 \u043f\u0440\u0438\u0447\u0438\u043d\u0430\u043c\u0438, \u043a\u0430\u043a \u043f\u044b\u043b\u044c\u043d\u0430\u044f, \u0432\u043b\u0430\u0436\u043d\u0430\u044f, \u043e\u0447\u0435\u043d\u044c \u0436\u0430\u0440\u043a\u0430\u044f \u0438\u043b\u0438 \u0445\u043e\u043b\u043e\u0434\u043d\u0430\u044f \u0441\u0440\u0435\u0434\u0430, \u043d\u0430\u0432\u043e\u0434\u043d\u0435\u043d\u0438\u044f, \u043f\u043e\u0436\u0430\u0440\u044b, \u0437\u0435\u043c\u043b\u0435\u0442\u0440\u044f\u0441\u0435\u043d\u0438\u044f, \u0443\u0434\u0430\u0440\u044b \u043c\u043e\u043b\u043d\u0438\u0438 \u0438 \u0442. \u0434. \u041d\u0430 \u043d\u0435\u0438\u0441\u043f\u0440\u0430\u0432\u043d\u043e\u0441\u0442\u0438, \u0432\u044b\u0437\u0432\u0430\u043d\u043d\u044b\u0435 \u0441\u0442\u0438\u0445\u0438\u0439\u043d\u044b\u043c\u0438 \u0431\u0435\u0434\u0441\u0442\u0432\u0438\u044f\u043c\u0438, \u0433\u0430\u0440\u0430\u043d\u0442\u0438\u044f \u043d\u0435 \u0440\u0430\u0441\u043f\u0440\u043e\u0441\u0442\u0440\u0430\u043d\u044f\u0435\u0442\u0441\u044f.<\/p>\n<p>End\u00fcstriyel Ayd\u0131nlatma Archives | Masialux Ayd\u0131nlatma<\/p>","protected":false},"excerpt":{"rendered":"<p><strong>Masialux LED BAR Serisi Al\u00fcminyum LED BAR MJL 100<\/strong><\/p>","protected":false},"featured_media":15008,"template":"","meta":{"_joinchat":[]},"product_brand":[],"product_cat":[214],"product_tag":[],"class_list":{"0":"post-15002","1":"product","2":"type-product","3":"status-publish","4":"has-post-thumbnail","6":"product_cat-product-category-endustriyel-aydinlatma","8":"first","9":"instock","10":"shipping-taxable","11":"product-type-simple"},"_links":{"self":[{"href":"https:\/\/makrolight.com\/ru\/wp-json\/wp\/v2\/product\/15002","targetHints":{"allow":["GET"]}}],"collection":[{"href":"https:\/\/makrolight.com\/ru\/wp-json\/wp\/v2\/product"}],"about":[{"href":"https:\/\/makrolight.com\/ru\/wp-json\/wp\/v2\/types\/product"}],"wp:featuredmedia":[{"embeddable":true,"href":"https:\/\/makrolight.com\/ru\/wp-json\/wp\/v2\/media\/15008"}],"wp:attachment":[{"href":"https:\/\/makrolight.com\/ru\/wp-json\/wp\/v2\/media?parent=15002"}],"wp:term":[{"taxonomy":"product_brand","embeddable":true,"href":"https:\/\/makrolight.com\/ru\/wp-json\/wp\/v2\/product_brand?post=15002"},{"taxonomy":"product_cat","embeddable":true,"href":"https:\/\/makrolight.com\/ru\/wp-json\/wp\/v2\/product_cat?post=15002"},{"taxonomy":"product_tag","embeddable":true,"href":"https:\/\/makrolight.com\/ru\/wp-json\/wp\/v2\/product_tag?post=15002"}],"curies":[{"name":"wp","href":"https:\/\/api.w.org\/{rel}","templated":true}]}}